{"id":30197,"date":"2023-07-11T07:39:25","date_gmt":"2023-07-11T07:39:25","guid":{"rendered":"https:\/\/www.artestar.eu\/al-por-mayor\/agata-loca-colgante-corazon\/"},"modified":"2023-09-27T01:31:58","modified_gmt":"2023-09-27T01:31:58","slug":"agata-loca-pingente-coracao","status":"publish","type":"product","link":"https:\/\/www.artestar.eu\/pt-pt\/atacado\/agata-loca-pingente-coracao\/","title":{"rendered":"\u00c1gata Louca Cora\u00e7\u00e3o Pendurado"},"content":{"rendered":"<p>Pingente Cora\u00e7\u00e3o de \u00c1gata Louco: Cada pingente de p\u00e9rola de pedra \u00e9 feito de materiais naturais puros e tem um visual \u00fanico.<\/p>\n<ul>\n<li>Porque com um acabamento polido, estes pendentes de tal\u00e3o de pedra natural t\u00eam uma superf\u00edcie lisa e s\u00e3o muito confort\u00e1veis de usar. Al\u00e9m disso, a sua apar\u00eancia, juntamente com a sua textura e cor naturais, tornam as contas de pedras preciosas \u00fanicas.<\/li>\n<li>Nossos pingentes naturais de contas de pedra semipreciosa aliviam o estresse e a ansiedade porque transmitem mensagens psicol\u00f3gicas positivas, uma vis\u00e3o otimista da vida e transmitem energia c\u00f3smica ao corpo.<\/li>\n<li>Como o orif\u00edcio de a\u00e7o inoxid\u00e1vel no topo do pingente de pedra tem o tamanho certo para rosque\u00e1-lo, tudo o que \u00e9 necess\u00e1rio \u00e9 uma corrente ou corda. Al\u00e9m disso, com acess\u00f3rios como um fecho de lagosta de a\u00e7o inoxid\u00e1vel, para completar seu pr\u00f3prio projeto de artesanato &#8211; aproveite para fazer artesanato com joias!<\/li>\n<li>Estes delicados pingentes de contas de pedra podem ser combinados com outros acess\u00f3rios de metal, cristais, p\u00e9rolas e conchas para criar qualquer of\u00edcio de bijuteria que voc\u00ea quiser, colares, pulseiras, brincos, decora\u00e7\u00e3o de casa e muito mais. Al\u00e9m disso, d\u00e1-lo aos seus amigos e familiares que amam artesanato. N\u00e3o s\u00f3 \u00e9 um presente perfeito, mas vem com os melhores desejos.<\/li>\n<\/ul>\n<h5>\u00c1gata Louca Cora\u00e7\u00e3o Pendurado<\/h5>\n<h6>Precau\u00e7\u00e3o:<\/h6>\n<ul>\n<li>Devido a diferen\u00e7as nos monitores e resolu\u00e7\u00e3o, as cores das imagens podem diferir ligeiramente das cores reais.<\/li>\n<li>Aviso: Crian\u00e7as menores de tr\u00eas anos de idade devem evitar contato, risco de asfixia.<\/li>\n<\/ul>\n","protected":false},"excerpt":{"rendered":"<p>Tamanho:<\/p>\n<ul>\n<li>Pequeno: aprox. 20 x 22 x 9 mil\u00edmetros<\/li>\n<li>M\u00e9dio: aprox. 25 x 27 x 9 mil\u00edmetros<\/li>\n<li>Grande: aprox. 30 x 31 x 9 mil\u00edmetros<\/li>\n<li>Furo: \u00d8 2 mm<\/li>\n<\/ul>\n<p>Quantidade: 1pcs.<\/p>\n","protected":false},"featured_media":21507,"comment_status":"open","ping_status":"closed","template":"","meta":[],"product_cat":[1143,1142],"product_tag":[],"yoast_head":"<!-- This site is optimized with the Yoast SEO Premium plugin v20.5 (Yoast SEO v21.5) - https:\/\/yoast.com\/wordpress\/plugins\/seo\/ -->\n<title>\u00c1gata Louca Cora\u00e7\u00e3o Pendurado - Artestar<\/title>\n<meta name=\"description\" content=\"Nossos preciosos pingentes de pedra do cora\u00e7\u00e3o v\u00eam em uma grande variedade e s\u00e3o altamente seletivos. Essencial para o ver\u00e3o.\" \/>\n<meta name=\"robots\" content=\"index, follow, max-snippet:-1, max-image-preview:large, max-video-preview:-1\" \/>\n<link rel=\"canonical\" href=\"https:\/\/www.artestar.eu\/pt-pt\/atacado\/agata-loca-pingente-coracao\/\" \/>\n<meta property=\"og:locale\" content=\"pt_PT\" \/>\n<meta property=\"og:type\" content=\"article\" \/>\n<meta property=\"og:title\" content=\"\u00c1gata Louca Cora\u00e7\u00e3o Pendurado\" \/>\n<meta property=\"og:description\" content=\"Nossos preciosos pingentes de pedra do cora\u00e7\u00e3o v\u00eam em uma grande variedade e s\u00e3o altamente seletivos. Essencial para o ver\u00e3o.\" \/>\n<meta property=\"og:url\" content=\"https:\/\/www.artestar.eu\/pt-pt\/atacado\/agata-loca-pingente-coracao\/\" \/>\n<meta property=\"og:site_name\" content=\"Artestar\" \/>\n<meta property=\"article:publisher\" content=\"https:\/\/www.facebook.com\/ARTESTAREU\" \/>\n<meta property=\"article:modified_time\" content=\"2023-09-27T01:31:58+00:00\" \/>\n<meta property=\"og:image\" content=\"https:\/\/www.artestar.eu\/wp-content\/uploads\/2023\/07\/natural-semi-precious-gemstone-pendants-heart-crazy-agate.jpg\" \/>\n\t<meta property=\"og:image:width\" content=\"600\" \/>\n\t<meta property=\"og:image:height\" content=\"600\" \/>\n\t<meta property=\"og:image:type\" content=\"image\/jpeg\" \/>\n<meta name=\"twitter:card\" content=\"summary_large_image\" \/>\n<meta name=\"twitter:label1\" content=\"Availability\" \/>\n\t<meta name=\"twitter:data1\" content=\"Em estoque\" \/>\n<script type=\"application\/ld+json\" class=\"yoast-schema-graph\">{\"@context\":\"https:\/\/schema.org\",\"@graph\":[{\"@type\":\"WebPage\",\"@id\":\"https:\/\/www.artestar.eu\/pt-pt\/atacado\/agata-loca-pingente-coracao\/\",\"url\":\"https:\/\/www.artestar.eu\/pt-pt\/atacado\/agata-loca-pingente-coracao\/\",\"name\":\"\u00c1gata Louca Cora\u00e7\u00e3o Pendurado - Artestar\",\"isPartOf\":{\"@id\":\"https:\/\/www.artestar.eu\/pt-pt\/#website\"},\"datePublished\":\"2023-07-11T07:39:25+00:00\",\"dateModified\":\"2023-09-27T01:31:58+00:00\",\"description\":\"Nossos preciosos pingentes de pedra do cora\u00e7\u00e3o v\u00eam em uma grande variedade e s\u00e3o altamente seletivos. Essencial para o ver\u00e3o.\",\"breadcrumb\":{\"@id\":\"https:\/\/www.artestar.eu\/pt-pt\/atacado\/agata-loca-pingente-coracao\/#breadcrumb\"},\"inLanguage\":\"pt-PT\",\"potentialAction\":[{\"@type\":\"ReadAction\",\"target\":[\"https:\/\/www.artestar.eu\/pt-pt\/atacado\/agata-loca-pingente-coracao\/\"]}]},{\"@type\":\"BreadcrumbList\",\"@id\":\"https:\/\/www.artestar.eu\/pt-pt\/atacado\/agata-loca-pingente-coracao\/#breadcrumb\",\"itemListElement\":[{\"@type\":\"ListItem\",\"position\":1,\"name\":\"Artestar\",\"item\":\"https:\/\/www.artestar.eu\/pt-pt\/\"},{\"@type\":\"ListItem\",\"position\":2,\"name\":\"Atacado\",\"item\":\"https:\/\/www.artestar.eu\/pt-pt\/atacado\/\"},{\"@type\":\"ListItem\",\"position\":3,\"name\":\"\u00c1gata Louca Cora\u00e7\u00e3o Pendurado\"}]},{\"@type\":\"WebSite\",\"@id\":\"https:\/\/www.artestar.eu\/pt-pt\/#website\",\"url\":\"https:\/\/www.artestar.eu\/pt-pt\/\",\"name\":\"Artestar\",\"description\":\"Mayorista en abalorios y joyer\u00eda\",\"publisher\":{\"@id\":\"https:\/\/www.artestar.eu\/pt-pt\/#organization\"},\"alternateName\":\"Artestar-EU\",\"potentialAction\":[{\"@type\":\"SearchAction\",\"target\":{\"@type\":\"EntryPoint\",\"urlTemplate\":\"https:\/\/www.artestar.eu\/pt-pt\/?s={search_term_string}\"},\"query-input\":\"required name=search_term_string\"}],\"inLanguage\":\"pt-PT\"},{\"@type\":[\"Organization\",\"Place\"],\"@id\":\"https:\/\/www.artestar.eu\/pt-pt\/#organization\",\"name\":\"RUBY ABALORIO S.L.\",\"alternateName\":\"Artestar\",\"url\":\"https:\/\/www.artestar.eu\/pt-pt\/\",\"logo\":{\"@id\":\"https:\/\/www.artestar.eu\/pt-pt\/atacado\/agata-loca-pingente-coracao\/#local-main-organization-logo\"},\"image\":{\"@id\":\"https:\/\/www.artestar.eu\/pt-pt\/atacado\/agata-loca-pingente-coracao\/#local-main-organization-logo\"},\"sameAs\":[\"https:\/\/www.facebook.com\/ARTESTAREU\",\"https:\/\/www.instagram.com\/artestareu\/\",\"https:\/\/www.pinterest.es\/artestar_eu\/\",\"https:\/\/www.tiktok.com\/@artestar_wholesale\"],\"openingHoursSpecification\":[{\"@type\":\"OpeningHoursSpecification\",\"dayOfWeek\":[\"Monday\",\"Tuesday\",\"Wednesday\",\"Thursday\",\"Friday\",\"Saturday\",\"Sunday\"],\"opens\":\"09:00\",\"closes\":\"17:00\"}]},{\"@type\":\"ImageObject\",\"inLanguage\":\"pt-PT\",\"@id\":\"https:\/\/www.artestar.eu\/pt-pt\/atacado\/agata-loca-pingente-coracao\/#local-main-organization-logo\",\"url\":\"https:\/\/www.artestar.eu\/wp-content\/uploads\/2023\/05\/cropped-png.png\",\"contentUrl\":\"https:\/\/www.artestar.eu\/wp-content\/uploads\/2023\/05\/cropped-png.png\",\"width\":512,\"height\":512,\"caption\":\"RUBY ABALORIO S.L.\"}]}<\/script>\n<meta property=\"og:availability\" content=\"instock\" \/>\n<meta property=\"product:availability\" content=\"instock\" \/>\n<meta property=\"product:retailer_item_id\" content=\"BS-GZ-XX-L0003SM\" \/>\n<meta property=\"product:condition\" content=\"new\" \/>\n<!-- \/ Yoast SEO Premium plugin. -->","yoast_head_json":{"title":"\u00c1gata Louca Cora\u00e7\u00e3o Pendurado - Artestar","description":"Nossos preciosos pingentes de pedra do cora\u00e7\u00e3o v\u00eam em uma grande variedade e s\u00e3o altamente seletivos. Essencial para o ver\u00e3o.","robots":{"index":"index","follow":"follow","max-snippet":"max-snippet:-1","max-image-preview":"max-image-preview:large","max-video-preview":"max-video-preview:-1"},"canonical":"https:\/\/www.artestar.eu\/pt-pt\/atacado\/agata-loca-pingente-coracao\/","og_locale":"pt_PT","og_type":"article","og_title":"\u00c1gata Louca Cora\u00e7\u00e3o Pendurado","og_description":"Nossos preciosos pingentes de pedra do cora\u00e7\u00e3o v\u00eam em uma grande variedade e s\u00e3o altamente seletivos. Essencial para o ver\u00e3o.","og_url":"https:\/\/www.artestar.eu\/pt-pt\/atacado\/agata-loca-pingente-coracao\/","og_site_name":"Artestar","article_publisher":"https:\/\/www.facebook.com\/ARTESTAREU","article_modified_time":"2023-09-27T01:31:58+00:00","og_image":[{"width":600,"height":600,"url":"https:\/\/www.artestar.eu\/wp-content\/uploads\/2023\/07\/natural-semi-precious-gemstone-pendants-heart-crazy-agate.jpg","type":"image\/jpeg"}],"twitter_card":"summary_large_image","twitter_misc":{"Availability":"Em estoque"},"schema":{"@context":"https:\/\/schema.org","@graph":[{"@type":"WebPage","@id":"https:\/\/www.artestar.eu\/pt-pt\/atacado\/agata-loca-pingente-coracao\/","url":"https:\/\/www.artestar.eu\/pt-pt\/atacado\/agata-loca-pingente-coracao\/","name":"\u00c1gata Louca Cora\u00e7\u00e3o Pendurado - Artestar","isPartOf":{"@id":"https:\/\/www.artestar.eu\/pt-pt\/#website"},"datePublished":"2023-07-11T07:39:25+00:00","dateModified":"2023-09-27T01:31:58+00:00","description":"Nossos preciosos pingentes de pedra do cora\u00e7\u00e3o v\u00eam em uma grande variedade e s\u00e3o altamente seletivos. Essencial para o ver\u00e3o.","breadcrumb":{"@id":"https:\/\/www.artestar.eu\/pt-pt\/atacado\/agata-loca-pingente-coracao\/#breadcrumb"},"inLanguage":"pt-PT","potentialAction":[{"@type":"ReadAction","target":["https:\/\/www.artestar.eu\/pt-pt\/atacado\/agata-loca-pingente-coracao\/"]}]},{"@type":"BreadcrumbList","@id":"https:\/\/www.artestar.eu\/pt-pt\/atacado\/agata-loca-pingente-coracao\/#breadcrumb","itemListElement":[{"@type":"ListItem","position":1,"name":"Artestar","item":"https:\/\/www.artestar.eu\/pt-pt\/"},{"@type":"ListItem","position":2,"name":"Atacado","item":"https:\/\/www.artestar.eu\/pt-pt\/atacado\/"},{"@type":"ListItem","position":3,"name":"\u00c1gata Louca Cora\u00e7\u00e3o Pendurado"}]},{"@type":"WebSite","@id":"https:\/\/www.artestar.eu\/pt-pt\/#website","url":"https:\/\/www.artestar.eu\/pt-pt\/","name":"Artestar","description":"Mayorista en abalorios y joyer\u00eda","publisher":{"@id":"https:\/\/www.artestar.eu\/pt-pt\/#organization"},"alternateName":"Artestar-EU","potentialAction":[{"@type":"SearchAction","target":{"@type":"EntryPoint","urlTemplate":"https:\/\/www.artestar.eu\/pt-pt\/?s={search_term_string}"},"query-input":"required name=search_term_string"}],"inLanguage":"pt-PT"},{"@type":["Organization","Place"],"@id":"https:\/\/www.artestar.eu\/pt-pt\/#organization","name":"RUBY ABALORIO S.L.","alternateName":"Artestar","url":"https:\/\/www.artestar.eu\/pt-pt\/","logo":{"@id":"https:\/\/www.artestar.eu\/pt-pt\/atacado\/agata-loca-pingente-coracao\/#local-main-organization-logo"},"image":{"@id":"https:\/\/www.artestar.eu\/pt-pt\/atacado\/agata-loca-pingente-coracao\/#local-main-organization-logo"},"sameAs":["https:\/\/www.facebook.com\/ARTESTAREU","https:\/\/www.instagram.com\/artestareu\/","https:\/\/www.pinterest.es\/artestar_eu\/","https:\/\/www.tiktok.com\/@artestar_wholesale"],"openingHoursSpecification":[{"@type":"OpeningHoursSpecification","dayOfWeek":["Monday","Tuesday","Wednesday","Thursday","Friday","Saturday","Sunday"],"opens":"09:00","closes":"17:00"}]},{"@type":"ImageObject","inLanguage":"pt-PT","@id":"https:\/\/www.artestar.eu\/pt-pt\/atacado\/agata-loca-pingente-coracao\/#local-main-organization-logo","url":"https:\/\/www.artestar.eu\/wp-content\/uploads\/2023\/05\/cropped-png.png","contentUrl":"https:\/\/www.artestar.eu\/wp-content\/uploads\/2023\/05\/cropped-png.png","width":512,"height":512,"caption":"RUBY ABALORIO S.L."}]},"og_availability":"instock","product_availability":"instock","product_retailer_item_id":"BS-GZ-XX-L0003SM","product_condition":"new"},"tiered_pricing_type":"fixed","tiered_pricing_fixed_rules":[],"tiered_pricing_percentage_rules":[],"tiered_pricing_minimum":null,"_administrator_tiered_pricing_type":"fixed","_administrator_tiered_pricing_fixed_rules":[],"_editor_tiered_pricing_type":"fixed","_editor_tiered_pricing_fixed_rules":[],"_author_tiered_pricing_type":"fixed","_author_tiered_pricing_fixed_rules":[],"_contributor_tiered_pricing_type":"fixed","_contributor_tiered_pricing_fixed_rules":[],"_subscriber_tiered_pricing_type":"fixed","_subscriber_tiered_pricing_fixed_rules":[],"_wpseo_manager_tiered_pricing_type":"fixed","_wpseo_manager_tiered_pricing_fixed_rules":[],"_wpseo_editor_tiered_pricing_type":"fixed","_wpseo_editor_tiered_pricing_fixed_rules":[],"_customer_tiered_pricing_type":"fixed","_customer_tiered_pricing_fixed_rules":[],"_shop_manager_tiered_pricing_type":"fixed","_shop_manager_tiered_pricing_fixed_rules":[],"_product_manager_tiered_pricing_type":"fixed","_product_manager_tiered_pricing_fixed_rules":[],"_links":{"self":[{"href":"https:\/\/www.artestar.eu\/pt-pt\/wp-json\/wp\/v2\/product\/30197"}],"collection":[{"href":"https:\/\/www.artestar.eu\/pt-pt\/wp-json\/wp\/v2\/product"}],"about":[{"href":"https:\/\/www.artestar.eu\/pt-pt\/wp-json\/wp\/v2\/types\/product"}],"replies":[{"embeddable":true,"href":"https:\/\/www.artestar.eu\/pt-pt\/wp-json\/wp\/v2\/comments?post=30197"}],"version-history":[{"count":2,"href":"https:\/\/www.artestar.eu\/pt-pt\/wp-json\/wp\/v2\/product\/30197\/revisions"}],"predecessor-version":[{"id":35696,"href":"https:\/\/www.artestar.eu\/pt-pt\/wp-json\/wp\/v2\/product\/30197\/revisions\/35696"}],"wp:featuredmedia":[{"embeddable":true,"href":"https:\/\/www.artestar.eu\/pt-pt\/wp-json\/wp\/v2\/media\/21507"}],"wp:attachment":[{"href":"https:\/\/www.artestar.eu\/pt-pt\/wp-json\/wp\/v2\/media?parent=30197"}],"wp:term":[{"taxonomy":"product_cat","embeddable":true,"href":"https:\/\/www.artestar.eu\/pt-pt\/wp-json\/wp\/v2\/product_cat?post=30197"},{"taxonomy":"product_tag","embeddable":true,"href":"https:\/\/www.artestar.eu\/pt-pt\/wp-json\/wp\/v2\/product_tag?post=30197"}],"curies":[{"name":"wp","href":"https:\/\/api.w.org\/{rel}","templated":true}]}}