{"id":30241,"date":"2023-06-21T05:45:10","date_gmt":"2023-06-21T05:45:10","guid":{"rendered":"https:\/\/www.artestar.eu\/al-por-mayor\/jaspe-punto-azul-cuentas-heishi-de-piedra-01\/"},"modified":"2023-10-10T07:22:18","modified_gmt":"2023-10-10T07:22:18","slug":"jaspe-ponto-azul-contas-heishi-de-pedra-01","status":"publish","type":"product","link":"https:\/\/www.artestar.eu\/pt-pt\/atacado\/jaspe-ponto-azul-contas-heishi-de-pedra-01\/","title":{"rendered":"Jasper blue dot p\u00e9rolas de pedra 01"},"content":{"rendered":"<p>Contas heishi de pedra jaspe azul: \u2205 4.5~5mm, furo: 1mm, espessura: 2.5mm.<\/p>\n<ul>\n<li>Com um acabamento polido, estas contas de pedra natural t\u00eam uma superf\u00edcie lisa e s\u00e3o muito confort\u00e1veis de usar. Al\u00e9m disso, seu tamanho uniforme e textura \u00fanica, bem como sua textura e cor naturais, tornam as contas de pedra semipreciosa \u00fanicas.<\/li>\n<li>As nossas contas de heishi naturais aliviam o stress e a ansiedade. Eles transmitem mensagens psicol\u00f3gicas positivas, uma vis\u00e3o otimista da vida e dizem transmitir energia c\u00f3smica para o corpo.<\/li>\n<li>Porque cada uma destas preciosas contas de pedra solta \u00e9 perfurada e perfeita para rosquear. Basta enfiar uma corda de contas atrav\u00e9s dos pequenos orif\u00edcios nas contas e adicion\u00e1-las facilmente aos seus projetos de tric\u00f4: aproveite para fazer artesanato de bijuterias!<\/li>\n<li>Porque estas delicadas contas perfuradas podem ser combinadas com outros acess\u00f3rios de metal, cristais, p\u00e9rolas e conchas para criar qualquer um dos seus artesanatos favoritos de bijuterias, colares, pulseiras, brincos, decora\u00e7\u00e3o de casa e muito mais. D\u00ea-o aos seus amigos e familiares que amam artesanato. N\u00e3o s\u00f3 \u00e9 um presente perfeito, mas vem com os melhores desejos.<\/li>\n<li>Nossas contas de pedras preciosas v\u00eam em uma grande variedade de tamanhos e formas, tornando-as muito seletivas. Al\u00e9m disso, as cores naturais puras das contas de pedras preciosas contribuem para o deleite dos olhos; variedade; a frescura ao toque, essencial para o ver\u00e3o; e a eleg\u00e2ncia do estilo, perfeito para um passeio de ver\u00e3o.<\/li>\n<\/ul>\n<p><img decoding=\"async\" class=\"alignnone size-full wp-image-7291\" src=\"https:\/\/www.artestar.eu%E2%80%8B%E2%80%8B%E2%80%8B%E2%80%8B\/wp-content\/uploads\/2023\/06\/jewel-beads.jpg\" alt=\"Contas de jaspe azul Heishi contas de pedra\" width=\"600\" height=\"600\" srcset=\"https:\/\/www.artestar.eu\/wp-content\/uploads\/2023\/06\/jewel-beads.jpg 600w, https:\/\/www.artestar.eu\/wp-content\/uploads\/2023\/06\/jewel-beads-300x300.jpg 300w, https:\/\/www.artestar.eu\/wp-content\/uploads\/2023\/06\/jewel-beads-150x150.jpg 150w, https:\/\/www.artestar.eu\/wp-content\/uploads\/2023\/06\/jewel-beads-450x450.jpg 450w, https:\/\/www.artestar.eu\/wp-content\/uploads\/2023\/06\/jewel-beads-54x54.jpg 54w\" sizes=\"(max-width: 600px) 100vw, 600px\" \/><\/p>\n<h5>Blue Jasper Beads Pedra Natural Heishi Beads<\/h5>\n<p><strong>Precau\u00e7\u00e3o:<\/strong><\/p>\n<ul>\n<li>Devido a diferentes monitores e resolu\u00e7\u00f5es, a cor da imagem pode ser ligeiramente diferente da cor real.<\/li>\n<li>Numa cadeia de contas com a mesma dimens\u00e3o. O n\u00famero de contas pode ser ligeiramente diferente devido a diferen\u00e7as no artesanato ou nos lotes de produ\u00e7\u00e3o.<\/li>\n<li>As contas de pedra devem ser protegidas da luz solar intensa para evitar danificar a textura e a cor da pedra preciosa.<\/li>\n<li>Aviso: Crian\u00e7as menores de tr\u00eas anos evitam o contato, h\u00e1 perigo de asfixia.<\/li>\n<\/ul>\n","protected":false},"excerpt":{"rendered":"<ul>\n<li>Quantidade: aprox. 155pcs.<\/li>\n<li>Tamanho: \u2205 4.5~5mm, furo: 1mm, espessura: 2.5mm.<\/li>\n<li>Contas de pedras semipreciosas naturais, pequenas imperfei\u00e7\u00f5es s\u00e3o permitidas.<\/li>\n<li>Devido aos diferentes dispositivos de exibi\u00e7\u00e3o, haver\u00e1 um ligeiro desvio na cor.<\/li>\n<\/ul>\n","protected":false},"featured_media":18133,"comment_status":"open","ping_status":"closed","template":"","meta":[],"product_cat":[1498,1580,1499],"product_tag":[],"yoast_head":"<!-- This site is optimized with the Yoast SEO Premium plugin v20.5 (Yoast SEO v21.5) - https:\/\/yoast.com\/wordpress\/plugins\/seo\/ -->\n<title>Jasper blue dot beads stone - Artestar<\/title>\n<meta name=\"description\" content=\"O jaspe azul equilibra a energia do corpo, alinha a aura, absorve a energia negativa e protege o campo de energia do corpo.\" \/>\n<meta name=\"robots\" content=\"index, follow, max-snippet:-1, max-image-preview:large, max-video-preview:-1\" \/>\n<link rel=\"canonical\" href=\"https:\/\/www.artestar.eu\/pt-pt\/atacado\/jaspe-ponto-azul-contas-heishi-de-pedra-01\/\" \/>\n<meta property=\"og:locale\" content=\"pt_PT\" \/>\n<meta property=\"og:type\" content=\"article\" \/>\n<meta property=\"og:title\" content=\"Jasper blue dot p\u00e9rolas de pedra 01\" \/>\n<meta property=\"og:description\" content=\"O jaspe azul equilibra a energia do corpo, alinha a aura, absorve a energia negativa e protege o campo de energia do corpo.\" \/>\n<meta property=\"og:url\" content=\"https:\/\/www.artestar.eu\/pt-pt\/atacado\/jaspe-ponto-azul-contas-heishi-de-pedra-01\/\" \/>\n<meta property=\"og:site_name\" content=\"Artestar\" \/>\n<meta property=\"article:publisher\" content=\"https:\/\/www.facebook.com\/ARTESTAREU\" \/>\n<meta property=\"article:modified_time\" content=\"2023-10-10T07:22:18+00:00\" \/>\n<meta property=\"og:image\" content=\"https:\/\/www.artestar.eu\/wp-content\/uploads\/2023\/06\/natural-semi-precious-gemstone-beads-column-blue-spot-jasper.jpg\" \/>\n\t<meta property=\"og:image:width\" content=\"600\" \/>\n\t<meta property=\"og:image:height\" content=\"600\" \/>\n\t<meta property=\"og:image:type\" content=\"image\/jpeg\" \/>\n<meta name=\"twitter:card\" content=\"summary_large_image\" \/>\n<meta name=\"twitter:label1\" content=\"pre\u00e7o\" \/>\n\t<meta name=\"twitter:data1\" content=\"2,16&nbsp;&euro; (IVA N\u00c3O inclu\u00eddo)\" \/>\n\t<meta name=\"twitter:label2\" content=\"Availability\" \/>\n\t<meta name=\"twitter:data2\" content=\"Em estoque\" \/>\n<script type=\"application\/ld+json\" class=\"yoast-schema-graph\">{\"@context\":\"https:\/\/schema.org\",\"@graph\":[{\"@type\":\"WebPage\",\"@id\":\"https:\/\/www.artestar.eu\/pt-pt\/atacado\/jaspe-ponto-azul-contas-heishi-de-pedra-01\/\",\"url\":\"https:\/\/www.artestar.eu\/pt-pt\/atacado\/jaspe-ponto-azul-contas-heishi-de-pedra-01\/\",\"name\":\"Jasper blue dot beads stone - Artestar\",\"isPartOf\":{\"@id\":\"https:\/\/www.artestar.eu\/pt-pt\/#website\"},\"datePublished\":\"2023-06-21T05:45:10+00:00\",\"dateModified\":\"2023-10-10T07:22:18+00:00\",\"description\":\"O jaspe azul equilibra a energia do corpo, alinha a aura, absorve a energia negativa e protege o campo de energia do corpo.\",\"breadcrumb\":{\"@id\":\"https:\/\/www.artestar.eu\/pt-pt\/atacado\/jaspe-ponto-azul-contas-heishi-de-pedra-01\/#breadcrumb\"},\"inLanguage\":\"pt-PT\",\"potentialAction\":[{\"@type\":\"ReadAction\",\"target\":[\"https:\/\/www.artestar.eu\/pt-pt\/atacado\/jaspe-ponto-azul-contas-heishi-de-pedra-01\/\"]}]},{\"@type\":\"BreadcrumbList\",\"@id\":\"https:\/\/www.artestar.eu\/pt-pt\/atacado\/jaspe-ponto-azul-contas-heishi-de-pedra-01\/#breadcrumb\",\"itemListElement\":[{\"@type\":\"ListItem\",\"position\":1,\"name\":\"Artestar\",\"item\":\"https:\/\/www.artestar.eu\/pt-pt\/\"},{\"@type\":\"ListItem\",\"position\":2,\"name\":\"Atacado\",\"item\":\"https:\/\/www.artestar.eu\/pt-pt\/atacado\/\"},{\"@type\":\"ListItem\",\"position\":3,\"name\":\"Jasper blue dot p\u00e9rolas de pedra 01\"}]},{\"@type\":\"WebSite\",\"@id\":\"https:\/\/www.artestar.eu\/pt-pt\/#website\",\"url\":\"https:\/\/www.artestar.eu\/pt-pt\/\",\"name\":\"Artestar\",\"description\":\"Mayorista en abalorios y joyer\u00eda\",\"publisher\":{\"@id\":\"https:\/\/www.artestar.eu\/pt-pt\/#organization\"},\"alternateName\":\"Artestar-EU\",\"potentialAction\":[{\"@type\":\"SearchAction\",\"target\":{\"@type\":\"EntryPoint\",\"urlTemplate\":\"https:\/\/www.artestar.eu\/pt-pt\/?s={search_term_string}\"},\"query-input\":\"required name=search_term_string\"}],\"inLanguage\":\"pt-PT\"},{\"@type\":[\"Organization\",\"Place\"],\"@id\":\"https:\/\/www.artestar.eu\/pt-pt\/#organization\",\"name\":\"RUBY ABALORIO S.L.\",\"alternateName\":\"Artestar\",\"url\":\"https:\/\/www.artestar.eu\/pt-pt\/\",\"logo\":{\"@id\":\"https:\/\/www.artestar.eu\/pt-pt\/atacado\/jaspe-ponto-azul-contas-heishi-de-pedra-01\/#local-main-organization-logo\"},\"image\":{\"@id\":\"https:\/\/www.artestar.eu\/pt-pt\/atacado\/jaspe-ponto-azul-contas-heishi-de-pedra-01\/#local-main-organization-logo\"},\"sameAs\":[\"https:\/\/www.facebook.com\/ARTESTAREU\",\"https:\/\/www.instagram.com\/artestareu\/\",\"https:\/\/www.pinterest.es\/artestar_eu\/\",\"https:\/\/www.tiktok.com\/@artestar_wholesale\"],\"openingHoursSpecification\":[{\"@type\":\"OpeningHoursSpecification\",\"dayOfWeek\":[\"Monday\",\"Tuesday\",\"Wednesday\",\"Thursday\",\"Friday\",\"Saturday\",\"Sunday\"],\"opens\":\"09:00\",\"closes\":\"17:00\"}]},{\"@type\":\"ImageObject\",\"inLanguage\":\"pt-PT\",\"@id\":\"https:\/\/www.artestar.eu\/pt-pt\/atacado\/jaspe-ponto-azul-contas-heishi-de-pedra-01\/#local-main-organization-logo\",\"url\":\"https:\/\/www.artestar.eu\/wp-content\/uploads\/2023\/05\/cropped-png.png\",\"contentUrl\":\"https:\/\/www.artestar.eu\/wp-content\/uploads\/2023\/05\/cropped-png.png\",\"width\":512,\"height\":512,\"caption\":\"RUBY ABALORIO S.L.\"}]}<\/script>\n<meta property=\"product:price:amount\" content=\"2.16\" \/>\n<meta property=\"product:price:currency\" content=\"EUR\" \/>\n<meta property=\"og:availability\" content=\"instock\" \/>\n<meta property=\"product:availability\" content=\"instock\" \/>\n<meta property=\"product:retailer_item_id\" content=\"BS-YZ-GZ0013\" \/>\n<meta property=\"product:condition\" content=\"new\" \/>\n<!-- \/ Yoast SEO Premium plugin. -->","yoast_head_json":{"title":"Jasper blue dot beads stone - Artestar","description":"O jaspe azul equilibra a energia do corpo, alinha a aura, absorve a energia negativa e protege o campo de energia do corpo.","robots":{"index":"index","follow":"follow","max-snippet":"max-snippet:-1","max-image-preview":"max-image-preview:large","max-video-preview":"max-video-preview:-1"},"canonical":"https:\/\/www.artestar.eu\/pt-pt\/atacado\/jaspe-ponto-azul-contas-heishi-de-pedra-01\/","og_locale":"pt_PT","og_type":"article","og_title":"Jasper blue dot p\u00e9rolas de pedra 01","og_description":"O jaspe azul equilibra a energia do corpo, alinha a aura, absorve a energia negativa e protege o campo de energia do corpo.","og_url":"https:\/\/www.artestar.eu\/pt-pt\/atacado\/jaspe-ponto-azul-contas-heishi-de-pedra-01\/","og_site_name":"Artestar","article_publisher":"https:\/\/www.facebook.com\/ARTESTAREU","article_modified_time":"2023-10-10T07:22:18+00:00","og_image":[{"width":600,"height":600,"url":"https:\/\/www.artestar.eu\/wp-content\/uploads\/2023\/06\/natural-semi-precious-gemstone-beads-column-blue-spot-jasper.jpg","type":"image\/jpeg"}],"twitter_card":"summary_large_image","twitter_misc":{"pre\u00e7o":"2,16&nbsp;&euro; (IVA N\u00c3O inclu\u00eddo)","Availability":"Em estoque"},"schema":{"@context":"https:\/\/schema.org","@graph":[{"@type":"WebPage","@id":"https:\/\/www.artestar.eu\/pt-pt\/atacado\/jaspe-ponto-azul-contas-heishi-de-pedra-01\/","url":"https:\/\/www.artestar.eu\/pt-pt\/atacado\/jaspe-ponto-azul-contas-heishi-de-pedra-01\/","name":"Jasper blue dot beads stone - Artestar","isPartOf":{"@id":"https:\/\/www.artestar.eu\/pt-pt\/#website"},"datePublished":"2023-06-21T05:45:10+00:00","dateModified":"2023-10-10T07:22:18+00:00","description":"O jaspe azul equilibra a energia do corpo, alinha a aura, absorve a energia negativa e protege o campo de energia do corpo.","breadcrumb":{"@id":"https:\/\/www.artestar.eu\/pt-pt\/atacado\/jaspe-ponto-azul-contas-heishi-de-pedra-01\/#breadcrumb"},"inLanguage":"pt-PT","potentialAction":[{"@type":"ReadAction","target":["https:\/\/www.artestar.eu\/pt-pt\/atacado\/jaspe-ponto-azul-contas-heishi-de-pedra-01\/"]}]},{"@type":"BreadcrumbList","@id":"https:\/\/www.artestar.eu\/pt-pt\/atacado\/jaspe-ponto-azul-contas-heishi-de-pedra-01\/#breadcrumb","itemListElement":[{"@type":"ListItem","position":1,"name":"Artestar","item":"https:\/\/www.artestar.eu\/pt-pt\/"},{"@type":"ListItem","position":2,"name":"Atacado","item":"https:\/\/www.artestar.eu\/pt-pt\/atacado\/"},{"@type":"ListItem","position":3,"name":"Jasper blue dot p\u00e9rolas de pedra 01"}]},{"@type":"WebSite","@id":"https:\/\/www.artestar.eu\/pt-pt\/#website","url":"https:\/\/www.artestar.eu\/pt-pt\/","name":"Artestar","description":"Mayorista en abalorios y joyer\u00eda","publisher":{"@id":"https:\/\/www.artestar.eu\/pt-pt\/#organization"},"alternateName":"Artestar-EU","potentialAction":[{"@type":"SearchAction","target":{"@type":"EntryPoint","urlTemplate":"https:\/\/www.artestar.eu\/pt-pt\/?s={search_term_string}"},"query-input":"required name=search_term_string"}],"inLanguage":"pt-PT"},{"@type":["Organization","Place"],"@id":"https:\/\/www.artestar.eu\/pt-pt\/#organization","name":"RUBY ABALORIO S.L.","alternateName":"Artestar","url":"https:\/\/www.artestar.eu\/pt-pt\/","logo":{"@id":"https:\/\/www.artestar.eu\/pt-pt\/atacado\/jaspe-ponto-azul-contas-heishi-de-pedra-01\/#local-main-organization-logo"},"image":{"@id":"https:\/\/www.artestar.eu\/pt-pt\/atacado\/jaspe-ponto-azul-contas-heishi-de-pedra-01\/#local-main-organization-logo"},"sameAs":["https:\/\/www.facebook.com\/ARTESTAREU","https:\/\/www.instagram.com\/artestareu\/","https:\/\/www.pinterest.es\/artestar_eu\/","https:\/\/www.tiktok.com\/@artestar_wholesale"],"openingHoursSpecification":[{"@type":"OpeningHoursSpecification","dayOfWeek":["Monday","Tuesday","Wednesday","Thursday","Friday","Saturday","Sunday"],"opens":"09:00","closes":"17:00"}]},{"@type":"ImageObject","inLanguage":"pt-PT","@id":"https:\/\/www.artestar.eu\/pt-pt\/atacado\/jaspe-ponto-azul-contas-heishi-de-pedra-01\/#local-main-organization-logo","url":"https:\/\/www.artestar.eu\/wp-content\/uploads\/2023\/05\/cropped-png.png","contentUrl":"https:\/\/www.artestar.eu\/wp-content\/uploads\/2023\/05\/cropped-png.png","width":512,"height":512,"caption":"RUBY ABALORIO S.L."}]},"product_price_amount":"2.16","product_price_currency":"EUR","og_availability":"instock","product_availability":"instock","product_retailer_item_id":"BS-YZ-GZ0013","product_condition":"new"},"tiered_pricing_type":"percentage","tiered_pricing_fixed_rules":{"10":"10"},"tiered_pricing_percentage_rules":[],"tiered_pricing_minimum":null,"_administrator_tiered_pricing_type":"fixed","_administrator_tiered_pricing_fixed_rules":[],"_editor_tiered_pricing_type":"fixed","_editor_tiered_pricing_fixed_rules":[],"_author_tiered_pricing_type":"fixed","_author_tiered_pricing_fixed_rules":[],"_contributor_tiered_pricing_type":"fixed","_contributor_tiered_pricing_fixed_rules":[],"_subscriber_tiered_pricing_type":"fixed","_subscriber_tiered_pricing_fixed_rules":[],"_wpseo_manager_tiered_pricing_type":"fixed","_wpseo_manager_tiered_pricing_fixed_rules":[],"_wpseo_editor_tiered_pricing_type":"fixed","_wpseo_editor_tiered_pricing_fixed_rules":[],"_customer_tiered_pricing_type":"fixed","_customer_tiered_pricing_fixed_rules":[],"_shop_manager_tiered_pricing_type":"fixed","_shop_manager_tiered_pricing_fixed_rules":[],"_product_manager_tiered_pricing_type":"fixed","_product_manager_tiered_pricing_fixed_rules":[],"_links":{"self":[{"href":"https:\/\/www.artestar.eu\/pt-pt\/wp-json\/wp\/v2\/product\/30241"}],"collection":[{"href":"https:\/\/www.artestar.eu\/pt-pt\/wp-json\/wp\/v2\/product"}],"about":[{"href":"https:\/\/www.artestar.eu\/pt-pt\/wp-json\/wp\/v2\/types\/product"}],"replies":[{"embeddable":true,"href":"https:\/\/www.artestar.eu\/pt-pt\/wp-json\/wp\/v2\/comments?post=30241"}],"version-history":[{"count":2,"href":"https:\/\/www.artestar.eu\/pt-pt\/wp-json\/wp\/v2\/product\/30241\/revisions"}],"predecessor-version":[{"id":36018,"href":"https:\/\/www.artestar.eu\/pt-pt\/wp-json\/wp\/v2\/product\/30241\/revisions\/36018"}],"wp:featuredmedia":[{"embeddable":true,"href":"https:\/\/www.artestar.eu\/pt-pt\/wp-json\/wp\/v2\/media\/18133"}],"wp:attachment":[{"href":"https:\/\/www.artestar.eu\/pt-pt\/wp-json\/wp\/v2\/media?parent=30241"}],"wp:term":[{"taxonomy":"product_cat","embeddable":true,"href":"https:\/\/www.artestar.eu\/pt-pt\/wp-json\/wp\/v2\/product_cat?post=30241"},{"taxonomy":"product_tag","embeddable":true,"href":"https:\/\/www.artestar.eu\/pt-pt\/wp-json\/wp\/v2\/product_tag?post=30241"}],"curies":[{"name":"wp","href":"https:\/\/api.w.org\/{rel}","templated":true}]}}