{"id":30652,"date":"2023-06-08T06:02:03","date_gmt":"2023-06-08T06:02:03","guid":{"rendered":"https:\/\/www.artestar.eu\/al-por-mayor\/pendientes-de-aros-color-dorado\/"},"modified":"2023-10-20T03:12:51","modified_gmt":"2023-10-20T03:12:51","slug":"brincos-dourados-brincos","status":"publish","type":"product","link":"https:\/\/www.artestar.eu\/pt-pt\/atacado\/brincos-dourados-brincos\/","title":{"rendered":"Brincos de argola de ouro"},"content":{"rendered":"<p>Brincos de argola de ouro: Os brincos de argola est\u00e3o dispon\u00edveis em 3 tamanhos, 20mm (20pcs), 25mm (20pcs) e 30mm (18pcs). As cores met\u00e1licas podem adicionar um toque de estilo aos seus brincos, tornando-os mais brilhantes e atraentes.<\/p>\n<ul>\n<li>Os aros do brinco s\u00e3o feitos de material de a\u00e7o inoxid\u00e1vel de alta qualidade. Comparado com outras ligas met\u00e1licas, oferece boa estabilidade e resist\u00eancia \u00e0 corros\u00e3o, durabilidade e uma longa vida \u00fatil. E com baixos custos de manuten\u00e7\u00e3o, \u00e9 ideal para muitos designs de joias.<\/li>\n<li>Os brincos de fio de c\u00edrculo grande t\u00eam um estilo curvo distinto em suas orelhas e s\u00e3o leves o suficiente para usar por conta pr\u00f3pria. Eles tamb\u00e9m podem ser abertos na parte superior para adicionar ganchos aos brincos. Voc\u00ea pode at\u00e9 adicionar correntes, mi\u00e7angas, borlas ou pingentes para criar diferentes estilos de acess\u00f3rios.<\/li>\n<li>Voc\u00ea tamb\u00e9m pode criar marcadores criativos de ta\u00e7a de vinho para celebra\u00e7\u00f5es de Ano Novo, casamentos, festas de anivers\u00e1rio e muito mais. Voc\u00ea tamb\u00e9m pode misturar e combinar contas, contas de pedras preciosas e p\u00e9rolas para criar seus brincos de argola pendurados exclusivos. O presente perfeito para a sua filha, parceiro, m\u00e3e ou para si mesmo no Dia dos Namorados, Natal, Dia da M\u00e3e, anivers\u00e1rios ou anivers\u00e1rios.<\/li>\n<li>Os aros de gota de vidro de vinho permitem-lhe pendurar contas monogramadas ou colocar outras marcas \u00fanicas nos seus copos de vinho para os distinguir. Porque s\u00e3o f\u00e1ceis e divertidos de usar em festas.<\/li>\n<li>Dispon\u00edvel em 2 cores (ouro e a\u00e7o). Cores diferentes podem ser combinadas com diferentes roupas e ocasi\u00f5es para adicionar um sotaque atraente aos seus passeios.<\/li>\n<\/ul>\n<h3>Brincos de argola de ouro<\/h3>\n<p>Aten\u00e7\u00e3o:<br \/>\nO tamanho \u00e9 medido manualmente e pode haver pequenos erros devido \u00e0 medi\u00e7\u00e3o manual.<br \/>\nEvite colis\u00f5es e atritos entre o produto e outros itens para evitar deforma\u00e7\u00f5es de brincos, arranh\u00f5es ou danos \u00e0 superf\u00edcie do produto.<br \/>\nMantenha a roupa seca e evite usar brincos ao tomar banho ou nadar.<\/p>\n","protected":false},"excerpt":{"rendered":"<p><img decoding=\"async\" class=\"alignnone size-full wp-image-8903\" src=\"https:\/\/www.artestar.eu%E2%80%8B%E2%80%8B%E2%80%8B%E2%80%8B\/wp-content\/uploads\/2023\/06\/stainless-steel-large-circle-wire-earrings-gold-size.jpg\" alt=\"Brincos de argola\" width=\"1000\" height=\"180\" srcset=\"https:\/\/www.artestar.eu\/wp-content\/uploads\/2023\/06\/stainless-steel-large-circle-wire-earrings-gold-size.jpg 1000w, https:\/\/www.artestar.eu\/wp-content\/uploads\/2023\/06\/stainless-steel-large-circle-wire-earrings-gold-size-300x54.jpg 300w, https:\/\/www.artestar.eu\/wp-content\/uploads\/2023\/06\/stainless-steel-large-circle-wire-earrings-gold-size-768x138.jpg 768w, https:\/\/www.artestar.eu\/wp-content\/uploads\/2023\/06\/stainless-steel-large-circle-wire-earrings-gold-size-600x108.jpg 600w, https:\/\/www.artestar.eu\/wp-content\/uploads\/2023\/06\/stainless-steel-large-circle-wire-earrings-gold-size-90x16.jpg 90w\" sizes=\"(max-width: 1000px) 100vw, 1000px\" \/><\/p>\n<ul>\n<li>Material: A\u00e7o Inoxid\u00e1vel<\/li>\n<li>Por favor, consulte a imagem do produto para tamanho e quantidade detalhados.<\/li>\n<li>Brincos de argola de ouro podem ser emparelhados com pedras preciosas e p\u00e9rolas para criar seus brincos exclusivos.<\/li>\n<\/ul>\n","protected":false},"featured_media":13912,"comment_status":"open","ping_status":"closed","template":"","meta":[],"product_cat":[1682,1681,2360],"product_tag":[],"yoast_head":"<!-- This site is optimized with the Yoast SEO Premium plugin v20.5 (Yoast SEO v21.5) - https:\/\/yoast.com\/wordpress\/plugins\/seo\/ -->\n<title>Brincos de ouro - Artestar<\/title>\n<meta name=\"description\" content=\"Brincos de argola de ouro podem ser emparelhados com pedras preciosas e p\u00e9rolas para criar seus brincos exclusivos.\" \/>\n<meta name=\"robots\" content=\"index, follow, max-snippet:-1, max-image-preview:large, max-video-preview:-1\" \/>\n<link rel=\"canonical\" href=\"https:\/\/www.artestar.eu\/pt-pt\/atacado\/brincos-dourados-brincos\/\" \/>\n<meta property=\"og:locale\" content=\"pt_PT\" \/>\n<meta property=\"og:type\" content=\"article\" \/>\n<meta property=\"og:title\" content=\"Brincos de argola de ouro\" \/>\n<meta property=\"og:description\" content=\"Brincos de argola de ouro podem ser emparelhados com pedras preciosas e p\u00e9rolas para criar seus brincos exclusivos.\" \/>\n<meta property=\"og:url\" content=\"https:\/\/www.artestar.eu\/pt-pt\/atacado\/brincos-dourados-brincos\/\" \/>\n<meta property=\"og:site_name\" content=\"Artestar\" \/>\n<meta property=\"article:publisher\" content=\"https:\/\/www.facebook.com\/ARTESTAREU\" \/>\n<meta property=\"article:modified_time\" content=\"2023-10-20T03:12:51+00:00\" \/>\n<meta property=\"og:image\" content=\"https:\/\/www.artestar.eu\/wp-content\/uploads\/2023\/06\/stainless-steel-wine-charm-rings-hoops-hoops-for-earrings-large-circle-wire-earrings-gold.jpg\" \/>\n\t<meta property=\"og:image:width\" content=\"600\" \/>\n\t<meta property=\"og:image:height\" content=\"600\" \/>\n\t<meta property=\"og:image:type\" content=\"image\/jpeg\" \/>\n<meta name=\"twitter:card\" content=\"summary_large_image\" \/>\n<meta name=\"twitter:label1\" content=\"Availability\" \/>\n\t<meta name=\"twitter:data1\" content=\"Em estoque\" \/>\n<script type=\"application\/ld+json\" class=\"yoast-schema-graph\">{\"@context\":\"https:\/\/schema.org\",\"@graph\":[{\"@type\":\"WebPage\",\"@id\":\"https:\/\/www.artestar.eu\/pt-pt\/atacado\/brincos-dourados-brincos\/\",\"url\":\"https:\/\/www.artestar.eu\/pt-pt\/atacado\/brincos-dourados-brincos\/\",\"name\":\"Brincos de ouro - Artestar\",\"isPartOf\":{\"@id\":\"https:\/\/www.artestar.eu\/pt-pt\/#website\"},\"datePublished\":\"2023-06-08T06:02:03+00:00\",\"dateModified\":\"2023-10-20T03:12:51+00:00\",\"description\":\"Brincos de argola de ouro podem ser emparelhados com pedras preciosas e p\u00e9rolas para criar seus brincos exclusivos.\",\"breadcrumb\":{\"@id\":\"https:\/\/www.artestar.eu\/pt-pt\/atacado\/brincos-dourados-brincos\/#breadcrumb\"},\"inLanguage\":\"pt-PT\",\"potentialAction\":[{\"@type\":\"ReadAction\",\"target\":[\"https:\/\/www.artestar.eu\/pt-pt\/atacado\/brincos-dourados-brincos\/\"]}]},{\"@type\":\"BreadcrumbList\",\"@id\":\"https:\/\/www.artestar.eu\/pt-pt\/atacado\/brincos-dourados-brincos\/#breadcrumb\",\"itemListElement\":[{\"@type\":\"ListItem\",\"position\":1,\"name\":\"Artestar\",\"item\":\"https:\/\/www.artestar.eu\/pt-pt\/\"},{\"@type\":\"ListItem\",\"position\":2,\"name\":\"Atacado\",\"item\":\"https:\/\/www.artestar.eu\/pt-pt\/atacado\/\"},{\"@type\":\"ListItem\",\"position\":3,\"name\":\"Brincos de argola de ouro\"}]},{\"@type\":\"WebSite\",\"@id\":\"https:\/\/www.artestar.eu\/pt-pt\/#website\",\"url\":\"https:\/\/www.artestar.eu\/pt-pt\/\",\"name\":\"Artestar\",\"description\":\"Mayorista en abalorios y joyer\u00eda\",\"publisher\":{\"@id\":\"https:\/\/www.artestar.eu\/pt-pt\/#organization\"},\"alternateName\":\"Artestar-EU\",\"potentialAction\":[{\"@type\":\"SearchAction\",\"target\":{\"@type\":\"EntryPoint\",\"urlTemplate\":\"https:\/\/www.artestar.eu\/pt-pt\/?s={search_term_string}\"},\"query-input\":\"required name=search_term_string\"}],\"inLanguage\":\"pt-PT\"},{\"@type\":[\"Organization\",\"Place\"],\"@id\":\"https:\/\/www.artestar.eu\/pt-pt\/#organization\",\"name\":\"RUBY ABALORIO S.L.\",\"alternateName\":\"Artestar\",\"url\":\"https:\/\/www.artestar.eu\/pt-pt\/\",\"logo\":{\"@id\":\"https:\/\/www.artestar.eu\/pt-pt\/atacado\/brincos-dourados-brincos\/#local-main-organization-logo\"},\"image\":{\"@id\":\"https:\/\/www.artestar.eu\/pt-pt\/atacado\/brincos-dourados-brincos\/#local-main-organization-logo\"},\"sameAs\":[\"https:\/\/www.facebook.com\/ARTESTAREU\",\"https:\/\/www.instagram.com\/artestareu\/\",\"https:\/\/www.pinterest.es\/artestar_eu\/\",\"https:\/\/www.tiktok.com\/@artestar_wholesale\"],\"openingHoursSpecification\":[{\"@type\":\"OpeningHoursSpecification\",\"dayOfWeek\":[\"Monday\",\"Tuesday\",\"Wednesday\",\"Thursday\",\"Friday\",\"Saturday\",\"Sunday\"],\"opens\":\"09:00\",\"closes\":\"17:00\"}]},{\"@type\":\"ImageObject\",\"inLanguage\":\"pt-PT\",\"@id\":\"https:\/\/www.artestar.eu\/pt-pt\/atacado\/brincos-dourados-brincos\/#local-main-organization-logo\",\"url\":\"https:\/\/www.artestar.eu\/wp-content\/uploads\/2023\/05\/cropped-png.png\",\"contentUrl\":\"https:\/\/www.artestar.eu\/wp-content\/uploads\/2023\/05\/cropped-png.png\",\"width\":512,\"height\":512,\"caption\":\"RUBY ABALORIO S.L.\"}]}<\/script>\n<meta property=\"og:availability\" content=\"instock\" \/>\n<meta property=\"product:availability\" content=\"instock\" \/>\n<meta property=\"product:retailer_item_id\" content=\"BXG0108-0110\" \/>\n<meta property=\"product:condition\" content=\"new\" \/>\n<!-- \/ Yoast SEO Premium plugin. -->","yoast_head_json":{"title":"Brincos de ouro - Artestar","description":"Brincos de argola de ouro podem ser emparelhados com pedras preciosas e p\u00e9rolas para criar seus brincos exclusivos.","robots":{"index":"index","follow":"follow","max-snippet":"max-snippet:-1","max-image-preview":"max-image-preview:large","max-video-preview":"max-video-preview:-1"},"canonical":"https:\/\/www.artestar.eu\/pt-pt\/atacado\/brincos-dourados-brincos\/","og_locale":"pt_PT","og_type":"article","og_title":"Brincos de argola de ouro","og_description":"Brincos de argola de ouro podem ser emparelhados com pedras preciosas e p\u00e9rolas para criar seus brincos exclusivos.","og_url":"https:\/\/www.artestar.eu\/pt-pt\/atacado\/brincos-dourados-brincos\/","og_site_name":"Artestar","article_publisher":"https:\/\/www.facebook.com\/ARTESTAREU","article_modified_time":"2023-10-20T03:12:51+00:00","og_image":[{"width":600,"height":600,"url":"https:\/\/www.artestar.eu\/wp-content\/uploads\/2023\/06\/stainless-steel-wine-charm-rings-hoops-hoops-for-earrings-large-circle-wire-earrings-gold.jpg","type":"image\/jpeg"}],"twitter_card":"summary_large_image","twitter_misc":{"Availability":"Em estoque"},"schema":{"@context":"https:\/\/schema.org","@graph":[{"@type":"WebPage","@id":"https:\/\/www.artestar.eu\/pt-pt\/atacado\/brincos-dourados-brincos\/","url":"https:\/\/www.artestar.eu\/pt-pt\/atacado\/brincos-dourados-brincos\/","name":"Brincos de ouro - Artestar","isPartOf":{"@id":"https:\/\/www.artestar.eu\/pt-pt\/#website"},"datePublished":"2023-06-08T06:02:03+00:00","dateModified":"2023-10-20T03:12:51+00:00","description":"Brincos de argola de ouro podem ser emparelhados com pedras preciosas e p\u00e9rolas para criar seus brincos exclusivos.","breadcrumb":{"@id":"https:\/\/www.artestar.eu\/pt-pt\/atacado\/brincos-dourados-brincos\/#breadcrumb"},"inLanguage":"pt-PT","potentialAction":[{"@type":"ReadAction","target":["https:\/\/www.artestar.eu\/pt-pt\/atacado\/brincos-dourados-brincos\/"]}]},{"@type":"BreadcrumbList","@id":"https:\/\/www.artestar.eu\/pt-pt\/atacado\/brincos-dourados-brincos\/#breadcrumb","itemListElement":[{"@type":"ListItem","position":1,"name":"Artestar","item":"https:\/\/www.artestar.eu\/pt-pt\/"},{"@type":"ListItem","position":2,"name":"Atacado","item":"https:\/\/www.artestar.eu\/pt-pt\/atacado\/"},{"@type":"ListItem","position":3,"name":"Brincos de argola de ouro"}]},{"@type":"WebSite","@id":"https:\/\/www.artestar.eu\/pt-pt\/#website","url":"https:\/\/www.artestar.eu\/pt-pt\/","name":"Artestar","description":"Mayorista en abalorios y joyer\u00eda","publisher":{"@id":"https:\/\/www.artestar.eu\/pt-pt\/#organization"},"alternateName":"Artestar-EU","potentialAction":[{"@type":"SearchAction","target":{"@type":"EntryPoint","urlTemplate":"https:\/\/www.artestar.eu\/pt-pt\/?s={search_term_string}"},"query-input":"required name=search_term_string"}],"inLanguage":"pt-PT"},{"@type":["Organization","Place"],"@id":"https:\/\/www.artestar.eu\/pt-pt\/#organization","name":"RUBY ABALORIO S.L.","alternateName":"Artestar","url":"https:\/\/www.artestar.eu\/pt-pt\/","logo":{"@id":"https:\/\/www.artestar.eu\/pt-pt\/atacado\/brincos-dourados-brincos\/#local-main-organization-logo"},"image":{"@id":"https:\/\/www.artestar.eu\/pt-pt\/atacado\/brincos-dourados-brincos\/#local-main-organization-logo"},"sameAs":["https:\/\/www.facebook.com\/ARTESTAREU","https:\/\/www.instagram.com\/artestareu\/","https:\/\/www.pinterest.es\/artestar_eu\/","https:\/\/www.tiktok.com\/@artestar_wholesale"],"openingHoursSpecification":[{"@type":"OpeningHoursSpecification","dayOfWeek":["Monday","Tuesday","Wednesday","Thursday","Friday","Saturday","Sunday"],"opens":"09:00","closes":"17:00"}]},{"@type":"ImageObject","inLanguage":"pt-PT","@id":"https:\/\/www.artestar.eu\/pt-pt\/atacado\/brincos-dourados-brincos\/#local-main-organization-logo","url":"https:\/\/www.artestar.eu\/wp-content\/uploads\/2023\/05\/cropped-png.png","contentUrl":"https:\/\/www.artestar.eu\/wp-content\/uploads\/2023\/05\/cropped-png.png","width":512,"height":512,"caption":"RUBY ABALORIO S.L."}]},"og_availability":"instock","product_availability":"instock","product_retailer_item_id":"BXG0108-0110","product_condition":"new"},"tiered_pricing_type":"fixed","tiered_pricing_fixed_rules":[],"tiered_pricing_percentage_rules":[],"tiered_pricing_minimum":null,"_administrator_tiered_pricing_type":"fixed","_administrator_tiered_pricing_fixed_rules":[],"_editor_tiered_pricing_type":"fixed","_editor_tiered_pricing_fixed_rules":[],"_author_tiered_pricing_type":"fixed","_author_tiered_pricing_fixed_rules":[],"_contributor_tiered_pricing_type":"fixed","_contributor_tiered_pricing_fixed_rules":[],"_subscriber_tiered_pricing_type":"fixed","_subscriber_tiered_pricing_fixed_rules":[],"_wpseo_manager_tiered_pricing_type":"fixed","_wpseo_manager_tiered_pricing_fixed_rules":[],"_wpseo_editor_tiered_pricing_type":"fixed","_wpseo_editor_tiered_pricing_fixed_rules":[],"_customer_tiered_pricing_type":"fixed","_customer_tiered_pricing_fixed_rules":[],"_shop_manager_tiered_pricing_type":"fixed","_shop_manager_tiered_pricing_fixed_rules":[],"_product_manager_tiered_pricing_type":"fixed","_product_manager_tiered_pricing_fixed_rules":[],"_links":{"self":[{"href":"https:\/\/www.artestar.eu\/pt-pt\/wp-json\/wp\/v2\/product\/30652"}],"collection":[{"href":"https:\/\/www.artestar.eu\/pt-pt\/wp-json\/wp\/v2\/product"}],"about":[{"href":"https:\/\/www.artestar.eu\/pt-pt\/wp-json\/wp\/v2\/types\/product"}],"replies":[{"embeddable":true,"href":"https:\/\/www.artestar.eu\/pt-pt\/wp-json\/wp\/v2\/comments?post=30652"}],"version-history":[{"count":2,"href":"https:\/\/www.artestar.eu\/pt-pt\/wp-json\/wp\/v2\/product\/30652\/revisions"}],"predecessor-version":[{"id":36985,"href":"https:\/\/www.artestar.eu\/pt-pt\/wp-json\/wp\/v2\/product\/30652\/revisions\/36985"}],"wp:featuredmedia":[{"embeddable":true,"href":"https:\/\/www.artestar.eu\/pt-pt\/wp-json\/wp\/v2\/media\/13912"}],"wp:attachment":[{"href":"https:\/\/www.artestar.eu\/pt-pt\/wp-json\/wp\/v2\/media?parent=30652"}],"wp:term":[{"taxonomy":"product_cat","embeddable":true,"href":"https:\/\/www.artestar.eu\/pt-pt\/wp-json\/wp\/v2\/product_cat?post=30652"},{"taxonomy":"product_tag","embeddable":true,"href":"https:\/\/www.artestar.eu\/pt-pt\/wp-json\/wp\/v2\/product_tag?post=30652"}],"curies":[{"name":"wp","href":"https:\/\/api.w.org\/{rel}","templated":true}]}}