{"id":30727,"date":"2023-06-08T05:29:34","date_gmt":"2023-06-08T05:29:34","guid":{"rendered":"https:\/\/www.artestar.eu\/al-por-mayor\/terminales-con-cadena-color-dorado-6-unids\/"},"modified":"2023-10-20T03:50:10","modified_gmt":"2023-10-20T03:50:10","slug":"terminais-de-corrente-dourados","status":"publish","type":"product","link":"https:\/\/www.artestar.eu\/pt-pt\/atacado\/terminais-de-corrente-dourados\/","title":{"rendered":"Terminais com corrente de cor dourada 6 pcs."},"content":{"rendered":"<p>Terminais de corrente de ouro: O conjunto de a\u00e7o inoxid\u00e1vel de tr\u00eas pe\u00e7as est\u00e1 dispon\u00edvel em 2 tamanhos. Com diferentes tamanhos e quantidades suficientes para satisfazer as diferentes necessidades do seu dia-a-dia. Voc\u00ea pode escolher o mais adequado para a sua fabrica\u00e7\u00e3o de joias DIY.<\/p>\n<ul>\n<li>Os terminais de corrente s\u00e3o feitos de material de a\u00e7o inoxid\u00e1vel de alta qualidade. Comparado com outras ligas met\u00e1licas, oferece boa estabilidade e resist\u00eancia \u00e0 corros\u00e3o, durabilidade e longa vida \u00fatil. E com baixos custos de manuten\u00e7\u00e3o, \u00e9 ideal para muitos designs de joias.<\/li>\n<li>O pequeno kit fixa o fecho ao cord\u00e3o de joias de couro ou tecido que segura o cord\u00e3o para evitar que escorregue, muito f\u00e1cil de combinar com a extremidade do cord\u00e3o e o fecho de lagosta. Porque simples e f\u00e1cil, basta fechar a cadeia de extens\u00e3o para a sua joia favorita. Voc\u00ea tamb\u00e9m pode us\u00e1-lo para reparar e substituir seus colares e pulseiras, ou como uma extens\u00e3o para suas joias.<\/li>\n<li>Porque estes conectores de corrente de extens\u00e3o s\u00e3o adequados para extens\u00f5es e s\u00e3o compat\u00edveis com couro, camur\u00e7a, borla, rendas, c\u00e2nhamo ou cascavel cord\u00f5es de cetim, colares ou colares, perfeito para fazer pulseiras, colares, colares e muito mais.<\/li>\n<li>Voc\u00ea pode dar esses acess\u00f3rios de joias para amigos interessados em bricolage, ou voc\u00ea pode terminar de fazer seu artesanato favorito com seus amigos e familiares, ser\u00e1 uma \u00f3tima experi\u00eancia para fortalecer la\u00e7os. Voc\u00ea tamb\u00e9m pode doar seus produtos acabados, como pulseiras, colares e outros tipos de contas. D\u00ea-os \u00e0 fam\u00edlia ou amigos no Dia dos Namorados, Dia das M\u00e3es, casamentos, anivers\u00e1rios, A\u00e7\u00e3o de Gra\u00e7as ou anivers\u00e1rios. Eles ser\u00e3o agradavelmente surpreendidos e v\u00e3o adorar.<\/li>\n<\/ul>\n<h3>Terminais de corrente dourados<\/h3>\n<ul>\n<li>Os terminais de corrente t\u00eam um design simples, cl\u00e1ssico e elegante. Inclui um fecho de lagosta, um anel de abertura, uma extremidade de friso e uma extens\u00e3o de corrente. E porque \u00e9 bem feito, com uma superf\u00edcie lisa e confort\u00e1vel de usar. Parece impressionante e vai fazer voc\u00ea se destacar da multid\u00e3o.<\/li>\n<li>Dispon\u00edvel em 2 cores (ouro e a\u00e7o). As diferentes cores podem ser combinadas com diferentes acess\u00f3rios de joias para adicionar um destaque atraente aos seus passeios.<\/li>\n<\/ul>\n","protected":false},"excerpt":{"rendered":"<ul>\n<li>Material em a\u00e7o inoxid\u00e1vel<\/li>\n<li>Por favor, consulte a imagem do produto para tamanho e quantidade detalhados.<\/li>\n<li>Os terminais de corrente dourados s\u00e3o perfeitos para fazer pulseiras, colares, encantos e muito mais.<\/li>\n<\/ul>\n","protected":false},"featured_media":13867,"comment_status":"open","ping_status":"closed","template":"","meta":[],"product_cat":[1681,2377],"product_tag":[],"yoast_head":"<!-- This site is optimized with the Yoast SEO Premium plugin v20.5 (Yoast SEO v21.5) - https:\/\/yoast.com\/wordpress\/plugins\/seo\/ -->\n<title>Terminais com corrente dourada - Artestar<\/title>\n<meta name=\"description\" content=\"Os terminais de corrente dourados incluem um fecho de lagosta, um anel aberto, uma extremidade enrolada e uma extens\u00e3o de corrente.\" \/>\n<meta name=\"robots\" content=\"index, follow, max-snippet:-1, max-image-preview:large, max-video-preview:-1\" \/>\n<link rel=\"canonical\" href=\"https:\/\/www.artestar.eu\/pt-pt\/atacado\/terminais-de-corrente-dourados\/\" \/>\n<meta property=\"og:locale\" content=\"pt_PT\" \/>\n<meta property=\"og:type\" content=\"article\" \/>\n<meta property=\"og:title\" content=\"Terminais com corrente de cor dourada 6 pcs.\" \/>\n<meta property=\"og:description\" content=\"Os terminais de corrente dourados incluem um fecho de lagosta, um anel aberto, uma extremidade enrolada e uma extens\u00e3o de corrente.\" \/>\n<meta property=\"og:url\" content=\"https:\/\/www.artestar.eu\/pt-pt\/atacado\/terminais-de-corrente-dourados\/\" \/>\n<meta property=\"og:site_name\" content=\"Artestar\" \/>\n<meta property=\"article:publisher\" content=\"https:\/\/www.facebook.com\/ARTESTAREU\" \/>\n<meta property=\"article:modified_time\" content=\"2023-10-20T03:50:10+00:00\" \/>\n<meta property=\"og:image\" content=\"https:\/\/www.artestar.eu\/wp-content\/uploads\/2023\/06\/Stainless-steel-fittings-lobster-clasp-with-cord-ends-metal-extension-chain-with-terminals-and-clasp-gold.jpg\" \/>\n\t<meta property=\"og:image:width\" content=\"600\" \/>\n\t<meta property=\"og:image:height\" content=\"600\" \/>\n\t<meta property=\"og:image:type\" content=\"image\/jpeg\" \/>\n<meta name=\"twitter:card\" content=\"summary_large_image\" \/>\n<meta name=\"twitter:label1\" content=\"Availability\" \/>\n\t<meta name=\"twitter:data1\" content=\"Em estoque\" \/>\n<script type=\"application\/ld+json\" class=\"yoast-schema-graph\">{\"@context\":\"https:\/\/schema.org\",\"@graph\":[{\"@type\":\"WebPage\",\"@id\":\"https:\/\/www.artestar.eu\/pt-pt\/atacado\/terminais-de-corrente-dourados\/\",\"url\":\"https:\/\/www.artestar.eu\/pt-pt\/atacado\/terminais-de-corrente-dourados\/\",\"name\":\"Terminais com corrente dourada - Artestar\",\"isPartOf\":{\"@id\":\"https:\/\/www.artestar.eu\/pt-pt\/#website\"},\"datePublished\":\"2023-06-08T05:29:34+00:00\",\"dateModified\":\"2023-10-20T03:50:10+00:00\",\"description\":\"Os terminais de corrente dourados incluem um fecho de lagosta, um anel aberto, uma extremidade enrolada e uma extens\u00e3o de corrente.\",\"breadcrumb\":{\"@id\":\"https:\/\/www.artestar.eu\/pt-pt\/atacado\/terminais-de-corrente-dourados\/#breadcrumb\"},\"inLanguage\":\"pt-PT\",\"potentialAction\":[{\"@type\":\"ReadAction\",\"target\":[\"https:\/\/www.artestar.eu\/pt-pt\/atacado\/terminais-de-corrente-dourados\/\"]}]},{\"@type\":\"BreadcrumbList\",\"@id\":\"https:\/\/www.artestar.eu\/pt-pt\/atacado\/terminais-de-corrente-dourados\/#breadcrumb\",\"itemListElement\":[{\"@type\":\"ListItem\",\"position\":1,\"name\":\"Artestar\",\"item\":\"https:\/\/www.artestar.eu\/pt-pt\/\"},{\"@type\":\"ListItem\",\"position\":2,\"name\":\"Atacado\",\"item\":\"https:\/\/www.artestar.eu\/pt-pt\/atacado\/\"},{\"@type\":\"ListItem\",\"position\":3,\"name\":\"Terminais com corrente de cor dourada 6 pcs.\"}]},{\"@type\":\"WebSite\",\"@id\":\"https:\/\/www.artestar.eu\/pt-pt\/#website\",\"url\":\"https:\/\/www.artestar.eu\/pt-pt\/\",\"name\":\"Artestar\",\"description\":\"Mayorista en abalorios y joyer\u00eda\",\"publisher\":{\"@id\":\"https:\/\/www.artestar.eu\/pt-pt\/#organization\"},\"alternateName\":\"Artestar-EU\",\"potentialAction\":[{\"@type\":\"SearchAction\",\"target\":{\"@type\":\"EntryPoint\",\"urlTemplate\":\"https:\/\/www.artestar.eu\/pt-pt\/?s={search_term_string}\"},\"query-input\":\"required name=search_term_string\"}],\"inLanguage\":\"pt-PT\"},{\"@type\":[\"Organization\",\"Place\"],\"@id\":\"https:\/\/www.artestar.eu\/pt-pt\/#organization\",\"name\":\"RUBY ABALORIO S.L.\",\"alternateName\":\"Artestar\",\"url\":\"https:\/\/www.artestar.eu\/pt-pt\/\",\"logo\":{\"@id\":\"https:\/\/www.artestar.eu\/pt-pt\/atacado\/terminais-de-corrente-dourados\/#local-main-organization-logo\"},\"image\":{\"@id\":\"https:\/\/www.artestar.eu\/pt-pt\/atacado\/terminais-de-corrente-dourados\/#local-main-organization-logo\"},\"sameAs\":[\"https:\/\/www.facebook.com\/ARTESTAREU\",\"https:\/\/www.instagram.com\/artestareu\/\",\"https:\/\/www.pinterest.es\/artestar_eu\/\",\"https:\/\/www.tiktok.com\/@artestar_wholesale\"],\"openingHoursSpecification\":[{\"@type\":\"OpeningHoursSpecification\",\"dayOfWeek\":[\"Monday\",\"Tuesday\",\"Wednesday\",\"Thursday\",\"Friday\",\"Saturday\",\"Sunday\"],\"opens\":\"09:00\",\"closes\":\"17:00\"}]},{\"@type\":\"ImageObject\",\"inLanguage\":\"pt-PT\",\"@id\":\"https:\/\/www.artestar.eu\/pt-pt\/atacado\/terminais-de-corrente-dourados\/#local-main-organization-logo\",\"url\":\"https:\/\/www.artestar.eu\/wp-content\/uploads\/2023\/05\/cropped-png.png\",\"contentUrl\":\"https:\/\/www.artestar.eu\/wp-content\/uploads\/2023\/05\/cropped-png.png\",\"width\":512,\"height\":512,\"caption\":\"RUBY ABALORIO S.L.\"}]}<\/script>\n<meta property=\"og:availability\" content=\"instock\" \/>\n<meta property=\"product:availability\" content=\"instock\" \/>\n<meta property=\"product:retailer_item_id\" content=\"BXG0104-0105\" \/>\n<meta property=\"product:condition\" content=\"new\" \/>\n<!-- \/ Yoast SEO Premium plugin. -->","yoast_head_json":{"title":"Terminais com corrente dourada - Artestar","description":"Os terminais de corrente dourados incluem um fecho de lagosta, um anel aberto, uma extremidade enrolada e uma extens\u00e3o de corrente.","robots":{"index":"index","follow":"follow","max-snippet":"max-snippet:-1","max-image-preview":"max-image-preview:large","max-video-preview":"max-video-preview:-1"},"canonical":"https:\/\/www.artestar.eu\/pt-pt\/atacado\/terminais-de-corrente-dourados\/","og_locale":"pt_PT","og_type":"article","og_title":"Terminais com corrente de cor dourada 6 pcs.","og_description":"Os terminais de corrente dourados incluem um fecho de lagosta, um anel aberto, uma extremidade enrolada e uma extens\u00e3o de corrente.","og_url":"https:\/\/www.artestar.eu\/pt-pt\/atacado\/terminais-de-corrente-dourados\/","og_site_name":"Artestar","article_publisher":"https:\/\/www.facebook.com\/ARTESTAREU","article_modified_time":"2023-10-20T03:50:10+00:00","og_image":[{"width":600,"height":600,"url":"https:\/\/www.artestar.eu\/wp-content\/uploads\/2023\/06\/Stainless-steel-fittings-lobster-clasp-with-cord-ends-metal-extension-chain-with-terminals-and-clasp-gold.jpg","type":"image\/jpeg"}],"twitter_card":"summary_large_image","twitter_misc":{"Availability":"Em estoque"},"schema":{"@context":"https:\/\/schema.org","@graph":[{"@type":"WebPage","@id":"https:\/\/www.artestar.eu\/pt-pt\/atacado\/terminais-de-corrente-dourados\/","url":"https:\/\/www.artestar.eu\/pt-pt\/atacado\/terminais-de-corrente-dourados\/","name":"Terminais com corrente dourada - Artestar","isPartOf":{"@id":"https:\/\/www.artestar.eu\/pt-pt\/#website"},"datePublished":"2023-06-08T05:29:34+00:00","dateModified":"2023-10-20T03:50:10+00:00","description":"Os terminais de corrente dourados incluem um fecho de lagosta, um anel aberto, uma extremidade enrolada e uma extens\u00e3o de corrente.","breadcrumb":{"@id":"https:\/\/www.artestar.eu\/pt-pt\/atacado\/terminais-de-corrente-dourados\/#breadcrumb"},"inLanguage":"pt-PT","potentialAction":[{"@type":"ReadAction","target":["https:\/\/www.artestar.eu\/pt-pt\/atacado\/terminais-de-corrente-dourados\/"]}]},{"@type":"BreadcrumbList","@id":"https:\/\/www.artestar.eu\/pt-pt\/atacado\/terminais-de-corrente-dourados\/#breadcrumb","itemListElement":[{"@type":"ListItem","position":1,"name":"Artestar","item":"https:\/\/www.artestar.eu\/pt-pt\/"},{"@type":"ListItem","position":2,"name":"Atacado","item":"https:\/\/www.artestar.eu\/pt-pt\/atacado\/"},{"@type":"ListItem","position":3,"name":"Terminais com corrente de cor dourada 6 pcs."}]},{"@type":"WebSite","@id":"https:\/\/www.artestar.eu\/pt-pt\/#website","url":"https:\/\/www.artestar.eu\/pt-pt\/","name":"Artestar","description":"Mayorista en abalorios y joyer\u00eda","publisher":{"@id":"https:\/\/www.artestar.eu\/pt-pt\/#organization"},"alternateName":"Artestar-EU","potentialAction":[{"@type":"SearchAction","target":{"@type":"EntryPoint","urlTemplate":"https:\/\/www.artestar.eu\/pt-pt\/?s={search_term_string}"},"query-input":"required name=search_term_string"}],"inLanguage":"pt-PT"},{"@type":["Organization","Place"],"@id":"https:\/\/www.artestar.eu\/pt-pt\/#organization","name":"RUBY ABALORIO S.L.","alternateName":"Artestar","url":"https:\/\/www.artestar.eu\/pt-pt\/","logo":{"@id":"https:\/\/www.artestar.eu\/pt-pt\/atacado\/terminais-de-corrente-dourados\/#local-main-organization-logo"},"image":{"@id":"https:\/\/www.artestar.eu\/pt-pt\/atacado\/terminais-de-corrente-dourados\/#local-main-organization-logo"},"sameAs":["https:\/\/www.facebook.com\/ARTESTAREU","https:\/\/www.instagram.com\/artestareu\/","https:\/\/www.pinterest.es\/artestar_eu\/","https:\/\/www.tiktok.com\/@artestar_wholesale"],"openingHoursSpecification":[{"@type":"OpeningHoursSpecification","dayOfWeek":["Monday","Tuesday","Wednesday","Thursday","Friday","Saturday","Sunday"],"opens":"09:00","closes":"17:00"}]},{"@type":"ImageObject","inLanguage":"pt-PT","@id":"https:\/\/www.artestar.eu\/pt-pt\/atacado\/terminais-de-corrente-dourados\/#local-main-organization-logo","url":"https:\/\/www.artestar.eu\/wp-content\/uploads\/2023\/05\/cropped-png.png","contentUrl":"https:\/\/www.artestar.eu\/wp-content\/uploads\/2023\/05\/cropped-png.png","width":512,"height":512,"caption":"RUBY ABALORIO S.L."}]},"og_availability":"instock","product_availability":"instock","product_retailer_item_id":"BXG0104-0105","product_condition":"new"},"tiered_pricing_type":"fixed","tiered_pricing_fixed_rules":[],"tiered_pricing_percentage_rules":[],"tiered_pricing_minimum":null,"_administrator_tiered_pricing_type":"fixed","_administrator_tiered_pricing_fixed_rules":[],"_editor_tiered_pricing_type":"fixed","_editor_tiered_pricing_fixed_rules":[],"_author_tiered_pricing_type":"fixed","_author_tiered_pricing_fixed_rules":[],"_contributor_tiered_pricing_type":"fixed","_contributor_tiered_pricing_fixed_rules":[],"_subscriber_tiered_pricing_type":"fixed","_subscriber_tiered_pricing_fixed_rules":[],"_wpseo_manager_tiered_pricing_type":"fixed","_wpseo_manager_tiered_pricing_fixed_rules":[],"_wpseo_editor_tiered_pricing_type":"fixed","_wpseo_editor_tiered_pricing_fixed_rules":[],"_customer_tiered_pricing_type":"fixed","_customer_tiered_pricing_fixed_rules":[],"_shop_manager_tiered_pricing_type":"fixed","_shop_manager_tiered_pricing_fixed_rules":[],"_product_manager_tiered_pricing_type":"fixed","_product_manager_tiered_pricing_fixed_rules":[],"_links":{"self":[{"href":"https:\/\/www.artestar.eu\/pt-pt\/wp-json\/wp\/v2\/product\/30727"}],"collection":[{"href":"https:\/\/www.artestar.eu\/pt-pt\/wp-json\/wp\/v2\/product"}],"about":[{"href":"https:\/\/www.artestar.eu\/pt-pt\/wp-json\/wp\/v2\/types\/product"}],"replies":[{"embeddable":true,"href":"https:\/\/www.artestar.eu\/pt-pt\/wp-json\/wp\/v2\/comments?post=30727"}],"version-history":[{"count":2,"href":"https:\/\/www.artestar.eu\/pt-pt\/wp-json\/wp\/v2\/product\/30727\/revisions"}],"predecessor-version":[{"id":36989,"href":"https:\/\/www.artestar.eu\/pt-pt\/wp-json\/wp\/v2\/product\/30727\/revisions\/36989"}],"wp:featuredmedia":[{"embeddable":true,"href":"https:\/\/www.artestar.eu\/pt-pt\/wp-json\/wp\/v2\/media\/13867"}],"wp:attachment":[{"href":"https:\/\/www.artestar.eu\/pt-pt\/wp-json\/wp\/v2\/media?parent=30727"}],"wp:term":[{"taxonomy":"product_cat","embeddable":true,"href":"https:\/\/www.artestar.eu\/pt-pt\/wp-json\/wp\/v2\/product_cat?post=30727"},{"taxonomy":"product_tag","embeddable":true,"href":"https:\/\/www.artestar.eu\/pt-pt\/wp-json\/wp\/v2\/product_tag?post=30727"}],"curies":[{"name":"wp","href":"https:\/\/api.w.org\/{rel}","templated":true}]}}