{"id":30828,"date":"2023-06-08T02:45:15","date_gmt":"2023-06-08T02:45:15","guid":{"rendered":"https:\/\/www.artestar.eu\/al-por-mayor\/tapas-de-extremo-de-barril-color-dorado\/"},"modified":"2023-10-20T05:00:21","modified_gmt":"2023-10-20T05:00:21","slug":"tampas-de-ponta-de-barril-douradas","status":"publish","type":"product","link":"https:\/\/www.artestar.eu\/pt-pt\/atacado\/tampas-de-ponta-de-barril-douradas\/","title":{"rendered":"Tampas das extremidades do cano douradas"},"content":{"rendered":"<p>Tampas finais do cano de ouro: 2 mm (18 pcs), 3 mm (17 pcs). (Consulte a imagem do produto para obter tamanho e quantidade detalhados.)<\/p>\n<ul>\n<li>A tampa da extremidade do barril \u00e9 feita de material de a\u00e7o inoxid\u00e1vel de alta qualidade. Comparado com outras ligas met\u00e1licas, oferece boa estabilidade e resist\u00eancia \u00e0 corros\u00e3o, durabilidade e longa vida \u00fatil. Devido aos baixos custos de manuten\u00e7\u00e3o, \u00e9 ideal para muitos designs de joias.<\/li>\n<li>As tampas das extremidades do cano est\u00e3o dispon\u00edveis em 2 tamanhos. Porque diferentes tamanhos e quantidades suficientes para atender \u00e0s diferentes necessidades da sua vida di\u00e1ria. Voc\u00ea pode escolher o mais adequado para a sua fabrica\u00e7\u00e3o de joias DIY.<\/li>\n<li>Porque f\u00e1cil de usar, voc\u00ea s\u00f3 precisa inserir uma gota de cola na ponta e pressionar o fio na ponta. Plugues estilo cola, tampas de clipe de lagosta, an\u00e9is de salto e correntes de extens\u00e3o. Ou use-o inserindo uma gota de cola na ponta e, em seguida, pressionando o fio na ponta.<\/li>\n<li>Porque use as tampas de extremidade lisa em combina\u00e7\u00e3o com rosca, cord\u00e3o, bramante ou qualquer outro tamanho de cabo adequado. Use-o para fazer colares, pulseiras, brincos e borlas, acess\u00f3rios de fantasia, cintos acess\u00f3rios.<\/li>\n<li>Voc\u00ea tamb\u00e9m pode presentear sua joia acabada para sua fam\u00edlia ou amigos no Dia dos Namorados, Dia das M\u00e3es, Casamento, Anivers\u00e1rio, Dia de A\u00e7\u00e3o de Gra\u00e7as ou Anivers\u00e1rio. Eles ser\u00e3o agradavelmente surpreendidos e encantados.<\/li>\n<\/ul>\n<h3>Tampas das extremidades do cano douradas<\/h3>\n<ul>\n<li>As tampas das extremidades do cabo de barril t\u00eam um aspeto simples, cl\u00e1ssico e elegante, com um design em forma de tampa de barril. E \u00e9 bem feito com uma superf\u00edcie lisa e confort\u00e1vel de usar.<\/li>\n<li>Dispon\u00edvel em 2 cores (ouro e prata). As diferentes cores podem ser combinadas com diferentes acess\u00f3rios de joias para adicionar um destaque atraente aos seus passeios.<\/li>\n<\/ul>\n","protected":false},"excerpt":{"rendered":"<p><img decoding=\"async\" class=\"alignnone size-full wp-image-10531\" src=\"https:\/\/www.artestar.eu\/wp-content\/uploads\/2023\/06\/cord-ends-barrel-end-caps-gold-size-1.jpg\" alt=\"Tampas das extremidades do cano\" width=\"1000\" height=\"180\" srcset=\"https:\/\/www.artestar.eu\/wp-content\/uploads\/2023\/06\/cord-ends-barrel-end-caps-gold-size-1.jpg 1000w, https:\/\/www.artestar.eu\/wp-content\/uploads\/2023\/06\/cord-ends-barrel-end-caps-gold-size-1-300x54.jpg 300w, https:\/\/www.artestar.eu\/wp-content\/uploads\/2023\/06\/cord-ends-barrel-end-caps-gold-size-1-768x138.jpg 768w, https:\/\/www.artestar.eu\/wp-content\/uploads\/2023\/06\/cord-ends-barrel-end-caps-gold-size-1-600x108.jpg 600w, https:\/\/www.artestar.eu\/wp-content\/uploads\/2023\/06\/cord-ends-barrel-end-caps-gold-size-1-90x16.jpg 90w\" sizes=\"(max-width: 1000px) 100vw, 1000px\" \/><\/p>\n<ul>\n<li>Por favor, consulte a imagem do produto para tamanho e quantidade detalhados.<\/li>\n<li>\u00c9 usado para fazer joias, decora\u00e7\u00f5es, artesanato, etc.<\/li>\n<\/ul>\n","protected":false},"featured_media":13776,"comment_status":"open","ping_status":"closed","template":"","meta":[],"product_cat":[1681,2377],"product_tag":[],"yoast_head":"<!-- This site is optimized with the Yoast SEO Premium plugin v20.5 (Yoast SEO v21.5) - https:\/\/yoast.com\/wordpress\/plugins\/seo\/ -->\n<title>Limites finais do barril de ouro - Artestar<\/title>\n<meta name=\"description\" content=\"As tampas de extremidade de barril cor de ouro s\u00e3o frequentemente usadas em conjunto com cord\u00e9is, correntes, etc. para fazer joias, decora\u00e7\u00f5es, artesanato e muito mais.\" \/>\n<meta name=\"robots\" content=\"index, follow, max-snippet:-1, max-image-preview:large, max-video-preview:-1\" \/>\n<link rel=\"canonical\" href=\"https:\/\/www.artestar.eu\/pt-pt\/atacado\/tampas-de-ponta-de-barril-douradas\/\" \/>\n<meta property=\"og:locale\" content=\"pt_PT\" \/>\n<meta property=\"og:type\" content=\"article\" \/>\n<meta property=\"og:title\" content=\"Tampas das extremidades do cano douradas\" \/>\n<meta property=\"og:description\" content=\"As tampas de extremidade de barril cor de ouro s\u00e3o frequentemente usadas em conjunto com cord\u00e9is, correntes, etc. para fazer joias, decora\u00e7\u00f5es, artesanato e muito mais.\" \/>\n<meta property=\"og:url\" content=\"https:\/\/www.artestar.eu\/pt-pt\/atacado\/tampas-de-ponta-de-barril-douradas\/\" \/>\n<meta property=\"og:site_name\" content=\"Artestar\" \/>\n<meta property=\"article:publisher\" content=\"https:\/\/www.facebook.com\/ARTESTAREU\" \/>\n<meta property=\"article:modified_time\" content=\"2023-10-20T05:00:21+00:00\" \/>\n<meta property=\"og:image\" content=\"https:\/\/www.artestar.eu\/wp-content\/uploads\/2023\/06\/stainless-steel-fittings-cord-ends-barrel-end-caps-gold.jpg\" \/>\n\t<meta property=\"og:image:width\" content=\"600\" \/>\n\t<meta property=\"og:image:height\" content=\"600\" \/>\n\t<meta property=\"og:image:type\" content=\"image\/jpeg\" \/>\n<meta name=\"twitter:card\" content=\"summary_large_image\" \/>\n<meta name=\"twitter:label1\" content=\"Availability\" \/>\n\t<meta name=\"twitter:data1\" content=\"Em estoque\" \/>\n<script type=\"application\/ld+json\" class=\"yoast-schema-graph\">{\"@context\":\"https:\/\/schema.org\",\"@graph\":[{\"@type\":\"WebPage\",\"@id\":\"https:\/\/www.artestar.eu\/pt-pt\/atacado\/tampas-de-ponta-de-barril-douradas\/\",\"url\":\"https:\/\/www.artestar.eu\/pt-pt\/atacado\/tampas-de-ponta-de-barril-douradas\/\",\"name\":\"Limites finais do barril de ouro - Artestar\",\"isPartOf\":{\"@id\":\"https:\/\/www.artestar.eu\/pt-pt\/#website\"},\"datePublished\":\"2023-06-08T02:45:15+00:00\",\"dateModified\":\"2023-10-20T05:00:21+00:00\",\"description\":\"As tampas de extremidade de barril cor de ouro s\u00e3o frequentemente usadas em conjunto com cord\u00e9is, correntes, etc. para fazer joias, decora\u00e7\u00f5es, artesanato e muito mais.\",\"breadcrumb\":{\"@id\":\"https:\/\/www.artestar.eu\/pt-pt\/atacado\/tampas-de-ponta-de-barril-douradas\/#breadcrumb\"},\"inLanguage\":\"pt-PT\",\"potentialAction\":[{\"@type\":\"ReadAction\",\"target\":[\"https:\/\/www.artestar.eu\/pt-pt\/atacado\/tampas-de-ponta-de-barril-douradas\/\"]}]},{\"@type\":\"BreadcrumbList\",\"@id\":\"https:\/\/www.artestar.eu\/pt-pt\/atacado\/tampas-de-ponta-de-barril-douradas\/#breadcrumb\",\"itemListElement\":[{\"@type\":\"ListItem\",\"position\":1,\"name\":\"Artestar\",\"item\":\"https:\/\/www.artestar.eu\/pt-pt\/\"},{\"@type\":\"ListItem\",\"position\":2,\"name\":\"Atacado\",\"item\":\"https:\/\/www.artestar.eu\/pt-pt\/atacado\/\"},{\"@type\":\"ListItem\",\"position\":3,\"name\":\"Tampas das extremidades do cano douradas\"}]},{\"@type\":\"WebSite\",\"@id\":\"https:\/\/www.artestar.eu\/pt-pt\/#website\",\"url\":\"https:\/\/www.artestar.eu\/pt-pt\/\",\"name\":\"Artestar\",\"description\":\"Mayorista en abalorios y joyer\u00eda\",\"publisher\":{\"@id\":\"https:\/\/www.artestar.eu\/pt-pt\/#organization\"},\"alternateName\":\"Artestar-EU\",\"potentialAction\":[{\"@type\":\"SearchAction\",\"target\":{\"@type\":\"EntryPoint\",\"urlTemplate\":\"https:\/\/www.artestar.eu\/pt-pt\/?s={search_term_string}\"},\"query-input\":\"required name=search_term_string\"}],\"inLanguage\":\"pt-PT\"},{\"@type\":[\"Organization\",\"Place\"],\"@id\":\"https:\/\/www.artestar.eu\/pt-pt\/#organization\",\"name\":\"RUBY ABALORIO S.L.\",\"alternateName\":\"Artestar\",\"url\":\"https:\/\/www.artestar.eu\/pt-pt\/\",\"logo\":{\"@id\":\"https:\/\/www.artestar.eu\/pt-pt\/atacado\/tampas-de-ponta-de-barril-douradas\/#local-main-organization-logo\"},\"image\":{\"@id\":\"https:\/\/www.artestar.eu\/pt-pt\/atacado\/tampas-de-ponta-de-barril-douradas\/#local-main-organization-logo\"},\"sameAs\":[\"https:\/\/www.facebook.com\/ARTESTAREU\",\"https:\/\/www.instagram.com\/artestareu\/\",\"https:\/\/www.pinterest.es\/artestar_eu\/\",\"https:\/\/www.tiktok.com\/@artestar_wholesale\"],\"openingHoursSpecification\":[{\"@type\":\"OpeningHoursSpecification\",\"dayOfWeek\":[\"Monday\",\"Tuesday\",\"Wednesday\",\"Thursday\",\"Friday\",\"Saturday\",\"Sunday\"],\"opens\":\"09:00\",\"closes\":\"17:00\"}]},{\"@type\":\"ImageObject\",\"inLanguage\":\"pt-PT\",\"@id\":\"https:\/\/www.artestar.eu\/pt-pt\/atacado\/tampas-de-ponta-de-barril-douradas\/#local-main-organization-logo\",\"url\":\"https:\/\/www.artestar.eu\/wp-content\/uploads\/2023\/05\/cropped-png.png\",\"contentUrl\":\"https:\/\/www.artestar.eu\/wp-content\/uploads\/2023\/05\/cropped-png.png\",\"width\":512,\"height\":512,\"caption\":\"RUBY ABALORIO S.L.\"}]}<\/script>\n<meta property=\"og:availability\" content=\"instock\" \/>\n<meta property=\"product:availability\" content=\"instock\" \/>\n<meta property=\"product:retailer_item_id\" content=\"BXG0100-0101\" \/>\n<meta property=\"product:condition\" content=\"new\" \/>\n<!-- \/ Yoast SEO Premium plugin. -->","yoast_head_json":{"title":"Limites finais do barril de ouro - Artestar","description":"As tampas de extremidade de barril cor de ouro s\u00e3o frequentemente usadas em conjunto com cord\u00e9is, correntes, etc. para fazer joias, decora\u00e7\u00f5es, artesanato e muito mais.","robots":{"index":"index","follow":"follow","max-snippet":"max-snippet:-1","max-image-preview":"max-image-preview:large","max-video-preview":"max-video-preview:-1"},"canonical":"https:\/\/www.artestar.eu\/pt-pt\/atacado\/tampas-de-ponta-de-barril-douradas\/","og_locale":"pt_PT","og_type":"article","og_title":"Tampas das extremidades do cano douradas","og_description":"As tampas de extremidade de barril cor de ouro s\u00e3o frequentemente usadas em conjunto com cord\u00e9is, correntes, etc. para fazer joias, decora\u00e7\u00f5es, artesanato e muito mais.","og_url":"https:\/\/www.artestar.eu\/pt-pt\/atacado\/tampas-de-ponta-de-barril-douradas\/","og_site_name":"Artestar","article_publisher":"https:\/\/www.facebook.com\/ARTESTAREU","article_modified_time":"2023-10-20T05:00:21+00:00","og_image":[{"width":600,"height":600,"url":"https:\/\/www.artestar.eu\/wp-content\/uploads\/2023\/06\/stainless-steel-fittings-cord-ends-barrel-end-caps-gold.jpg","type":"image\/jpeg"}],"twitter_card":"summary_large_image","twitter_misc":{"Availability":"Em estoque"},"schema":{"@context":"https:\/\/schema.org","@graph":[{"@type":"WebPage","@id":"https:\/\/www.artestar.eu\/pt-pt\/atacado\/tampas-de-ponta-de-barril-douradas\/","url":"https:\/\/www.artestar.eu\/pt-pt\/atacado\/tampas-de-ponta-de-barril-douradas\/","name":"Limites finais do barril de ouro - Artestar","isPartOf":{"@id":"https:\/\/www.artestar.eu\/pt-pt\/#website"},"datePublished":"2023-06-08T02:45:15+00:00","dateModified":"2023-10-20T05:00:21+00:00","description":"As tampas de extremidade de barril cor de ouro s\u00e3o frequentemente usadas em conjunto com cord\u00e9is, correntes, etc. para fazer joias, decora\u00e7\u00f5es, artesanato e muito mais.","breadcrumb":{"@id":"https:\/\/www.artestar.eu\/pt-pt\/atacado\/tampas-de-ponta-de-barril-douradas\/#breadcrumb"},"inLanguage":"pt-PT","potentialAction":[{"@type":"ReadAction","target":["https:\/\/www.artestar.eu\/pt-pt\/atacado\/tampas-de-ponta-de-barril-douradas\/"]}]},{"@type":"BreadcrumbList","@id":"https:\/\/www.artestar.eu\/pt-pt\/atacado\/tampas-de-ponta-de-barril-douradas\/#breadcrumb","itemListElement":[{"@type":"ListItem","position":1,"name":"Artestar","item":"https:\/\/www.artestar.eu\/pt-pt\/"},{"@type":"ListItem","position":2,"name":"Atacado","item":"https:\/\/www.artestar.eu\/pt-pt\/atacado\/"},{"@type":"ListItem","position":3,"name":"Tampas das extremidades do cano douradas"}]},{"@type":"WebSite","@id":"https:\/\/www.artestar.eu\/pt-pt\/#website","url":"https:\/\/www.artestar.eu\/pt-pt\/","name":"Artestar","description":"Mayorista en abalorios y joyer\u00eda","publisher":{"@id":"https:\/\/www.artestar.eu\/pt-pt\/#organization"},"alternateName":"Artestar-EU","potentialAction":[{"@type":"SearchAction","target":{"@type":"EntryPoint","urlTemplate":"https:\/\/www.artestar.eu\/pt-pt\/?s={search_term_string}"},"query-input":"required name=search_term_string"}],"inLanguage":"pt-PT"},{"@type":["Organization","Place"],"@id":"https:\/\/www.artestar.eu\/pt-pt\/#organization","name":"RUBY ABALORIO S.L.","alternateName":"Artestar","url":"https:\/\/www.artestar.eu\/pt-pt\/","logo":{"@id":"https:\/\/www.artestar.eu\/pt-pt\/atacado\/tampas-de-ponta-de-barril-douradas\/#local-main-organization-logo"},"image":{"@id":"https:\/\/www.artestar.eu\/pt-pt\/atacado\/tampas-de-ponta-de-barril-douradas\/#local-main-organization-logo"},"sameAs":["https:\/\/www.facebook.com\/ARTESTAREU","https:\/\/www.instagram.com\/artestareu\/","https:\/\/www.pinterest.es\/artestar_eu\/","https:\/\/www.tiktok.com\/@artestar_wholesale"],"openingHoursSpecification":[{"@type":"OpeningHoursSpecification","dayOfWeek":["Monday","Tuesday","Wednesday","Thursday","Friday","Saturday","Sunday"],"opens":"09:00","closes":"17:00"}]},{"@type":"ImageObject","inLanguage":"pt-PT","@id":"https:\/\/www.artestar.eu\/pt-pt\/atacado\/tampas-de-ponta-de-barril-douradas\/#local-main-organization-logo","url":"https:\/\/www.artestar.eu\/wp-content\/uploads\/2023\/05\/cropped-png.png","contentUrl":"https:\/\/www.artestar.eu\/wp-content\/uploads\/2023\/05\/cropped-png.png","width":512,"height":512,"caption":"RUBY ABALORIO S.L."}]},"og_availability":"instock","product_availability":"instock","product_retailer_item_id":"BXG0100-0101","product_condition":"new"},"tiered_pricing_type":"fixed","tiered_pricing_fixed_rules":[],"tiered_pricing_percentage_rules":[],"tiered_pricing_minimum":null,"_administrator_tiered_pricing_type":"fixed","_administrator_tiered_pricing_fixed_rules":[],"_editor_tiered_pricing_type":"fixed","_editor_tiered_pricing_fixed_rules":[],"_author_tiered_pricing_type":"fixed","_author_tiered_pricing_fixed_rules":[],"_contributor_tiered_pricing_type":"fixed","_contributor_tiered_pricing_fixed_rules":[],"_subscriber_tiered_pricing_type":"fixed","_subscriber_tiered_pricing_fixed_rules":[],"_wpseo_manager_tiered_pricing_type":"fixed","_wpseo_manager_tiered_pricing_fixed_rules":[],"_wpseo_editor_tiered_pricing_type":"fixed","_wpseo_editor_tiered_pricing_fixed_rules":[],"_customer_tiered_pricing_type":"fixed","_customer_tiered_pricing_fixed_rules":[],"_shop_manager_tiered_pricing_type":"fixed","_shop_manager_tiered_pricing_fixed_rules":[],"_product_manager_tiered_pricing_type":"fixed","_product_manager_tiered_pricing_fixed_rules":[],"_links":{"self":[{"href":"https:\/\/www.artestar.eu\/pt-pt\/wp-json\/wp\/v2\/product\/30828"}],"collection":[{"href":"https:\/\/www.artestar.eu\/pt-pt\/wp-json\/wp\/v2\/product"}],"about":[{"href":"https:\/\/www.artestar.eu\/pt-pt\/wp-json\/wp\/v2\/types\/product"}],"replies":[{"embeddable":true,"href":"https:\/\/www.artestar.eu\/pt-pt\/wp-json\/wp\/v2\/comments?post=30828"}],"version-history":[{"count":2,"href":"https:\/\/www.artestar.eu\/pt-pt\/wp-json\/wp\/v2\/product\/30828\/revisions"}],"predecessor-version":[{"id":37003,"href":"https:\/\/www.artestar.eu\/pt-pt\/wp-json\/wp\/v2\/product\/30828\/revisions\/37003"}],"wp:featuredmedia":[{"embeddable":true,"href":"https:\/\/www.artestar.eu\/pt-pt\/wp-json\/wp\/v2\/media\/13776"}],"wp:attachment":[{"href":"https:\/\/www.artestar.eu\/pt-pt\/wp-json\/wp\/v2\/media?parent=30828"}],"wp:term":[{"taxonomy":"product_cat","embeddable":true,"href":"https:\/\/www.artestar.eu\/pt-pt\/wp-json\/wp\/v2\/product_cat?post=30828"},{"taxonomy":"product_tag","embeddable":true,"href":"https:\/\/www.artestar.eu\/pt-pt\/wp-json\/wp\/v2\/product_tag?post=30828"}],"curies":[{"name":"wp","href":"https:\/\/api.w.org\/{rel}","templated":true}]}}