{"id":30917,"date":"2023-06-08T01:44:49","date_gmt":"2023-06-08T01:44:49","guid":{"rendered":"https:\/\/www.artestar.eu\/al-por-mayor\/pendiente-redondo-con-perno-color-dorado-150-unids\/"},"modified":"2023-10-20T05:04:56","modified_gmt":"2023-10-20T05:04:56","slug":"redondo-brinco-com-alfinete-dourado-cor","status":"publish","type":"product","link":"https:\/\/www.artestar.eu\/pt-pt\/atacado\/redondo-brinco-com-alfinete-dourado-cor\/","title":{"rendered":"Brinco redondo com parafuso de cor dourada 150 pcs."},"content":{"rendered":"<p>Brinco redondo com parafuso de cor dourada: Os brincos de bola est\u00e3o dispon\u00edveis em 3 tamanhos, 30mm (16pcs), 4o mm (16pcs) e 50mm (14pcs).<\/p>\n<ul>\n<li>Porque uma vasta gama de tamanhos para escolher, com tamanhos e quantidades diferentes o suficiente para atender \u00e0s diferentes necessidades do seu dia-a-dia. Voc\u00ea pode escolher o mais adequado para seus trabalhos de bricolage.<\/li>\n<li>Os postes de inclina\u00e7\u00e3o da bola s\u00e3o feitos de material de a\u00e7o inoxid\u00e1vel de alta qualidade. Comparado com outras ligas met\u00e1licas, oferece boa estabilidade e resist\u00eancia \u00e0 corros\u00e3o, durabilidade e longa vida \u00fatil. E porque com baixos custos de manuten\u00e7\u00e3o, \u00e9 ideal para muitos designs de joias.<\/li>\n<li>Os brincos de poste de bola t\u00eam um visual simples e cl\u00e1ssico com um design elegante. E s\u00e3o bem feitos, com uma superf\u00edcie lisa e confort\u00e1vel de usar. Eles s\u00e3o muito atraentes para usar e v\u00e3o fazer voc\u00ea se destacar da multid\u00e3o.<\/li>\n<li>Porque cada poste de brinco tem um anel no topo. Pode ser aberto para adicionar ganchos. Voc\u00ea pode at\u00e9 adicionar correntes, mi\u00e7angas, borlas ou pingentes para um acess\u00f3rio de estilo diferente.<\/li>\n<li>Adequado para a maioria dos iniciantes e muitos hobbies criativos, pois ajuda a tornar as joias mais f\u00e1ceis e divertidas.<\/li>\n<\/ul>\n<h5>Brinco redondo com pino de ouro<\/h5>\n<ul>\n<li>Os brincos de bola podem ser combinados com uma variedade de pedras preciosas, p\u00e9rolas, cristais e outras pe\u00e7as de joias. O presente perfeito para a sua filha, amante, m\u00e3e ou para si mesmo no Dia dos Namorados, Natal, Dia da M\u00e3e, anivers\u00e1rios ou anivers\u00e1rios.<\/li>\n<li>Dispon\u00edvel em 2 cores (ouro e a\u00e7o). Porque cores diferentes podem ser usadas com roupas diferentes e para ocasi\u00f5es diferentes, adicionando um destaque atraente aos seus passeios.<\/li>\n<\/ul>\n","protected":false},"excerpt":{"rendered":"<p><img decoding=\"async\" class=\"alignnone size-full wp-image-8898\" src=\"https:\/\/www.artestar.eu%E2%80%8B%E2%80%8B%E2%80%8B%E2%80%8B\/wp-content\/uploads\/2023\/06\/ball-post-stud-earring-gold-size.jpg\" alt=\"Brinco redondo com parafuso\" width=\"1000\" height=\"180\" srcset=\"https:\/\/www.artestar.eu\/wp-content\/uploads\/2023\/06\/ball-post-stud-earring-gold-size.jpg 1000w, https:\/\/www.artestar.eu\/wp-content\/uploads\/2023\/06\/ball-post-stud-earring-gold-size-300x54.jpg 300w, https:\/\/www.artestar.eu\/wp-content\/uploads\/2023\/06\/ball-post-stud-earring-gold-size-768x138.jpg 768w, https:\/\/www.artestar.eu\/wp-content\/uploads\/2023\/06\/ball-post-stud-earring-gold-size-600x108.jpg 600w, https:\/\/www.artestar.eu\/wp-content\/uploads\/2023\/06\/ball-post-stud-earring-gold-size-90x16.jpg 90w\" sizes=\"(max-width: 1000px) 100vw, 1000px\" \/><\/p>\n<ul>\n<li>Material: A\u00e7o Inoxid\u00e1vel<\/li>\n<li>Por favor, consulte a imagem do produto para tamanho e quantidade detalhados.<\/li>\n<li>\u00c9 usado para fazer joias, decora\u00e7\u00f5es, artesanato, etc.<\/li>\n<\/ul>\n","protected":false},"featured_media":13726,"comment_status":"open","ping_status":"closed","template":"","meta":[],"product_cat":[1682,1681],"product_tag":[],"yoast_head":"<!-- This site is optimized with the Yoast SEO Premium plugin v20.5 (Yoast SEO v21.5) - https:\/\/yoast.com\/wordpress\/plugins\/seo\/ -->\n<title>Brinco redondo com prego dourado- Artestar<\/title>\n<meta name=\"description\" content=\"Os brincos de bola cor de ouro funcionam com todos os diferentes tipos e estilos de brincos. Como brincos, fios auriculares, etc.\" \/>\n<meta name=\"robots\" content=\"index, follow, max-snippet:-1, max-image-preview:large, max-video-preview:-1\" \/>\n<link rel=\"canonical\" href=\"https:\/\/www.artestar.eu\/pt-pt\/atacado\/redondo-brinco-com-alfinete-dourado-cor\/\" \/>\n<meta property=\"og:locale\" content=\"pt_PT\" \/>\n<meta property=\"og:type\" content=\"article\" \/>\n<meta property=\"og:title\" content=\"Brinco redondo com parafuso de cor dourada 150 pcs.\" \/>\n<meta property=\"og:description\" content=\"Os brincos de bola cor de ouro funcionam com todos os diferentes tipos e estilos de brincos. Como brincos, fios auriculares, etc.\" \/>\n<meta property=\"og:url\" content=\"https:\/\/www.artestar.eu\/pt-pt\/atacado\/redondo-brinco-com-alfinete-dourado-cor\/\" \/>\n<meta property=\"og:site_name\" content=\"Artestar\" \/>\n<meta property=\"article:publisher\" content=\"https:\/\/www.facebook.com\/ARTESTAREU\" \/>\n<meta property=\"article:modified_time\" content=\"2023-10-20T05:04:56+00:00\" \/>\n<meta property=\"og:image\" content=\"https:\/\/www.artestar.eu\/wp-content\/uploads\/2023\/06\/stainless-steel-earring-accessories-ball-post-stud-earring-gold.jpg\" \/>\n\t<meta property=\"og:image:width\" content=\"600\" \/>\n\t<meta property=\"og:image:height\" content=\"600\" \/>\n\t<meta property=\"og:image:type\" content=\"image\/jpeg\" \/>\n<meta name=\"twitter:card\" content=\"summary_large_image\" \/>\n<meta name=\"twitter:label1\" content=\"Availability\" \/>\n\t<meta name=\"twitter:data1\" content=\"Em estoque\" \/>\n<script type=\"application\/ld+json\" class=\"yoast-schema-graph\">{\"@context\":\"https:\/\/schema.org\",\"@graph\":[{\"@type\":\"WebPage\",\"@id\":\"https:\/\/www.artestar.eu\/pt-pt\/atacado\/redondo-brinco-com-alfinete-dourado-cor\/\",\"url\":\"https:\/\/www.artestar.eu\/pt-pt\/atacado\/redondo-brinco-com-alfinete-dourado-cor\/\",\"name\":\"Brinco redondo com prego dourado- Artestar\",\"isPartOf\":{\"@id\":\"https:\/\/www.artestar.eu\/pt-pt\/#website\"},\"datePublished\":\"2023-06-08T01:44:49+00:00\",\"dateModified\":\"2023-10-20T05:04:56+00:00\",\"description\":\"Os brincos de bola cor de ouro funcionam com todos os diferentes tipos e estilos de brincos. Como brincos, fios auriculares, etc.\",\"breadcrumb\":{\"@id\":\"https:\/\/www.artestar.eu\/pt-pt\/atacado\/redondo-brinco-com-alfinete-dourado-cor\/#breadcrumb\"},\"inLanguage\":\"pt-PT\",\"potentialAction\":[{\"@type\":\"ReadAction\",\"target\":[\"https:\/\/www.artestar.eu\/pt-pt\/atacado\/redondo-brinco-com-alfinete-dourado-cor\/\"]}]},{\"@type\":\"BreadcrumbList\",\"@id\":\"https:\/\/www.artestar.eu\/pt-pt\/atacado\/redondo-brinco-com-alfinete-dourado-cor\/#breadcrumb\",\"itemListElement\":[{\"@type\":\"ListItem\",\"position\":1,\"name\":\"Artestar\",\"item\":\"https:\/\/www.artestar.eu\/pt-pt\/\"},{\"@type\":\"ListItem\",\"position\":2,\"name\":\"Atacado\",\"item\":\"https:\/\/www.artestar.eu\/pt-pt\/atacado\/\"},{\"@type\":\"ListItem\",\"position\":3,\"name\":\"Brinco redondo com parafuso de cor dourada 150 pcs.\"}]},{\"@type\":\"WebSite\",\"@id\":\"https:\/\/www.artestar.eu\/pt-pt\/#website\",\"url\":\"https:\/\/www.artestar.eu\/pt-pt\/\",\"name\":\"Artestar\",\"description\":\"Mayorista en abalorios y joyer\u00eda\",\"publisher\":{\"@id\":\"https:\/\/www.artestar.eu\/pt-pt\/#organization\"},\"alternateName\":\"Artestar-EU\",\"potentialAction\":[{\"@type\":\"SearchAction\",\"target\":{\"@type\":\"EntryPoint\",\"urlTemplate\":\"https:\/\/www.artestar.eu\/pt-pt\/?s={search_term_string}\"},\"query-input\":\"required name=search_term_string\"}],\"inLanguage\":\"pt-PT\"},{\"@type\":[\"Organization\",\"Place\"],\"@id\":\"https:\/\/www.artestar.eu\/pt-pt\/#organization\",\"name\":\"RUBY ABALORIO S.L.\",\"alternateName\":\"Artestar\",\"url\":\"https:\/\/www.artestar.eu\/pt-pt\/\",\"logo\":{\"@id\":\"https:\/\/www.artestar.eu\/pt-pt\/atacado\/redondo-brinco-com-alfinete-dourado-cor\/#local-main-organization-logo\"},\"image\":{\"@id\":\"https:\/\/www.artestar.eu\/pt-pt\/atacado\/redondo-brinco-com-alfinete-dourado-cor\/#local-main-organization-logo\"},\"sameAs\":[\"https:\/\/www.facebook.com\/ARTESTAREU\",\"https:\/\/www.instagram.com\/artestareu\/\",\"https:\/\/www.pinterest.es\/artestar_eu\/\",\"https:\/\/www.tiktok.com\/@artestar_wholesale\"],\"openingHoursSpecification\":[{\"@type\":\"OpeningHoursSpecification\",\"dayOfWeek\":[\"Monday\",\"Tuesday\",\"Wednesday\",\"Thursday\",\"Friday\",\"Saturday\",\"Sunday\"],\"opens\":\"09:00\",\"closes\":\"17:00\"}]},{\"@type\":\"ImageObject\",\"inLanguage\":\"pt-PT\",\"@id\":\"https:\/\/www.artestar.eu\/pt-pt\/atacado\/redondo-brinco-com-alfinete-dourado-cor\/#local-main-organization-logo\",\"url\":\"https:\/\/www.artestar.eu\/wp-content\/uploads\/2023\/05\/cropped-png.png\",\"contentUrl\":\"https:\/\/www.artestar.eu\/wp-content\/uploads\/2023\/05\/cropped-png.png\",\"width\":512,\"height\":512,\"caption\":\"RUBY ABALORIO S.L.\"}]}<\/script>\n<meta property=\"og:availability\" content=\"instock\" \/>\n<meta property=\"product:availability\" content=\"instock\" \/>\n<meta property=\"product:retailer_item_id\" content=\"BXG0094-0096\" \/>\n<meta property=\"product:condition\" content=\"new\" \/>\n<!-- \/ Yoast SEO Premium plugin. -->","yoast_head_json":{"title":"Brinco redondo com prego dourado- Artestar","description":"Os brincos de bola cor de ouro funcionam com todos os diferentes tipos e estilos de brincos. Como brincos, fios auriculares, etc.","robots":{"index":"index","follow":"follow","max-snippet":"max-snippet:-1","max-image-preview":"max-image-preview:large","max-video-preview":"max-video-preview:-1"},"canonical":"https:\/\/www.artestar.eu\/pt-pt\/atacado\/redondo-brinco-com-alfinete-dourado-cor\/","og_locale":"pt_PT","og_type":"article","og_title":"Brinco redondo com parafuso de cor dourada 150 pcs.","og_description":"Os brincos de bola cor de ouro funcionam com todos os diferentes tipos e estilos de brincos. Como brincos, fios auriculares, etc.","og_url":"https:\/\/www.artestar.eu\/pt-pt\/atacado\/redondo-brinco-com-alfinete-dourado-cor\/","og_site_name":"Artestar","article_publisher":"https:\/\/www.facebook.com\/ARTESTAREU","article_modified_time":"2023-10-20T05:04:56+00:00","og_image":[{"width":600,"height":600,"url":"https:\/\/www.artestar.eu\/wp-content\/uploads\/2023\/06\/stainless-steel-earring-accessories-ball-post-stud-earring-gold.jpg","type":"image\/jpeg"}],"twitter_card":"summary_large_image","twitter_misc":{"Availability":"Em estoque"},"schema":{"@context":"https:\/\/schema.org","@graph":[{"@type":"WebPage","@id":"https:\/\/www.artestar.eu\/pt-pt\/atacado\/redondo-brinco-com-alfinete-dourado-cor\/","url":"https:\/\/www.artestar.eu\/pt-pt\/atacado\/redondo-brinco-com-alfinete-dourado-cor\/","name":"Brinco redondo com prego dourado- Artestar","isPartOf":{"@id":"https:\/\/www.artestar.eu\/pt-pt\/#website"},"datePublished":"2023-06-08T01:44:49+00:00","dateModified":"2023-10-20T05:04:56+00:00","description":"Os brincos de bola cor de ouro funcionam com todos os diferentes tipos e estilos de brincos. Como brincos, fios auriculares, etc.","breadcrumb":{"@id":"https:\/\/www.artestar.eu\/pt-pt\/atacado\/redondo-brinco-com-alfinete-dourado-cor\/#breadcrumb"},"inLanguage":"pt-PT","potentialAction":[{"@type":"ReadAction","target":["https:\/\/www.artestar.eu\/pt-pt\/atacado\/redondo-brinco-com-alfinete-dourado-cor\/"]}]},{"@type":"BreadcrumbList","@id":"https:\/\/www.artestar.eu\/pt-pt\/atacado\/redondo-brinco-com-alfinete-dourado-cor\/#breadcrumb","itemListElement":[{"@type":"ListItem","position":1,"name":"Artestar","item":"https:\/\/www.artestar.eu\/pt-pt\/"},{"@type":"ListItem","position":2,"name":"Atacado","item":"https:\/\/www.artestar.eu\/pt-pt\/atacado\/"},{"@type":"ListItem","position":3,"name":"Brinco redondo com parafuso de cor dourada 150 pcs."}]},{"@type":"WebSite","@id":"https:\/\/www.artestar.eu\/pt-pt\/#website","url":"https:\/\/www.artestar.eu\/pt-pt\/","name":"Artestar","description":"Mayorista en abalorios y joyer\u00eda","publisher":{"@id":"https:\/\/www.artestar.eu\/pt-pt\/#organization"},"alternateName":"Artestar-EU","potentialAction":[{"@type":"SearchAction","target":{"@type":"EntryPoint","urlTemplate":"https:\/\/www.artestar.eu\/pt-pt\/?s={search_term_string}"},"query-input":"required name=search_term_string"}],"inLanguage":"pt-PT"},{"@type":["Organization","Place"],"@id":"https:\/\/www.artestar.eu\/pt-pt\/#organization","name":"RUBY ABALORIO S.L.","alternateName":"Artestar","url":"https:\/\/www.artestar.eu\/pt-pt\/","logo":{"@id":"https:\/\/www.artestar.eu\/pt-pt\/atacado\/redondo-brinco-com-alfinete-dourado-cor\/#local-main-organization-logo"},"image":{"@id":"https:\/\/www.artestar.eu\/pt-pt\/atacado\/redondo-brinco-com-alfinete-dourado-cor\/#local-main-organization-logo"},"sameAs":["https:\/\/www.facebook.com\/ARTESTAREU","https:\/\/www.instagram.com\/artestareu\/","https:\/\/www.pinterest.es\/artestar_eu\/","https:\/\/www.tiktok.com\/@artestar_wholesale"],"openingHoursSpecification":[{"@type":"OpeningHoursSpecification","dayOfWeek":["Monday","Tuesday","Wednesday","Thursday","Friday","Saturday","Sunday"],"opens":"09:00","closes":"17:00"}]},{"@type":"ImageObject","inLanguage":"pt-PT","@id":"https:\/\/www.artestar.eu\/pt-pt\/atacado\/redondo-brinco-com-alfinete-dourado-cor\/#local-main-organization-logo","url":"https:\/\/www.artestar.eu\/wp-content\/uploads\/2023\/05\/cropped-png.png","contentUrl":"https:\/\/www.artestar.eu\/wp-content\/uploads\/2023\/05\/cropped-png.png","width":512,"height":512,"caption":"RUBY ABALORIO S.L."}]},"og_availability":"instock","product_availability":"instock","product_retailer_item_id":"BXG0094-0096","product_condition":"new"},"tiered_pricing_type":"fixed","tiered_pricing_fixed_rules":[],"tiered_pricing_percentage_rules":[],"tiered_pricing_minimum":null,"_administrator_tiered_pricing_type":"fixed","_administrator_tiered_pricing_fixed_rules":[],"_editor_tiered_pricing_type":"fixed","_editor_tiered_pricing_fixed_rules":[],"_author_tiered_pricing_type":"fixed","_author_tiered_pricing_fixed_rules":[],"_contributor_tiered_pricing_type":"fixed","_contributor_tiered_pricing_fixed_rules":[],"_subscriber_tiered_pricing_type":"fixed","_subscriber_tiered_pricing_fixed_rules":[],"_wpseo_manager_tiered_pricing_type":"fixed","_wpseo_manager_tiered_pricing_fixed_rules":[],"_wpseo_editor_tiered_pricing_type":"fixed","_wpseo_editor_tiered_pricing_fixed_rules":[],"_customer_tiered_pricing_type":"fixed","_customer_tiered_pricing_fixed_rules":[],"_shop_manager_tiered_pricing_type":"fixed","_shop_manager_tiered_pricing_fixed_rules":[],"_product_manager_tiered_pricing_type":"fixed","_product_manager_tiered_pricing_fixed_rules":[],"_links":{"self":[{"href":"https:\/\/www.artestar.eu\/pt-pt\/wp-json\/wp\/v2\/product\/30917"}],"collection":[{"href":"https:\/\/www.artestar.eu\/pt-pt\/wp-json\/wp\/v2\/product"}],"about":[{"href":"https:\/\/www.artestar.eu\/pt-pt\/wp-json\/wp\/v2\/types\/product"}],"replies":[{"embeddable":true,"href":"https:\/\/www.artestar.eu\/pt-pt\/wp-json\/wp\/v2\/comments?post=30917"}],"version-history":[{"count":2,"href":"https:\/\/www.artestar.eu\/pt-pt\/wp-json\/wp\/v2\/product\/30917\/revisions"}],"predecessor-version":[{"id":37011,"href":"https:\/\/www.artestar.eu\/pt-pt\/wp-json\/wp\/v2\/product\/30917\/revisions\/37011"}],"wp:featuredmedia":[{"embeddable":true,"href":"https:\/\/www.artestar.eu\/pt-pt\/wp-json\/wp\/v2\/media\/13726"}],"wp:attachment":[{"href":"https:\/\/www.artestar.eu\/pt-pt\/wp-json\/wp\/v2\/media?parent=30917"}],"wp:term":[{"taxonomy":"product_cat","embeddable":true,"href":"https:\/\/www.artestar.eu\/pt-pt\/wp-json\/wp\/v2\/product_cat?post=30917"},{"taxonomy":"product_tag","embeddable":true,"href":"https:\/\/www.artestar.eu\/pt-pt\/wp-json\/wp\/v2\/product_tag?post=30917"}],"curies":[{"name":"wp","href":"https:\/\/api.w.org\/{rel}","templated":true}]}}