{"id":31124,"date":"2023-06-07T03:33:31","date_gmt":"2023-06-07T03:33:31","guid":{"rendered":"https:\/\/www.artestar.eu\/al-por-mayor\/pendientes-alfiler-plano-abierto-color-dorado\/"},"modified":"2023-10-20T05:18:10","modified_gmt":"2023-10-20T05:18:10","slug":"pendientes-alfiler-plano-abierto-color-dorado","status":"publish","type":"product","link":"https:\/\/www.artestar.eu\/pt-pt\/atacado\/pendientes-alfiler-plano-abierto-color-dorado\/","title":{"rendered":"Pendientes alfiler plano abierto color dorado"},"content":{"rendered":"<p>Pendientes alfiler plano abierto color dorado: Los alfileres est\u00e1n disponibles en 3 tama\u00f1os, 30mmm (80 unids), 40mm (55 unids), 50mm (46 unids); agujero: 3mm.<\/p>\n<ul>\n<li>Os pinos de olho aberto s\u00e3o feitos de a\u00e7o inoxid\u00e1vel de alta qualidade. Comparado com outras ligas met\u00e1licas, tem boa estabilidade e resist\u00eancia \u00e0 corros\u00e3o, dur\u00e1vel. E com baixos custos de manuten\u00e7\u00e3o, s\u00e3o ideais para muitos designs de joias.<\/li>\n<li>Estes pinos t\u00eam um design minimalista. S\u00e3o sec\u00e7\u00f5es de arame com um orif\u00edcio simples em forma de la\u00e7o numa extremidade e um la\u00e7o no topo para facilitar a coloca\u00e7\u00e3o de pendentes ou ornamentos.<\/li>\n<li>Os pinos s\u00e3o vers\u00e1teis e podem ser usados para artesanato e bijuterias, como brincos, pulseiras, colares e broches de missangas.<\/li>\n<li>No seu tempo livre, use os pinos para fazer artesanato delicado para sua fam\u00edlia e entes queridos para o Dia dos Namorados, Dia das M\u00e3es, casamentos, anivers\u00e1rios, A\u00e7\u00e3o de Gra\u00e7as ou anivers\u00e1rios. Eles ser\u00e3o surpreendidos e amados.<\/li>\n<\/ul>\n<p><img decoding=\"async\" class=\"alignnone size-full wp-image-5528\" src=\"https:\/\/www.artestar.eu%E2%80%8B%E2%80%8B%E2%80%8B%E2%80%8B\/wp-content\/uploads\/2023\/06\/stainless-steel-open-eye-pins-gold-para-creaciones-de-joyeria-DIY-01.jpg\" alt=\"Alfileres de ojo abierto color dorado\" width=\"600\" height=\"600\" srcset=\"https:\/\/www.artestar.eu\/wp-content\/uploads\/2023\/06\/stainless-steel-open-eye-pins-gold-para-creaciones-de-joyeria-DIY-01.jpg 600w, https:\/\/www.artestar.eu\/wp-content\/uploads\/2023\/06\/stainless-steel-open-eye-pins-gold-para-creaciones-de-joyeria-DIY-01-300x300.jpg 300w, https:\/\/www.artestar.eu\/wp-content\/uploads\/2023\/06\/stainless-steel-open-eye-pins-gold-para-creaciones-de-joyeria-DIY-01-150x150.jpg 150w, https:\/\/www.artestar.eu\/wp-content\/uploads\/2023\/06\/stainless-steel-open-eye-pins-gold-para-creaciones-de-joyeria-DIY-01-450x450.jpg 450w, https:\/\/www.artestar.eu\/wp-content\/uploads\/2023\/06\/stainless-steel-open-eye-pins-gold-para-creaciones-de-joyeria-DIY-01-54x54.jpg 54w\" sizes=\"(max-width: 600px) 100vw, 600px\" \/><\/p>\n<h3>Pendientes alfiler plano abierto color dorado<\/h3>\n<ul>\n<li>Porque os nossos pinos de olhos abertos est\u00e3o dispon\u00edveis em duas cores, cada uma numa variedade de tamanhos. Com quantidade e tamanhos suficientes para criar livremente o seu acess\u00f3rio favorito de bijuteria.<\/li>\n<li>Uma vez que o pino tenha sido roscado com o cabo ou pingente. Seu olho pode ser usado para prend\u00ea-lo a outros componentes de joias e para espalhar o excesso de fio. Porque com estes alfinetes, voc\u00ea ser\u00e1 capaz de criar facilmente seus designs de bijuterias.<\/li>\n<li>Designs simples e cores elegantes s\u00e3o adequados para combinar com pedras preciosas. P\u00e9rolas e outros elementos para criar uma ampla gama de belas joias.<\/li>\n<\/ul>\n","protected":false},"excerpt":{"rendered":"<p><img decoding=\"async\" class=\"alignnone size-full wp-image-8706\" src=\"https:\/\/www.artestar.eu%E2%80%8B%E2%80%8B%E2%80%8B%E2%80%8B\/wp-content\/uploads\/2023\/06\/stainless-steel-open-eye-pins-gold-size.jpg\" alt=\"Pendientes alfiler plano abierto\" width=\"1000\" height=\"180\" srcset=\"https:\/\/www.artestar.eu\/wp-content\/uploads\/2023\/06\/stainless-steel-open-eye-pins-gold-size.jpg 1000w, https:\/\/www.artestar.eu\/wp-content\/uploads\/2023\/06\/stainless-steel-open-eye-pins-gold-size-300x54.jpg 300w, https:\/\/www.artestar.eu\/wp-content\/uploads\/2023\/06\/stainless-steel-open-eye-pins-gold-size-768x138.jpg 768w, https:\/\/www.artestar.eu\/wp-content\/uploads\/2023\/06\/stainless-steel-open-eye-pins-gold-size-600x108.jpg 600w, https:\/\/www.artestar.eu\/wp-content\/uploads\/2023\/06\/stainless-steel-open-eye-pins-gold-size-90x16.jpg 90w\" sizes=\"(max-width: 1000px) 100vw, 1000px\" \/><\/p>\n<ul>\n<li>Material: A\u00e7o Inoxid\u00e1vel<\/li>\n<li>Por favor, consulte a imagem do produto para tamanho e quantidade detalhados.<\/li>\n<li>Em geral, voc\u00ea pode fazer acess\u00f3rios como brincos e colares; Eles tamb\u00e9m podem ser usados com contas e fitas para criar camadas e mostrar criatividade e individualidade.<\/li>\n<\/ul>\n","protected":false},"featured_media":13601,"comment_status":"open","ping_status":"closed","template":"","meta":[],"product_cat":[1682,1681],"product_tag":[],"yoast_head":"<!-- This site is optimized with the Yoast SEO Premium plugin v20.5 (Yoast SEO v21.5) - https:\/\/yoast.com\/wordpress\/plugins\/seo\/ -->\n<title>Pendientes alfiler plano abierto color dorado - Artestar<\/title>\n<meta name=\"description\" content=\"Las alfileres de ojo abierto color dorado se pueden combinar con piedras preciosas, perlas y otros elementos para crear una variedad de joyas exquisitas.\" \/>\n<meta name=\"robots\" content=\"index, follow, max-snippet:-1, max-image-preview:large, max-video-preview:-1\" \/>\n<link rel=\"canonical\" href=\"https:\/\/www.artestar.eu\/pt-pt\/atacado\/pendientes-alfiler-plano-abierto-color-dorado\/\" \/>\n<meta property=\"og:locale\" content=\"pt_PT\" \/>\n<meta property=\"og:type\" content=\"article\" \/>\n<meta property=\"og:title\" content=\"Pendientes alfiler plano abierto color dorado\" \/>\n<meta property=\"og:description\" content=\"Las alfileres de ojo abierto color dorado se pueden combinar con piedras preciosas, perlas y otros elementos para crear una variedad de joyas exquisitas.\" \/>\n<meta property=\"og:url\" content=\"https:\/\/www.artestar.eu\/pt-pt\/atacado\/pendientes-alfiler-plano-abierto-color-dorado\/\" \/>\n<meta property=\"og:site_name\" content=\"Artestar\" \/>\n<meta property=\"article:publisher\" content=\"https:\/\/www.facebook.com\/ARTESTAREU\" \/>\n<meta property=\"article:modified_time\" content=\"2023-10-20T05:18:10+00:00\" \/>\n<meta property=\"og:image\" content=\"https:\/\/www.artestar.eu\/wp-content\/uploads\/2023\/06\/stainless-steel-open-eye-pins-gold-para-creaciones-de-joyeria-DIY.jpg\" \/>\n\t<meta property=\"og:image:width\" content=\"600\" \/>\n\t<meta property=\"og:image:height\" content=\"600\" \/>\n\t<meta property=\"og:image:type\" content=\"image\/jpeg\" \/>\n<meta name=\"twitter:card\" content=\"summary_large_image\" \/>\n<meta name=\"twitter:label1\" content=\"Availability\" \/>\n\t<meta name=\"twitter:data1\" content=\"Em estoque\" \/>\n<script type=\"application\/ld+json\" class=\"yoast-schema-graph\">{\"@context\":\"https:\/\/schema.org\",\"@graph\":[{\"@type\":\"WebPage\",\"@id\":\"https:\/\/www.artestar.eu\/pt-pt\/atacado\/pendientes-alfiler-plano-abierto-color-dorado\/\",\"url\":\"https:\/\/www.artestar.eu\/pt-pt\/atacado\/pendientes-alfiler-plano-abierto-color-dorado\/\",\"name\":\"Pendientes alfiler plano abierto color dorado - Artestar\",\"isPartOf\":{\"@id\":\"https:\/\/www.artestar.eu\/pt-pt\/#website\"},\"datePublished\":\"2023-06-07T03:33:31+00:00\",\"dateModified\":\"2023-10-20T05:18:10+00:00\",\"description\":\"Las alfileres de ojo abierto color dorado se pueden combinar con piedras preciosas, perlas y otros elementos para crear una variedad de joyas exquisitas.\",\"breadcrumb\":{\"@id\":\"https:\/\/www.artestar.eu\/pt-pt\/atacado\/pendientes-alfiler-plano-abierto-color-dorado\/#breadcrumb\"},\"inLanguage\":\"pt-PT\",\"potentialAction\":[{\"@type\":\"ReadAction\",\"target\":[\"https:\/\/www.artestar.eu\/pt-pt\/atacado\/pendientes-alfiler-plano-abierto-color-dorado\/\"]}]},{\"@type\":\"BreadcrumbList\",\"@id\":\"https:\/\/www.artestar.eu\/pt-pt\/atacado\/pendientes-alfiler-plano-abierto-color-dorado\/#breadcrumb\",\"itemListElement\":[{\"@type\":\"ListItem\",\"position\":1,\"name\":\"Artestar\",\"item\":\"https:\/\/www.artestar.eu\/pt-pt\/\"},{\"@type\":\"ListItem\",\"position\":2,\"name\":\"Atacado\",\"item\":\"https:\/\/www.artestar.eu\/pt-pt\/atacado\/\"},{\"@type\":\"ListItem\",\"position\":3,\"name\":\"Pendientes alfiler plano abierto color dorado\"}]},{\"@type\":\"WebSite\",\"@id\":\"https:\/\/www.artestar.eu\/pt-pt\/#website\",\"url\":\"https:\/\/www.artestar.eu\/pt-pt\/\",\"name\":\"Artestar\",\"description\":\"Mayorista en abalorios y joyer\u00eda\",\"publisher\":{\"@id\":\"https:\/\/www.artestar.eu\/pt-pt\/#organization\"},\"alternateName\":\"Artestar-EU\",\"potentialAction\":[{\"@type\":\"SearchAction\",\"target\":{\"@type\":\"EntryPoint\",\"urlTemplate\":\"https:\/\/www.artestar.eu\/pt-pt\/?s={search_term_string}\"},\"query-input\":\"required name=search_term_string\"}],\"inLanguage\":\"pt-PT\"},{\"@type\":[\"Organization\",\"Place\"],\"@id\":\"https:\/\/www.artestar.eu\/pt-pt\/#organization\",\"name\":\"RUBY ABALORIO S.L.\",\"alternateName\":\"Artestar\",\"url\":\"https:\/\/www.artestar.eu\/pt-pt\/\",\"logo\":{\"@id\":\"https:\/\/www.artestar.eu\/pt-pt\/atacado\/pendientes-alfiler-plano-abierto-color-dorado\/#local-main-organization-logo\"},\"image\":{\"@id\":\"https:\/\/www.artestar.eu\/pt-pt\/atacado\/pendientes-alfiler-plano-abierto-color-dorado\/#local-main-organization-logo\"},\"sameAs\":[\"https:\/\/www.facebook.com\/ARTESTAREU\",\"https:\/\/www.instagram.com\/artestareu\/\",\"https:\/\/www.pinterest.es\/artestar_eu\/\",\"https:\/\/www.tiktok.com\/@artestar_wholesale\"],\"openingHoursSpecification\":[{\"@type\":\"OpeningHoursSpecification\",\"dayOfWeek\":[\"Monday\",\"Tuesday\",\"Wednesday\",\"Thursday\",\"Friday\",\"Saturday\",\"Sunday\"],\"opens\":\"09:00\",\"closes\":\"17:00\"}]},{\"@type\":\"ImageObject\",\"inLanguage\":\"pt-PT\",\"@id\":\"https:\/\/www.artestar.eu\/pt-pt\/atacado\/pendientes-alfiler-plano-abierto-color-dorado\/#local-main-organization-logo\",\"url\":\"https:\/\/www.artestar.eu\/wp-content\/uploads\/2023\/05\/cropped-png.png\",\"contentUrl\":\"https:\/\/www.artestar.eu\/wp-content\/uploads\/2023\/05\/cropped-png.png\",\"width\":512,\"height\":512,\"caption\":\"RUBY ABALORIO S.L.\"}]}<\/script>\n<meta property=\"og:availability\" content=\"instock\" \/>\n<meta property=\"product:availability\" content=\"instock\" \/>\n<meta property=\"product:retailer_item_id\" content=\"BXG0082-0084\" \/>\n<meta property=\"product:condition\" content=\"new\" \/>\n<!-- \/ Yoast SEO Premium plugin. -->","yoast_head_json":{"title":"Pendientes alfiler plano abierto color dorado - Artestar","description":"Las alfileres de ojo abierto color dorado se pueden combinar con piedras preciosas, perlas y otros elementos para crear una variedad de joyas exquisitas.","robots":{"index":"index","follow":"follow","max-snippet":"max-snippet:-1","max-image-preview":"max-image-preview:large","max-video-preview":"max-video-preview:-1"},"canonical":"https:\/\/www.artestar.eu\/pt-pt\/atacado\/pendientes-alfiler-plano-abierto-color-dorado\/","og_locale":"pt_PT","og_type":"article","og_title":"Pendientes alfiler plano abierto color dorado","og_description":"Las alfileres de ojo abierto color dorado se pueden combinar con piedras preciosas, perlas y otros elementos para crear una variedad de joyas exquisitas.","og_url":"https:\/\/www.artestar.eu\/pt-pt\/atacado\/pendientes-alfiler-plano-abierto-color-dorado\/","og_site_name":"Artestar","article_publisher":"https:\/\/www.facebook.com\/ARTESTAREU","article_modified_time":"2023-10-20T05:18:10+00:00","og_image":[{"width":600,"height":600,"url":"https:\/\/www.artestar.eu\/wp-content\/uploads\/2023\/06\/stainless-steel-open-eye-pins-gold-para-creaciones-de-joyeria-DIY.jpg","type":"image\/jpeg"}],"twitter_card":"summary_large_image","twitter_misc":{"Availability":"Em estoque"},"schema":{"@context":"https:\/\/schema.org","@graph":[{"@type":"WebPage","@id":"https:\/\/www.artestar.eu\/pt-pt\/atacado\/pendientes-alfiler-plano-abierto-color-dorado\/","url":"https:\/\/www.artestar.eu\/pt-pt\/atacado\/pendientes-alfiler-plano-abierto-color-dorado\/","name":"Pendientes alfiler plano abierto color dorado - Artestar","isPartOf":{"@id":"https:\/\/www.artestar.eu\/pt-pt\/#website"},"datePublished":"2023-06-07T03:33:31+00:00","dateModified":"2023-10-20T05:18:10+00:00","description":"Las alfileres de ojo abierto color dorado se pueden combinar con piedras preciosas, perlas y otros elementos para crear una variedad de joyas exquisitas.","breadcrumb":{"@id":"https:\/\/www.artestar.eu\/pt-pt\/atacado\/pendientes-alfiler-plano-abierto-color-dorado\/#breadcrumb"},"inLanguage":"pt-PT","potentialAction":[{"@type":"ReadAction","target":["https:\/\/www.artestar.eu\/pt-pt\/atacado\/pendientes-alfiler-plano-abierto-color-dorado\/"]}]},{"@type":"BreadcrumbList","@id":"https:\/\/www.artestar.eu\/pt-pt\/atacado\/pendientes-alfiler-plano-abierto-color-dorado\/#breadcrumb","itemListElement":[{"@type":"ListItem","position":1,"name":"Artestar","item":"https:\/\/www.artestar.eu\/pt-pt\/"},{"@type":"ListItem","position":2,"name":"Atacado","item":"https:\/\/www.artestar.eu\/pt-pt\/atacado\/"},{"@type":"ListItem","position":3,"name":"Pendientes alfiler plano abierto color dorado"}]},{"@type":"WebSite","@id":"https:\/\/www.artestar.eu\/pt-pt\/#website","url":"https:\/\/www.artestar.eu\/pt-pt\/","name":"Artestar","description":"Mayorista en abalorios y joyer\u00eda","publisher":{"@id":"https:\/\/www.artestar.eu\/pt-pt\/#organization"},"alternateName":"Artestar-EU","potentialAction":[{"@type":"SearchAction","target":{"@type":"EntryPoint","urlTemplate":"https:\/\/www.artestar.eu\/pt-pt\/?s={search_term_string}"},"query-input":"required name=search_term_string"}],"inLanguage":"pt-PT"},{"@type":["Organization","Place"],"@id":"https:\/\/www.artestar.eu\/pt-pt\/#organization","name":"RUBY ABALORIO S.L.","alternateName":"Artestar","url":"https:\/\/www.artestar.eu\/pt-pt\/","logo":{"@id":"https:\/\/www.artestar.eu\/pt-pt\/atacado\/pendientes-alfiler-plano-abierto-color-dorado\/#local-main-organization-logo"},"image":{"@id":"https:\/\/www.artestar.eu\/pt-pt\/atacado\/pendientes-alfiler-plano-abierto-color-dorado\/#local-main-organization-logo"},"sameAs":["https:\/\/www.facebook.com\/ARTESTAREU","https:\/\/www.instagram.com\/artestareu\/","https:\/\/www.pinterest.es\/artestar_eu\/","https:\/\/www.tiktok.com\/@artestar_wholesale"],"openingHoursSpecification":[{"@type":"OpeningHoursSpecification","dayOfWeek":["Monday","Tuesday","Wednesday","Thursday","Friday","Saturday","Sunday"],"opens":"09:00","closes":"17:00"}]},{"@type":"ImageObject","inLanguage":"pt-PT","@id":"https:\/\/www.artestar.eu\/pt-pt\/atacado\/pendientes-alfiler-plano-abierto-color-dorado\/#local-main-organization-logo","url":"https:\/\/www.artestar.eu\/wp-content\/uploads\/2023\/05\/cropped-png.png","contentUrl":"https:\/\/www.artestar.eu\/wp-content\/uploads\/2023\/05\/cropped-png.png","width":512,"height":512,"caption":"RUBY ABALORIO S.L."}]},"og_availability":"instock","product_availability":"instock","product_retailer_item_id":"BXG0082-0084","product_condition":"new"},"tiered_pricing_type":"fixed","tiered_pricing_fixed_rules":[],"tiered_pricing_percentage_rules":[],"tiered_pricing_minimum":null,"_administrator_tiered_pricing_type":"fixed","_administrator_tiered_pricing_fixed_rules":[],"_editor_tiered_pricing_type":"fixed","_editor_tiered_pricing_fixed_rules":[],"_author_tiered_pricing_type":"fixed","_author_tiered_pricing_fixed_rules":[],"_contributor_tiered_pricing_type":"fixed","_contributor_tiered_pricing_fixed_rules":[],"_subscriber_tiered_pricing_type":"fixed","_subscriber_tiered_pricing_fixed_rules":[],"_wpseo_manager_tiered_pricing_type":"fixed","_wpseo_manager_tiered_pricing_fixed_rules":[],"_wpseo_editor_tiered_pricing_type":"fixed","_wpseo_editor_tiered_pricing_fixed_rules":[],"_customer_tiered_pricing_type":"fixed","_customer_tiered_pricing_fixed_rules":[],"_shop_manager_tiered_pricing_type":"fixed","_shop_manager_tiered_pricing_fixed_rules":[],"_product_manager_tiered_pricing_type":"fixed","_product_manager_tiered_pricing_fixed_rules":[],"_links":{"self":[{"href":"https:\/\/www.artestar.eu\/pt-pt\/wp-json\/wp\/v2\/product\/31124"}],"collection":[{"href":"https:\/\/www.artestar.eu\/pt-pt\/wp-json\/wp\/v2\/product"}],"about":[{"href":"https:\/\/www.artestar.eu\/pt-pt\/wp-json\/wp\/v2\/types\/product"}],"replies":[{"embeddable":true,"href":"https:\/\/www.artestar.eu\/pt-pt\/wp-json\/wp\/v2\/comments?post=31124"}],"version-history":[{"count":2,"href":"https:\/\/www.artestar.eu\/pt-pt\/wp-json\/wp\/v2\/product\/31124\/revisions"}],"predecessor-version":[{"id":37029,"href":"https:\/\/www.artestar.eu\/pt-pt\/wp-json\/wp\/v2\/product\/31124\/revisions\/37029"}],"wp:featuredmedia":[{"embeddable":true,"href":"https:\/\/www.artestar.eu\/pt-pt\/wp-json\/wp\/v2\/media\/13601"}],"wp:attachment":[{"href":"https:\/\/www.artestar.eu\/pt-pt\/wp-json\/wp\/v2\/media?parent=31124"}],"wp:term":[{"taxonomy":"product_cat","embeddable":true,"href":"https:\/\/www.artestar.eu\/pt-pt\/wp-json\/wp\/v2\/product_cat?post=31124"},{"taxonomy":"product_tag","embeddable":true,"href":"https:\/\/www.artestar.eu\/pt-pt\/wp-json\/wp\/v2\/product_tag?post=31124"}],"curies":[{"name":"wp","href":"https:\/\/api.w.org\/{rel}","templated":true}]}}