{"id":31164,"date":"2023-06-07T02:28:30","date_gmt":"2023-06-07T02:28:30","guid":{"rendered":"https:\/\/www.artestar.eu\/al-por-mayor\/puntas-de-cuentas-color-dorado-65-unids\/"},"modified":"2023-10-20T06:35:23","modified_gmt":"2023-10-20T06:35:23","slug":"pontas-de-contas-douradas","status":"publish","type":"product","link":"https:\/\/www.artestar.eu\/pt-pt\/atacado\/pontas-de-contas-douradas\/","title":{"rendered":"Pontas de contas douradas 65 unid."},"content":{"rendered":"<p>Pontas de contas douradas: 65 unidades<\/p>\n<ul>\n<li>A ponta do cord\u00e3o \u00e9 feita de a\u00e7o inoxid\u00e1vel de alta qualidade. Em compara\u00e7\u00e3o com outras ligas met\u00e1licas, oferece boa estabilidade e resist\u00eancia \u00e0 corros\u00e3o, durabilidade e longevidade. E com baixo custo de manuten\u00e7\u00e3o, \u00e9 ideal para diversos designs de joias.<\/li>\n<li>El color dorado de las cubierta de nudo de concha de oro es cl\u00e1sico y f\u00e1cil de combinar. \u00c9 frequentemente usado em conjunto com fio de peroliza\u00e7\u00e3o para proteger o in\u00edcio e o fim do fio, frisando as contas. Eles podem ser usados \u200b\u200bcom as mais diferentes roupas e ocasi\u00f5es para adicionar um toque de moda atraente aos seus projetos.<\/li>\n<li>As pontas dobr\u00e1veis \u200b\u200bs\u00e3o feitas com requinte e n\u00e3o enferrujam nem mancham. S\u00e3o polidos para reter a cor por muito tempo e a superf\u00edcie \u00e9 lisa ao toque, proporcionando uma experi\u00eancia de uso confort\u00e1vel.<\/li>\n<li>Simples e f\u00e1cil de usar. Voc\u00ea pode pegar uma conta com ponta de n\u00f3 e enfi\u00e1-la na ponta de um cord\u00e3o de seda com n\u00f3 para esconder o n\u00f3 na ponta e fornecer um la\u00e7o para prender o fecho. Um acess\u00f3rio essencial para fazer joias.<\/li>\n<li>Esses acess\u00f3rios de a\u00e7o inoxid\u00e1vel s\u00e3o frequentemente usados \u200b\u200b\u200b\u200bno final de um cord\u00e3o de contas como remate e ser\u00e3o uma grande ajuda para alguns de seus projetos de artesanato. Voc\u00ea pode soltar a criatividade com todos os tipos de joias, como pulseiras, colares, brincos e outros artesanatos. Tamb\u00e9m \u00e9 ideal para decorar bolsas, casas, festas, etc.<\/li>\n<\/ul>\n<h3>Dicas de contas de ouro<\/h3>\n<ul>\n<li><span data-slate-fragment=\"JTVCJTdCJTIydHlwZSUyMiUzQSUyMnBhcmFncmFwaCUyMiUyQyUyMmNoaWxkcmVuJTIyJTNBJTVCJTdCJTIydGV4dCUyMiUzQSUyMkxhcyUyMHB1bnRhJTIwZGUlMjBjdWVudGFzJTIwZGUlMjBhY2VybyUyMGlub3hpZGFibGUlMjBwdWVkZW4lMjBhZ3JlZ2FyJTIwYmVsbGV6YSUyMHklMjBjYXBhcyUyMGElMjBsYXMlMjBqb3lhcyUyMHklMjBhcG9ydGFyJTIwdW4lMjBlc3RpbG8lMjB5JTIwcGVyc29uYWxpZGFkJTIwJUMzJUJBbmljb3MlMjBhbCUyMGRpc2UlQzMlQjFvLiUyMFlhJTIwc2VhJTIwam95ZXIlQzMlQURhJTIwbyUyMGFydGVzYW4lQzMlQURhJTJDJTIwcHVlZGUlMjBhZ3JlZ2FybGUlMjB1biUyMGVuY2FudG8lMjAlQzMlQkFuaWNvJTIweSUyMGF0cmFlcmxvLiUyMiU3RCU1RCU3RCU1RA==\">As pontas das contas de a\u00e7o inoxid\u00e1vel podem adicionar beleza e camadas \u00e0s joias e trazer um estilo e personalidade \u00fanicos ao design. Quer se trate de joias ou artesanato, pode adicionar um charme \u00fanico e atra\u00ed-lo.<\/span><\/li>\n<\/ul>\n","protected":false},"excerpt":{"rendered":"<ul>\n<li>Material de a\u00e7o inoxid\u00e1vel<\/li>\n<li>Veja a imagem do produto para tamanho e quantidade detalhados.<\/li>\n<li>Usado em joias, pulseiras, colares, brincos e outros acess\u00f3rios para mostrar estilo e gosto pessoal..<\/li>\n<\/ul>\n","protected":false},"featured_media":13591,"comment_status":"open","ping_status":"closed","template":"","meta":[],"product_cat":[1681,2377],"product_tag":[],"yoast_head":"<!-- This site is optimized with the Yoast SEO Premium plugin v20.5 (Yoast SEO v21.5) - https:\/\/yoast.com\/wordpress\/plugins\/seo\/ -->\n<title>Pontas de contas douradas - Artestar<\/title>\n<meta name=\"description\" content=\"As pontas das contas douradas s\u00e3o comumente usadas na fabrica\u00e7\u00e3o de joias, artesanato, decora\u00e7\u00f5es, mi\u00e7angas, correntes, etc.\" \/>\n<meta name=\"robots\" content=\"index, follow, max-snippet:-1, max-image-preview:large, max-video-preview:-1\" \/>\n<link rel=\"canonical\" href=\"https:\/\/www.artestar.eu\/pt-pt\/atacado\/pontas-de-contas-douradas\/\" \/>\n<meta property=\"og:locale\" content=\"pt_PT\" \/>\n<meta property=\"og:type\" content=\"article\" \/>\n<meta property=\"og:title\" content=\"Pontas de contas douradas 65 unid.\" \/>\n<meta property=\"og:description\" content=\"As pontas das contas douradas s\u00e3o comumente usadas na fabrica\u00e7\u00e3o de joias, artesanato, decora\u00e7\u00f5es, mi\u00e7angas, correntes, etc.\" \/>\n<meta property=\"og:url\" content=\"https:\/\/www.artestar.eu\/pt-pt\/atacado\/pontas-de-contas-douradas\/\" \/>\n<meta property=\"og:site_name\" content=\"Artestar\" \/>\n<meta property=\"article:publisher\" content=\"https:\/\/www.facebook.com\/ARTESTAREU\" \/>\n<meta property=\"article:modified_time\" content=\"2023-10-20T06:35:23+00:00\" \/>\n<meta property=\"og:image\" content=\"https:\/\/www.artestar.eu\/wp-content\/uploads\/2023\/06\/stainless-steel-bead-tips-shell-knot-cover-DIY-jewelry-accessories-gold.jpg\" \/>\n\t<meta property=\"og:image:width\" content=\"600\" \/>\n\t<meta property=\"og:image:height\" content=\"600\" \/>\n\t<meta property=\"og:image:type\" content=\"image\/jpeg\" \/>\n<meta name=\"twitter:card\" content=\"summary_large_image\" \/>\n<meta name=\"twitter:label1\" content=\"pre\u00e7o\" \/>\n\t<meta name=\"twitter:data1\" content=\"1,20&nbsp;&euro; (IVA N\u00c3O inclu\u00eddo)\" \/>\n\t<meta name=\"twitter:label2\" content=\"Availability\" \/>\n\t<meta name=\"twitter:data2\" content=\"Em estoque\" \/>\n<script type=\"application\/ld+json\" class=\"yoast-schema-graph\">{\"@context\":\"https:\/\/schema.org\",\"@graph\":[{\"@type\":\"WebPage\",\"@id\":\"https:\/\/www.artestar.eu\/pt-pt\/atacado\/pontas-de-contas-douradas\/\",\"url\":\"https:\/\/www.artestar.eu\/pt-pt\/atacado\/pontas-de-contas-douradas\/\",\"name\":\"Pontas de contas douradas - Artestar\",\"isPartOf\":{\"@id\":\"https:\/\/www.artestar.eu\/pt-pt\/#website\"},\"datePublished\":\"2023-06-07T02:28:30+00:00\",\"dateModified\":\"2023-10-20T06:35:23+00:00\",\"description\":\"As pontas das contas douradas s\u00e3o comumente usadas na fabrica\u00e7\u00e3o de joias, artesanato, decora\u00e7\u00f5es, mi\u00e7angas, correntes, etc.\",\"breadcrumb\":{\"@id\":\"https:\/\/www.artestar.eu\/pt-pt\/atacado\/pontas-de-contas-douradas\/#breadcrumb\"},\"inLanguage\":\"pt-PT\",\"potentialAction\":[{\"@type\":\"ReadAction\",\"target\":[\"https:\/\/www.artestar.eu\/pt-pt\/atacado\/pontas-de-contas-douradas\/\"]}]},{\"@type\":\"BreadcrumbList\",\"@id\":\"https:\/\/www.artestar.eu\/pt-pt\/atacado\/pontas-de-contas-douradas\/#breadcrumb\",\"itemListElement\":[{\"@type\":\"ListItem\",\"position\":1,\"name\":\"Artestar\",\"item\":\"https:\/\/www.artestar.eu\/pt-pt\/\"},{\"@type\":\"ListItem\",\"position\":2,\"name\":\"Atacado\",\"item\":\"https:\/\/www.artestar.eu\/pt-pt\/atacado\/\"},{\"@type\":\"ListItem\",\"position\":3,\"name\":\"Pontas de contas douradas 65 unid.\"}]},{\"@type\":\"WebSite\",\"@id\":\"https:\/\/www.artestar.eu\/pt-pt\/#website\",\"url\":\"https:\/\/www.artestar.eu\/pt-pt\/\",\"name\":\"Artestar\",\"description\":\"Mayorista en abalorios y joyer\u00eda\",\"publisher\":{\"@id\":\"https:\/\/www.artestar.eu\/pt-pt\/#organization\"},\"alternateName\":\"Artestar-EU\",\"potentialAction\":[{\"@type\":\"SearchAction\",\"target\":{\"@type\":\"EntryPoint\",\"urlTemplate\":\"https:\/\/www.artestar.eu\/pt-pt\/?s={search_term_string}\"},\"query-input\":\"required name=search_term_string\"}],\"inLanguage\":\"pt-PT\"},{\"@type\":[\"Organization\",\"Place\"],\"@id\":\"https:\/\/www.artestar.eu\/pt-pt\/#organization\",\"name\":\"RUBY ABALORIO S.L.\",\"alternateName\":\"Artestar\",\"url\":\"https:\/\/www.artestar.eu\/pt-pt\/\",\"logo\":{\"@id\":\"https:\/\/www.artestar.eu\/pt-pt\/atacado\/pontas-de-contas-douradas\/#local-main-organization-logo\"},\"image\":{\"@id\":\"https:\/\/www.artestar.eu\/pt-pt\/atacado\/pontas-de-contas-douradas\/#local-main-organization-logo\"},\"sameAs\":[\"https:\/\/www.facebook.com\/ARTESTAREU\",\"https:\/\/www.instagram.com\/artestareu\/\",\"https:\/\/www.pinterest.es\/artestar_eu\/\",\"https:\/\/www.tiktok.com\/@artestar_wholesale\"],\"openingHoursSpecification\":[{\"@type\":\"OpeningHoursSpecification\",\"dayOfWeek\":[\"Monday\",\"Tuesday\",\"Wednesday\",\"Thursday\",\"Friday\",\"Saturday\",\"Sunday\"],\"opens\":\"09:00\",\"closes\":\"17:00\"}]},{\"@type\":\"ImageObject\",\"inLanguage\":\"pt-PT\",\"@id\":\"https:\/\/www.artestar.eu\/pt-pt\/atacado\/pontas-de-contas-douradas\/#local-main-organization-logo\",\"url\":\"https:\/\/www.artestar.eu\/wp-content\/uploads\/2023\/05\/cropped-png.png\",\"contentUrl\":\"https:\/\/www.artestar.eu\/wp-content\/uploads\/2023\/05\/cropped-png.png\",\"width\":512,\"height\":512,\"caption\":\"RUBY ABALORIO S.L.\"}]}<\/script>\n<meta property=\"product:price:amount\" content=\"1.20\" \/>\n<meta property=\"product:price:currency\" content=\"EUR\" \/>\n<meta property=\"og:availability\" content=\"instock\" \/>\n<meta property=\"product:availability\" content=\"instock\" \/>\n<meta property=\"product:retailer_item_id\" content=\"BXG-0075\" \/>\n<meta property=\"product:condition\" content=\"new\" \/>\n<!-- \/ Yoast SEO Premium plugin. -->","yoast_head_json":{"title":"Pontas de contas douradas - Artestar","description":"As pontas das contas douradas s\u00e3o comumente usadas na fabrica\u00e7\u00e3o de joias, artesanato, decora\u00e7\u00f5es, mi\u00e7angas, correntes, etc.","robots":{"index":"index","follow":"follow","max-snippet":"max-snippet:-1","max-image-preview":"max-image-preview:large","max-video-preview":"max-video-preview:-1"},"canonical":"https:\/\/www.artestar.eu\/pt-pt\/atacado\/pontas-de-contas-douradas\/","og_locale":"pt_PT","og_type":"article","og_title":"Pontas de contas douradas 65 unid.","og_description":"As pontas das contas douradas s\u00e3o comumente usadas na fabrica\u00e7\u00e3o de joias, artesanato, decora\u00e7\u00f5es, mi\u00e7angas, correntes, etc.","og_url":"https:\/\/www.artestar.eu\/pt-pt\/atacado\/pontas-de-contas-douradas\/","og_site_name":"Artestar","article_publisher":"https:\/\/www.facebook.com\/ARTESTAREU","article_modified_time":"2023-10-20T06:35:23+00:00","og_image":[{"width":600,"height":600,"url":"https:\/\/www.artestar.eu\/wp-content\/uploads\/2023\/06\/stainless-steel-bead-tips-shell-knot-cover-DIY-jewelry-accessories-gold.jpg","type":"image\/jpeg"}],"twitter_card":"summary_large_image","twitter_misc":{"pre\u00e7o":"1,20&nbsp;&euro; (IVA N\u00c3O inclu\u00eddo)","Availability":"Em estoque"},"schema":{"@context":"https:\/\/schema.org","@graph":[{"@type":"WebPage","@id":"https:\/\/www.artestar.eu\/pt-pt\/atacado\/pontas-de-contas-douradas\/","url":"https:\/\/www.artestar.eu\/pt-pt\/atacado\/pontas-de-contas-douradas\/","name":"Pontas de contas douradas - Artestar","isPartOf":{"@id":"https:\/\/www.artestar.eu\/pt-pt\/#website"},"datePublished":"2023-06-07T02:28:30+00:00","dateModified":"2023-10-20T06:35:23+00:00","description":"As pontas das contas douradas s\u00e3o comumente usadas na fabrica\u00e7\u00e3o de joias, artesanato, decora\u00e7\u00f5es, mi\u00e7angas, correntes, etc.","breadcrumb":{"@id":"https:\/\/www.artestar.eu\/pt-pt\/atacado\/pontas-de-contas-douradas\/#breadcrumb"},"inLanguage":"pt-PT","potentialAction":[{"@type":"ReadAction","target":["https:\/\/www.artestar.eu\/pt-pt\/atacado\/pontas-de-contas-douradas\/"]}]},{"@type":"BreadcrumbList","@id":"https:\/\/www.artestar.eu\/pt-pt\/atacado\/pontas-de-contas-douradas\/#breadcrumb","itemListElement":[{"@type":"ListItem","position":1,"name":"Artestar","item":"https:\/\/www.artestar.eu\/pt-pt\/"},{"@type":"ListItem","position":2,"name":"Atacado","item":"https:\/\/www.artestar.eu\/pt-pt\/atacado\/"},{"@type":"ListItem","position":3,"name":"Pontas de contas douradas 65 unid."}]},{"@type":"WebSite","@id":"https:\/\/www.artestar.eu\/pt-pt\/#website","url":"https:\/\/www.artestar.eu\/pt-pt\/","name":"Artestar","description":"Mayorista en abalorios y joyer\u00eda","publisher":{"@id":"https:\/\/www.artestar.eu\/pt-pt\/#organization"},"alternateName":"Artestar-EU","potentialAction":[{"@type":"SearchAction","target":{"@type":"EntryPoint","urlTemplate":"https:\/\/www.artestar.eu\/pt-pt\/?s={search_term_string}"},"query-input":"required name=search_term_string"}],"inLanguage":"pt-PT"},{"@type":["Organization","Place"],"@id":"https:\/\/www.artestar.eu\/pt-pt\/#organization","name":"RUBY ABALORIO S.L.","alternateName":"Artestar","url":"https:\/\/www.artestar.eu\/pt-pt\/","logo":{"@id":"https:\/\/www.artestar.eu\/pt-pt\/atacado\/pontas-de-contas-douradas\/#local-main-organization-logo"},"image":{"@id":"https:\/\/www.artestar.eu\/pt-pt\/atacado\/pontas-de-contas-douradas\/#local-main-organization-logo"},"sameAs":["https:\/\/www.facebook.com\/ARTESTAREU","https:\/\/www.instagram.com\/artestareu\/","https:\/\/www.pinterest.es\/artestar_eu\/","https:\/\/www.tiktok.com\/@artestar_wholesale"],"openingHoursSpecification":[{"@type":"OpeningHoursSpecification","dayOfWeek":["Monday","Tuesday","Wednesday","Thursday","Friday","Saturday","Sunday"],"opens":"09:00","closes":"17:00"}]},{"@type":"ImageObject","inLanguage":"pt-PT","@id":"https:\/\/www.artestar.eu\/pt-pt\/atacado\/pontas-de-contas-douradas\/#local-main-organization-logo","url":"https:\/\/www.artestar.eu\/wp-content\/uploads\/2023\/05\/cropped-png.png","contentUrl":"https:\/\/www.artestar.eu\/wp-content\/uploads\/2023\/05\/cropped-png.png","width":512,"height":512,"caption":"RUBY ABALORIO S.L."}]},"product_price_amount":"1.20","product_price_currency":"EUR","og_availability":"instock","product_availability":"instock","product_retailer_item_id":"BXG-0075","product_condition":"new"},"tiered_pricing_type":"percentage","tiered_pricing_fixed_rules":{"5":"10"},"tiered_pricing_percentage_rules":[],"tiered_pricing_minimum":null,"_administrator_tiered_pricing_type":"fixed","_administrator_tiered_pricing_fixed_rules":[],"_editor_tiered_pricing_type":"fixed","_editor_tiered_pricing_fixed_rules":[],"_author_tiered_pricing_type":"fixed","_author_tiered_pricing_fixed_rules":[],"_contributor_tiered_pricing_type":"fixed","_contributor_tiered_pricing_fixed_rules":[],"_subscriber_tiered_pricing_type":"fixed","_subscriber_tiered_pricing_fixed_rules":[],"_wpseo_manager_tiered_pricing_type":"fixed","_wpseo_manager_tiered_pricing_fixed_rules":[],"_wpseo_editor_tiered_pricing_type":"fixed","_wpseo_editor_tiered_pricing_fixed_rules":[],"_customer_tiered_pricing_type":"fixed","_customer_tiered_pricing_fixed_rules":[],"_shop_manager_tiered_pricing_type":"fixed","_shop_manager_tiered_pricing_fixed_rules":[],"_product_manager_tiered_pricing_type":"fixed","_product_manager_tiered_pricing_fixed_rules":[],"_links":{"self":[{"href":"https:\/\/www.artestar.eu\/pt-pt\/wp-json\/wp\/v2\/product\/31164"}],"collection":[{"href":"https:\/\/www.artestar.eu\/pt-pt\/wp-json\/wp\/v2\/product"}],"about":[{"href":"https:\/\/www.artestar.eu\/pt-pt\/wp-json\/wp\/v2\/types\/product"}],"replies":[{"embeddable":true,"href":"https:\/\/www.artestar.eu\/pt-pt\/wp-json\/wp\/v2\/comments?post=31164"}],"version-history":[{"count":2,"href":"https:\/\/www.artestar.eu\/pt-pt\/wp-json\/wp\/v2\/product\/31164\/revisions"}],"predecessor-version":[{"id":37035,"href":"https:\/\/www.artestar.eu\/pt-pt\/wp-json\/wp\/v2\/product\/31164\/revisions\/37035"}],"wp:featuredmedia":[{"embeddable":true,"href":"https:\/\/www.artestar.eu\/pt-pt\/wp-json\/wp\/v2\/media\/13591"}],"wp:attachment":[{"href":"https:\/\/www.artestar.eu\/pt-pt\/wp-json\/wp\/v2\/media?parent=31164"}],"wp:term":[{"taxonomy":"product_cat","embeddable":true,"href":"https:\/\/www.artestar.eu\/pt-pt\/wp-json\/wp\/v2\/product_cat?post=31164"},{"taxonomy":"product_tag","embeddable":true,"href":"https:\/\/www.artestar.eu\/pt-pt\/wp-json\/wp\/v2\/product_tag?post=31164"}],"curies":[{"name":"wp","href":"https:\/\/api.w.org\/{rel}","templated":true}]}}