{"id":31247,"date":"2023-06-06T07:38:35","date_gmt":"2023-06-06T07:38:35","guid":{"rendered":"https:\/\/www.artestar.eu\/al-por-mayor\/cierres-de-resorte-color-dorado-2-unids\/"},"modified":"2023-10-24T06:22:54","modified_gmt":"2023-10-24T06:22:54","slug":"fechos-de-mola-dourados","status":"publish","type":"product","link":"https:\/\/www.artestar.eu\/pt-pt\/atacado\/fechos-de-mola-dourados\/","title":{"rendered":"Fechos de mola de cor dourada 2 pcs."},"content":{"rendered":"<p>Fechos de mola dourados: 10 mm &#8211; 12 mm &#8211; 14 mm &#8211; 16 mm.<\/p>\n<ul>\n<li>Fechos de mola dourada todos embalados individualmente. Voc\u00ea pode escolher o tamanho certo para combinar com suas joias favoritas.<\/li>\n<li>Os fechos dos an\u00e9is de mola s\u00e3o feitos de a\u00e7o inoxid\u00e1vel de alta qualidade, que \u00e9 forte e dur\u00e1vel. A superf\u00edcie \u00e9 lisa e arredondada para um ajuste confort\u00e1vel.<\/li>\n<li>A cor dourada \u00e9 brilhante, cl\u00e1ssica e elegante, para que voc\u00ea possa us\u00e1-los com uma variedade de acess\u00f3rios de joias com confian\u00e7a.<\/li>\n<li>O bloqueio de encaixe \u00e9 f\u00e1cil de segurar e \u00e9 simples e conveniente de abrir e fechar. Tamb\u00e9m \u00e9 seguro e n\u00e3o se solta facilmente, pelo que poder\u00e1 us\u00e1-lo durante todo o dia sem quaisquer problemas.<\/li>\n<li>Os dois la\u00e7os do pingente do conector do anel podem conectar as duas extremidades da corrente para conectar pulseiras, colares, correntes de su\u00e9ter, etc.<\/li>\n<li>Voc\u00ea tamb\u00e9m pode oferecer fechamentos de doca extras para seus amigos e familiares, que certamente os amar\u00e3o tamb\u00e9m.<\/li>\n<li>Os fechos de a\u00e7o inoxid\u00e1vel s\u00e3o pr\u00e1ticos e normalmente s\u00e3o usados em couro, golas e outros materiais de liga\u00e7\u00e3o de corrente para ajustar facilmente o colar ou pulseira.<\/li>\n<li>Fechos de primavera restaurar joias que voc\u00ea j\u00e1 possui ou fazer joias caseiras.<\/li>\n<li>Um prazer usar o seu tempo livre para fazer e aperfei\u00e7oar as suas joias delicadas. Estes conector de fechamento de joias de superf\u00edcie lisa s\u00e3o f\u00e1ceis de usar e facilmente segurar ou pendurar seus belos colares, pulseiras, acess\u00f3rios de roupas e outros itens pequenos, etc.<\/li>\n<\/ul>\n<h5>Fechos de mola dourados<\/h5>\n<ul>\n<li>Porque o design geral das joias de fecho de mola \u00e9 simples e requintado. Seja como um acess\u00f3rio decorativo ou pr\u00e1tico, pode expressar gosto pessoal e personalidade e fornecer uma experi\u00eancia de uso confi\u00e1vel.<\/li>\n<li>Como cada estilo tem uma variedade de tamanhos para escolher, a quantidade \u00e9 suficiente e o tamanho \u00e9 uniforme, permitindo que voc\u00ea crie livremente seus acess\u00f3rios de joias favoritos.<\/li>\n<\/ul>\n","protected":false},"excerpt":{"rendered":"<p><img decoding=\"async\" class=\"alignnone wp-image-8893 size-full\" src=\"https:\/\/www.artestar.eu%E2%80%8B%E2%80%8B%E2%80%8B%E2%80%8B\/wp-content\/uploads\/2023\/06\/gold-spring-ring-size.jpg\" alt=\"Fechaduras de mola\" width=\"1000\" height=\"180\" srcset=\"https:\/\/www.artestar.eu\/wp-content\/uploads\/2023\/06\/gold-spring-ring-size.jpg 1000w, https:\/\/www.artestar.eu\/wp-content\/uploads\/2023\/06\/gold-spring-ring-size-300x54.jpg 300w, https:\/\/www.artestar.eu\/wp-content\/uploads\/2023\/06\/gold-spring-ring-size-768x138.jpg 768w, https:\/\/www.artestar.eu\/wp-content\/uploads\/2023\/06\/gold-spring-ring-size-600x108.jpg 600w, https:\/\/www.artestar.eu\/wp-content\/uploads\/2023\/06\/gold-spring-ring-size-90x16.jpg 90w\" sizes=\"(max-width: 1000px) 100vw, 1000px\" \/><\/p>\n<ul>\n<li>Material: A\u00e7o Inoxid\u00e1vel<\/li>\n<li>Por favor, consulte a imagem do produto para tamanho e quantidade detalhados.<\/li>\n<li>\u00c9 usado para fazer joias, decora\u00e7\u00f5es, artesanato, etc.<\/li>\n<\/ul>\n","protected":false},"featured_media":13436,"comment_status":"open","ping_status":"closed","template":"","meta":[],"product_cat":[2018,1681],"product_tag":[],"yoast_head":"<!-- This site is optimized with the Yoast SEO Premium plugin v20.5 (Yoast SEO v21.5) - https:\/\/yoast.com\/wordpress\/plugins\/seo\/ -->\n<title>Gold Spring Closures - Artestar<\/title>\n<meta name=\"description\" content=\"Os fechos de mola dourada est\u00e3o dispon\u00edveis em diferentes tamanhos para se adequarem a diferentes estilos de moda e prefer\u00eancias pessoais.\" \/>\n<meta name=\"robots\" content=\"index, follow, max-snippet:-1, max-image-preview:large, max-video-preview:-1\" \/>\n<link rel=\"canonical\" href=\"https:\/\/www.artestar.eu\/pt-pt\/atacado\/fechos-de-mola-dourados\/\" \/>\n<meta property=\"og:locale\" content=\"pt_PT\" \/>\n<meta property=\"og:type\" content=\"article\" \/>\n<meta property=\"og:title\" content=\"Fechos de mola de cor dourada 2 pcs.\" \/>\n<meta property=\"og:description\" content=\"Os fechos de mola dourada est\u00e3o dispon\u00edveis em diferentes tamanhos para se adequarem a diferentes estilos de moda e prefer\u00eancias pessoais.\" \/>\n<meta property=\"og:url\" content=\"https:\/\/www.artestar.eu\/pt-pt\/atacado\/fechos-de-mola-dourados\/\" \/>\n<meta property=\"og:site_name\" content=\"Artestar\" \/>\n<meta property=\"article:publisher\" content=\"https:\/\/www.facebook.com\/ARTESTAREU\" \/>\n<meta property=\"article:modified_time\" content=\"2023-10-24T06:22:54+00:00\" \/>\n<meta property=\"og:image\" content=\"https:\/\/www.artestar.eu\/wp-content\/uploads\/2023\/06\/stainless-steel-fittings-gold-spring-ring-clasps-closed-ring-clasps.jpg\" \/>\n\t<meta property=\"og:image:width\" content=\"600\" \/>\n\t<meta property=\"og:image:height\" content=\"600\" \/>\n\t<meta property=\"og:image:type\" content=\"image\/jpeg\" \/>\n<meta name=\"twitter:card\" content=\"summary_large_image\" \/>\n<meta name=\"twitter:label1\" content=\"Availability\" \/>\n\t<meta name=\"twitter:data1\" content=\"Em estoque\" \/>\n<script type=\"application\/ld+json\" class=\"yoast-schema-graph\">{\"@context\":\"https:\/\/schema.org\",\"@graph\":[{\"@type\":\"WebPage\",\"@id\":\"https:\/\/www.artestar.eu\/pt-pt\/atacado\/fechos-de-mola-dourados\/\",\"url\":\"https:\/\/www.artestar.eu\/pt-pt\/atacado\/fechos-de-mola-dourados\/\",\"name\":\"Gold Spring Closures - Artestar\",\"isPartOf\":{\"@id\":\"https:\/\/www.artestar.eu\/pt-pt\/#website\"},\"datePublished\":\"2023-06-06T07:38:35+00:00\",\"dateModified\":\"2023-10-24T06:22:54+00:00\",\"description\":\"Os fechos de mola dourada est\u00e3o dispon\u00edveis em diferentes tamanhos para se adequarem a diferentes estilos de moda e prefer\u00eancias pessoais.\",\"breadcrumb\":{\"@id\":\"https:\/\/www.artestar.eu\/pt-pt\/atacado\/fechos-de-mola-dourados\/#breadcrumb\"},\"inLanguage\":\"pt-PT\",\"potentialAction\":[{\"@type\":\"ReadAction\",\"target\":[\"https:\/\/www.artestar.eu\/pt-pt\/atacado\/fechos-de-mola-dourados\/\"]}]},{\"@type\":\"BreadcrumbList\",\"@id\":\"https:\/\/www.artestar.eu\/pt-pt\/atacado\/fechos-de-mola-dourados\/#breadcrumb\",\"itemListElement\":[{\"@type\":\"ListItem\",\"position\":1,\"name\":\"Artestar\",\"item\":\"https:\/\/www.artestar.eu\/pt-pt\/\"},{\"@type\":\"ListItem\",\"position\":2,\"name\":\"Atacado\",\"item\":\"https:\/\/www.artestar.eu\/pt-pt\/atacado\/\"},{\"@type\":\"ListItem\",\"position\":3,\"name\":\"Fechos de mola de cor dourada 2 pcs.\"}]},{\"@type\":\"WebSite\",\"@id\":\"https:\/\/www.artestar.eu\/pt-pt\/#website\",\"url\":\"https:\/\/www.artestar.eu\/pt-pt\/\",\"name\":\"Artestar\",\"description\":\"Mayorista en abalorios y joyer\u00eda\",\"publisher\":{\"@id\":\"https:\/\/www.artestar.eu\/pt-pt\/#organization\"},\"alternateName\":\"Artestar-EU\",\"potentialAction\":[{\"@type\":\"SearchAction\",\"target\":{\"@type\":\"EntryPoint\",\"urlTemplate\":\"https:\/\/www.artestar.eu\/pt-pt\/?s={search_term_string}\"},\"query-input\":\"required name=search_term_string\"}],\"inLanguage\":\"pt-PT\"},{\"@type\":[\"Organization\",\"Place\"],\"@id\":\"https:\/\/www.artestar.eu\/pt-pt\/#organization\",\"name\":\"RUBY ABALORIO S.L.\",\"alternateName\":\"Artestar\",\"url\":\"https:\/\/www.artestar.eu\/pt-pt\/\",\"logo\":{\"@id\":\"https:\/\/www.artestar.eu\/pt-pt\/atacado\/fechos-de-mola-dourados\/#local-main-organization-logo\"},\"image\":{\"@id\":\"https:\/\/www.artestar.eu\/pt-pt\/atacado\/fechos-de-mola-dourados\/#local-main-organization-logo\"},\"sameAs\":[\"https:\/\/www.facebook.com\/ARTESTAREU\",\"https:\/\/www.instagram.com\/artestareu\/\",\"https:\/\/www.pinterest.es\/artestar_eu\/\",\"https:\/\/www.tiktok.com\/@artestar_wholesale\"],\"openingHoursSpecification\":[{\"@type\":\"OpeningHoursSpecification\",\"dayOfWeek\":[\"Monday\",\"Tuesday\",\"Wednesday\",\"Thursday\",\"Friday\",\"Saturday\",\"Sunday\"],\"opens\":\"09:00\",\"closes\":\"17:00\"}]},{\"@type\":\"ImageObject\",\"inLanguage\":\"pt-PT\",\"@id\":\"https:\/\/www.artestar.eu\/pt-pt\/atacado\/fechos-de-mola-dourados\/#local-main-organization-logo\",\"url\":\"https:\/\/www.artestar.eu\/wp-content\/uploads\/2023\/05\/cropped-png.png\",\"contentUrl\":\"https:\/\/www.artestar.eu\/wp-content\/uploads\/2023\/05\/cropped-png.png\",\"width\":512,\"height\":512,\"caption\":\"RUBY ABALORIO S.L.\"}]}<\/script>\n<meta property=\"og:availability\" content=\"instock\" \/>\n<meta property=\"product:availability\" content=\"instock\" \/>\n<meta property=\"product:retailer_item_id\" content=\"BXG0065-0068\" \/>\n<meta property=\"product:condition\" content=\"new\" \/>\n<!-- \/ Yoast SEO Premium plugin. -->","yoast_head_json":{"title":"Gold Spring Closures - Artestar","description":"Os fechos de mola dourada est\u00e3o dispon\u00edveis em diferentes tamanhos para se adequarem a diferentes estilos de moda e prefer\u00eancias pessoais.","robots":{"index":"index","follow":"follow","max-snippet":"max-snippet:-1","max-image-preview":"max-image-preview:large","max-video-preview":"max-video-preview:-1"},"canonical":"https:\/\/www.artestar.eu\/pt-pt\/atacado\/fechos-de-mola-dourados\/","og_locale":"pt_PT","og_type":"article","og_title":"Fechos de mola de cor dourada 2 pcs.","og_description":"Os fechos de mola dourada est\u00e3o dispon\u00edveis em diferentes tamanhos para se adequarem a diferentes estilos de moda e prefer\u00eancias pessoais.","og_url":"https:\/\/www.artestar.eu\/pt-pt\/atacado\/fechos-de-mola-dourados\/","og_site_name":"Artestar","article_publisher":"https:\/\/www.facebook.com\/ARTESTAREU","article_modified_time":"2023-10-24T06:22:54+00:00","og_image":[{"width":600,"height":600,"url":"https:\/\/www.artestar.eu\/wp-content\/uploads\/2023\/06\/stainless-steel-fittings-gold-spring-ring-clasps-closed-ring-clasps.jpg","type":"image\/jpeg"}],"twitter_card":"summary_large_image","twitter_misc":{"Availability":"Em estoque"},"schema":{"@context":"https:\/\/schema.org","@graph":[{"@type":"WebPage","@id":"https:\/\/www.artestar.eu\/pt-pt\/atacado\/fechos-de-mola-dourados\/","url":"https:\/\/www.artestar.eu\/pt-pt\/atacado\/fechos-de-mola-dourados\/","name":"Gold Spring Closures - Artestar","isPartOf":{"@id":"https:\/\/www.artestar.eu\/pt-pt\/#website"},"datePublished":"2023-06-06T07:38:35+00:00","dateModified":"2023-10-24T06:22:54+00:00","description":"Os fechos de mola dourada est\u00e3o dispon\u00edveis em diferentes tamanhos para se adequarem a diferentes estilos de moda e prefer\u00eancias pessoais.","breadcrumb":{"@id":"https:\/\/www.artestar.eu\/pt-pt\/atacado\/fechos-de-mola-dourados\/#breadcrumb"},"inLanguage":"pt-PT","potentialAction":[{"@type":"ReadAction","target":["https:\/\/www.artestar.eu\/pt-pt\/atacado\/fechos-de-mola-dourados\/"]}]},{"@type":"BreadcrumbList","@id":"https:\/\/www.artestar.eu\/pt-pt\/atacado\/fechos-de-mola-dourados\/#breadcrumb","itemListElement":[{"@type":"ListItem","position":1,"name":"Artestar","item":"https:\/\/www.artestar.eu\/pt-pt\/"},{"@type":"ListItem","position":2,"name":"Atacado","item":"https:\/\/www.artestar.eu\/pt-pt\/atacado\/"},{"@type":"ListItem","position":3,"name":"Fechos de mola de cor dourada 2 pcs."}]},{"@type":"WebSite","@id":"https:\/\/www.artestar.eu\/pt-pt\/#website","url":"https:\/\/www.artestar.eu\/pt-pt\/","name":"Artestar","description":"Mayorista en abalorios y joyer\u00eda","publisher":{"@id":"https:\/\/www.artestar.eu\/pt-pt\/#organization"},"alternateName":"Artestar-EU","potentialAction":[{"@type":"SearchAction","target":{"@type":"EntryPoint","urlTemplate":"https:\/\/www.artestar.eu\/pt-pt\/?s={search_term_string}"},"query-input":"required name=search_term_string"}],"inLanguage":"pt-PT"},{"@type":["Organization","Place"],"@id":"https:\/\/www.artestar.eu\/pt-pt\/#organization","name":"RUBY ABALORIO S.L.","alternateName":"Artestar","url":"https:\/\/www.artestar.eu\/pt-pt\/","logo":{"@id":"https:\/\/www.artestar.eu\/pt-pt\/atacado\/fechos-de-mola-dourados\/#local-main-organization-logo"},"image":{"@id":"https:\/\/www.artestar.eu\/pt-pt\/atacado\/fechos-de-mola-dourados\/#local-main-organization-logo"},"sameAs":["https:\/\/www.facebook.com\/ARTESTAREU","https:\/\/www.instagram.com\/artestareu\/","https:\/\/www.pinterest.es\/artestar_eu\/","https:\/\/www.tiktok.com\/@artestar_wholesale"],"openingHoursSpecification":[{"@type":"OpeningHoursSpecification","dayOfWeek":["Monday","Tuesday","Wednesday","Thursday","Friday","Saturday","Sunday"],"opens":"09:00","closes":"17:00"}]},{"@type":"ImageObject","inLanguage":"pt-PT","@id":"https:\/\/www.artestar.eu\/pt-pt\/atacado\/fechos-de-mola-dourados\/#local-main-organization-logo","url":"https:\/\/www.artestar.eu\/wp-content\/uploads\/2023\/05\/cropped-png.png","contentUrl":"https:\/\/www.artestar.eu\/wp-content\/uploads\/2023\/05\/cropped-png.png","width":512,"height":512,"caption":"RUBY ABALORIO S.L."}]},"og_availability":"instock","product_availability":"instock","product_retailer_item_id":"BXG0065-0068","product_condition":"new"},"tiered_pricing_type":"fixed","tiered_pricing_fixed_rules":[],"tiered_pricing_percentage_rules":[],"tiered_pricing_minimum":null,"_administrator_tiered_pricing_type":"fixed","_administrator_tiered_pricing_fixed_rules":[],"_editor_tiered_pricing_type":"fixed","_editor_tiered_pricing_fixed_rules":[],"_author_tiered_pricing_type":"fixed","_author_tiered_pricing_fixed_rules":[],"_contributor_tiered_pricing_type":"fixed","_contributor_tiered_pricing_fixed_rules":[],"_subscriber_tiered_pricing_type":"fixed","_subscriber_tiered_pricing_fixed_rules":[],"_wpseo_manager_tiered_pricing_type":"fixed","_wpseo_manager_tiered_pricing_fixed_rules":[],"_wpseo_editor_tiered_pricing_type":"fixed","_wpseo_editor_tiered_pricing_fixed_rules":[],"_customer_tiered_pricing_type":"fixed","_customer_tiered_pricing_fixed_rules":[],"_shop_manager_tiered_pricing_type":"fixed","_shop_manager_tiered_pricing_fixed_rules":[],"_product_manager_tiered_pricing_type":"fixed","_product_manager_tiered_pricing_fixed_rules":[],"_links":{"self":[{"href":"https:\/\/www.artestar.eu\/pt-pt\/wp-json\/wp\/v2\/product\/31247"}],"collection":[{"href":"https:\/\/www.artestar.eu\/pt-pt\/wp-json\/wp\/v2\/product"}],"about":[{"href":"https:\/\/www.artestar.eu\/pt-pt\/wp-json\/wp\/v2\/types\/product"}],"replies":[{"embeddable":true,"href":"https:\/\/www.artestar.eu\/pt-pt\/wp-json\/wp\/v2\/comments?post=31247"}],"version-history":[{"count":2,"href":"https:\/\/www.artestar.eu\/pt-pt\/wp-json\/wp\/v2\/product\/31247\/revisions"}],"predecessor-version":[{"id":37102,"href":"https:\/\/www.artestar.eu\/pt-pt\/wp-json\/wp\/v2\/product\/31247\/revisions\/37102"}],"wp:featuredmedia":[{"embeddable":true,"href":"https:\/\/www.artestar.eu\/pt-pt\/wp-json\/wp\/v2\/media\/13436"}],"wp:attachment":[{"href":"https:\/\/www.artestar.eu\/pt-pt\/wp-json\/wp\/v2\/media?parent=31247"}],"wp:term":[{"taxonomy":"product_cat","embeddable":true,"href":"https:\/\/www.artestar.eu\/pt-pt\/wp-json\/wp\/v2\/product_cat?post=31247"},{"taxonomy":"product_tag","embeddable":true,"href":"https:\/\/www.artestar.eu\/pt-pt\/wp-json\/wp\/v2\/product_tag?post=31247"}],"curies":[{"name":"wp","href":"https:\/\/api.w.org\/{rel}","templated":true}]}}