{"id":31252,"date":"2023-06-06T07:01:32","date_gmt":"2023-06-06T07:01:32","guid":{"rendered":"https:\/\/www.artestar.eu\/al-por-mayor\/arroz-perlas-cultivadas\/"},"modified":"2023-10-24T06:34:45","modified_gmt":"2023-10-24T06:34:45","slug":"arroz-perlas-cultivadas","status":"publish","type":"product","link":"https:\/\/www.artestar.eu\/pt-pt\/atacado\/arroz-perlas-cultivadas\/","title":{"rendered":"Arroz perlas cultivadas"},"content":{"rendered":"<p>Perlas naturales cultivadas en forma de arroz: Las formas de las cuentas de arroz de n\u00e1car natural vienen en muchos tama\u00f1os diferentes. As\u00ed que puede elegir el tama\u00f1o que m\u00e1s le convenga y DIY para hacer cualquier estilo de joyer\u00eda que le guste.<\/p>\n<ul>\n<li>Esta perla, cultivada 100% en agua dulce y procedente de la ostra, tiene una forma ovalada alargada o parecida al arroz. Por su rareza y singularidad, son muy apreciadas.<\/li>\n<li>Estas perlas con forma de arroz tienen una superficie fresca y son muy c\u00f3modas y elegantes de llevar. Se voc\u00ea olhar de perto, ver\u00e1 tamb\u00e9m que as p\u00e9rolas cultivadas naturalmente t\u00eam uma textura \u00fanica que lhes d\u00e1 um toque elegante.<\/li>\n<li>Como estas perlas de nuestra gama est\u00e1n perforadas, no tendr\u00e1 que esforzarse para perforarlas. Gracias a su forma esbelta, las perlas en forma de arroz pueden combinarse m\u00e1s f\u00e1cilmente con otros materiales y elementos de joyer\u00eda para crear dise\u00f1os de joyas \u00fanicos y sofisticados.<\/li>\n<li>Las perlas cultivadas de agua dulce en forma de arroz son estupendos accesorios de artesan\u00eda. Las perlas con forma de arroz pueden utilizarse en una gran variedad de creaciones de joyer\u00eda, como collares, pulseras, pendientes y anillos. Su forma y aspecto \u00fanicos pueden a\u00f1adir un estilo chic y elegante a las piezas de joyer\u00eda.<\/li>\n<li>Seja um anivers\u00e1rio, anivers\u00e1rio, casamento ou outra ocasi\u00e3o especial. Las joyas de la colecci\u00f3n de perlas con forma de arroz son un regalo precioso y lleno de significado. Expresa un cari\u00f1o especial y buenos deseos para el destinatario y se convierte en un tesoro intemporal.<\/li>\n<\/ul>\n<p><img decoding=\"async\" class=\"size-full wp-image-5438\" src=\"https:\/\/www.artestar.eu%E2%80%8B%E2%80%8B%E2%80%8B%E2%80%8B\/wp-content\/uploads\/2023\/06\/freshwater-cultured-pearls-14.jpg\" alt=\"Arroz perlas cultivadas\" width=\"600\" height=\"600\" srcset=\"https:\/\/www.artestar.eu\/wp-content\/uploads\/2023\/06\/freshwater-cultured-pearls-14.jpg 600w, https:\/\/www.artestar.eu\/wp-content\/uploads\/2023\/06\/freshwater-cultured-pearls-14-300x300.jpg 300w, https:\/\/www.artestar.eu\/wp-content\/uploads\/2023\/06\/freshwater-cultured-pearls-14-150x150.jpg 150w, https:\/\/www.artestar.eu\/wp-content\/uploads\/2023\/06\/freshwater-cultured-pearls-14-450x450.jpg 450w, https:\/\/www.artestar.eu\/wp-content\/uploads\/2023\/06\/freshwater-cultured-pearls-14-54x54.jpg 54w\" sizes=\"(max-width: 600px) 100vw, 600px\" \/><\/p>\n<h5>Perlas naturales cultivadas en forma de arroz<\/h5>\n<ul>\n<li>Todas las perlas naturales cultivadas son \u00fanicas. Devido \u00e0 ilumina\u00e7\u00e3o e \u00e0s configura\u00e7\u00f5es do computador, o produto recebido pode variar um pouco, leia os tamanhos dos diferentes separadores de p\u00e9rolas antes de comprar.<\/li>\n<\/ul>\n","protected":false},"excerpt":{"rendered":"<p><img decoding=\"async\" class=\"alignnone wp-image-8530 size-full\" src=\"https:\/\/www.artestar.eu%E2%80%8B%E2%80%8B%E2%80%8B%E2%80%8B\/wp-content\/uploads\/2023\/06\/pearl-rice-beads-1.jpg\" alt=\"Perlas naturales cultivadas en forma de arroz\" width=\"1000\" height=\"180\" srcset=\"https:\/\/www.artestar.eu\/wp-content\/uploads\/2023\/06\/pearl-rice-beads-1.jpg 1000w, https:\/\/www.artestar.eu\/wp-content\/uploads\/2023\/06\/pearl-rice-beads-1-300x54.jpg 300w, https:\/\/www.artestar.eu\/wp-content\/uploads\/2023\/06\/pearl-rice-beads-1-768x138.jpg 768w, https:\/\/www.artestar.eu\/wp-content\/uploads\/2023\/06\/pearl-rice-beads-1-600x108.jpg 600w, https:\/\/www.artestar.eu\/wp-content\/uploads\/2023\/06\/pearl-rice-beads-1-90x16.jpg 90w\" sizes=\"(max-width: 1000px) 100vw, 1000px\" \/>Montante aproximado<\/p>\n<ul>\n<li>Material: p\u00e9rolas de \u00e1gua doce cultivadas naturalmente<\/li>\n<li>Usado para fazer colares, pulseiras e outras joias<\/li>\n<li>Todas as p\u00e9rolas cultivadas naturalmente s\u00e3o \u00fanicas.<\/li>\n<\/ul>\n<p>&nbsp;<\/p>\n","protected":false},"featured_media":13391,"comment_status":"open","ping_status":"closed","template":"","meta":[],"product_cat":[1498,1998,1524],"product_tag":[],"yoast_head":"<!-- This site is optimized with the Yoast SEO Premium plugin v20.5 (Yoast SEO v21.5) - https:\/\/yoast.com\/wordpress\/plugins\/seo\/ -->\n<title>Perlas naturales cultivadas en forma de arroz - Artestar<\/title>\n<meta name=\"description\" content=\"P\u00e9rolas cultivadas de \u00e1gua doce s\u00e3o \u00f3timos acess\u00f3rios para artesanato. Todas as p\u00e9rolas cultivadas naturalmente s\u00e3o \u00fanicas.\" \/>\n<meta name=\"robots\" content=\"index, follow, max-snippet:-1, max-image-preview:large, max-video-preview:-1\" \/>\n<link rel=\"canonical\" href=\"https:\/\/www.artestar.eu\/pt-pt\/atacado\/arroz-perlas-cultivadas\/\" \/>\n<meta property=\"og:locale\" content=\"pt_PT\" \/>\n<meta property=\"og:type\" content=\"article\" \/>\n<meta property=\"og:title\" content=\"Arroz perlas cultivadas\" \/>\n<meta property=\"og:description\" content=\"P\u00e9rolas cultivadas de \u00e1gua doce s\u00e3o \u00f3timos acess\u00f3rios para artesanato. Todas as p\u00e9rolas cultivadas naturalmente s\u00e3o \u00fanicas.\" \/>\n<meta property=\"og:url\" content=\"https:\/\/www.artestar.eu\/pt-pt\/atacado\/arroz-perlas-cultivadas\/\" \/>\n<meta property=\"og:site_name\" content=\"Artestar\" \/>\n<meta property=\"article:publisher\" content=\"https:\/\/www.facebook.com\/ARTESTAREU\" \/>\n<meta property=\"article:modified_time\" content=\"2023-10-24T06:34:45+00:00\" \/>\n<meta property=\"og:image\" content=\"https:\/\/www.artestar.eu\/wp-content\/uploads\/2023\/06\/natural-freshwater-cultured-pearls-3.jpg\" \/>\n\t<meta property=\"og:image:width\" content=\"600\" \/>\n\t<meta property=\"og:image:height\" content=\"600\" \/>\n\t<meta property=\"og:image:type\" content=\"image\/jpeg\" \/>\n<meta name=\"twitter:card\" content=\"summary_large_image\" \/>\n<meta name=\"twitter:label1\" content=\"Availability\" \/>\n\t<meta name=\"twitter:data1\" content=\"Em estoque\" \/>\n<script type=\"application\/ld+json\" class=\"yoast-schema-graph\">{\"@context\":\"https:\/\/schema.org\",\"@graph\":[{\"@type\":\"WebPage\",\"@id\":\"https:\/\/www.artestar.eu\/pt-pt\/atacado\/arroz-perlas-cultivadas\/\",\"url\":\"https:\/\/www.artestar.eu\/pt-pt\/atacado\/arroz-perlas-cultivadas\/\",\"name\":\"Perlas naturales cultivadas en forma de arroz - Artestar\",\"isPartOf\":{\"@id\":\"https:\/\/www.artestar.eu\/pt-pt\/#website\"},\"datePublished\":\"2023-06-06T07:01:32+00:00\",\"dateModified\":\"2023-10-24T06:34:45+00:00\",\"description\":\"P\u00e9rolas cultivadas de \u00e1gua doce s\u00e3o \u00f3timos acess\u00f3rios para artesanato. Todas as p\u00e9rolas cultivadas naturalmente s\u00e3o \u00fanicas.\",\"breadcrumb\":{\"@id\":\"https:\/\/www.artestar.eu\/pt-pt\/atacado\/arroz-perlas-cultivadas\/#breadcrumb\"},\"inLanguage\":\"pt-PT\",\"potentialAction\":[{\"@type\":\"ReadAction\",\"target\":[\"https:\/\/www.artestar.eu\/pt-pt\/atacado\/arroz-perlas-cultivadas\/\"]}]},{\"@type\":\"BreadcrumbList\",\"@id\":\"https:\/\/www.artestar.eu\/pt-pt\/atacado\/arroz-perlas-cultivadas\/#breadcrumb\",\"itemListElement\":[{\"@type\":\"ListItem\",\"position\":1,\"name\":\"Artestar\",\"item\":\"https:\/\/www.artestar.eu\/pt-pt\/\"},{\"@type\":\"ListItem\",\"position\":2,\"name\":\"Atacado\",\"item\":\"https:\/\/www.artestar.eu\/pt-pt\/atacado\/\"},{\"@type\":\"ListItem\",\"position\":3,\"name\":\"Arroz perlas cultivadas\"}]},{\"@type\":\"WebSite\",\"@id\":\"https:\/\/www.artestar.eu\/pt-pt\/#website\",\"url\":\"https:\/\/www.artestar.eu\/pt-pt\/\",\"name\":\"Artestar\",\"description\":\"Mayorista en abalorios y joyer\u00eda\",\"publisher\":{\"@id\":\"https:\/\/www.artestar.eu\/pt-pt\/#organization\"},\"alternateName\":\"Artestar-EU\",\"potentialAction\":[{\"@type\":\"SearchAction\",\"target\":{\"@type\":\"EntryPoint\",\"urlTemplate\":\"https:\/\/www.artestar.eu\/pt-pt\/?s={search_term_string}\"},\"query-input\":\"required name=search_term_string\"}],\"inLanguage\":\"pt-PT\"},{\"@type\":[\"Organization\",\"Place\"],\"@id\":\"https:\/\/www.artestar.eu\/pt-pt\/#organization\",\"name\":\"RUBY ABALORIO S.L.\",\"alternateName\":\"Artestar\",\"url\":\"https:\/\/www.artestar.eu\/pt-pt\/\",\"logo\":{\"@id\":\"https:\/\/www.artestar.eu\/pt-pt\/atacado\/arroz-perlas-cultivadas\/#local-main-organization-logo\"},\"image\":{\"@id\":\"https:\/\/www.artestar.eu\/pt-pt\/atacado\/arroz-perlas-cultivadas\/#local-main-organization-logo\"},\"sameAs\":[\"https:\/\/www.facebook.com\/ARTESTAREU\",\"https:\/\/www.instagram.com\/artestareu\/\",\"https:\/\/www.pinterest.es\/artestar_eu\/\",\"https:\/\/www.tiktok.com\/@artestar_wholesale\"],\"openingHoursSpecification\":[{\"@type\":\"OpeningHoursSpecification\",\"dayOfWeek\":[\"Monday\",\"Tuesday\",\"Wednesday\",\"Thursday\",\"Friday\",\"Saturday\",\"Sunday\"],\"opens\":\"09:00\",\"closes\":\"17:00\"}]},{\"@type\":\"ImageObject\",\"inLanguage\":\"pt-PT\",\"@id\":\"https:\/\/www.artestar.eu\/pt-pt\/atacado\/arroz-perlas-cultivadas\/#local-main-organization-logo\",\"url\":\"https:\/\/www.artestar.eu\/wp-content\/uploads\/2023\/05\/cropped-png.png\",\"contentUrl\":\"https:\/\/www.artestar.eu\/wp-content\/uploads\/2023\/05\/cropped-png.png\",\"width\":512,\"height\":512,\"caption\":\"RUBY ABALORIO S.L.\"}]}<\/script>\n<meta property=\"og:availability\" content=\"instock\" \/>\n<meta property=\"product:availability\" content=\"instock\" \/>\n<meta property=\"product:retailer_item_id\" content=\"ZZ-MZ-0001-0003\" \/>\n<meta property=\"product:condition\" content=\"new\" \/>\n<!-- \/ Yoast SEO Premium plugin. -->","yoast_head_json":{"title":"Perlas naturales cultivadas en forma de arroz - Artestar","description":"P\u00e9rolas cultivadas de \u00e1gua doce s\u00e3o \u00f3timos acess\u00f3rios para artesanato. Todas as p\u00e9rolas cultivadas naturalmente s\u00e3o \u00fanicas.","robots":{"index":"index","follow":"follow","max-snippet":"max-snippet:-1","max-image-preview":"max-image-preview:large","max-video-preview":"max-video-preview:-1"},"canonical":"https:\/\/www.artestar.eu\/pt-pt\/atacado\/arroz-perlas-cultivadas\/","og_locale":"pt_PT","og_type":"article","og_title":"Arroz perlas cultivadas","og_description":"P\u00e9rolas cultivadas de \u00e1gua doce s\u00e3o \u00f3timos acess\u00f3rios para artesanato. Todas as p\u00e9rolas cultivadas naturalmente s\u00e3o \u00fanicas.","og_url":"https:\/\/www.artestar.eu\/pt-pt\/atacado\/arroz-perlas-cultivadas\/","og_site_name":"Artestar","article_publisher":"https:\/\/www.facebook.com\/ARTESTAREU","article_modified_time":"2023-10-24T06:34:45+00:00","og_image":[{"width":600,"height":600,"url":"https:\/\/www.artestar.eu\/wp-content\/uploads\/2023\/06\/natural-freshwater-cultured-pearls-3.jpg","type":"image\/jpeg"}],"twitter_card":"summary_large_image","twitter_misc":{"Availability":"Em estoque"},"schema":{"@context":"https:\/\/schema.org","@graph":[{"@type":"WebPage","@id":"https:\/\/www.artestar.eu\/pt-pt\/atacado\/arroz-perlas-cultivadas\/","url":"https:\/\/www.artestar.eu\/pt-pt\/atacado\/arroz-perlas-cultivadas\/","name":"Perlas naturales cultivadas en forma de arroz - Artestar","isPartOf":{"@id":"https:\/\/www.artestar.eu\/pt-pt\/#website"},"datePublished":"2023-06-06T07:01:32+00:00","dateModified":"2023-10-24T06:34:45+00:00","description":"P\u00e9rolas cultivadas de \u00e1gua doce s\u00e3o \u00f3timos acess\u00f3rios para artesanato. Todas as p\u00e9rolas cultivadas naturalmente s\u00e3o \u00fanicas.","breadcrumb":{"@id":"https:\/\/www.artestar.eu\/pt-pt\/atacado\/arroz-perlas-cultivadas\/#breadcrumb"},"inLanguage":"pt-PT","potentialAction":[{"@type":"ReadAction","target":["https:\/\/www.artestar.eu\/pt-pt\/atacado\/arroz-perlas-cultivadas\/"]}]},{"@type":"BreadcrumbList","@id":"https:\/\/www.artestar.eu\/pt-pt\/atacado\/arroz-perlas-cultivadas\/#breadcrumb","itemListElement":[{"@type":"ListItem","position":1,"name":"Artestar","item":"https:\/\/www.artestar.eu\/pt-pt\/"},{"@type":"ListItem","position":2,"name":"Atacado","item":"https:\/\/www.artestar.eu\/pt-pt\/atacado\/"},{"@type":"ListItem","position":3,"name":"Arroz perlas cultivadas"}]},{"@type":"WebSite","@id":"https:\/\/www.artestar.eu\/pt-pt\/#website","url":"https:\/\/www.artestar.eu\/pt-pt\/","name":"Artestar","description":"Mayorista en abalorios y joyer\u00eda","publisher":{"@id":"https:\/\/www.artestar.eu\/pt-pt\/#organization"},"alternateName":"Artestar-EU","potentialAction":[{"@type":"SearchAction","target":{"@type":"EntryPoint","urlTemplate":"https:\/\/www.artestar.eu\/pt-pt\/?s={search_term_string}"},"query-input":"required name=search_term_string"}],"inLanguage":"pt-PT"},{"@type":["Organization","Place"],"@id":"https:\/\/www.artestar.eu\/pt-pt\/#organization","name":"RUBY ABALORIO S.L.","alternateName":"Artestar","url":"https:\/\/www.artestar.eu\/pt-pt\/","logo":{"@id":"https:\/\/www.artestar.eu\/pt-pt\/atacado\/arroz-perlas-cultivadas\/#local-main-organization-logo"},"image":{"@id":"https:\/\/www.artestar.eu\/pt-pt\/atacado\/arroz-perlas-cultivadas\/#local-main-organization-logo"},"sameAs":["https:\/\/www.facebook.com\/ARTESTAREU","https:\/\/www.instagram.com\/artestareu\/","https:\/\/www.pinterest.es\/artestar_eu\/","https:\/\/www.tiktok.com\/@artestar_wholesale"],"openingHoursSpecification":[{"@type":"OpeningHoursSpecification","dayOfWeek":["Monday","Tuesday","Wednesday","Thursday","Friday","Saturday","Sunday"],"opens":"09:00","closes":"17:00"}]},{"@type":"ImageObject","inLanguage":"pt-PT","@id":"https:\/\/www.artestar.eu\/pt-pt\/atacado\/arroz-perlas-cultivadas\/#local-main-organization-logo","url":"https:\/\/www.artestar.eu\/wp-content\/uploads\/2023\/05\/cropped-png.png","contentUrl":"https:\/\/www.artestar.eu\/wp-content\/uploads\/2023\/05\/cropped-png.png","width":512,"height":512,"caption":"RUBY ABALORIO S.L."}]},"og_availability":"instock","product_availability":"instock","product_retailer_item_id":"ZZ-MZ-0001-0003","product_condition":"new"},"tiered_pricing_type":"fixed","tiered_pricing_fixed_rules":[],"tiered_pricing_percentage_rules":[],"tiered_pricing_minimum":null,"_administrator_tiered_pricing_type":"fixed","_administrator_tiered_pricing_fixed_rules":[],"_editor_tiered_pricing_type":"fixed","_editor_tiered_pricing_fixed_rules":[],"_author_tiered_pricing_type":"fixed","_author_tiered_pricing_fixed_rules":[],"_contributor_tiered_pricing_type":"fixed","_contributor_tiered_pricing_fixed_rules":[],"_subscriber_tiered_pricing_type":"fixed","_subscriber_tiered_pricing_fixed_rules":[],"_wpseo_manager_tiered_pricing_type":"fixed","_wpseo_manager_tiered_pricing_fixed_rules":[],"_wpseo_editor_tiered_pricing_type":"fixed","_wpseo_editor_tiered_pricing_fixed_rules":[],"_customer_tiered_pricing_type":"fixed","_customer_tiered_pricing_fixed_rules":[],"_shop_manager_tiered_pricing_type":"fixed","_shop_manager_tiered_pricing_fixed_rules":[],"_product_manager_tiered_pricing_type":"fixed","_product_manager_tiered_pricing_fixed_rules":[],"_links":{"self":[{"href":"https:\/\/www.artestar.eu\/pt-pt\/wp-json\/wp\/v2\/product\/31252"}],"collection":[{"href":"https:\/\/www.artestar.eu\/pt-pt\/wp-json\/wp\/v2\/product"}],"about":[{"href":"https:\/\/www.artestar.eu\/pt-pt\/wp-json\/wp\/v2\/types\/product"}],"replies":[{"embeddable":true,"href":"https:\/\/www.artestar.eu\/pt-pt\/wp-json\/wp\/v2\/comments?post=31252"}],"version-history":[{"count":2,"href":"https:\/\/www.artestar.eu\/pt-pt\/wp-json\/wp\/v2\/product\/31252\/revisions"}],"predecessor-version":[{"id":37116,"href":"https:\/\/www.artestar.eu\/pt-pt\/wp-json\/wp\/v2\/product\/31252\/revisions\/37116"}],"wp:featuredmedia":[{"embeddable":true,"href":"https:\/\/www.artestar.eu\/pt-pt\/wp-json\/wp\/v2\/media\/13391"}],"wp:attachment":[{"href":"https:\/\/www.artestar.eu\/pt-pt\/wp-json\/wp\/v2\/media?parent=31252"}],"wp:term":[{"taxonomy":"product_cat","embeddable":true,"href":"https:\/\/www.artestar.eu\/pt-pt\/wp-json\/wp\/v2\/product_cat?post=31252"},{"taxonomy":"product_tag","embeddable":true,"href":"https:\/\/www.artestar.eu\/pt-pt\/wp-json\/wp\/v2\/product_tag?post=31252"}],"curies":[{"name":"wp","href":"https:\/\/api.w.org\/{rel}","templated":true}]}}