{"id":31284,"date":"2023-06-06T06:37:33","date_gmt":"2023-06-06T06:37:33","guid":{"rendered":"https:\/\/www.artestar.eu\/al-por-mayor\/hebilla-ot-de-acero-12-unids\/"},"modified":"2023-10-24T06:25:55","modified_gmt":"2023-10-24T06:25:55","slug":"hebilla-ot-de-acero","status":"publish","type":"product","link":"https:\/\/www.artestar.eu\/pt-pt\/atacado\/hebilla-ot-de-acero\/","title":{"rendered":"Hebilla OT de acero 12 unids."},"content":{"rendered":"<p>Hebilla OT de acero: 11mm &#8211; 13mm &#8211; 15mm.<\/p>\n<ul>\n<li>Fechos de marinheiro em a\u00e7o inoxid\u00e1vel, uma vasta gama de tamanhos, escolha f\u00e1cil e livre para atender \u00e0s suas v\u00e1rias necessidades. Adicione um charme \u00fanico \u00e0s suas joias.<\/li>\n<li>Uma quantidade grande o suficiente para misturar e combinar com correntes e outros artesanatos favoritos, far\u00e1 um magn\u00edfico acess\u00f3rio de joias.<\/li>\n<li>Feitos de a\u00e7o inoxid\u00e1vel de alta qualidade, os OTs t\u00eam uma superf\u00edcie lisa e ser\u00e3o confort\u00e1veis de usar. Eles s\u00e3o coloridos e n\u00e3o emba\u00e7am facilmente, s\u00e3o muito dur\u00e1veis e dur\u00e1veis e duram muito tempo.<\/li>\n<li>Estes fixadores de alavanca s\u00e3o f\u00e1ceis de usar, basta colocar a barra transversal na fivela para que a barra fique horizontal e n\u00e3o se solte quando usada. Eles n\u00e3o v\u00e3o perturbar o equil\u00edbrio do bin\u00f4mio e s\u00e3o adequados para uma ampla gama de acess\u00f3rios.<\/li>\n<li>Cl\u00e1ssico e elegante. Porque o fecho de barra IQ e o anel de fecho T-bar s\u00e3o f\u00e1ceis de colocar e servem para fazer pulseiras, colares, tornozeleiras e muito mais. Um bom conector para uso di\u00e1rio.<\/li>\n<\/ul>\n<p><img decoding=\"async\" class=\"alignnone size-full wp-image-5400\" src=\"https:\/\/www.artestar.eu%E2%80%8B%E2%80%8B%E2%80%8B%E2%80%8B\/wp-content\/uploads\/2023\/06\/stainless-steel-fittings-OT-buckle-gold-toggle-clasps.jpg\" alt=\"Hebilla OT de acero\" width=\"600\" height=\"600\" srcset=\"https:\/\/www.artestar.eu\/wp-content\/uploads\/2023\/06\/stainless-steel-fittings-OT-buckle-gold-toggle-clasps.jpg 600w, https:\/\/www.artestar.eu\/wp-content\/uploads\/2023\/06\/stainless-steel-fittings-OT-buckle-gold-toggle-clasps-300x300.jpg 300w, https:\/\/www.artestar.eu\/wp-content\/uploads\/2023\/06\/stainless-steel-fittings-OT-buckle-gold-toggle-clasps-150x150.jpg 150w, https:\/\/www.artestar.eu\/wp-content\/uploads\/2023\/06\/stainless-steel-fittings-OT-buckle-gold-toggle-clasps-450x450.jpg 450w, https:\/\/www.artestar.eu\/wp-content\/uploads\/2023\/06\/stainless-steel-fittings-OT-buckle-gold-toggle-clasps-54x54.jpg 54w\" sizes=\"(max-width: 600px) 100vw, 600px\" \/><\/p>\n<h3>Hebilla OT de acero<\/h3>\n<ul>\n<li>Porque o design geral das joias de fivela OT de a\u00e7o inoxid\u00e1vel \u00e9 simples e requintado. Seja como um acess\u00f3rio decorativo ou pr\u00e1tico, pode expressar gosto pessoal e personalidade e fornecer uma experi\u00eancia de uso confi\u00e1vel.<\/li>\n<li>Como cada estilo tem uma variedade de tamanhos para escolher, a quantidade \u00e9 suficiente e o tamanho \u00e9 uniforme, permitindo que voc\u00ea crie livremente seus acess\u00f3rios de joias favoritos.<\/li>\n<\/ul>\n","protected":false},"excerpt":{"rendered":"<p><img decoding=\"async\" class=\"alignnone size-full wp-image-8702\" src=\"https:\/\/www.artestar.eu%E2%80%8B%E2%80%8B%E2%80%8B%E2%80%8B\/wp-content\/uploads\/2023\/06\/stainless-steel-fittings-OT-buckle-silver-size.jpg\" alt=\"Fivela OT\" width=\"1000\" height=\"180\" srcset=\"https:\/\/www.artestar.eu\/wp-content\/uploads\/2023\/06\/stainless-steel-fittings-OT-buckle-silver-size.jpg 1000w, https:\/\/www.artestar.eu\/wp-content\/uploads\/2023\/06\/stainless-steel-fittings-OT-buckle-silver-size-300x54.jpg 300w, https:\/\/www.artestar.eu\/wp-content\/uploads\/2023\/06\/stainless-steel-fittings-OT-buckle-silver-size-768x138.jpg 768w, https:\/\/www.artestar.eu\/wp-content\/uploads\/2023\/06\/stainless-steel-fittings-OT-buckle-silver-size-600x108.jpg 600w, https:\/\/www.artestar.eu\/wp-content\/uploads\/2023\/06\/stainless-steel-fittings-OT-buckle-silver-size-90x16.jpg 90w\" sizes=\"(max-width: 1000px) 100vw, 1000px\" \/><\/p>\n<ul>\n<li>Material: A\u00e7o Inoxid\u00e1vel<\/li>\n<li>Por favor, consulte a imagem do produto para tamanho e quantidade detalhados.<\/li>\n<li>\u00c9 usado para fazer joias, decora\u00e7\u00f5es, artesanato, etc.<\/li>\n<\/ul>\n","protected":false},"featured_media":13381,"comment_status":"open","ping_status":"closed","template":"","meta":[],"product_cat":[2018,1681],"product_tag":[],"yoast_head":"<!-- This site is optimized with the Yoast SEO Premium plugin v20.5 (Yoast SEO v21.5) - https:\/\/yoast.com\/wordpress\/plugins\/seo\/ -->\n<title>Hebilla OT de acero - Artestar<\/title>\n<meta name=\"description\" content=\"Las hebilla OT de acero est\u00e1n disponibles en diferentes tama\u00f1os para adaptarse a diferentes estilos de moda y preferencias personales.\" \/>\n<meta name=\"robots\" content=\"index, follow, max-snippet:-1, max-image-preview:large, max-video-preview:-1\" \/>\n<link rel=\"canonical\" href=\"https:\/\/www.artestar.eu\/pt-pt\/atacado\/hebilla-ot-de-acero\/\" \/>\n<meta property=\"og:locale\" content=\"pt_PT\" \/>\n<meta property=\"og:type\" content=\"article\" \/>\n<meta property=\"og:title\" content=\"Hebilla OT de acero 12 unids.\" \/>\n<meta property=\"og:description\" content=\"Las hebilla OT de acero est\u00e1n disponibles en diferentes tama\u00f1os para adaptarse a diferentes estilos de moda y preferencias personales.\" \/>\n<meta property=\"og:url\" content=\"https:\/\/www.artestar.eu\/pt-pt\/atacado\/hebilla-ot-de-acero\/\" \/>\n<meta property=\"og:site_name\" content=\"Artestar\" \/>\n<meta property=\"article:publisher\" content=\"https:\/\/www.facebook.com\/ARTESTAREU\" \/>\n<meta property=\"article:modified_time\" content=\"2023-10-24T06:25:55+00:00\" \/>\n<meta property=\"og:image\" content=\"https:\/\/www.artestar.eu\/wp-content\/uploads\/2023\/06\/stainless-steel-fittings-OT-buckle-silver-toggle-clasps.jpg\" \/>\n\t<meta property=\"og:image:width\" content=\"600\" \/>\n\t<meta property=\"og:image:height\" content=\"600\" \/>\n\t<meta property=\"og:image:type\" content=\"image\/jpeg\" \/>\n<meta name=\"twitter:card\" content=\"summary_large_image\" \/>\n<meta name=\"twitter:label1\" content=\"Availability\" \/>\n\t<meta name=\"twitter:data1\" content=\"Em estoque\" \/>\n<script type=\"application\/ld+json\" class=\"yoast-schema-graph\">{\"@context\":\"https:\/\/schema.org\",\"@graph\":[{\"@type\":\"WebPage\",\"@id\":\"https:\/\/www.artestar.eu\/pt-pt\/atacado\/hebilla-ot-de-acero\/\",\"url\":\"https:\/\/www.artestar.eu\/pt-pt\/atacado\/hebilla-ot-de-acero\/\",\"name\":\"Hebilla OT de acero - Artestar\",\"isPartOf\":{\"@id\":\"https:\/\/www.artestar.eu\/pt-pt\/#website\"},\"datePublished\":\"2023-06-06T06:37:33+00:00\",\"dateModified\":\"2023-10-24T06:25:55+00:00\",\"description\":\"Las hebilla OT de acero est\u00e1n disponibles en diferentes tama\u00f1os para adaptarse a diferentes estilos de moda y preferencias personales.\",\"breadcrumb\":{\"@id\":\"https:\/\/www.artestar.eu\/pt-pt\/atacado\/hebilla-ot-de-acero\/#breadcrumb\"},\"inLanguage\":\"pt-PT\",\"potentialAction\":[{\"@type\":\"ReadAction\",\"target\":[\"https:\/\/www.artestar.eu\/pt-pt\/atacado\/hebilla-ot-de-acero\/\"]}]},{\"@type\":\"BreadcrumbList\",\"@id\":\"https:\/\/www.artestar.eu\/pt-pt\/atacado\/hebilla-ot-de-acero\/#breadcrumb\",\"itemListElement\":[{\"@type\":\"ListItem\",\"position\":1,\"name\":\"Artestar\",\"item\":\"https:\/\/www.artestar.eu\/pt-pt\/\"},{\"@type\":\"ListItem\",\"position\":2,\"name\":\"Atacado\",\"item\":\"https:\/\/www.artestar.eu\/pt-pt\/atacado\/\"},{\"@type\":\"ListItem\",\"position\":3,\"name\":\"Hebilla OT de acero 12 unids.\"}]},{\"@type\":\"WebSite\",\"@id\":\"https:\/\/www.artestar.eu\/pt-pt\/#website\",\"url\":\"https:\/\/www.artestar.eu\/pt-pt\/\",\"name\":\"Artestar\",\"description\":\"Mayorista en abalorios y joyer\u00eda\",\"publisher\":{\"@id\":\"https:\/\/www.artestar.eu\/pt-pt\/#organization\"},\"alternateName\":\"Artestar-EU\",\"potentialAction\":[{\"@type\":\"SearchAction\",\"target\":{\"@type\":\"EntryPoint\",\"urlTemplate\":\"https:\/\/www.artestar.eu\/pt-pt\/?s={search_term_string}\"},\"query-input\":\"required name=search_term_string\"}],\"inLanguage\":\"pt-PT\"},{\"@type\":[\"Organization\",\"Place\"],\"@id\":\"https:\/\/www.artestar.eu\/pt-pt\/#organization\",\"name\":\"RUBY ABALORIO S.L.\",\"alternateName\":\"Artestar\",\"url\":\"https:\/\/www.artestar.eu\/pt-pt\/\",\"logo\":{\"@id\":\"https:\/\/www.artestar.eu\/pt-pt\/atacado\/hebilla-ot-de-acero\/#local-main-organization-logo\"},\"image\":{\"@id\":\"https:\/\/www.artestar.eu\/pt-pt\/atacado\/hebilla-ot-de-acero\/#local-main-organization-logo\"},\"sameAs\":[\"https:\/\/www.facebook.com\/ARTESTAREU\",\"https:\/\/www.instagram.com\/artestareu\/\",\"https:\/\/www.pinterest.es\/artestar_eu\/\",\"https:\/\/www.tiktok.com\/@artestar_wholesale\"],\"openingHoursSpecification\":[{\"@type\":\"OpeningHoursSpecification\",\"dayOfWeek\":[\"Monday\",\"Tuesday\",\"Wednesday\",\"Thursday\",\"Friday\",\"Saturday\",\"Sunday\"],\"opens\":\"09:00\",\"closes\":\"17:00\"}]},{\"@type\":\"ImageObject\",\"inLanguage\":\"pt-PT\",\"@id\":\"https:\/\/www.artestar.eu\/pt-pt\/atacado\/hebilla-ot-de-acero\/#local-main-organization-logo\",\"url\":\"https:\/\/www.artestar.eu\/wp-content\/uploads\/2023\/05\/cropped-png.png\",\"contentUrl\":\"https:\/\/www.artestar.eu\/wp-content\/uploads\/2023\/05\/cropped-png.png\",\"width\":512,\"height\":512,\"caption\":\"RUBY ABALORIO S.L.\"}]}<\/script>\n<meta property=\"og:availability\" content=\"instock\" \/>\n<meta property=\"product:availability\" content=\"instock\" \/>\n<meta property=\"product:retailer_item_id\" content=\"BXG0062-0064\" \/>\n<meta property=\"product:condition\" content=\"new\" \/>\n<!-- \/ Yoast SEO Premium plugin. -->","yoast_head_json":{"title":"Hebilla OT de acero - Artestar","description":"Las hebilla OT de acero est\u00e1n disponibles en diferentes tama\u00f1os para adaptarse a diferentes estilos de moda y preferencias personales.","robots":{"index":"index","follow":"follow","max-snippet":"max-snippet:-1","max-image-preview":"max-image-preview:large","max-video-preview":"max-video-preview:-1"},"canonical":"https:\/\/www.artestar.eu\/pt-pt\/atacado\/hebilla-ot-de-acero\/","og_locale":"pt_PT","og_type":"article","og_title":"Hebilla OT de acero 12 unids.","og_description":"Las hebilla OT de acero est\u00e1n disponibles en diferentes tama\u00f1os para adaptarse a diferentes estilos de moda y preferencias personales.","og_url":"https:\/\/www.artestar.eu\/pt-pt\/atacado\/hebilla-ot-de-acero\/","og_site_name":"Artestar","article_publisher":"https:\/\/www.facebook.com\/ARTESTAREU","article_modified_time":"2023-10-24T06:25:55+00:00","og_image":[{"width":600,"height":600,"url":"https:\/\/www.artestar.eu\/wp-content\/uploads\/2023\/06\/stainless-steel-fittings-OT-buckle-silver-toggle-clasps.jpg","type":"image\/jpeg"}],"twitter_card":"summary_large_image","twitter_misc":{"Availability":"Em estoque"},"schema":{"@context":"https:\/\/schema.org","@graph":[{"@type":"WebPage","@id":"https:\/\/www.artestar.eu\/pt-pt\/atacado\/hebilla-ot-de-acero\/","url":"https:\/\/www.artestar.eu\/pt-pt\/atacado\/hebilla-ot-de-acero\/","name":"Hebilla OT de acero - Artestar","isPartOf":{"@id":"https:\/\/www.artestar.eu\/pt-pt\/#website"},"datePublished":"2023-06-06T06:37:33+00:00","dateModified":"2023-10-24T06:25:55+00:00","description":"Las hebilla OT de acero est\u00e1n disponibles en diferentes tama\u00f1os para adaptarse a diferentes estilos de moda y preferencias personales.","breadcrumb":{"@id":"https:\/\/www.artestar.eu\/pt-pt\/atacado\/hebilla-ot-de-acero\/#breadcrumb"},"inLanguage":"pt-PT","potentialAction":[{"@type":"ReadAction","target":["https:\/\/www.artestar.eu\/pt-pt\/atacado\/hebilla-ot-de-acero\/"]}]},{"@type":"BreadcrumbList","@id":"https:\/\/www.artestar.eu\/pt-pt\/atacado\/hebilla-ot-de-acero\/#breadcrumb","itemListElement":[{"@type":"ListItem","position":1,"name":"Artestar","item":"https:\/\/www.artestar.eu\/pt-pt\/"},{"@type":"ListItem","position":2,"name":"Atacado","item":"https:\/\/www.artestar.eu\/pt-pt\/atacado\/"},{"@type":"ListItem","position":3,"name":"Hebilla OT de acero 12 unids."}]},{"@type":"WebSite","@id":"https:\/\/www.artestar.eu\/pt-pt\/#website","url":"https:\/\/www.artestar.eu\/pt-pt\/","name":"Artestar","description":"Mayorista en abalorios y joyer\u00eda","publisher":{"@id":"https:\/\/www.artestar.eu\/pt-pt\/#organization"},"alternateName":"Artestar-EU","potentialAction":[{"@type":"SearchAction","target":{"@type":"EntryPoint","urlTemplate":"https:\/\/www.artestar.eu\/pt-pt\/?s={search_term_string}"},"query-input":"required name=search_term_string"}],"inLanguage":"pt-PT"},{"@type":["Organization","Place"],"@id":"https:\/\/www.artestar.eu\/pt-pt\/#organization","name":"RUBY ABALORIO S.L.","alternateName":"Artestar","url":"https:\/\/www.artestar.eu\/pt-pt\/","logo":{"@id":"https:\/\/www.artestar.eu\/pt-pt\/atacado\/hebilla-ot-de-acero\/#local-main-organization-logo"},"image":{"@id":"https:\/\/www.artestar.eu\/pt-pt\/atacado\/hebilla-ot-de-acero\/#local-main-organization-logo"},"sameAs":["https:\/\/www.facebook.com\/ARTESTAREU","https:\/\/www.instagram.com\/artestareu\/","https:\/\/www.pinterest.es\/artestar_eu\/","https:\/\/www.tiktok.com\/@artestar_wholesale"],"openingHoursSpecification":[{"@type":"OpeningHoursSpecification","dayOfWeek":["Monday","Tuesday","Wednesday","Thursday","Friday","Saturday","Sunday"],"opens":"09:00","closes":"17:00"}]},{"@type":"ImageObject","inLanguage":"pt-PT","@id":"https:\/\/www.artestar.eu\/pt-pt\/atacado\/hebilla-ot-de-acero\/#local-main-organization-logo","url":"https:\/\/www.artestar.eu\/wp-content\/uploads\/2023\/05\/cropped-png.png","contentUrl":"https:\/\/www.artestar.eu\/wp-content\/uploads\/2023\/05\/cropped-png.png","width":512,"height":512,"caption":"RUBY ABALORIO S.L."}]},"og_availability":"instock","product_availability":"instock","product_retailer_item_id":"BXG0062-0064","product_condition":"new"},"tiered_pricing_type":"fixed","tiered_pricing_fixed_rules":[],"tiered_pricing_percentage_rules":[],"tiered_pricing_minimum":null,"_administrator_tiered_pricing_type":"fixed","_administrator_tiered_pricing_fixed_rules":[],"_editor_tiered_pricing_type":"fixed","_editor_tiered_pricing_fixed_rules":[],"_author_tiered_pricing_type":"fixed","_author_tiered_pricing_fixed_rules":[],"_contributor_tiered_pricing_type":"fixed","_contributor_tiered_pricing_fixed_rules":[],"_subscriber_tiered_pricing_type":"fixed","_subscriber_tiered_pricing_fixed_rules":[],"_wpseo_manager_tiered_pricing_type":"fixed","_wpseo_manager_tiered_pricing_fixed_rules":[],"_wpseo_editor_tiered_pricing_type":"fixed","_wpseo_editor_tiered_pricing_fixed_rules":[],"_customer_tiered_pricing_type":"fixed","_customer_tiered_pricing_fixed_rules":[],"_shop_manager_tiered_pricing_type":"fixed","_shop_manager_tiered_pricing_fixed_rules":[],"_product_manager_tiered_pricing_type":"fixed","_product_manager_tiered_pricing_fixed_rules":[],"_links":{"self":[{"href":"https:\/\/www.artestar.eu\/pt-pt\/wp-json\/wp\/v2\/product\/31284"}],"collection":[{"href":"https:\/\/www.artestar.eu\/pt-pt\/wp-json\/wp\/v2\/product"}],"about":[{"href":"https:\/\/www.artestar.eu\/pt-pt\/wp-json\/wp\/v2\/types\/product"}],"replies":[{"embeddable":true,"href":"https:\/\/www.artestar.eu\/pt-pt\/wp-json\/wp\/v2\/comments?post=31284"}],"version-history":[{"count":3,"href":"https:\/\/www.artestar.eu\/pt-pt\/wp-json\/wp\/v2\/product\/31284\/revisions"}],"predecessor-version":[{"id":37106,"href":"https:\/\/www.artestar.eu\/pt-pt\/wp-json\/wp\/v2\/product\/31284\/revisions\/37106"}],"wp:featuredmedia":[{"embeddable":true,"href":"https:\/\/www.artestar.eu\/pt-pt\/wp-json\/wp\/v2\/media\/13381"}],"wp:attachment":[{"href":"https:\/\/www.artestar.eu\/pt-pt\/wp-json\/wp\/v2\/media?parent=31284"}],"wp:term":[{"taxonomy":"product_cat","embeddable":true,"href":"https:\/\/www.artestar.eu\/pt-pt\/wp-json\/wp\/v2\/product_cat?post=31284"},{"taxonomy":"product_tag","embeddable":true,"href":"https:\/\/www.artestar.eu\/pt-pt\/wp-json\/wp\/v2\/product_tag?post=31284"}],"curies":[{"name":"wp","href":"https:\/\/api.w.org\/{rel}","templated":true}]}}