{"id":31312,"date":"2023-06-06T05:51:13","date_gmt":"2023-06-06T05:51:13","guid":{"rendered":"https:\/\/www.artestar.eu\/al-por-mayor\/dos-lados-pulidos-perlas-cultivadas\/"},"modified":"2023-10-24T06:39:19","modified_gmt":"2023-10-24T06:39:19","slug":"duas-faces-perolas-polidas-cultivadas","status":"publish","type":"product","link":"https:\/\/www.artestar.eu\/pt-pt\/atacado\/duas-faces-perolas-polidas-cultivadas\/","title":{"rendered":"Dois lados polido p\u00e9rolas cultivadas"},"content":{"rendered":"<p>P\u00e9rolas cultivadas polidas de dois lados: Cada p\u00e9rola de dupla face \u00e9 feita de p\u00e9rolas naturais, cuidadosamente selecionadas, superf\u00edcie lisa, cores brilhantes e brilhantes. Diferentes tamanhos de p\u00e9rolas adicionar\u00e3o um esplendor diferente aos seus projetos artesanais.<\/p>\n<ul>\n<li>Estas p\u00e9rolas de ostra 100% cultivadas em \u00e1gua doce t\u00eam cada uma um pequeno orif\u00edcio que pode ser facilmente roscado com ganchos de croch\u00ea, an\u00e9is, alfinetes, arame de tal\u00e3o, etc. e facilmente adicionado a outras pe\u00e7as.<\/li>\n<li>P\u00e9rolas de brilho em ambos os lados podem ser usadas em uma variedade de joias, como colares, pulseiras, brincos e an\u00e9is. As suas propriedades de brilho em ambos os lados conferem um brilho \u00fanico e atraente \u00e0s pe\u00e7as de joalharia. Dependendo da forma e do brilho da p\u00e9rola, os designers podem criar diferentes efeitos visuais e libertar a sua criatividade.<\/li>\n<li>Estas p\u00e9rolas cultivadas de \u00e1gua doce s\u00e3o magn\u00edficos acess\u00f3rios artesanais. Eles s\u00e3o igualmente adequados para casas, festas, casamentos, decora\u00e7\u00f5es, recheios de vasos, apanhadores de sonhos e outros of\u00edcios.<\/li>\n<li>Seja um anivers\u00e1rio, anivers\u00e1rio, casamento ou outra ocasi\u00e3o especial. As joias da cole\u00e7\u00e3o Baroque Pearls s\u00e3o um belo presente cheio de significado. Expresse um carinho especial e votos de felicidades para o destinat\u00e1rio. E torna-se um tesouro eterno.<\/li>\n<li>Todas as p\u00e9rolas cultivadas naturalmente s\u00e3o \u00fanicas. Devido \u00e0 ilumina\u00e7\u00e3o e \u00e0s configura\u00e7\u00f5es do computador, o produto recebido pode variar um pouco, leia os tamanhos das diferentes p\u00e9rolas antes de comprar.<\/li>\n<\/ul>\n<p><img decoding=\"async\" class=\"size-full wp-image-5401\" src=\"https:\/\/www.artestar.eu%E2%80%8B%E2%80%8B%E2%80%8B%E2%80%8B\/wp-content\/uploads\/2023\/06\/freshwater-cultured-pearls-10.jpg\" alt=\"Dois lados polido p\u00e9rolas cultivadas\" width=\"600\" height=\"600\" srcset=\"https:\/\/www.artestar.eu\/wp-content\/uploads\/2023\/06\/freshwater-cultured-pearls-10.jpg 600w, https:\/\/www.artestar.eu\/wp-content\/uploads\/2023\/06\/freshwater-cultured-pearls-10-300x300.jpg 300w, https:\/\/www.artestar.eu\/wp-content\/uploads\/2023\/06\/freshwater-cultured-pearls-10-150x150.jpg 150w, https:\/\/www.artestar.eu\/wp-content\/uploads\/2023\/06\/freshwater-cultured-pearls-10-450x450.jpg 450w, https:\/\/www.artestar.eu\/wp-content\/uploads\/2023\/06\/freshwater-cultured-pearls-10-54x54.jpg 54w\" sizes=\"(max-width: 600px) 100vw, 600px\" \/><\/p>\n<h5>Dois lados polido p\u00e9rolas cultivadas<\/h5>\n<ul>\n<li>Diz-se que as p\u00e9rolas cultivadas em \u00e1gua doce natural n\u00e3o s\u00e3o apenas bonitas, mas tamb\u00e9m t\u00eam poderes curativos. Eles podem ajudar a acalmar o cora\u00e7\u00e3o; Livre-se da depress\u00e3o causada por fobia social ou ataques de p\u00e2nico e baixos n\u00edveis de serotonina.<\/li>\n<li>Melhorar a mem\u00f3ria, ativando a produ\u00e7\u00e3o de fatores de crescimento nas c\u00e9lulas nervosas do c\u00e9rebro. E estimular a produ\u00e7\u00e3o de colag\u00e9nio, que regenera rapidamente a camada de pele do nosso corpo, fazendo-nos sentir bonitos e vibrantes.<\/li>\n<\/ul>\n","protected":false},"excerpt":{"rendered":"<p><img decoding=\"async\" class=\"alignnone wp-image-8534 size-full\" src=\"https:\/\/www.artestar.eu%E2%80%8B%E2%80%8B%E2%80%8B%E2%80%8B\/wp-content\/uploads\/2023\/06\/cultured-pearls-two-sides-polished-size-1.jpg\" alt=\"Tamanho natural das p\u00e9rolas cultivadas\" width=\"1000\" height=\"180\" srcset=\"https:\/\/www.artestar.eu\/wp-content\/uploads\/2023\/06\/cultured-pearls-two-sides-polished-size-1.jpg 1000w, https:\/\/www.artestar.eu\/wp-content\/uploads\/2023\/06\/cultured-pearls-two-sides-polished-size-1-300x54.jpg 300w, https:\/\/www.artestar.eu\/wp-content\/uploads\/2023\/06\/cultured-pearls-two-sides-polished-size-1-768x138.jpg 768w, https:\/\/www.artestar.eu\/wp-content\/uploads\/2023\/06\/cultured-pearls-two-sides-polished-size-1-600x108.jpg 600w, https:\/\/www.artestar.eu\/wp-content\/uploads\/2023\/06\/cultured-pearls-two-sides-polished-size-1-90x16.jpg 90w\" sizes=\"(max-width: 1000px) 100vw, 1000px\" \/>Montante aproximado<\/p>\n<ul>\n<li>Material: p\u00e9rolas de \u00e1gua doce cultivadas naturalmente<\/li>\n<li>Usado para fazer colares, pulseiras e outras joias<\/li>\n<li>Todas as p\u00e9rolas cultivadas naturalmente s\u00e3o \u00fanicas.<\/li>\n<\/ul>\n","protected":false},"featured_media":13311,"comment_status":"open","ping_status":"closed","template":"","meta":[],"product_cat":[1498,1998,1524],"product_tag":[],"yoast_head":"<!-- This site is optimized with the Yoast SEO Premium plugin v20.5 (Yoast SEO v21.5) - https:\/\/yoast.com\/wordpress\/plugins\/seo\/ -->\n<title>P\u00e9rolas cultivadas polidas de dois lados - Artestar<\/title>\n<meta name=\"description\" content=\"P\u00e9rolas de \u00e1gua doce cultivadas fazem \u00f3timos acess\u00f3rios artesanais. Todas as p\u00e9rolas cultivadas naturalmente s\u00e3o \u00fanicas.\" \/>\n<meta name=\"robots\" content=\"index, follow, max-snippet:-1, max-image-preview:large, max-video-preview:-1\" \/>\n<link rel=\"canonical\" href=\"https:\/\/www.artestar.eu\/pt-pt\/atacado\/duas-faces-perolas-polidas-cultivadas\/\" \/>\n<meta property=\"og:locale\" content=\"pt_PT\" \/>\n<meta property=\"og:type\" content=\"article\" \/>\n<meta property=\"og:title\" content=\"Dois lados polido p\u00e9rolas cultivadas\" \/>\n<meta property=\"og:description\" content=\"P\u00e9rolas de \u00e1gua doce cultivadas fazem \u00f3timos acess\u00f3rios artesanais. Todas as p\u00e9rolas cultivadas naturalmente s\u00e3o \u00fanicas.\" \/>\n<meta property=\"og:url\" content=\"https:\/\/www.artestar.eu\/pt-pt\/atacado\/duas-faces-perolas-polidas-cultivadas\/\" \/>\n<meta property=\"og:site_name\" content=\"Artestar\" \/>\n<meta property=\"article:publisher\" content=\"https:\/\/www.facebook.com\/ARTESTAREU\" \/>\n<meta property=\"article:modified_time\" content=\"2023-10-24T06:39:19+00:00\" \/>\n<meta property=\"og:image\" content=\"https:\/\/www.artestar.eu\/wp-content\/uploads\/2023\/06\/cultured-pearls-3.jpg\" \/>\n\t<meta property=\"og:image:width\" content=\"600\" \/>\n\t<meta property=\"og:image:height\" content=\"600\" \/>\n\t<meta property=\"og:image:type\" content=\"image\/jpeg\" \/>\n<meta name=\"twitter:card\" content=\"summary_large_image\" \/>\n<meta name=\"twitter:label1\" content=\"Availability\" \/>\n\t<meta name=\"twitter:data1\" content=\"Em estoque\" \/>\n<script type=\"application\/ld+json\" class=\"yoast-schema-graph\">{\"@context\":\"https:\/\/schema.org\",\"@graph\":[{\"@type\":\"WebPage\",\"@id\":\"https:\/\/www.artestar.eu\/pt-pt\/atacado\/duas-faces-perolas-polidas-cultivadas\/\",\"url\":\"https:\/\/www.artestar.eu\/pt-pt\/atacado\/duas-faces-perolas-polidas-cultivadas\/\",\"name\":\"P\u00e9rolas cultivadas polidas de dois lados - Artestar\",\"isPartOf\":{\"@id\":\"https:\/\/www.artestar.eu\/pt-pt\/#website\"},\"datePublished\":\"2023-06-06T05:51:13+00:00\",\"dateModified\":\"2023-10-24T06:39:19+00:00\",\"description\":\"P\u00e9rolas de \u00e1gua doce cultivadas fazem \u00f3timos acess\u00f3rios artesanais. Todas as p\u00e9rolas cultivadas naturalmente s\u00e3o \u00fanicas.\",\"breadcrumb\":{\"@id\":\"https:\/\/www.artestar.eu\/pt-pt\/atacado\/duas-faces-perolas-polidas-cultivadas\/#breadcrumb\"},\"inLanguage\":\"pt-PT\",\"potentialAction\":[{\"@type\":\"ReadAction\",\"target\":[\"https:\/\/www.artestar.eu\/pt-pt\/atacado\/duas-faces-perolas-polidas-cultivadas\/\"]}]},{\"@type\":\"BreadcrumbList\",\"@id\":\"https:\/\/www.artestar.eu\/pt-pt\/atacado\/duas-faces-perolas-polidas-cultivadas\/#breadcrumb\",\"itemListElement\":[{\"@type\":\"ListItem\",\"position\":1,\"name\":\"Artestar\",\"item\":\"https:\/\/www.artestar.eu\/pt-pt\/\"},{\"@type\":\"ListItem\",\"position\":2,\"name\":\"Atacado\",\"item\":\"https:\/\/www.artestar.eu\/pt-pt\/atacado\/\"},{\"@type\":\"ListItem\",\"position\":3,\"name\":\"Dois lados polido p\u00e9rolas cultivadas\"}]},{\"@type\":\"WebSite\",\"@id\":\"https:\/\/www.artestar.eu\/pt-pt\/#website\",\"url\":\"https:\/\/www.artestar.eu\/pt-pt\/\",\"name\":\"Artestar\",\"description\":\"Mayorista en abalorios y joyer\u00eda\",\"publisher\":{\"@id\":\"https:\/\/www.artestar.eu\/pt-pt\/#organization\"},\"alternateName\":\"Artestar-EU\",\"potentialAction\":[{\"@type\":\"SearchAction\",\"target\":{\"@type\":\"EntryPoint\",\"urlTemplate\":\"https:\/\/www.artestar.eu\/pt-pt\/?s={search_term_string}\"},\"query-input\":\"required name=search_term_string\"}],\"inLanguage\":\"pt-PT\"},{\"@type\":[\"Organization\",\"Place\"],\"@id\":\"https:\/\/www.artestar.eu\/pt-pt\/#organization\",\"name\":\"RUBY ABALORIO S.L.\",\"alternateName\":\"Artestar\",\"url\":\"https:\/\/www.artestar.eu\/pt-pt\/\",\"logo\":{\"@id\":\"https:\/\/www.artestar.eu\/pt-pt\/atacado\/duas-faces-perolas-polidas-cultivadas\/#local-main-organization-logo\"},\"image\":{\"@id\":\"https:\/\/www.artestar.eu\/pt-pt\/atacado\/duas-faces-perolas-polidas-cultivadas\/#local-main-organization-logo\"},\"sameAs\":[\"https:\/\/www.facebook.com\/ARTESTAREU\",\"https:\/\/www.instagram.com\/artestareu\/\",\"https:\/\/www.pinterest.es\/artestar_eu\/\",\"https:\/\/www.tiktok.com\/@artestar_wholesale\"],\"openingHoursSpecification\":[{\"@type\":\"OpeningHoursSpecification\",\"dayOfWeek\":[\"Monday\",\"Tuesday\",\"Wednesday\",\"Thursday\",\"Friday\",\"Saturday\",\"Sunday\"],\"opens\":\"09:00\",\"closes\":\"17:00\"}]},{\"@type\":\"ImageObject\",\"inLanguage\":\"pt-PT\",\"@id\":\"https:\/\/www.artestar.eu\/pt-pt\/atacado\/duas-faces-perolas-polidas-cultivadas\/#local-main-organization-logo\",\"url\":\"https:\/\/www.artestar.eu\/wp-content\/uploads\/2023\/05\/cropped-png.png\",\"contentUrl\":\"https:\/\/www.artestar.eu\/wp-content\/uploads\/2023\/05\/cropped-png.png\",\"width\":512,\"height\":512,\"caption\":\"RUBY ABALORIO S.L.\"}]}<\/script>\n<meta property=\"og:availability\" content=\"instock\" \/>\n<meta property=\"product:availability\" content=\"instock\" \/>\n<meta property=\"product:retailer_item_id\" content=\"ZZ-LMG-0001-0002\" \/>\n<meta property=\"product:condition\" content=\"new\" \/>\n<!-- \/ Yoast SEO Premium plugin. -->","yoast_head_json":{"title":"P\u00e9rolas cultivadas polidas de dois lados - Artestar","description":"P\u00e9rolas de \u00e1gua doce cultivadas fazem \u00f3timos acess\u00f3rios artesanais. Todas as p\u00e9rolas cultivadas naturalmente s\u00e3o \u00fanicas.","robots":{"index":"index","follow":"follow","max-snippet":"max-snippet:-1","max-image-preview":"max-image-preview:large","max-video-preview":"max-video-preview:-1"},"canonical":"https:\/\/www.artestar.eu\/pt-pt\/atacado\/duas-faces-perolas-polidas-cultivadas\/","og_locale":"pt_PT","og_type":"article","og_title":"Dois lados polido p\u00e9rolas cultivadas","og_description":"P\u00e9rolas de \u00e1gua doce cultivadas fazem \u00f3timos acess\u00f3rios artesanais. Todas as p\u00e9rolas cultivadas naturalmente s\u00e3o \u00fanicas.","og_url":"https:\/\/www.artestar.eu\/pt-pt\/atacado\/duas-faces-perolas-polidas-cultivadas\/","og_site_name":"Artestar","article_publisher":"https:\/\/www.facebook.com\/ARTESTAREU","article_modified_time":"2023-10-24T06:39:19+00:00","og_image":[{"width":600,"height":600,"url":"https:\/\/www.artestar.eu\/wp-content\/uploads\/2023\/06\/cultured-pearls-3.jpg","type":"image\/jpeg"}],"twitter_card":"summary_large_image","twitter_misc":{"Availability":"Em estoque"},"schema":{"@context":"https:\/\/schema.org","@graph":[{"@type":"WebPage","@id":"https:\/\/www.artestar.eu\/pt-pt\/atacado\/duas-faces-perolas-polidas-cultivadas\/","url":"https:\/\/www.artestar.eu\/pt-pt\/atacado\/duas-faces-perolas-polidas-cultivadas\/","name":"P\u00e9rolas cultivadas polidas de dois lados - Artestar","isPartOf":{"@id":"https:\/\/www.artestar.eu\/pt-pt\/#website"},"datePublished":"2023-06-06T05:51:13+00:00","dateModified":"2023-10-24T06:39:19+00:00","description":"P\u00e9rolas de \u00e1gua doce cultivadas fazem \u00f3timos acess\u00f3rios artesanais. Todas as p\u00e9rolas cultivadas naturalmente s\u00e3o \u00fanicas.","breadcrumb":{"@id":"https:\/\/www.artestar.eu\/pt-pt\/atacado\/duas-faces-perolas-polidas-cultivadas\/#breadcrumb"},"inLanguage":"pt-PT","potentialAction":[{"@type":"ReadAction","target":["https:\/\/www.artestar.eu\/pt-pt\/atacado\/duas-faces-perolas-polidas-cultivadas\/"]}]},{"@type":"BreadcrumbList","@id":"https:\/\/www.artestar.eu\/pt-pt\/atacado\/duas-faces-perolas-polidas-cultivadas\/#breadcrumb","itemListElement":[{"@type":"ListItem","position":1,"name":"Artestar","item":"https:\/\/www.artestar.eu\/pt-pt\/"},{"@type":"ListItem","position":2,"name":"Atacado","item":"https:\/\/www.artestar.eu\/pt-pt\/atacado\/"},{"@type":"ListItem","position":3,"name":"Dois lados polido p\u00e9rolas cultivadas"}]},{"@type":"WebSite","@id":"https:\/\/www.artestar.eu\/pt-pt\/#website","url":"https:\/\/www.artestar.eu\/pt-pt\/","name":"Artestar","description":"Mayorista en abalorios y joyer\u00eda","publisher":{"@id":"https:\/\/www.artestar.eu\/pt-pt\/#organization"},"alternateName":"Artestar-EU","potentialAction":[{"@type":"SearchAction","target":{"@type":"EntryPoint","urlTemplate":"https:\/\/www.artestar.eu\/pt-pt\/?s={search_term_string}"},"query-input":"required name=search_term_string"}],"inLanguage":"pt-PT"},{"@type":["Organization","Place"],"@id":"https:\/\/www.artestar.eu\/pt-pt\/#organization","name":"RUBY ABALORIO S.L.","alternateName":"Artestar","url":"https:\/\/www.artestar.eu\/pt-pt\/","logo":{"@id":"https:\/\/www.artestar.eu\/pt-pt\/atacado\/duas-faces-perolas-polidas-cultivadas\/#local-main-organization-logo"},"image":{"@id":"https:\/\/www.artestar.eu\/pt-pt\/atacado\/duas-faces-perolas-polidas-cultivadas\/#local-main-organization-logo"},"sameAs":["https:\/\/www.facebook.com\/ARTESTAREU","https:\/\/www.instagram.com\/artestareu\/","https:\/\/www.pinterest.es\/artestar_eu\/","https:\/\/www.tiktok.com\/@artestar_wholesale"],"openingHoursSpecification":[{"@type":"OpeningHoursSpecification","dayOfWeek":["Monday","Tuesday","Wednesday","Thursday","Friday","Saturday","Sunday"],"opens":"09:00","closes":"17:00"}]},{"@type":"ImageObject","inLanguage":"pt-PT","@id":"https:\/\/www.artestar.eu\/pt-pt\/atacado\/duas-faces-perolas-polidas-cultivadas\/#local-main-organization-logo","url":"https:\/\/www.artestar.eu\/wp-content\/uploads\/2023\/05\/cropped-png.png","contentUrl":"https:\/\/www.artestar.eu\/wp-content\/uploads\/2023\/05\/cropped-png.png","width":512,"height":512,"caption":"RUBY ABALORIO S.L."}]},"og_availability":"instock","product_availability":"instock","product_retailer_item_id":"ZZ-LMG-0001-0002","product_condition":"new"},"tiered_pricing_type":"fixed","tiered_pricing_fixed_rules":[],"tiered_pricing_percentage_rules":[],"tiered_pricing_minimum":null,"_administrator_tiered_pricing_type":"fixed","_administrator_tiered_pricing_fixed_rules":[],"_editor_tiered_pricing_type":"fixed","_editor_tiered_pricing_fixed_rules":[],"_author_tiered_pricing_type":"fixed","_author_tiered_pricing_fixed_rules":[],"_contributor_tiered_pricing_type":"fixed","_contributor_tiered_pricing_fixed_rules":[],"_subscriber_tiered_pricing_type":"fixed","_subscriber_tiered_pricing_fixed_rules":[],"_wpseo_manager_tiered_pricing_type":"fixed","_wpseo_manager_tiered_pricing_fixed_rules":[],"_wpseo_editor_tiered_pricing_type":"fixed","_wpseo_editor_tiered_pricing_fixed_rules":[],"_customer_tiered_pricing_type":"fixed","_customer_tiered_pricing_fixed_rules":[],"_shop_manager_tiered_pricing_type":"fixed","_shop_manager_tiered_pricing_fixed_rules":[],"_product_manager_tiered_pricing_type":"fixed","_product_manager_tiered_pricing_fixed_rules":[],"_links":{"self":[{"href":"https:\/\/www.artestar.eu\/pt-pt\/wp-json\/wp\/v2\/product\/31312"}],"collection":[{"href":"https:\/\/www.artestar.eu\/pt-pt\/wp-json\/wp\/v2\/product"}],"about":[{"href":"https:\/\/www.artestar.eu\/pt-pt\/wp-json\/wp\/v2\/types\/product"}],"replies":[{"embeddable":true,"href":"https:\/\/www.artestar.eu\/pt-pt\/wp-json\/wp\/v2\/comments?post=31312"}],"version-history":[{"count":2,"href":"https:\/\/www.artestar.eu\/pt-pt\/wp-json\/wp\/v2\/product\/31312\/revisions"}],"predecessor-version":[{"id":32508,"href":"https:\/\/www.artestar.eu\/pt-pt\/wp-json\/wp\/v2\/product\/31312\/revisions\/32508"}],"wp:featuredmedia":[{"embeddable":true,"href":"https:\/\/www.artestar.eu\/pt-pt\/wp-json\/wp\/v2\/media\/13311"}],"wp:attachment":[{"href":"https:\/\/www.artestar.eu\/pt-pt\/wp-json\/wp\/v2\/media?parent=31312"}],"wp:term":[{"taxonomy":"product_cat","embeddable":true,"href":"https:\/\/www.artestar.eu\/pt-pt\/wp-json\/wp\/v2\/product_cat?post=31312"},{"taxonomy":"product_tag","embeddable":true,"href":"https:\/\/www.artestar.eu\/pt-pt\/wp-json\/wp\/v2\/product_tag?post=31312"}],"curies":[{"name":"wp","href":"https:\/\/api.w.org\/{rel}","templated":true}]}}