{"id":35163,"date":"2023-09-08T09:11:37","date_gmt":"2023-09-08T09:11:37","guid":{"rendered":"https:\/\/www.artestar.eu\/al-por-mayor\/fio-de-poliester-trancado-colorido\/"},"modified":"2023-09-08T09:11:37","modified_gmt":"2023-09-08T09:11:37","slug":"fios-de-poliester-trancados-coloridos","status":"publish","type":"product","link":"https:\/\/www.artestar.eu\/pt-pt\/atacado\/fios-de-poliester-trancados-coloridos\/","title":{"rendered":"Fio de poli\u00e9ster tran\u00e7ado colorido"},"content":{"rendered":"<p>Fio de poli\u00e9ster tran\u00e7ado colorido<\/p>\n<ul>\n<li>Cor dur\u00e1vel: Os fios de poli\u00e9ster s\u00e3o feitos de fibras de poli\u00e9ster, usando um processo de tingimento de alta qualidade, os fios de poli\u00e9ster s\u00e3o cheios de cor e dur\u00e1veis. As cores permanecem vivas tanto no interior como no exterior.<\/li>\n<li>Praticidade: O fio de poli\u00e9ster tran\u00e7ado colorido \u00e9 muito dur\u00e1vel, com excelente resist\u00eancia \u00e0 abras\u00e3o e durabilidade. Al\u00e9m disso, n\u00e3o emaranha, n\u00e3o desbota, \u00e9 f\u00e1cil de usar e armazenar. E \u00e9 adequado para uma ampla gama de aplica\u00e7\u00f5es, como vestu\u00e1rio, decora\u00e7\u00e3o, artesanato e muito mais.<\/li>\n<li>Uso vers\u00e1til: O fio tran\u00e7ado de poli\u00e9ster ser\u00e1 ideal para o seu artesanato. Adequado para contas de bijuterias, artesanato DIY, tric\u00f4 de renda, n\u00f3 f\u00e1cil, pulseiras, colares, etc.<\/li>\n<li>F\u00e1cil de manter: O fio de poli\u00e9ster tingido n\u00e3o desbota ou desbota facilmente, e pode suportar v\u00e1rias lavagens e uso di\u00e1rio.<\/li>\n<\/ul>\n<p><img decoding=\"async\" class=\"alignnone size-full wp-image-34342\" src=\"https:\/\/www.artestar.eu\/wp-content\/uploads\/2023\/09\/Colorful-braided-polyester-thread-for-braided-jewelry-lace-bracelets-02.jpg\" alt=\"Fio de poli\u00e9ster tran\u00e7ado colorido\" width=\"600\" height=\"600\" srcset=\"https:\/\/www.artestar.eu\/wp-content\/uploads\/2023\/09\/Colorful-braided-polyester-thread-for-braided-jewelry-lace-bracelets-02.jpg 600w, https:\/\/www.artestar.eu\/wp-content\/uploads\/2023\/09\/Colorful-braided-polyester-thread-for-braided-jewelry-lace-bracelets-02-300x300.jpg 300w, https:\/\/www.artestar.eu\/wp-content\/uploads\/2023\/09\/Colorful-braided-polyester-thread-for-braided-jewelry-lace-bracelets-02-150x150.jpg 150w, https:\/\/www.artestar.eu\/wp-content\/uploads\/2023\/09\/Colorful-braided-polyester-thread-for-braided-jewelry-lace-bracelets-02-450x450.jpg 450w, https:\/\/www.artestar.eu\/wp-content\/uploads\/2023\/09\/Colorful-braided-polyester-thread-for-braided-jewelry-lace-bracelets-02-54x54.jpg 54w\" sizes=\"(max-width: 600px) 100vw, 600px\" \/><\/p>\n<p>Fio de poli\u00e9ster tran\u00e7ado<\/p>\n<ul>\n<li>Porque cada rolo de corda tran\u00e7ada vem em quantidade suficiente e em uma variedade de cores. Se voc\u00ea decidir usar esses fios de poli\u00e9ster para fazer n\u00f3s chineses agrad\u00e1veis. Tecelagem de redes de sonho, embrulho de garrafas, presentes, etc. Acreditamos que o seu artesanato vai subir para um novo n\u00edvel.<\/li>\n<li>Escolha fios de poli\u00e9ster tran\u00e7ados coloridos para criatividade ilimitada e produtos mais exclusivos e atraentes.<\/li>\n<li>Nota: Por favor, permita um pequeno erro devido \u00e0 medi\u00e7\u00e3o manual.<\/li>\n<\/ul>\n","protected":false},"excerpt":{"rendered":"<ul>\n<li>Quantidade: 1pcs.<\/li>\n<li>Tamanho: aprox. \u22051mm; Carretel: 54&#215;58 mm; aprox. 80 m\/rolo.<\/li>\n<li>Cord\u00e3o tran\u00e7ado para pulseiras DIY, colar, acess\u00f3rios para fazer joias.<\/li>\n<\/ul>\n","protected":false},"featured_media":34359,"comment_status":"open","ping_status":"closed","template":"","meta":[],"product_cat":[2399,2382],"product_tag":[2869,2874,2881,2891,2890,2873,2898,2899],"yoast_head":"<!-- This site is optimized with the Yoast SEO Premium plugin v20.5 (Yoast SEO v21.5) - https:\/\/yoast.com\/wordpress\/plugins\/seo\/ -->\n<title>Fio de poli\u00e9ster tran\u00e7ado colorido - Artestar<\/title>\n<meta name=\"description\" content=\"O fio de poli\u00e9ster tran\u00e7ado colorido \u00e9 compat\u00edvel com diferentes contas e acess\u00f3rios de joias. Vamos gostar de criar juntos.\" \/>\n<meta name=\"robots\" content=\"index, follow, max-snippet:-1, max-image-preview:large, max-video-preview:-1\" \/>\n<link rel=\"canonical\" href=\"https:\/\/www.artestar.eu\/pt-pt\/atacado\/fios-de-poliester-trancados-coloridos\/\" \/>\n<meta property=\"og:locale\" content=\"pt_PT\" \/>\n<meta property=\"og:type\" content=\"article\" \/>\n<meta property=\"og:title\" content=\"Fio de poli\u00e9ster tran\u00e7ado colorido\" \/>\n<meta property=\"og:description\" content=\"O fio de poli\u00e9ster tran\u00e7ado colorido \u00e9 compat\u00edvel com diferentes contas e acess\u00f3rios de joias. Vamos gostar de criar juntos.\" \/>\n<meta property=\"og:url\" content=\"https:\/\/www.artestar.eu\/pt-pt\/atacado\/fios-de-poliester-trancados-coloridos\/\" \/>\n<meta property=\"og:site_name\" content=\"Artestar\" \/>\n<meta property=\"article:publisher\" content=\"https:\/\/www.facebook.com\/ARTESTAREU\" \/>\n<meta property=\"og:image\" content=\"https:\/\/www.artestar.eu\/wp-content\/uploads\/2023\/09\/Colorful-braided-polyester-thread-for-braided-jewelry-lace-bracelets.jpg\" \/>\n\t<meta property=\"og:image:width\" content=\"600\" \/>\n\t<meta property=\"og:image:height\" content=\"600\" \/>\n\t<meta property=\"og:image:type\" content=\"image\/jpeg\" \/>\n<meta name=\"twitter:card\" content=\"summary_large_image\" \/>\n<meta name=\"twitter:label1\" content=\"Availability\" \/>\n\t<meta name=\"twitter:data1\" content=\"Em estoque\" \/>\n<script type=\"application\/ld+json\" class=\"yoast-schema-graph\">{\"@context\":\"https:\/\/schema.org\",\"@graph\":[{\"@type\":\"WebPage\",\"@id\":\"https:\/\/www.artestar.eu\/pt-pt\/atacado\/fios-de-poliester-trancados-coloridos\/\",\"url\":\"https:\/\/www.artestar.eu\/pt-pt\/atacado\/fios-de-poliester-trancados-coloridos\/\",\"name\":\"Fio de poli\u00e9ster tran\u00e7ado colorido - Artestar\",\"isPartOf\":{\"@id\":\"https:\/\/www.artestar.eu\/pt-pt\/#website\"},\"datePublished\":\"2023-09-08T09:11:37+00:00\",\"dateModified\":\"2023-09-08T09:11:37+00:00\",\"description\":\"O fio de poli\u00e9ster tran\u00e7ado colorido \u00e9 compat\u00edvel com diferentes contas e acess\u00f3rios de joias. Vamos gostar de criar juntos.\",\"breadcrumb\":{\"@id\":\"https:\/\/www.artestar.eu\/pt-pt\/atacado\/fios-de-poliester-trancados-coloridos\/#breadcrumb\"},\"inLanguage\":\"pt-PT\",\"potentialAction\":[{\"@type\":\"ReadAction\",\"target\":[\"https:\/\/www.artestar.eu\/pt-pt\/atacado\/fios-de-poliester-trancados-coloridos\/\"]}]},{\"@type\":\"BreadcrumbList\",\"@id\":\"https:\/\/www.artestar.eu\/pt-pt\/atacado\/fios-de-poliester-trancados-coloridos\/#breadcrumb\",\"itemListElement\":[{\"@type\":\"ListItem\",\"position\":1,\"name\":\"Artestar\",\"item\":\"https:\/\/www.artestar.eu\/pt-pt\/\"},{\"@type\":\"ListItem\",\"position\":2,\"name\":\"Atacado\",\"item\":\"https:\/\/www.artestar.eu\/pt-pt\/atacado\/\"},{\"@type\":\"ListItem\",\"position\":3,\"name\":\"Fio de poli\u00e9ster tran\u00e7ado colorido\"}]},{\"@type\":\"WebSite\",\"@id\":\"https:\/\/www.artestar.eu\/pt-pt\/#website\",\"url\":\"https:\/\/www.artestar.eu\/pt-pt\/\",\"name\":\"Artestar\",\"description\":\"Mayorista en abalorios y joyer\u00eda\",\"publisher\":{\"@id\":\"https:\/\/www.artestar.eu\/pt-pt\/#organization\"},\"alternateName\":\"Artestar-EU\",\"potentialAction\":[{\"@type\":\"SearchAction\",\"target\":{\"@type\":\"EntryPoint\",\"urlTemplate\":\"https:\/\/www.artestar.eu\/pt-pt\/?s={search_term_string}\"},\"query-input\":\"required name=search_term_string\"}],\"inLanguage\":\"pt-PT\"},{\"@type\":[\"Organization\",\"Place\"],\"@id\":\"https:\/\/www.artestar.eu\/pt-pt\/#organization\",\"name\":\"RUBY ABALORIO S.L.\",\"alternateName\":\"Artestar\",\"url\":\"https:\/\/www.artestar.eu\/pt-pt\/\",\"logo\":{\"@id\":\"https:\/\/www.artestar.eu\/pt-pt\/atacado\/fios-de-poliester-trancados-coloridos\/#local-main-organization-logo\"},\"image\":{\"@id\":\"https:\/\/www.artestar.eu\/pt-pt\/atacado\/fios-de-poliester-trancados-coloridos\/#local-main-organization-logo\"},\"sameAs\":[\"https:\/\/www.facebook.com\/ARTESTAREU\",\"https:\/\/www.instagram.com\/artestareu\/\",\"https:\/\/www.pinterest.es\/artestar_eu\/\",\"https:\/\/www.tiktok.com\/@artestar_wholesale\"],\"openingHoursSpecification\":[{\"@type\":\"OpeningHoursSpecification\",\"dayOfWeek\":[\"Monday\",\"Tuesday\",\"Wednesday\",\"Thursday\",\"Friday\",\"Saturday\",\"Sunday\"],\"opens\":\"09:00\",\"closes\":\"17:00\"}]},{\"@type\":\"ImageObject\",\"inLanguage\":\"pt-PT\",\"@id\":\"https:\/\/www.artestar.eu\/pt-pt\/atacado\/fios-de-poliester-trancados-coloridos\/#local-main-organization-logo\",\"url\":\"https:\/\/www.artestar.eu\/wp-content\/uploads\/2023\/05\/cropped-png.png\",\"contentUrl\":\"https:\/\/www.artestar.eu\/wp-content\/uploads\/2023\/05\/cropped-png.png\",\"width\":512,\"height\":512,\"caption\":\"RUBY ABALORIO S.L.\"}]}<\/script>\n<meta property=\"og:availability\" content=\"instock\" \/>\n<meta property=\"product:availability\" content=\"instock\" \/>\n<meta property=\"product:retailer_item_id\" content=\"XS-DL0001-0025\" \/>\n<meta property=\"product:condition\" content=\"new\" \/>\n<!-- \/ Yoast SEO Premium plugin. -->","yoast_head_json":{"title":"Fio de poli\u00e9ster tran\u00e7ado colorido - Artestar","description":"O fio de poli\u00e9ster tran\u00e7ado colorido \u00e9 compat\u00edvel com diferentes contas e acess\u00f3rios de joias. Vamos gostar de criar juntos.","robots":{"index":"index","follow":"follow","max-snippet":"max-snippet:-1","max-image-preview":"max-image-preview:large","max-video-preview":"max-video-preview:-1"},"canonical":"https:\/\/www.artestar.eu\/pt-pt\/atacado\/fios-de-poliester-trancados-coloridos\/","og_locale":"pt_PT","og_type":"article","og_title":"Fio de poli\u00e9ster tran\u00e7ado colorido","og_description":"O fio de poli\u00e9ster tran\u00e7ado colorido \u00e9 compat\u00edvel com diferentes contas e acess\u00f3rios de joias. Vamos gostar de criar juntos.","og_url":"https:\/\/www.artestar.eu\/pt-pt\/atacado\/fios-de-poliester-trancados-coloridos\/","og_site_name":"Artestar","article_publisher":"https:\/\/www.facebook.com\/ARTESTAREU","og_image":[{"width":600,"height":600,"url":"https:\/\/www.artestar.eu\/wp-content\/uploads\/2023\/09\/Colorful-braided-polyester-thread-for-braided-jewelry-lace-bracelets.jpg","type":"image\/jpeg"}],"twitter_card":"summary_large_image","twitter_misc":{"Availability":"Em estoque"},"schema":{"@context":"https:\/\/schema.org","@graph":[{"@type":"WebPage","@id":"https:\/\/www.artestar.eu\/pt-pt\/atacado\/fios-de-poliester-trancados-coloridos\/","url":"https:\/\/www.artestar.eu\/pt-pt\/atacado\/fios-de-poliester-trancados-coloridos\/","name":"Fio de poli\u00e9ster tran\u00e7ado colorido - Artestar","isPartOf":{"@id":"https:\/\/www.artestar.eu\/pt-pt\/#website"},"datePublished":"2023-09-08T09:11:37+00:00","dateModified":"2023-09-08T09:11:37+00:00","description":"O fio de poli\u00e9ster tran\u00e7ado colorido \u00e9 compat\u00edvel com diferentes contas e acess\u00f3rios de joias. Vamos gostar de criar juntos.","breadcrumb":{"@id":"https:\/\/www.artestar.eu\/pt-pt\/atacado\/fios-de-poliester-trancados-coloridos\/#breadcrumb"},"inLanguage":"pt-PT","potentialAction":[{"@type":"ReadAction","target":["https:\/\/www.artestar.eu\/pt-pt\/atacado\/fios-de-poliester-trancados-coloridos\/"]}]},{"@type":"BreadcrumbList","@id":"https:\/\/www.artestar.eu\/pt-pt\/atacado\/fios-de-poliester-trancados-coloridos\/#breadcrumb","itemListElement":[{"@type":"ListItem","position":1,"name":"Artestar","item":"https:\/\/www.artestar.eu\/pt-pt\/"},{"@type":"ListItem","position":2,"name":"Atacado","item":"https:\/\/www.artestar.eu\/pt-pt\/atacado\/"},{"@type":"ListItem","position":3,"name":"Fio de poli\u00e9ster tran\u00e7ado colorido"}]},{"@type":"WebSite","@id":"https:\/\/www.artestar.eu\/pt-pt\/#website","url":"https:\/\/www.artestar.eu\/pt-pt\/","name":"Artestar","description":"Mayorista en abalorios y joyer\u00eda","publisher":{"@id":"https:\/\/www.artestar.eu\/pt-pt\/#organization"},"alternateName":"Artestar-EU","potentialAction":[{"@type":"SearchAction","target":{"@type":"EntryPoint","urlTemplate":"https:\/\/www.artestar.eu\/pt-pt\/?s={search_term_string}"},"query-input":"required name=search_term_string"}],"inLanguage":"pt-PT"},{"@type":["Organization","Place"],"@id":"https:\/\/www.artestar.eu\/pt-pt\/#organization","name":"RUBY ABALORIO S.L.","alternateName":"Artestar","url":"https:\/\/www.artestar.eu\/pt-pt\/","logo":{"@id":"https:\/\/www.artestar.eu\/pt-pt\/atacado\/fios-de-poliester-trancados-coloridos\/#local-main-organization-logo"},"image":{"@id":"https:\/\/www.artestar.eu\/pt-pt\/atacado\/fios-de-poliester-trancados-coloridos\/#local-main-organization-logo"},"sameAs":["https:\/\/www.facebook.com\/ARTESTAREU","https:\/\/www.instagram.com\/artestareu\/","https:\/\/www.pinterest.es\/artestar_eu\/","https:\/\/www.tiktok.com\/@artestar_wholesale"],"openingHoursSpecification":[{"@type":"OpeningHoursSpecification","dayOfWeek":["Monday","Tuesday","Wednesday","Thursday","Friday","Saturday","Sunday"],"opens":"09:00","closes":"17:00"}]},{"@type":"ImageObject","inLanguage":"pt-PT","@id":"https:\/\/www.artestar.eu\/pt-pt\/atacado\/fios-de-poliester-trancados-coloridos\/#local-main-organization-logo","url":"https:\/\/www.artestar.eu\/wp-content\/uploads\/2023\/05\/cropped-png.png","contentUrl":"https:\/\/www.artestar.eu\/wp-content\/uploads\/2023\/05\/cropped-png.png","width":512,"height":512,"caption":"RUBY ABALORIO S.L."}]},"og_availability":"instock","product_availability":"instock","product_retailer_item_id":"XS-DL0001-0025","product_condition":"new"},"tiered_pricing_type":"fixed","tiered_pricing_fixed_rules":[],"tiered_pricing_percentage_rules":[],"tiered_pricing_minimum":null,"_administrator_tiered_pricing_type":"fixed","_administrator_tiered_pricing_fixed_rules":[],"_editor_tiered_pricing_type":"fixed","_editor_tiered_pricing_fixed_rules":[],"_author_tiered_pricing_type":"fixed","_author_tiered_pricing_fixed_rules":[],"_contributor_tiered_pricing_type":"fixed","_contributor_tiered_pricing_fixed_rules":[],"_subscriber_tiered_pricing_type":"fixed","_subscriber_tiered_pricing_fixed_rules":[],"_wpseo_manager_tiered_pricing_type":"fixed","_wpseo_manager_tiered_pricing_fixed_rules":[],"_wpseo_editor_tiered_pricing_type":"fixed","_wpseo_editor_tiered_pricing_fixed_rules":[],"_customer_tiered_pricing_type":"fixed","_customer_tiered_pricing_fixed_rules":[],"_shop_manager_tiered_pricing_type":"fixed","_shop_manager_tiered_pricing_fixed_rules":[],"_product_manager_tiered_pricing_type":"fixed","_product_manager_tiered_pricing_fixed_rules":[],"_links":{"self":[{"href":"https:\/\/www.artestar.eu\/pt-pt\/wp-json\/wp\/v2\/product\/35163"}],"collection":[{"href":"https:\/\/www.artestar.eu\/pt-pt\/wp-json\/wp\/v2\/product"}],"about":[{"href":"https:\/\/www.artestar.eu\/pt-pt\/wp-json\/wp\/v2\/types\/product"}],"replies":[{"embeddable":true,"href":"https:\/\/www.artestar.eu\/pt-pt\/wp-json\/wp\/v2\/comments?post=35163"}],"version-history":[{"count":0,"href":"https:\/\/www.artestar.eu\/pt-pt\/wp-json\/wp\/v2\/product\/35163\/revisions"}],"wp:featuredmedia":[{"embeddable":true,"href":"https:\/\/www.artestar.eu\/pt-pt\/wp-json\/wp\/v2\/media\/34359"}],"wp:attachment":[{"href":"https:\/\/www.artestar.eu\/pt-pt\/wp-json\/wp\/v2\/media?parent=35163"}],"wp:term":[{"taxonomy":"product_cat","embeddable":true,"href":"https:\/\/www.artestar.eu\/pt-pt\/wp-json\/wp\/v2\/product_cat?post=35163"},{"taxonomy":"product_tag","embeddable":true,"href":"https:\/\/www.artestar.eu\/pt-pt\/wp-json\/wp\/v2\/product_tag?post=35163"}],"curies":[{"name":"wp","href":"https:\/\/api.w.org\/{rel}","templated":true}]}}