{"id":35263,"date":"2023-09-14T02:23:53","date_gmt":"2023-09-14T02:23:53","guid":{"rendered":"https:\/\/www.artestar.eu\/al-por-mayor\/pulseira-deslizante-deslizante-ajustavel-em-latao-com-extremidades-de-esfera\/"},"modified":"2023-09-19T03:15:12","modified_gmt":"2023-09-19T03:15:12","slug":"deslizante-latao-pulseira-deslizante-ajustavel-com-pontas-esfera","status":"publish","type":"product","link":"https:\/\/www.artestar.eu\/pt-pt\/atacado\/deslizante-latao-pulseira-deslizante-ajustavel-com-pontas-esfera\/","title":{"rendered":"Pulseira deslizante ajust\u00e1vel de lat\u00e3o\uff08com extremidades esf\u00e9ricas\uff09"},"content":{"rendered":"<h5>Pulseira deslizante ajust\u00e1vel de lat\u00e3o\uff08com extremidades esf\u00e9ricas\uff09<\/h5>\n<ul>\n<li>Design: Esta pulseira \u00e9 feita com uma corrente de cobre. O tal\u00e3o de paragem (com pega de borracha no interior) desliza ao longo da corrente da caixa para manter a pulseira segura no comprimento desejado. Os detalhes redondos em vidro da extremidade s\u00e3o soldados. Porque a pulseira vem com dois an\u00e9is de salto que podem ser fisgados. Permitindo-lhe adicionar uma variedade de ornamentos para criar uma pulseira \u00fanica de acordo com as suas prefer\u00eancias pessoais e criatividade.<\/li>\n<li>Material: Porque esta pulseira \u00e9 feita de lat\u00e3o, o lat\u00e3o resiste \u00e0 corros\u00e3o e ao desgaste., o revestimento \u00e9 dur\u00e1vel e n\u00e3o desbota facilmente. As pulseiras de corrente deslizante certamente capturar\u00e3o a luz e criar\u00e3o um brilho vibrante que destacar\u00e1 o luxo em voc\u00ea.<\/li>\n<li>Uso: Esta pulseira semi-acabada \u00e9 f\u00e1cil de usar. Porque basta deslizar o \u00fanico controle deslizante em forma de tal\u00e3o ao longo da cadeia para mant\u00ea-lo no lugar por todo o comprimento da cadeia. Insira dois an\u00e9is de liga\u00e7\u00e3o para completar a pulseira. Porque o comprimento da pulseira adapta-se a todos os tamanhos de pulso e pode ser ajustado de acordo com as suas prefer\u00eancias e necessidades pessoais.<\/li>\n<li>Aplica\u00e7\u00e3o: Porque voc\u00ea pode adicionar uma variedade de encantos, contas semi-preciosas, contas de cristal, p\u00e9rolas e outros ornamentos em ambos os lados do anel aberto. \u00c9 uma boa escolha de presente para sua fam\u00edlia e amigos no Dia das M\u00e3es, Halloween, Dia dos Namorados, Natal e outros feriados.<\/li>\n<\/ul>\n<p><img decoding=\"async\" class=\"alignnone size-full wp-image-34938\" src=\"https:\/\/www.artestar.eu\/wp-content\/uploads\/2023\/09\/brass-slider-adjustable-slider-bracelet-with-ball-ends-03.jpg\" alt=\"Pulseira deslizante deslizante ajust\u00e1vel em lat\u00e3o (com extremidades de esfera)\" width=\"600\" height=\"600\" srcset=\"https:\/\/www.artestar.eu\/wp-content\/uploads\/2023\/09\/brass-slider-adjustable-slider-bracelet-with-ball-ends-03.jpg 600w, https:\/\/www.artestar.eu\/wp-content\/uploads\/2023\/09\/brass-slider-adjustable-slider-bracelet-with-ball-ends-03-300x300.jpg 300w, https:\/\/www.artestar.eu\/wp-content\/uploads\/2023\/09\/brass-slider-adjustable-slider-bracelet-with-ball-ends-03-150x150.jpg 150w, https:\/\/www.artestar.eu\/wp-content\/uploads\/2023\/09\/brass-slider-adjustable-slider-bracelet-with-ball-ends-03-450x450.jpg 450w, https:\/\/www.artestar.eu\/wp-content\/uploads\/2023\/09\/brass-slider-adjustable-slider-bracelet-with-ball-ends-03-54x54.jpg 54w\" sizes=\"(max-width: 600px) 100vw, 600px\" \/><\/p>\n<h5>Pulseira deslizante deslizante ajust\u00e1vel em lat\u00e3o<\/h5>\n<p>&nbsp;<\/p>\n<ul>\n<li>Nota: Por favor, permita um pequeno erro devido \u00e0 medi\u00e7\u00e3o manual.<\/li>\n<\/ul>\n","protected":false},"excerpt":{"rendered":"<ul>\n<li>Quantidade: 1pcs.<\/li>\n<li class=\"a-spacing-mini\"><span class=\"a-list-item\">Tamanho aprox <\/span>.: <span class=\"a-list-item\">220 mm de comprimento, 1,2 mm de espessura, furo: 2 mm.<\/span><\/li>\n<li>Pode ser usado com mi\u00e7angas, acess\u00f3rios pendurados, etc. para fazer pulseiras.<\/li>\n<\/ul>\n","protected":false},"featured_media":34925,"comment_status":"open","ping_status":"closed","template":"","meta":[],"product_cat":[1681,2372],"product_tag":[3127,2869,2898,3076,3126],"yoast_head":"<!-- This site is optimized with the Yoast SEO Premium plugin v20.5 (Yoast SEO v21.5) - https:\/\/yoast.com\/wordpress\/plugins\/seo\/ -->\n<title>Pulseira deslizante ajust\u00e1vel de lat\u00e3o -% Artestar% Artestar%%<\/title>\n<meta name=\"description\" content=\"O controle deslizante de pulseira deslizante ajust\u00e1vel em lat\u00e3o combina com diferentes contas e acess\u00f3rios para criar diferentes estilos de pulseira.\" \/>\n<meta name=\"robots\" content=\"index, follow, max-snippet:-1, max-image-preview:large, max-video-preview:-1\" \/>\n<link rel=\"canonical\" href=\"https:\/\/www.artestar.eu\/pt-pt\/atacado\/deslizante-latao-pulseira-deslizante-ajustavel-com-pontas-esfera\/\" \/>\n<meta property=\"og:locale\" content=\"pt_PT\" \/>\n<meta property=\"og:type\" content=\"article\" \/>\n<meta property=\"og:title\" content=\"Pulseira deslizante ajust\u00e1vel de lat\u00e3o\uff08com extremidades esf\u00e9ricas\uff09\" \/>\n<meta property=\"og:description\" content=\"O controle deslizante de pulseira deslizante ajust\u00e1vel em lat\u00e3o combina com diferentes contas e acess\u00f3rios para criar diferentes estilos de pulseira.\" \/>\n<meta property=\"og:url\" content=\"https:\/\/www.artestar.eu\/pt-pt\/atacado\/deslizante-latao-pulseira-deslizante-ajustavel-com-pontas-esfera\/\" \/>\n<meta property=\"og:site_name\" content=\"Artestar\" \/>\n<meta property=\"article:publisher\" content=\"https:\/\/www.facebook.com\/ARTESTAREU\" \/>\n<meta property=\"article:modified_time\" content=\"2023-09-19T03:15:12+00:00\" \/>\n<meta property=\"og:image\" content=\"https:\/\/www.artestar.eu\/wp-content\/uploads\/2023\/09\/brass-slider-adjustable-slider-bracelet-with-ball-ends.jpg\" \/>\n\t<meta property=\"og:image:width\" content=\"600\" \/>\n\t<meta property=\"og:image:height\" content=\"600\" \/>\n\t<meta property=\"og:image:type\" content=\"image\/jpeg\" \/>\n<meta name=\"twitter:card\" content=\"summary_large_image\" \/>\n<meta name=\"twitter:label1\" content=\"pre\u00e7o\" \/>\n\t<meta name=\"twitter:data1\" content=\"0,76&nbsp;&euro; (IVA N\u00c3O inclu\u00eddo)\" \/>\n\t<meta name=\"twitter:label2\" content=\"Availability\" \/>\n\t<meta name=\"twitter:data2\" content=\"Em estoque\" \/>\n<script type=\"application\/ld+json\" class=\"yoast-schema-graph\">{\"@context\":\"https:\/\/schema.org\",\"@graph\":[{\"@type\":\"WebPage\",\"@id\":\"https:\/\/www.artestar.eu\/pt-pt\/atacado\/deslizante-latao-pulseira-deslizante-ajustavel-com-pontas-esfera\/\",\"url\":\"https:\/\/www.artestar.eu\/pt-pt\/atacado\/deslizante-latao-pulseira-deslizante-ajustavel-com-pontas-esfera\/\",\"name\":\"Pulseira deslizante ajust\u00e1vel de lat\u00e3o -% Artestar% Artestar%%\",\"isPartOf\":{\"@id\":\"https:\/\/www.artestar.eu\/pt-pt\/#website\"},\"datePublished\":\"2023-09-14T02:23:53+00:00\",\"dateModified\":\"2023-09-19T03:15:12+00:00\",\"description\":\"O controle deslizante de pulseira deslizante ajust\u00e1vel em lat\u00e3o combina com diferentes contas e acess\u00f3rios para criar diferentes estilos de pulseira.\",\"breadcrumb\":{\"@id\":\"https:\/\/www.artestar.eu\/pt-pt\/atacado\/deslizante-latao-pulseira-deslizante-ajustavel-com-pontas-esfera\/#breadcrumb\"},\"inLanguage\":\"pt-PT\",\"potentialAction\":[{\"@type\":\"ReadAction\",\"target\":[\"https:\/\/www.artestar.eu\/pt-pt\/atacado\/deslizante-latao-pulseira-deslizante-ajustavel-com-pontas-esfera\/\"]}]},{\"@type\":\"BreadcrumbList\",\"@id\":\"https:\/\/www.artestar.eu\/pt-pt\/atacado\/deslizante-latao-pulseira-deslizante-ajustavel-com-pontas-esfera\/#breadcrumb\",\"itemListElement\":[{\"@type\":\"ListItem\",\"position\":1,\"name\":\"Artestar\",\"item\":\"https:\/\/www.artestar.eu\/pt-pt\/\"},{\"@type\":\"ListItem\",\"position\":2,\"name\":\"Atacado\",\"item\":\"https:\/\/www.artestar.eu\/pt-pt\/atacado\/\"},{\"@type\":\"ListItem\",\"position\":3,\"name\":\"Pulseira deslizante ajust\u00e1vel de lat\u00e3o\uff08com extremidades esf\u00e9ricas\uff09\"}]},{\"@type\":\"WebSite\",\"@id\":\"https:\/\/www.artestar.eu\/pt-pt\/#website\",\"url\":\"https:\/\/www.artestar.eu\/pt-pt\/\",\"name\":\"Artestar\",\"description\":\"Mayorista en abalorios y joyer\u00eda\",\"publisher\":{\"@id\":\"https:\/\/www.artestar.eu\/pt-pt\/#organization\"},\"alternateName\":\"Artestar-EU\",\"potentialAction\":[{\"@type\":\"SearchAction\",\"target\":{\"@type\":\"EntryPoint\",\"urlTemplate\":\"https:\/\/www.artestar.eu\/pt-pt\/?s={search_term_string}\"},\"query-input\":\"required name=search_term_string\"}],\"inLanguage\":\"pt-PT\"},{\"@type\":[\"Organization\",\"Place\"],\"@id\":\"https:\/\/www.artestar.eu\/pt-pt\/#organization\",\"name\":\"RUBY ABALORIO S.L.\",\"alternateName\":\"Artestar\",\"url\":\"https:\/\/www.artestar.eu\/pt-pt\/\",\"logo\":{\"@id\":\"https:\/\/www.artestar.eu\/pt-pt\/atacado\/deslizante-latao-pulseira-deslizante-ajustavel-com-pontas-esfera\/#local-main-organization-logo\"},\"image\":{\"@id\":\"https:\/\/www.artestar.eu\/pt-pt\/atacado\/deslizante-latao-pulseira-deslizante-ajustavel-com-pontas-esfera\/#local-main-organization-logo\"},\"sameAs\":[\"https:\/\/www.facebook.com\/ARTESTAREU\",\"https:\/\/www.instagram.com\/artestareu\/\",\"https:\/\/www.pinterest.es\/artestar_eu\/\",\"https:\/\/www.tiktok.com\/@artestar_wholesale\"],\"openingHoursSpecification\":[{\"@type\":\"OpeningHoursSpecification\",\"dayOfWeek\":[\"Monday\",\"Tuesday\",\"Wednesday\",\"Thursday\",\"Friday\",\"Saturday\",\"Sunday\"],\"opens\":\"09:00\",\"closes\":\"17:00\"}]},{\"@type\":\"ImageObject\",\"inLanguage\":\"pt-PT\",\"@id\":\"https:\/\/www.artestar.eu\/pt-pt\/atacado\/deslizante-latao-pulseira-deslizante-ajustavel-com-pontas-esfera\/#local-main-organization-logo\",\"url\":\"https:\/\/www.artestar.eu\/wp-content\/uploads\/2023\/05\/cropped-png.png\",\"contentUrl\":\"https:\/\/www.artestar.eu\/wp-content\/uploads\/2023\/05\/cropped-png.png\",\"width\":512,\"height\":512,\"caption\":\"RUBY ABALORIO S.L.\"}]}<\/script>\n<meta property=\"product:price:amount\" content=\"0.76\" \/>\n<meta property=\"product:price:currency\" content=\"EUR\" \/>\n<meta property=\"og:availability\" content=\"instock\" \/>\n<meta property=\"product:availability\" content=\"instock\" \/>\n<meta property=\"product:retailer_item_id\" content=\"BCPSL-T0002\" \/>\n<meta property=\"product:condition\" content=\"new\" \/>\n<!-- \/ Yoast SEO Premium plugin. -->","yoast_head_json":{"title":"Pulseira deslizante ajust\u00e1vel de lat\u00e3o -% Artestar% Artestar%%","description":"O controle deslizante de pulseira deslizante ajust\u00e1vel em lat\u00e3o combina com diferentes contas e acess\u00f3rios para criar diferentes estilos de pulseira.","robots":{"index":"index","follow":"follow","max-snippet":"max-snippet:-1","max-image-preview":"max-image-preview:large","max-video-preview":"max-video-preview:-1"},"canonical":"https:\/\/www.artestar.eu\/pt-pt\/atacado\/deslizante-latao-pulseira-deslizante-ajustavel-com-pontas-esfera\/","og_locale":"pt_PT","og_type":"article","og_title":"Pulseira deslizante ajust\u00e1vel de lat\u00e3o\uff08com extremidades esf\u00e9ricas\uff09","og_description":"O controle deslizante de pulseira deslizante ajust\u00e1vel em lat\u00e3o combina com diferentes contas e acess\u00f3rios para criar diferentes estilos de pulseira.","og_url":"https:\/\/www.artestar.eu\/pt-pt\/atacado\/deslizante-latao-pulseira-deslizante-ajustavel-com-pontas-esfera\/","og_site_name":"Artestar","article_publisher":"https:\/\/www.facebook.com\/ARTESTAREU","article_modified_time":"2023-09-19T03:15:12+00:00","og_image":[{"width":600,"height":600,"url":"https:\/\/www.artestar.eu\/wp-content\/uploads\/2023\/09\/brass-slider-adjustable-slider-bracelet-with-ball-ends.jpg","type":"image\/jpeg"}],"twitter_card":"summary_large_image","twitter_misc":{"pre\u00e7o":"0,76&nbsp;&euro; (IVA N\u00c3O inclu\u00eddo)","Availability":"Em estoque"},"schema":{"@context":"https:\/\/schema.org","@graph":[{"@type":"WebPage","@id":"https:\/\/www.artestar.eu\/pt-pt\/atacado\/deslizante-latao-pulseira-deslizante-ajustavel-com-pontas-esfera\/","url":"https:\/\/www.artestar.eu\/pt-pt\/atacado\/deslizante-latao-pulseira-deslizante-ajustavel-com-pontas-esfera\/","name":"Pulseira deslizante ajust\u00e1vel de lat\u00e3o -% Artestar% Artestar%%","isPartOf":{"@id":"https:\/\/www.artestar.eu\/pt-pt\/#website"},"datePublished":"2023-09-14T02:23:53+00:00","dateModified":"2023-09-19T03:15:12+00:00","description":"O controle deslizante de pulseira deslizante ajust\u00e1vel em lat\u00e3o combina com diferentes contas e acess\u00f3rios para criar diferentes estilos de pulseira.","breadcrumb":{"@id":"https:\/\/www.artestar.eu\/pt-pt\/atacado\/deslizante-latao-pulseira-deslizante-ajustavel-com-pontas-esfera\/#breadcrumb"},"inLanguage":"pt-PT","potentialAction":[{"@type":"ReadAction","target":["https:\/\/www.artestar.eu\/pt-pt\/atacado\/deslizante-latao-pulseira-deslizante-ajustavel-com-pontas-esfera\/"]}]},{"@type":"BreadcrumbList","@id":"https:\/\/www.artestar.eu\/pt-pt\/atacado\/deslizante-latao-pulseira-deslizante-ajustavel-com-pontas-esfera\/#breadcrumb","itemListElement":[{"@type":"ListItem","position":1,"name":"Artestar","item":"https:\/\/www.artestar.eu\/pt-pt\/"},{"@type":"ListItem","position":2,"name":"Atacado","item":"https:\/\/www.artestar.eu\/pt-pt\/atacado\/"},{"@type":"ListItem","position":3,"name":"Pulseira deslizante ajust\u00e1vel de lat\u00e3o\uff08com extremidades esf\u00e9ricas\uff09"}]},{"@type":"WebSite","@id":"https:\/\/www.artestar.eu\/pt-pt\/#website","url":"https:\/\/www.artestar.eu\/pt-pt\/","name":"Artestar","description":"Mayorista en abalorios y joyer\u00eda","publisher":{"@id":"https:\/\/www.artestar.eu\/pt-pt\/#organization"},"alternateName":"Artestar-EU","potentialAction":[{"@type":"SearchAction","target":{"@type":"EntryPoint","urlTemplate":"https:\/\/www.artestar.eu\/pt-pt\/?s={search_term_string}"},"query-input":"required name=search_term_string"}],"inLanguage":"pt-PT"},{"@type":["Organization","Place"],"@id":"https:\/\/www.artestar.eu\/pt-pt\/#organization","name":"RUBY ABALORIO S.L.","alternateName":"Artestar","url":"https:\/\/www.artestar.eu\/pt-pt\/","logo":{"@id":"https:\/\/www.artestar.eu\/pt-pt\/atacado\/deslizante-latao-pulseira-deslizante-ajustavel-com-pontas-esfera\/#local-main-organization-logo"},"image":{"@id":"https:\/\/www.artestar.eu\/pt-pt\/atacado\/deslizante-latao-pulseira-deslizante-ajustavel-com-pontas-esfera\/#local-main-organization-logo"},"sameAs":["https:\/\/www.facebook.com\/ARTESTAREU","https:\/\/www.instagram.com\/artestareu\/","https:\/\/www.pinterest.es\/artestar_eu\/","https:\/\/www.tiktok.com\/@artestar_wholesale"],"openingHoursSpecification":[{"@type":"OpeningHoursSpecification","dayOfWeek":["Monday","Tuesday","Wednesday","Thursday","Friday","Saturday","Sunday"],"opens":"09:00","closes":"17:00"}]},{"@type":"ImageObject","inLanguage":"pt-PT","@id":"https:\/\/www.artestar.eu\/pt-pt\/atacado\/deslizante-latao-pulseira-deslizante-ajustavel-com-pontas-esfera\/#local-main-organization-logo","url":"https:\/\/www.artestar.eu\/wp-content\/uploads\/2023\/05\/cropped-png.png","contentUrl":"https:\/\/www.artestar.eu\/wp-content\/uploads\/2023\/05\/cropped-png.png","width":512,"height":512,"caption":"RUBY ABALORIO S.L."}]},"product_price_amount":"0.76","product_price_currency":"EUR","og_availability":"instock","product_availability":"instock","product_retailer_item_id":"BCPSL-T0002","product_condition":"new"},"tiered_pricing_type":"fixed","tiered_pricing_fixed_rules":[],"tiered_pricing_percentage_rules":[],"tiered_pricing_minimum":null,"_administrator_tiered_pricing_type":"fixed","_administrator_tiered_pricing_fixed_rules":[],"_editor_tiered_pricing_type":"fixed","_editor_tiered_pricing_fixed_rules":[],"_author_tiered_pricing_type":"fixed","_author_tiered_pricing_fixed_rules":[],"_contributor_tiered_pricing_type":"fixed","_contributor_tiered_pricing_fixed_rules":[],"_subscriber_tiered_pricing_type":"fixed","_subscriber_tiered_pricing_fixed_rules":[],"_wpseo_manager_tiered_pricing_type":"fixed","_wpseo_manager_tiered_pricing_fixed_rules":[],"_wpseo_editor_tiered_pricing_type":"fixed","_wpseo_editor_tiered_pricing_fixed_rules":[],"_customer_tiered_pricing_type":"fixed","_customer_tiered_pricing_fixed_rules":[],"_shop_manager_tiered_pricing_type":"fixed","_shop_manager_tiered_pricing_fixed_rules":[],"_product_manager_tiered_pricing_type":"fixed","_product_manager_tiered_pricing_fixed_rules":[],"_links":{"self":[{"href":"https:\/\/www.artestar.eu\/pt-pt\/wp-json\/wp\/v2\/product\/35263"}],"collection":[{"href":"https:\/\/www.artestar.eu\/pt-pt\/wp-json\/wp\/v2\/product"}],"about":[{"href":"https:\/\/www.artestar.eu\/pt-pt\/wp-json\/wp\/v2\/types\/product"}],"replies":[{"embeddable":true,"href":"https:\/\/www.artestar.eu\/pt-pt\/wp-json\/wp\/v2\/comments?post=35263"}],"version-history":[{"count":1,"href":"https:\/\/www.artestar.eu\/pt-pt\/wp-json\/wp\/v2\/product\/35263\/revisions"}],"predecessor-version":[{"id":35379,"href":"https:\/\/www.artestar.eu\/pt-pt\/wp-json\/wp\/v2\/product\/35263\/revisions\/35379"}],"wp:featuredmedia":[{"embeddable":true,"href":"https:\/\/www.artestar.eu\/pt-pt\/wp-json\/wp\/v2\/media\/34925"}],"wp:attachment":[{"href":"https:\/\/www.artestar.eu\/pt-pt\/wp-json\/wp\/v2\/media?parent=35263"}],"wp:term":[{"taxonomy":"product_cat","embeddable":true,"href":"https:\/\/www.artestar.eu\/pt-pt\/wp-json\/wp\/v2\/product_cat?post=35263"},{"taxonomy":"product_tag","embeddable":true,"href":"https:\/\/www.artestar.eu\/pt-pt\/wp-json\/wp\/v2\/product_tag?post=35263"}],"curies":[{"name":"wp","href":"https:\/\/api.w.org\/{rel}","templated":true}]}}