{"id":46399,"date":"2023-11-27T16:14:46","date_gmt":"2023-11-27T16:14:46","guid":{"rendered":"https:\/\/www.artestar.eu\/?post_type=product&#038;p=46399"},"modified":"2023-12-04T10:34:18","modified_gmt":"2023-12-04T10:34:18","slug":"silicone-favo-de-mel-bolas-15mm","status":"publish","type":"product","link":"https:\/\/www.artestar.eu\/pt-pt\/atacado\/silicone-favo-de-mel-bolas-15mm\/","title":{"rendered":"50 bolas de favo de mel de silicone \u00d815mm"},"content":{"rendered":"<h3><strong>Bolas de favo de mel de silicone<\/strong><\/h3>\n<p>As contas de silicone em favo de mel s\u00e3o texturizadas para estimula\u00e7\u00e3o sensorial. S\u00e3o adequados para a cria\u00e7\u00e3o de pulseiras, colares, cabides de chupeta, brinquedos e outros of\u00edcios. Eles podem ser usados para aliviar o desconforto da denti\u00e7\u00e3o e como um mordedor de amamenta\u00e7\u00e3o perfeito para beb\u00eas.<\/p>\n<p>Estes materiais s\u00e3o feitos com silicone org\u00e2nico antibacteriano de qualidade alimentar livre de BPA, PVC, ftalatos, c\u00e1dmio e chumbo. Sem odores ou toxinas<\/p>\n<ul>\n<li>MEDIDAS: \u00d8 20mm.<\/li>\n<li>QUANTIDADE: Embalagem de 50 unidades.<\/li>\n<li>N\u00e3o deixe pe\u00e7as soltas ao alcance das crian\u00e7as, lave, esterilize pe\u00e7as antes de usar, inspecione antes de usar, pode ser lavado com sab\u00e3o neutro ou neutro, n\u00e3o use produtos abrasivos.<\/li>\n<\/ul>\n<p>&nbsp;<\/p>\n<p><strong>ADVERT\u00caNCIA<\/strong><\/p>\n<p>N\u00e3o deixe partes soltas ao alcance das crian\u00e7as, as partes soltas podem causar asfixia.<\/p>\n<p>Recomenda-se esterilizar antes de dar ao beb\u00e9 e manter o produto limpo antes de usar.<\/p>\n<p>F\u00e1cil de limpar, com \u00e1gua e sab\u00e3o, <strong>N\u00c3O UTILIZE PRODUTOS ABRASIVOS OU T\u00d3XICOS.<\/strong><\/p>\n<p><a href=\"https:\/\/www.rubydiy.com\/wp-content\/uploads\/2021\/06\/BS1550RS-1-1.jpg\"><img decoding=\"async\" class=\"alignnone wp-image-37565 size-fusion-800\" src=\"https:\/\/www.rubydiy.com\/wp-content\/uploads\/2021\/06\/BS1550RS-1-1-800x800.jpg\" alt=\"Contas de colmeia de silicone\" width=\"800\" height=\"800\"><\/a><\/p>\n<h3><strong>Contas de colmeia de silicone para mordedor<\/strong><\/h3>\n<p><strong>Conselhos<\/strong><\/p>\n<ul>\n<li>Limpeza: Deve ser esterilizada com \u00e1gua e sab\u00e3o neutro antes de cada uso.<\/li>\n<li>Deve limp\u00e1-lo ap\u00f3s cada utiliza\u00e7\u00e3o e deix\u00e1-lo secar ao ar.<\/li>\n<li>Verifique o estado das bolas com frequ\u00eancia. N\u00e3o coloque no micro-ondas.<\/li>\n<li>A cor pode variar ligeiramente devido \u00e0s configura\u00e7\u00f5es da tela.<\/li>\n<li>Tempo de utiliza\u00e7\u00e3o: m\u00e1ximo 6 meses para a higiene e seguran\u00e7a das crian\u00e7as.<\/li>\n<li>O Comprador assume total responsabilidade pela utiliza\u00e7\u00e3o do produto.<\/li>\n<li>Se qualquer dano ou perda for causado por neglig\u00eancia do comprador, o vendedor n\u00e3o ser\u00e1 respons\u00e1vel.<\/li>\n<\/ul>\n","protected":false},"excerpt":{"rendered":"<p><b>Bolas espirais de silicone \u00f8 15mm para mordedores.<\/b><\/p>\n<p><strong>Medi\u00e7\u00e3o:&nbsp;<\/strong>\u00d8 15mm.<\/p>\n<p><strong>Medi\u00e7\u00e3o interna:&nbsp;<\/strong>\u00d8 2mm.<\/p>\n<p><strong>Quantidade:<\/strong> 5 pcs.<\/p>\n<p><strong>Material:<\/strong>&nbsp;Silicone.<\/p>\n<p><\/p>\n","protected":false},"featured_media":38640,"comment_status":"closed","ping_status":"closed","template":"","meta":[],"product_cat":[],"product_tag":[],"yoast_head":"<!-- This site is optimized with the Yoast SEO Premium plugin v20.5 (Yoast SEO v21.5) - https:\/\/yoast.com\/wordpress\/plugins\/seo\/ -->\n<title>Bolas de favo de mel de silicone para artesanato<\/title>\n<meta name=\"description\" content=\"50 contas de bola de silicone em favo de mel \u00f815mm para montagem de correntes e brinquedos de chupeta, pe\u00e7as de silicone para beb\u00eas, contas de corrente de silicone para chupeta\" \/>\n<meta name=\"robots\" content=\"index, follow, max-snippet:-1, max-image-preview:large, max-video-preview:-1\" \/>\n<link rel=\"canonical\" href=\"https:\/\/www.artestar.eu\/pt-pt\/atacado\/silicone-favo-de-mel-bolas-15mm\/\" \/>\n<meta property=\"og:locale\" content=\"pt_PT\" \/>\n<meta property=\"og:type\" content=\"article\" \/>\n<meta property=\"og:title\" content=\"50 bolas de favo de mel de silicone \u00d815mm\" \/>\n<meta property=\"og:description\" content=\"50 contas de bola de silicone em favo de mel \u00f815mm para montagem de correntes e brinquedos de chupeta, pe\u00e7as de silicone para beb\u00eas, contas de corrente de silicone para chupeta\" \/>\n<meta property=\"og:url\" content=\"https:\/\/www.artestar.eu\/pt-pt\/atacado\/silicone-favo-de-mel-bolas-15mm\/\" \/>\n<meta property=\"og:site_name\" content=\"Artestar\" \/>\n<meta property=\"article:publisher\" content=\"https:\/\/www.facebook.com\/ARTESTAREU\" \/>\n<meta property=\"article:modified_time\" content=\"2023-12-04T10:34:18+00:00\" \/>\n<meta property=\"og:image\" content=\"https:\/\/www.artestar.eu\/wp-content\/uploads\/2023\/11\/BS1550RS-1-1.jpg\" \/>\n\t<meta property=\"og:image:width\" content=\"1500\" \/>\n\t<meta property=\"og:image:height\" content=\"1500\" \/>\n\t<meta property=\"og:image:type\" content=\"image\/jpeg\" \/>\n<meta name=\"twitter:card\" content=\"summary_large_image\" \/>\n<meta name=\"twitter:label1\" content=\"Availability\" \/>\n\t<meta name=\"twitter:data1\" content=\"Em estoque\" \/>\n<script type=\"application\/ld+json\" class=\"yoast-schema-graph\">{\"@context\":\"https:\/\/schema.org\",\"@graph\":[{\"@type\":\"WebPage\",\"@id\":\"https:\/\/www.artestar.eu\/pt-pt\/atacado\/silicone-favo-de-mel-bolas-15mm\/\",\"url\":\"https:\/\/www.artestar.eu\/pt-pt\/atacado\/silicone-favo-de-mel-bolas-15mm\/\",\"name\":\"Bolas de favo de mel de silicone para artesanato\",\"isPartOf\":{\"@id\":\"https:\/\/www.artestar.eu\/pt-pt\/#website\"},\"datePublished\":\"2023-11-27T16:14:46+00:00\",\"dateModified\":\"2023-12-04T10:34:18+00:00\",\"description\":\"50 contas de bola de silicone em favo de mel \u00f815mm para montagem de correntes e brinquedos de chupeta, pe\u00e7as de silicone para beb\u00eas, contas de corrente de silicone para chupeta\",\"breadcrumb\":{\"@id\":\"https:\/\/www.artestar.eu\/pt-pt\/atacado\/silicone-favo-de-mel-bolas-15mm\/#breadcrumb\"},\"inLanguage\":\"pt-PT\",\"potentialAction\":[{\"@type\":\"ReadAction\",\"target\":[\"https:\/\/www.artestar.eu\/pt-pt\/atacado\/silicone-favo-de-mel-bolas-15mm\/\"]}]},{\"@type\":\"BreadcrumbList\",\"@id\":\"https:\/\/www.artestar.eu\/pt-pt\/atacado\/silicone-favo-de-mel-bolas-15mm\/#breadcrumb\",\"itemListElement\":[{\"@type\":\"ListItem\",\"position\":1,\"name\":\"Artestar\",\"item\":\"https:\/\/www.artestar.eu\/pt-pt\/\"},{\"@type\":\"ListItem\",\"position\":2,\"name\":\"Atacado\",\"item\":\"https:\/\/www.artestar.eu\/pt-pt\/atacado\/\"},{\"@type\":\"ListItem\",\"position\":3,\"name\":\"50 bolas de favo de mel de silicone \u00d815mm\"}]},{\"@type\":\"WebSite\",\"@id\":\"https:\/\/www.artestar.eu\/pt-pt\/#website\",\"url\":\"https:\/\/www.artestar.eu\/pt-pt\/\",\"name\":\"Artestar\",\"description\":\"Mayorista en abalorios y joyer\u00eda\",\"publisher\":{\"@id\":\"https:\/\/www.artestar.eu\/pt-pt\/#organization\"},\"alternateName\":\"Artestar-EU\",\"potentialAction\":[{\"@type\":\"SearchAction\",\"target\":{\"@type\":\"EntryPoint\",\"urlTemplate\":\"https:\/\/www.artestar.eu\/pt-pt\/?s={search_term_string}\"},\"query-input\":\"required name=search_term_string\"}],\"inLanguage\":\"pt-PT\"},{\"@type\":[\"Organization\",\"Place\"],\"@id\":\"https:\/\/www.artestar.eu\/pt-pt\/#organization\",\"name\":\"RUBY ABALORIO S.L.\",\"alternateName\":\"Artestar\",\"url\":\"https:\/\/www.artestar.eu\/pt-pt\/\",\"logo\":{\"@id\":\"https:\/\/www.artestar.eu\/pt-pt\/atacado\/silicone-favo-de-mel-bolas-15mm\/#local-main-organization-logo\"},\"image\":{\"@id\":\"https:\/\/www.artestar.eu\/pt-pt\/atacado\/silicone-favo-de-mel-bolas-15mm\/#local-main-organization-logo\"},\"sameAs\":[\"https:\/\/www.facebook.com\/ARTESTAREU\",\"https:\/\/www.instagram.com\/artestareu\/\",\"https:\/\/www.pinterest.es\/artestar_eu\/\",\"https:\/\/www.tiktok.com\/@artestar_wholesale\"],\"openingHoursSpecification\":[{\"@type\":\"OpeningHoursSpecification\",\"dayOfWeek\":[\"Monday\",\"Tuesday\",\"Wednesday\",\"Thursday\",\"Friday\",\"Saturday\",\"Sunday\"],\"opens\":\"09:00\",\"closes\":\"17:00\"}]},{\"@type\":\"ImageObject\",\"inLanguage\":\"pt-PT\",\"@id\":\"https:\/\/www.artestar.eu\/pt-pt\/atacado\/silicone-favo-de-mel-bolas-15mm\/#local-main-organization-logo\",\"url\":\"https:\/\/www.artestar.eu\/wp-content\/uploads\/2023\/05\/cropped-png.png\",\"contentUrl\":\"https:\/\/www.artestar.eu\/wp-content\/uploads\/2023\/05\/cropped-png.png\",\"width\":512,\"height\":512,\"caption\":\"RUBY ABALORIO S.L.\"}]}<\/script>\n<meta property=\"og:availability\" content=\"instock\" \/>\n<meta property=\"product:availability\" content=\"instock\" \/>\n<meta property=\"product:retailer_item_id\" content=\"BS1550\" \/>\n<meta property=\"product:condition\" content=\"new\" \/>\n<!-- \/ Yoast SEO Premium plugin. -->","yoast_head_json":{"title":"Bolas de favo de mel de silicone para artesanato","description":"50 contas de bola de silicone em favo de mel \u00f815mm para montagem de correntes e brinquedos de chupeta, pe\u00e7as de silicone para beb\u00eas, contas de corrente de silicone para chupeta","robots":{"index":"index","follow":"follow","max-snippet":"max-snippet:-1","max-image-preview":"max-image-preview:large","max-video-preview":"max-video-preview:-1"},"canonical":"https:\/\/www.artestar.eu\/pt-pt\/atacado\/silicone-favo-de-mel-bolas-15mm\/","og_locale":"pt_PT","og_type":"article","og_title":"50 bolas de favo de mel de silicone \u00d815mm","og_description":"50 contas de bola de silicone em favo de mel \u00f815mm para montagem de correntes e brinquedos de chupeta, pe\u00e7as de silicone para beb\u00eas, contas de corrente de silicone para chupeta","og_url":"https:\/\/www.artestar.eu\/pt-pt\/atacado\/silicone-favo-de-mel-bolas-15mm\/","og_site_name":"Artestar","article_publisher":"https:\/\/www.facebook.com\/ARTESTAREU","article_modified_time":"2023-12-04T10:34:18+00:00","og_image":[{"width":1500,"height":1500,"url":"https:\/\/www.artestar.eu\/wp-content\/uploads\/2023\/11\/BS1550RS-1-1.jpg","type":"image\/jpeg"}],"twitter_card":"summary_large_image","twitter_misc":{"Availability":"Em estoque"},"schema":{"@context":"https:\/\/schema.org","@graph":[{"@type":"WebPage","@id":"https:\/\/www.artestar.eu\/pt-pt\/atacado\/silicone-favo-de-mel-bolas-15mm\/","url":"https:\/\/www.artestar.eu\/pt-pt\/atacado\/silicone-favo-de-mel-bolas-15mm\/","name":"Bolas de favo de mel de silicone para artesanato","isPartOf":{"@id":"https:\/\/www.artestar.eu\/pt-pt\/#website"},"datePublished":"2023-11-27T16:14:46+00:00","dateModified":"2023-12-04T10:34:18+00:00","description":"50 contas de bola de silicone em favo de mel \u00f815mm para montagem de correntes e brinquedos de chupeta, pe\u00e7as de silicone para beb\u00eas, contas de corrente de silicone para chupeta","breadcrumb":{"@id":"https:\/\/www.artestar.eu\/pt-pt\/atacado\/silicone-favo-de-mel-bolas-15mm\/#breadcrumb"},"inLanguage":"pt-PT","potentialAction":[{"@type":"ReadAction","target":["https:\/\/www.artestar.eu\/pt-pt\/atacado\/silicone-favo-de-mel-bolas-15mm\/"]}]},{"@type":"BreadcrumbList","@id":"https:\/\/www.artestar.eu\/pt-pt\/atacado\/silicone-favo-de-mel-bolas-15mm\/#breadcrumb","itemListElement":[{"@type":"ListItem","position":1,"name":"Artestar","item":"https:\/\/www.artestar.eu\/pt-pt\/"},{"@type":"ListItem","position":2,"name":"Atacado","item":"https:\/\/www.artestar.eu\/pt-pt\/atacado\/"},{"@type":"ListItem","position":3,"name":"50 bolas de favo de mel de silicone \u00d815mm"}]},{"@type":"WebSite","@id":"https:\/\/www.artestar.eu\/pt-pt\/#website","url":"https:\/\/www.artestar.eu\/pt-pt\/","name":"Artestar","description":"Mayorista en abalorios y joyer\u00eda","publisher":{"@id":"https:\/\/www.artestar.eu\/pt-pt\/#organization"},"alternateName":"Artestar-EU","potentialAction":[{"@type":"SearchAction","target":{"@type":"EntryPoint","urlTemplate":"https:\/\/www.artestar.eu\/pt-pt\/?s={search_term_string}"},"query-input":"required name=search_term_string"}],"inLanguage":"pt-PT"},{"@type":["Organization","Place"],"@id":"https:\/\/www.artestar.eu\/pt-pt\/#organization","name":"RUBY ABALORIO S.L.","alternateName":"Artestar","url":"https:\/\/www.artestar.eu\/pt-pt\/","logo":{"@id":"https:\/\/www.artestar.eu\/pt-pt\/atacado\/silicone-favo-de-mel-bolas-15mm\/#local-main-organization-logo"},"image":{"@id":"https:\/\/www.artestar.eu\/pt-pt\/atacado\/silicone-favo-de-mel-bolas-15mm\/#local-main-organization-logo"},"sameAs":["https:\/\/www.facebook.com\/ARTESTAREU","https:\/\/www.instagram.com\/artestareu\/","https:\/\/www.pinterest.es\/artestar_eu\/","https:\/\/www.tiktok.com\/@artestar_wholesale"],"openingHoursSpecification":[{"@type":"OpeningHoursSpecification","dayOfWeek":["Monday","Tuesday","Wednesday","Thursday","Friday","Saturday","Sunday"],"opens":"09:00","closes":"17:00"}]},{"@type":"ImageObject","inLanguage":"pt-PT","@id":"https:\/\/www.artestar.eu\/pt-pt\/atacado\/silicone-favo-de-mel-bolas-15mm\/#local-main-organization-logo","url":"https:\/\/www.artestar.eu\/wp-content\/uploads\/2023\/05\/cropped-png.png","contentUrl":"https:\/\/www.artestar.eu\/wp-content\/uploads\/2023\/05\/cropped-png.png","width":512,"height":512,"caption":"RUBY ABALORIO S.L."}]},"og_availability":"instock","product_availability":"instock","product_retailer_item_id":"BS1550","product_condition":"new"},"tiered_pricing_type":"fixed","tiered_pricing_fixed_rules":[],"tiered_pricing_percentage_rules":[],"tiered_pricing_minimum":null,"_administrator_tiered_pricing_type":"fixed","_administrator_tiered_pricing_fixed_rules":[],"_editor_tiered_pricing_type":"fixed","_editor_tiered_pricing_fixed_rules":[],"_author_tiered_pricing_type":"fixed","_author_tiered_pricing_fixed_rules":[],"_contributor_tiered_pricing_type":"fixed","_contributor_tiered_pricing_fixed_rules":[],"_subscriber_tiered_pricing_type":"fixed","_subscriber_tiered_pricing_fixed_rules":[],"_wpseo_manager_tiered_pricing_type":"fixed","_wpseo_manager_tiered_pricing_fixed_rules":[],"_wpseo_editor_tiered_pricing_type":"fixed","_wpseo_editor_tiered_pricing_fixed_rules":[],"_customer_tiered_pricing_type":"fixed","_customer_tiered_pricing_fixed_rules":[],"_shop_manager_tiered_pricing_type":"fixed","_shop_manager_tiered_pricing_fixed_rules":[],"_product_manager_tiered_pricing_type":"fixed","_product_manager_tiered_pricing_fixed_rules":[],"_links":{"self":[{"href":"https:\/\/www.artestar.eu\/pt-pt\/wp-json\/wp\/v2\/product\/46399"}],"collection":[{"href":"https:\/\/www.artestar.eu\/pt-pt\/wp-json\/wp\/v2\/product"}],"about":[{"href":"https:\/\/www.artestar.eu\/pt-pt\/wp-json\/wp\/v2\/types\/product"}],"replies":[{"embeddable":true,"href":"https:\/\/www.artestar.eu\/pt-pt\/wp-json\/wp\/v2\/comments?post=46399"}],"version-history":[{"count":1,"href":"https:\/\/www.artestar.eu\/pt-pt\/wp-json\/wp\/v2\/product\/46399\/revisions"}],"predecessor-version":[{"id":46667,"href":"https:\/\/www.artestar.eu\/pt-pt\/wp-json\/wp\/v2\/product\/46399\/revisions\/46667"}],"wp:featuredmedia":[{"embeddable":true,"href":"https:\/\/www.artestar.eu\/pt-pt\/wp-json\/wp\/v2\/media\/38640"}],"wp:attachment":[{"href":"https:\/\/www.artestar.eu\/pt-pt\/wp-json\/wp\/v2\/media?parent=46399"}],"wp:term":[{"taxonomy":"product_cat","embeddable":true,"href":"https:\/\/www.artestar.eu\/pt-pt\/wp-json\/wp\/v2\/product_cat?post=46399"},{"taxonomy":"product_tag","embeddable":true,"href":"https:\/\/www.artestar.eu\/pt-pt\/wp-json\/wp\/v2\/product_tag?post=46399"}],"curies":[{"name":"wp","href":"https:\/\/api.w.org\/{rel}","templated":true}]}}