{"id":46453,"date":"2023-11-27T16:14:16","date_gmt":"2023-11-27T16:14:16","guid":{"rendered":"https:\/\/www.artestar.eu\/?post_type=product&#038;p=46453"},"modified":"2023-12-13T11:33:20","modified_gmt":"2023-12-13T11:33:20","slug":"bolas-de-madeira-faia-18mm","status":"publish","type":"product","link":"https:\/\/www.artestar.eu\/pt-pt\/atacado\/bolas-de-madeira-faia-18mm\/","title":{"rendered":"500 Bolas de madeira de faia \u00d818mm"},"content":{"rendered":"<h3><strong>Bolas de madeira de faia 18mm<\/strong><\/h3>\n<p>Venda por atacado bolas de madeira de faia para cria\u00e7\u00e3o artesanal. Pack de 500 bolas de madeira de 18mm para colares, pulseiras, corrente de chupeta, chocalhos, decora\u00e7\u00f5es da casa.  <span class=\"a-list-item\">N\u00e3o \u00e9 adequado para crian\u00e7as com menos de 3 anos de idade; As crian\u00e7as devem utilizar sob supervis\u00e3o de um adulto. F\u00e1cil de pintar. Leve e dur\u00e1vel para uso prolongado.<\/span><\/p>\n<ul>\n<li>Quantidade: 500pcs<\/li>\n<li>Tamanho: forma redonda de 18mm<\/li>\n<li>Com um furo no interior de \u00d8 4mm<\/li>\n<li>Material: contas de madeira de faia 100% naturais<\/li>\n<\/ul>\n<p><img decoding=\"async\" class=\"alignnone wp-image-34873\" src=\"https:\/\/www.rubydiy.com\/wp-content\/uploads\/2021\/06\/Bola-madera-haya-18mm-1-1-300x300.jpg\" alt=\"Bolas de madeira de faia 18mm\" width=\"360\" height=\"360\"><img decoding=\"async\" class=\"alignnone wp-image-34879\" src=\"https:\/\/www.rubydiy.com\/wp-content\/uploads\/2021\/06\/Bola-madera-haya-18mm-2-300x300.jpg\" alt=\"Bolas de madeira de faia 18mm\" width=\"360\" height=\"360\"><\/p>\n<h3><strong>500 bolas de madeira de faia 18mm atacado<\/strong><\/h3>\n<p><strong>Especifica\u00e7\u00e3o<\/strong><\/p>\n<ul>\n<li>A cor pode variar ligeiramente devido \u00e0s configura\u00e7\u00f5es da tela.<\/li>\n<li>O Comprador assume total responsabilidade pela utiliza\u00e7\u00e3o do produto.<\/li>\n<li>Se qualquer dano ou perda for causado por neglig\u00eancia do comprador, o vendedor n\u00e3o ser\u00e1 respons\u00e1vel.<\/li>\n<\/ul>\n<p><strong>Conselhos<\/strong><\/p>\n<ul>\n<li>Se quiser limpar as contas de madeira, limpe-as suavemente com uma toalha h\u00famida.<\/li>\n<li>N\u00e3o os lave diretamente em \u00e1gua, o que afetar\u00e1 o brilho original da madeira.<\/li>\n<li>N\u00e3o submerja ou mergulhe quaisquer itens de madeira em \u00e1gua. N\u00e3o os coloque na marinha ou na m\u00e1quina de lavar lou\u00e7a.<\/li>\n<li>Os itens de madeira s\u00e3o feitos de madeira natural, por isso algumas varia\u00e7\u00f5es podem ocorrer e devem ser manuseados com cuidado para evitar danos.<\/li>\n<\/ul>\n","protected":false},"excerpt":{"rendered":"<p><strong>Medi\u00e7\u00e3o: <\/strong> \u00d8 18 mil\u00edmetros<\/p>\n<p><strong>Medi\u00e7\u00e3o interna: <\/strong>\u00d8 4mm<\/p>\n<p><strong>Quantidade: <\/strong>50 pcs<\/p>\n<p><strong>Material:<\/strong> Madeira de Faia<\/p>\n","protected":false},"featured_media":38569,"comment_status":"closed","ping_status":"closed","template":"","meta":[],"product_cat":[3156,3151],"product_tag":[],"yoast_head":"<!-- This site is optimized with the Yoast SEO Premium plugin v20.5 (Yoast SEO v21.5) - https:\/\/yoast.com\/wordpress\/plugins\/seo\/ -->\n<title>Bolas de madeira de 18mm para artesanato<\/title>\n<meta name=\"description\" content=\"500 contas Bolas de madeira de faia 18mm para artesanato e correntes de chupeta. Venda por atacado barato pequenas bolas de madeira de faia\" \/>\n<meta name=\"robots\" content=\"index, follow, max-snippet:-1, max-image-preview:large, max-video-preview:-1\" \/>\n<link rel=\"canonical\" href=\"https:\/\/www.artestar.eu\/pt-pt\/atacado\/bolas-de-madeira-faia-18mm\/\" \/>\n<meta property=\"og:locale\" content=\"pt_PT\" \/>\n<meta property=\"og:type\" content=\"article\" \/>\n<meta property=\"og:title\" content=\"500 Bolas de madeira de faia \u00d818mm\" \/>\n<meta property=\"og:description\" content=\"500 contas Bolas de madeira de faia 18mm para artesanato e correntes de chupeta. Venda por atacado barato pequenas bolas de madeira de faia\" \/>\n<meta property=\"og:url\" content=\"https:\/\/www.artestar.eu\/pt-pt\/atacado\/bolas-de-madeira-faia-18mm\/\" \/>\n<meta property=\"og:site_name\" content=\"Artestar\" \/>\n<meta property=\"article:publisher\" content=\"https:\/\/www.facebook.com\/ARTESTAREU\" \/>\n<meta property=\"article:modified_time\" content=\"2023-12-13T11:33:20+00:00\" \/>\n<meta property=\"og:image\" content=\"https:\/\/www.artestar.eu\/wp-content\/uploads\/2023\/11\/Bola-madera-haya-18mm-3.jpg\" \/>\n\t<meta property=\"og:image:width\" content=\"1000\" \/>\n\t<meta property=\"og:image:height\" content=\"1000\" \/>\n\t<meta property=\"og:image:type\" content=\"image\/jpeg\" \/>\n<meta name=\"twitter:card\" content=\"summary_large_image\" \/>\n<meta name=\"twitter:label1\" content=\"pre\u00e7o\" \/>\n\t<meta name=\"twitter:data1\" content=\"7,65&nbsp;&euro; (IVA N\u00c3O inclu\u00eddo)\" \/>\n\t<meta name=\"twitter:label2\" content=\"Availability\" \/>\n\t<meta name=\"twitter:data2\" content=\"Em estoque\" \/>\n<script type=\"application\/ld+json\" class=\"yoast-schema-graph\">{\"@context\":\"https:\/\/schema.org\",\"@graph\":[{\"@type\":\"WebPage\",\"@id\":\"https:\/\/www.artestar.eu\/pt-pt\/atacado\/bolas-de-madeira-faia-18mm\/\",\"url\":\"https:\/\/www.artestar.eu\/pt-pt\/atacado\/bolas-de-madeira-faia-18mm\/\",\"name\":\"Bolas de madeira de 18mm para artesanato\",\"isPartOf\":{\"@id\":\"https:\/\/www.artestar.eu\/pt-pt\/#website\"},\"datePublished\":\"2023-11-27T16:14:16+00:00\",\"dateModified\":\"2023-12-13T11:33:20+00:00\",\"description\":\"500 contas Bolas de madeira de faia 18mm para artesanato e correntes de chupeta. Venda por atacado barato pequenas bolas de madeira de faia\",\"breadcrumb\":{\"@id\":\"https:\/\/www.artestar.eu\/pt-pt\/atacado\/bolas-de-madeira-faia-18mm\/#breadcrumb\"},\"inLanguage\":\"pt-PT\",\"potentialAction\":[{\"@type\":\"ReadAction\",\"target\":[\"https:\/\/www.artestar.eu\/pt-pt\/atacado\/bolas-de-madeira-faia-18mm\/\"]}]},{\"@type\":\"BreadcrumbList\",\"@id\":\"https:\/\/www.artestar.eu\/pt-pt\/atacado\/bolas-de-madeira-faia-18mm\/#breadcrumb\",\"itemListElement\":[{\"@type\":\"ListItem\",\"position\":1,\"name\":\"Artestar\",\"item\":\"https:\/\/www.artestar.eu\/pt-pt\/\"},{\"@type\":\"ListItem\",\"position\":2,\"name\":\"Atacado\",\"item\":\"https:\/\/www.artestar.eu\/pt-pt\/atacado\/\"},{\"@type\":\"ListItem\",\"position\":3,\"name\":\"500 Bolas de madeira de faia \u00d818mm\"}]},{\"@type\":\"WebSite\",\"@id\":\"https:\/\/www.artestar.eu\/pt-pt\/#website\",\"url\":\"https:\/\/www.artestar.eu\/pt-pt\/\",\"name\":\"Artestar\",\"description\":\"Mayorista en abalorios y joyer\u00eda\",\"publisher\":{\"@id\":\"https:\/\/www.artestar.eu\/pt-pt\/#organization\"},\"alternateName\":\"Artestar-EU\",\"potentialAction\":[{\"@type\":\"SearchAction\",\"target\":{\"@type\":\"EntryPoint\",\"urlTemplate\":\"https:\/\/www.artestar.eu\/pt-pt\/?s={search_term_string}\"},\"query-input\":\"required name=search_term_string\"}],\"inLanguage\":\"pt-PT\"},{\"@type\":[\"Organization\",\"Place\"],\"@id\":\"https:\/\/www.artestar.eu\/pt-pt\/#organization\",\"name\":\"RUBY ABALORIO S.L.\",\"alternateName\":\"Artestar\",\"url\":\"https:\/\/www.artestar.eu\/pt-pt\/\",\"logo\":{\"@id\":\"https:\/\/www.artestar.eu\/pt-pt\/atacado\/bolas-de-madeira-faia-18mm\/#local-main-organization-logo\"},\"image\":{\"@id\":\"https:\/\/www.artestar.eu\/pt-pt\/atacado\/bolas-de-madeira-faia-18mm\/#local-main-organization-logo\"},\"sameAs\":[\"https:\/\/www.facebook.com\/ARTESTAREU\",\"https:\/\/www.instagram.com\/artestareu\/\",\"https:\/\/www.pinterest.es\/artestar_eu\/\",\"https:\/\/www.tiktok.com\/@artestar_wholesale\"],\"openingHoursSpecification\":[{\"@type\":\"OpeningHoursSpecification\",\"dayOfWeek\":[\"Monday\",\"Tuesday\",\"Wednesday\",\"Thursday\",\"Friday\",\"Saturday\",\"Sunday\"],\"opens\":\"09:00\",\"closes\":\"17:00\"}]},{\"@type\":\"ImageObject\",\"inLanguage\":\"pt-PT\",\"@id\":\"https:\/\/www.artestar.eu\/pt-pt\/atacado\/bolas-de-madeira-faia-18mm\/#local-main-organization-logo\",\"url\":\"https:\/\/www.artestar.eu\/wp-content\/uploads\/2023\/05\/cropped-png.png\",\"contentUrl\":\"https:\/\/www.artestar.eu\/wp-content\/uploads\/2023\/05\/cropped-png.png\",\"width\":512,\"height\":512,\"caption\":\"RUBY ABALORIO S.L.\"}]}<\/script>\n<meta property=\"product:price:amount\" content=\"7.65\" \/>\n<meta property=\"product:price:currency\" content=\"EUR\" \/>\n<meta property=\"og:availability\" content=\"instock\" \/>\n<meta property=\"product:availability\" content=\"instock\" \/>\n<meta property=\"product:retailer_item_id\" content=\"264\" \/>\n<meta property=\"product:condition\" content=\"new\" \/>\n<!-- \/ Yoast SEO Premium plugin. -->","yoast_head_json":{"title":"Bolas de madeira de 18mm para artesanato","description":"500 contas Bolas de madeira de faia 18mm para artesanato e correntes de chupeta. Venda por atacado barato pequenas bolas de madeira de faia","robots":{"index":"index","follow":"follow","max-snippet":"max-snippet:-1","max-image-preview":"max-image-preview:large","max-video-preview":"max-video-preview:-1"},"canonical":"https:\/\/www.artestar.eu\/pt-pt\/atacado\/bolas-de-madeira-faia-18mm\/","og_locale":"pt_PT","og_type":"article","og_title":"500 Bolas de madeira de faia \u00d818mm","og_description":"500 contas Bolas de madeira de faia 18mm para artesanato e correntes de chupeta. Venda por atacado barato pequenas bolas de madeira de faia","og_url":"https:\/\/www.artestar.eu\/pt-pt\/atacado\/bolas-de-madeira-faia-18mm\/","og_site_name":"Artestar","article_publisher":"https:\/\/www.facebook.com\/ARTESTAREU","article_modified_time":"2023-12-13T11:33:20+00:00","og_image":[{"width":1000,"height":1000,"url":"https:\/\/www.artestar.eu\/wp-content\/uploads\/2023\/11\/Bola-madera-haya-18mm-3.jpg","type":"image\/jpeg"}],"twitter_card":"summary_large_image","twitter_misc":{"pre\u00e7o":"7,65&nbsp;&euro; (IVA N\u00c3O inclu\u00eddo)","Availability":"Em estoque"},"schema":{"@context":"https:\/\/schema.org","@graph":[{"@type":"WebPage","@id":"https:\/\/www.artestar.eu\/pt-pt\/atacado\/bolas-de-madeira-faia-18mm\/","url":"https:\/\/www.artestar.eu\/pt-pt\/atacado\/bolas-de-madeira-faia-18mm\/","name":"Bolas de madeira de 18mm para artesanato","isPartOf":{"@id":"https:\/\/www.artestar.eu\/pt-pt\/#website"},"datePublished":"2023-11-27T16:14:16+00:00","dateModified":"2023-12-13T11:33:20+00:00","description":"500 contas Bolas de madeira de faia 18mm para artesanato e correntes de chupeta. Venda por atacado barato pequenas bolas de madeira de faia","breadcrumb":{"@id":"https:\/\/www.artestar.eu\/pt-pt\/atacado\/bolas-de-madeira-faia-18mm\/#breadcrumb"},"inLanguage":"pt-PT","potentialAction":[{"@type":"ReadAction","target":["https:\/\/www.artestar.eu\/pt-pt\/atacado\/bolas-de-madeira-faia-18mm\/"]}]},{"@type":"BreadcrumbList","@id":"https:\/\/www.artestar.eu\/pt-pt\/atacado\/bolas-de-madeira-faia-18mm\/#breadcrumb","itemListElement":[{"@type":"ListItem","position":1,"name":"Artestar","item":"https:\/\/www.artestar.eu\/pt-pt\/"},{"@type":"ListItem","position":2,"name":"Atacado","item":"https:\/\/www.artestar.eu\/pt-pt\/atacado\/"},{"@type":"ListItem","position":3,"name":"500 Bolas de madeira de faia \u00d818mm"}]},{"@type":"WebSite","@id":"https:\/\/www.artestar.eu\/pt-pt\/#website","url":"https:\/\/www.artestar.eu\/pt-pt\/","name":"Artestar","description":"Mayorista en abalorios y joyer\u00eda","publisher":{"@id":"https:\/\/www.artestar.eu\/pt-pt\/#organization"},"alternateName":"Artestar-EU","potentialAction":[{"@type":"SearchAction","target":{"@type":"EntryPoint","urlTemplate":"https:\/\/www.artestar.eu\/pt-pt\/?s={search_term_string}"},"query-input":"required name=search_term_string"}],"inLanguage":"pt-PT"},{"@type":["Organization","Place"],"@id":"https:\/\/www.artestar.eu\/pt-pt\/#organization","name":"RUBY ABALORIO S.L.","alternateName":"Artestar","url":"https:\/\/www.artestar.eu\/pt-pt\/","logo":{"@id":"https:\/\/www.artestar.eu\/pt-pt\/atacado\/bolas-de-madeira-faia-18mm\/#local-main-organization-logo"},"image":{"@id":"https:\/\/www.artestar.eu\/pt-pt\/atacado\/bolas-de-madeira-faia-18mm\/#local-main-organization-logo"},"sameAs":["https:\/\/www.facebook.com\/ARTESTAREU","https:\/\/www.instagram.com\/artestareu\/","https:\/\/www.pinterest.es\/artestar_eu\/","https:\/\/www.tiktok.com\/@artestar_wholesale"],"openingHoursSpecification":[{"@type":"OpeningHoursSpecification","dayOfWeek":["Monday","Tuesday","Wednesday","Thursday","Friday","Saturday","Sunday"],"opens":"09:00","closes":"17:00"}]},{"@type":"ImageObject","inLanguage":"pt-PT","@id":"https:\/\/www.artestar.eu\/pt-pt\/atacado\/bolas-de-madeira-faia-18mm\/#local-main-organization-logo","url":"https:\/\/www.artestar.eu\/wp-content\/uploads\/2023\/05\/cropped-png.png","contentUrl":"https:\/\/www.artestar.eu\/wp-content\/uploads\/2023\/05\/cropped-png.png","width":512,"height":512,"caption":"RUBY ABALORIO S.L."}]},"product_price_amount":"7.65","product_price_currency":"EUR","og_availability":"instock","product_availability":"instock","product_retailer_item_id":"264","product_condition":"new"},"tiered_pricing_type":"fixed","tiered_pricing_fixed_rules":[],"tiered_pricing_percentage_rules":[],"tiered_pricing_minimum":null,"_administrator_tiered_pricing_type":"fixed","_administrator_tiered_pricing_fixed_rules":[],"_editor_tiered_pricing_type":"fixed","_editor_tiered_pricing_fixed_rules":[],"_author_tiered_pricing_type":"fixed","_author_tiered_pricing_fixed_rules":[],"_contributor_tiered_pricing_type":"fixed","_contributor_tiered_pricing_fixed_rules":[],"_subscriber_tiered_pricing_type":"fixed","_subscriber_tiered_pricing_fixed_rules":[],"_wpseo_manager_tiered_pricing_type":"fixed","_wpseo_manager_tiered_pricing_fixed_rules":[],"_wpseo_editor_tiered_pricing_type":"fixed","_wpseo_editor_tiered_pricing_fixed_rules":[],"_customer_tiered_pricing_type":"fixed","_customer_tiered_pricing_fixed_rules":[],"_shop_manager_tiered_pricing_type":"fixed","_shop_manager_tiered_pricing_fixed_rules":[],"_product_manager_tiered_pricing_type":"fixed","_product_manager_tiered_pricing_fixed_rules":[],"_links":{"self":[{"href":"https:\/\/www.artestar.eu\/pt-pt\/wp-json\/wp\/v2\/product\/46453"}],"collection":[{"href":"https:\/\/www.artestar.eu\/pt-pt\/wp-json\/wp\/v2\/product"}],"about":[{"href":"https:\/\/www.artestar.eu\/pt-pt\/wp-json\/wp\/v2\/types\/product"}],"replies":[{"embeddable":true,"href":"https:\/\/www.artestar.eu\/pt-pt\/wp-json\/wp\/v2\/comments?post=46453"}],"version-history":[{"count":1,"href":"https:\/\/www.artestar.eu\/pt-pt\/wp-json\/wp\/v2\/product\/46453\/revisions"}],"predecessor-version":[{"id":57665,"href":"https:\/\/www.artestar.eu\/pt-pt\/wp-json\/wp\/v2\/product\/46453\/revisions\/57665"}],"wp:featuredmedia":[{"embeddable":true,"href":"https:\/\/www.artestar.eu\/pt-pt\/wp-json\/wp\/v2\/media\/38569"}],"wp:attachment":[{"href":"https:\/\/www.artestar.eu\/pt-pt\/wp-json\/wp\/v2\/media?parent=46453"}],"wp:term":[{"taxonomy":"product_cat","embeddable":true,"href":"https:\/\/www.artestar.eu\/pt-pt\/wp-json\/wp\/v2\/product_cat?post=46453"},{"taxonomy":"product_tag","embeddable":true,"href":"https:\/\/www.artestar.eu\/pt-pt\/wp-json\/wp\/v2\/product_tag?post=46453"}],"curies":[{"name":"wp","href":"https:\/\/api.w.org\/{rel}","templated":true}]}}