{"id":46475,"date":"2023-11-27T15:46:34","date_gmt":"2023-11-27T15:46:34","guid":{"rendered":"https:\/\/www.artestar.eu\/?post_type=product&#038;p=46475"},"modified":"2023-12-13T11:11:43","modified_gmt":"2023-12-13T11:11:43","slug":"contas-de-50-estrelas-feitas-de-faia-de-madeira","status":"publish","type":"product","link":"https:\/\/www.artestar.eu\/pt-pt\/atacado\/contas-de-50-estrelas-feitas-de-faia-de-madeira\/","title":{"rendered":"50 contas de estrela de madeira de faia"},"content":{"rendered":"<h2>Contas de madeira faia estrelas<\/h2>\n<p>As contas de estrela s\u00e3o feitas de madeira de faia 100% natural, n\u00e3o t\u00f3xica, leve e resistente para uso prolongado.<br \/>\nPersonalize suas contas de madeira especiais como voc\u00ea precisa, \u00e9 f\u00e1cil de pintar sobre as pe\u00e7as.<br \/>\nCom um furo de 3mm no interior, grande o suficiente para criar joias, chocalhos, colares, pulseiras, corrente de chupeta, ou criar qualquer tipo de bricolage.<\/p>\n<h3>Contas de madeira para mordedor<\/h3>\n<p>Pr\u00e1tico para aliviar a dor da denti\u00e7\u00e3o do seu beb\u00e9 quando denti\u00e7\u00e3o, melhora o desenvolvimento t\u00e1til, ajuda as crian\u00e7as a perceber o mundo.<\/p>\n<p>Quantidade: 50 pcs<br \/>\nDimens\u00f5es: 28 mm x 28 mm<\/p>\n<h2>Dicas sobre estrelas de contas de madeira de faia<\/h2>\n<ul>\n<li>Se quiser limpar as contas de madeira, limpe-as suavemente com uma toalha h\u00famida.<\/li>\n<li>Verifique o status das contas com frequ\u00eancia. N\u00e3o coloque no micro-ondas.<\/li>\n<li>N\u00e3o os lave diretamente em \u00e1gua, o que afetar\u00e1 o brilho original da madeira.<\/li>\n<li>N\u00e3o submerja ou mergulhe quaisquer itens de madeira em \u00e1gua. Tamb\u00e9m n\u00e3o coloque no frigor\u00edfico ou na m\u00e1quina de lavar lou\u00e7a.<\/li>\n<li>Os itens de madeira s\u00e3o feitos de madeira natural, por isso algumas varia\u00e7\u00f5es podem ocorrer e devem ser manuseados com cuidado para evitar danos.<\/li>\n<\/ul>\n<h3>Advert\u00eancias<\/h3>\n<p>A cor pode variar ligeiramente devido \u00e0s configura\u00e7\u00f5es da tela.<br \/>\nO Comprador assume total responsabilidade pela utiliza\u00e7\u00e3o do produto.<br \/>\nSe qualquer dano ou perda for causado por neglig\u00eancia do comprador, o vendedor n\u00e3o ser\u00e1 respons\u00e1vel.<\/p>\n","protected":false},"excerpt":{"rendered":"<p>Quantidade: 50 pcs<br \/>\nDimens\u00f5es: 28 mm x 28 mm<br \/>\nMaterial: madeira de faia 100% natural em forma de cora\u00e7\u00e3o<br \/>\nTamanho interno: \u00d8 3mm<br \/>\nCor: Madeira natural<\/p>\n","protected":false},"featured_media":38183,"comment_status":"open","ping_status":"closed","template":"","meta":[],"product_cat":[3372,3151],"product_tag":[],"yoast_head":"<!-- This site is optimized with the Yoast SEO Premium plugin v20.5 (Yoast SEO v21.5) - https:\/\/yoast.com\/wordpress\/plugins\/seo\/ -->\n<title>50 contas de estrela de madeira de faia - Artestar<\/title>\n<meta name=\"description\" content=\"As contas s\u00e3o feitas de madeira de faia 100% natural em forma de estrelas, personalizar chocalhos, colares, pulseiras, corrente de chupeta, ou qualquer tipo de bricolage\" \/>\n<meta name=\"robots\" content=\"index, follow, max-snippet:-1, max-image-preview:large, max-video-preview:-1\" \/>\n<link rel=\"canonical\" href=\"https:\/\/www.artestar.eu\/pt-pt\/atacado\/contas-de-50-estrelas-feitas-de-faia-de-madeira\/\" \/>\n<meta property=\"og:locale\" content=\"pt_PT\" \/>\n<meta property=\"og:type\" content=\"article\" \/>\n<meta property=\"og:title\" content=\"50 contas de estrela de madeira de faia\" \/>\n<meta property=\"og:description\" content=\"As contas s\u00e3o feitas de madeira de faia 100% natural em forma de estrelas, personalizar chocalhos, colares, pulseiras, corrente de chupeta, ou qualquer tipo de bricolage\" \/>\n<meta property=\"og:url\" content=\"https:\/\/www.artestar.eu\/pt-pt\/atacado\/contas-de-50-estrelas-feitas-de-faia-de-madeira\/\" \/>\n<meta property=\"og:site_name\" content=\"Artestar\" \/>\n<meta property=\"article:publisher\" content=\"https:\/\/www.facebook.com\/ARTESTAREU\" \/>\n<meta property=\"article:modified_time\" content=\"2023-12-13T11:11:43+00:00\" \/>\n<meta property=\"og:image\" content=\"https:\/\/www.artestar.eu\/wp-content\/uploads\/2023\/11\/EMH10031.jpg\" \/>\n\t<meta property=\"og:image:width\" content=\"1000\" \/>\n\t<meta property=\"og:image:height\" content=\"1000\" \/>\n\t<meta property=\"og:image:type\" content=\"image\/jpeg\" \/>\n<meta name=\"twitter:card\" content=\"summary_large_image\" \/>\n<meta name=\"twitter:label1\" content=\"pre\u00e7o\" \/>\n\t<meta name=\"twitter:data1\" content=\"22,00&nbsp;&euro; (IVA N\u00c3O inclu\u00eddo)\" \/>\n\t<meta name=\"twitter:label2\" content=\"Availability\" \/>\n\t<meta name=\"twitter:data2\" content=\"Em estoque\" \/>\n<script type=\"application\/ld+json\" class=\"yoast-schema-graph\">{\"@context\":\"https:\/\/schema.org\",\"@graph\":[{\"@type\":\"WebPage\",\"@id\":\"https:\/\/www.artestar.eu\/pt-pt\/atacado\/contas-de-50-estrelas-feitas-de-faia-de-madeira\/\",\"url\":\"https:\/\/www.artestar.eu\/pt-pt\/atacado\/contas-de-50-estrelas-feitas-de-faia-de-madeira\/\",\"name\":\"50 contas de estrela de madeira de faia - Artestar\",\"isPartOf\":{\"@id\":\"https:\/\/www.artestar.eu\/pt-pt\/#website\"},\"datePublished\":\"2023-11-27T15:46:34+00:00\",\"dateModified\":\"2023-12-13T11:11:43+00:00\",\"description\":\"As contas s\u00e3o feitas de madeira de faia 100% natural em forma de estrelas, personalizar chocalhos, colares, pulseiras, corrente de chupeta, ou qualquer tipo de bricolage\",\"breadcrumb\":{\"@id\":\"https:\/\/www.artestar.eu\/pt-pt\/atacado\/contas-de-50-estrelas-feitas-de-faia-de-madeira\/#breadcrumb\"},\"inLanguage\":\"pt-PT\",\"potentialAction\":[{\"@type\":\"ReadAction\",\"target\":[\"https:\/\/www.artestar.eu\/pt-pt\/atacado\/contas-de-50-estrelas-feitas-de-faia-de-madeira\/\"]}]},{\"@type\":\"BreadcrumbList\",\"@id\":\"https:\/\/www.artestar.eu\/pt-pt\/atacado\/contas-de-50-estrelas-feitas-de-faia-de-madeira\/#breadcrumb\",\"itemListElement\":[{\"@type\":\"ListItem\",\"position\":1,\"name\":\"Artestar\",\"item\":\"https:\/\/www.artestar.eu\/pt-pt\/\"},{\"@type\":\"ListItem\",\"position\":2,\"name\":\"Atacado\",\"item\":\"https:\/\/www.artestar.eu\/pt-pt\/atacado\/\"},{\"@type\":\"ListItem\",\"position\":3,\"name\":\"50 contas de estrela de madeira de faia\"}]},{\"@type\":\"WebSite\",\"@id\":\"https:\/\/www.artestar.eu\/pt-pt\/#website\",\"url\":\"https:\/\/www.artestar.eu\/pt-pt\/\",\"name\":\"Artestar\",\"description\":\"Mayorista en abalorios y joyer\u00eda\",\"publisher\":{\"@id\":\"https:\/\/www.artestar.eu\/pt-pt\/#organization\"},\"alternateName\":\"Artestar-EU\",\"potentialAction\":[{\"@type\":\"SearchAction\",\"target\":{\"@type\":\"EntryPoint\",\"urlTemplate\":\"https:\/\/www.artestar.eu\/pt-pt\/?s={search_term_string}\"},\"query-input\":\"required name=search_term_string\"}],\"inLanguage\":\"pt-PT\"},{\"@type\":[\"Organization\",\"Place\"],\"@id\":\"https:\/\/www.artestar.eu\/pt-pt\/#organization\",\"name\":\"RUBY ABALORIO S.L.\",\"alternateName\":\"Artestar\",\"url\":\"https:\/\/www.artestar.eu\/pt-pt\/\",\"logo\":{\"@id\":\"https:\/\/www.artestar.eu\/pt-pt\/atacado\/contas-de-50-estrelas-feitas-de-faia-de-madeira\/#local-main-organization-logo\"},\"image\":{\"@id\":\"https:\/\/www.artestar.eu\/pt-pt\/atacado\/contas-de-50-estrelas-feitas-de-faia-de-madeira\/#local-main-organization-logo\"},\"sameAs\":[\"https:\/\/www.facebook.com\/ARTESTAREU\",\"https:\/\/www.instagram.com\/artestareu\/\",\"https:\/\/www.pinterest.es\/artestar_eu\/\",\"https:\/\/www.tiktok.com\/@artestar_wholesale\"],\"openingHoursSpecification\":[{\"@type\":\"OpeningHoursSpecification\",\"dayOfWeek\":[\"Monday\",\"Tuesday\",\"Wednesday\",\"Thursday\",\"Friday\",\"Saturday\",\"Sunday\"],\"opens\":\"09:00\",\"closes\":\"17:00\"}]},{\"@type\":\"ImageObject\",\"inLanguage\":\"pt-PT\",\"@id\":\"https:\/\/www.artestar.eu\/pt-pt\/atacado\/contas-de-50-estrelas-feitas-de-faia-de-madeira\/#local-main-organization-logo\",\"url\":\"https:\/\/www.artestar.eu\/wp-content\/uploads\/2023\/05\/cropped-png.png\",\"contentUrl\":\"https:\/\/www.artestar.eu\/wp-content\/uploads\/2023\/05\/cropped-png.png\",\"width\":512,\"height\":512,\"caption\":\"RUBY ABALORIO S.L.\"}]}<\/script>\n<meta property=\"product:price:amount\" content=\"22.00\" \/>\n<meta property=\"product:price:currency\" content=\"EUR\" \/>\n<meta property=\"og:availability\" content=\"instock\" \/>\n<meta property=\"product:availability\" content=\"instock\" \/>\n<meta property=\"product:retailer_item_id\" content=\"SP0086\" \/>\n<meta property=\"product:condition\" content=\"new\" \/>\n<!-- \/ Yoast SEO Premium plugin. -->","yoast_head_json":{"title":"50 contas de estrela de madeira de faia - Artestar","description":"As contas s\u00e3o feitas de madeira de faia 100% natural em forma de estrelas, personalizar chocalhos, colares, pulseiras, corrente de chupeta, ou qualquer tipo de bricolage","robots":{"index":"index","follow":"follow","max-snippet":"max-snippet:-1","max-image-preview":"max-image-preview:large","max-video-preview":"max-video-preview:-1"},"canonical":"https:\/\/www.artestar.eu\/pt-pt\/atacado\/contas-de-50-estrelas-feitas-de-faia-de-madeira\/","og_locale":"pt_PT","og_type":"article","og_title":"50 contas de estrela de madeira de faia","og_description":"As contas s\u00e3o feitas de madeira de faia 100% natural em forma de estrelas, personalizar chocalhos, colares, pulseiras, corrente de chupeta, ou qualquer tipo de bricolage","og_url":"https:\/\/www.artestar.eu\/pt-pt\/atacado\/contas-de-50-estrelas-feitas-de-faia-de-madeira\/","og_site_name":"Artestar","article_publisher":"https:\/\/www.facebook.com\/ARTESTAREU","article_modified_time":"2023-12-13T11:11:43+00:00","og_image":[{"width":1000,"height":1000,"url":"https:\/\/www.artestar.eu\/wp-content\/uploads\/2023\/11\/EMH10031.jpg","type":"image\/jpeg"}],"twitter_card":"summary_large_image","twitter_misc":{"pre\u00e7o":"22,00&nbsp;&euro; (IVA N\u00c3O inclu\u00eddo)","Availability":"Em estoque"},"schema":{"@context":"https:\/\/schema.org","@graph":[{"@type":"WebPage","@id":"https:\/\/www.artestar.eu\/pt-pt\/atacado\/contas-de-50-estrelas-feitas-de-faia-de-madeira\/","url":"https:\/\/www.artestar.eu\/pt-pt\/atacado\/contas-de-50-estrelas-feitas-de-faia-de-madeira\/","name":"50 contas de estrela de madeira de faia - Artestar","isPartOf":{"@id":"https:\/\/www.artestar.eu\/pt-pt\/#website"},"datePublished":"2023-11-27T15:46:34+00:00","dateModified":"2023-12-13T11:11:43+00:00","description":"As contas s\u00e3o feitas de madeira de faia 100% natural em forma de estrelas, personalizar chocalhos, colares, pulseiras, corrente de chupeta, ou qualquer tipo de bricolage","breadcrumb":{"@id":"https:\/\/www.artestar.eu\/pt-pt\/atacado\/contas-de-50-estrelas-feitas-de-faia-de-madeira\/#breadcrumb"},"inLanguage":"pt-PT","potentialAction":[{"@type":"ReadAction","target":["https:\/\/www.artestar.eu\/pt-pt\/atacado\/contas-de-50-estrelas-feitas-de-faia-de-madeira\/"]}]},{"@type":"BreadcrumbList","@id":"https:\/\/www.artestar.eu\/pt-pt\/atacado\/contas-de-50-estrelas-feitas-de-faia-de-madeira\/#breadcrumb","itemListElement":[{"@type":"ListItem","position":1,"name":"Artestar","item":"https:\/\/www.artestar.eu\/pt-pt\/"},{"@type":"ListItem","position":2,"name":"Atacado","item":"https:\/\/www.artestar.eu\/pt-pt\/atacado\/"},{"@type":"ListItem","position":3,"name":"50 contas de estrela de madeira de faia"}]},{"@type":"WebSite","@id":"https:\/\/www.artestar.eu\/pt-pt\/#website","url":"https:\/\/www.artestar.eu\/pt-pt\/","name":"Artestar","description":"Mayorista en abalorios y joyer\u00eda","publisher":{"@id":"https:\/\/www.artestar.eu\/pt-pt\/#organization"},"alternateName":"Artestar-EU","potentialAction":[{"@type":"SearchAction","target":{"@type":"EntryPoint","urlTemplate":"https:\/\/www.artestar.eu\/pt-pt\/?s={search_term_string}"},"query-input":"required name=search_term_string"}],"inLanguage":"pt-PT"},{"@type":["Organization","Place"],"@id":"https:\/\/www.artestar.eu\/pt-pt\/#organization","name":"RUBY ABALORIO S.L.","alternateName":"Artestar","url":"https:\/\/www.artestar.eu\/pt-pt\/","logo":{"@id":"https:\/\/www.artestar.eu\/pt-pt\/atacado\/contas-de-50-estrelas-feitas-de-faia-de-madeira\/#local-main-organization-logo"},"image":{"@id":"https:\/\/www.artestar.eu\/pt-pt\/atacado\/contas-de-50-estrelas-feitas-de-faia-de-madeira\/#local-main-organization-logo"},"sameAs":["https:\/\/www.facebook.com\/ARTESTAREU","https:\/\/www.instagram.com\/artestareu\/","https:\/\/www.pinterest.es\/artestar_eu\/","https:\/\/www.tiktok.com\/@artestar_wholesale"],"openingHoursSpecification":[{"@type":"OpeningHoursSpecification","dayOfWeek":["Monday","Tuesday","Wednesday","Thursday","Friday","Saturday","Sunday"],"opens":"09:00","closes":"17:00"}]},{"@type":"ImageObject","inLanguage":"pt-PT","@id":"https:\/\/www.artestar.eu\/pt-pt\/atacado\/contas-de-50-estrelas-feitas-de-faia-de-madeira\/#local-main-organization-logo","url":"https:\/\/www.artestar.eu\/wp-content\/uploads\/2023\/05\/cropped-png.png","contentUrl":"https:\/\/www.artestar.eu\/wp-content\/uploads\/2023\/05\/cropped-png.png","width":512,"height":512,"caption":"RUBY ABALORIO S.L."}]},"product_price_amount":"22.00","product_price_currency":"EUR","og_availability":"instock","product_availability":"instock","product_retailer_item_id":"SP0086","product_condition":"new"},"tiered_pricing_type":"fixed","tiered_pricing_fixed_rules":[],"tiered_pricing_percentage_rules":[],"tiered_pricing_minimum":null,"_administrator_tiered_pricing_type":"fixed","_administrator_tiered_pricing_fixed_rules":[],"_editor_tiered_pricing_type":"fixed","_editor_tiered_pricing_fixed_rules":[],"_author_tiered_pricing_type":"fixed","_author_tiered_pricing_fixed_rules":[],"_contributor_tiered_pricing_type":"fixed","_contributor_tiered_pricing_fixed_rules":[],"_subscriber_tiered_pricing_type":"fixed","_subscriber_tiered_pricing_fixed_rules":[],"_wpseo_manager_tiered_pricing_type":"fixed","_wpseo_manager_tiered_pricing_fixed_rules":[],"_wpseo_editor_tiered_pricing_type":"fixed","_wpseo_editor_tiered_pricing_fixed_rules":[],"_customer_tiered_pricing_type":"fixed","_customer_tiered_pricing_fixed_rules":[],"_shop_manager_tiered_pricing_type":"fixed","_shop_manager_tiered_pricing_fixed_rules":[],"_product_manager_tiered_pricing_type":"fixed","_product_manager_tiered_pricing_fixed_rules":[],"_links":{"self":[{"href":"https:\/\/www.artestar.eu\/pt-pt\/wp-json\/wp\/v2\/product\/46475"}],"collection":[{"href":"https:\/\/www.artestar.eu\/pt-pt\/wp-json\/wp\/v2\/product"}],"about":[{"href":"https:\/\/www.artestar.eu\/pt-pt\/wp-json\/wp\/v2\/types\/product"}],"replies":[{"embeddable":true,"href":"https:\/\/www.artestar.eu\/pt-pt\/wp-json\/wp\/v2\/comments?post=46475"}],"version-history":[{"count":1,"href":"https:\/\/www.artestar.eu\/pt-pt\/wp-json\/wp\/v2\/product\/46475\/revisions"}],"predecessor-version":[{"id":46545,"href":"https:\/\/www.artestar.eu\/pt-pt\/wp-json\/wp\/v2\/product\/46475\/revisions\/46545"}],"wp:featuredmedia":[{"embeddable":true,"href":"https:\/\/www.artestar.eu\/pt-pt\/wp-json\/wp\/v2\/media\/38183"}],"wp:attachment":[{"href":"https:\/\/www.artestar.eu\/pt-pt\/wp-json\/wp\/v2\/media?parent=46475"}],"wp:term":[{"taxonomy":"product_cat","embeddable":true,"href":"https:\/\/www.artestar.eu\/pt-pt\/wp-json\/wp\/v2\/product_cat?post=46475"},{"taxonomy":"product_tag","embeddable":true,"href":"https:\/\/www.artestar.eu\/pt-pt\/wp-json\/wp\/v2\/product_tag?post=46475"}],"curies":[{"name":"wp","href":"https:\/\/api.w.org\/{rel}","templated":true}]}}