{"id":46549,"date":"2023-11-27T16:13:42","date_gmt":"2023-11-27T16:13:42","guid":{"rendered":"https:\/\/www.artestar.eu\/?post_type=product&#038;p=46549"},"modified":"2023-12-13T10:42:33","modified_gmt":"2023-12-13T10:42:33","slug":"bolas-de-croche-20mm","status":"publish","type":"product","link":"https:\/\/www.artestar.eu\/pt-pt\/atacado\/bolas-de-croche-20mm\/","title":{"rendered":"50 Bolas de Croch\u00ea \u00d820mm"},"content":{"rendered":"<h3>Bolas de Croch\u00ea para Artesanato por Atacado<\/h3>\n<p>As contas de croch\u00ea s\u00e3o perfeitas para fazer artesanato, mordedores, chupetas, decora\u00e7\u00f5es, brinquedos e muitos outros projetos artesanais criativos.<br \/>\nEles s\u00e3o de alta qualidade, BPA e PVC-livre, sem chumbo, leve e dur\u00e1vel 100% algod\u00e3o natural e gr\u00e2nulos de fio de algod\u00e3o para uso prolongado.<\/p>\n<ul>\n<li>QUANTIDADE: 50pcs<\/li>\n<li>DIMENS\u00d5ES INTERIORES: \u00d8 4mm<\/li>\n<li>TAMANHO: forma redonda de 20mm<\/li>\n<li>MATERIAL: contas de madeira e fio de algod\u00e3o<\/li>\n<li>Com um orif\u00edcio de 4mm no interior<\/li>\n<li>A embalagem cont\u00e9m pequenas contas redondas de madeira, n\u00e3o adequadas para crian\u00e7as com menos de 3 anos de idade; As crian\u00e7as devem utilizar sob supervis\u00e3o de um adulto.<\/li>\n<\/ul>\n<p><img decoding=\"async\" class=\"alignnone wp-image-22123 size-fusion-800\" src=\"https:\/\/www.rubydiy.com\/wp-content\/uploads\/2020\/10\/LOTEBC1404VD-5-800x800.jpg\" alt=\"Bolas de Beb\u00ea Croch\u00ea \u00d816mm\" width=\"800\" height=\"800\" data-wp-editing=\"1\"><\/p>\n<h3><strong>Bolas de croch\u00ea mordedor para beb\u00ea<\/strong><\/h3>\n<p><strong>Especifica\u00e7\u00e3o<\/strong><\/p>\n<ul>\n<li>A cor pode variar ligeiramente devido \u00e0s configura\u00e7\u00f5es da tela.<\/li>\n<li>Para a sa\u00fade do beb\u00e9, todos os nossos materiais s\u00e3o feitos de materiais org\u00e2nicos naturais. Aplica-se a beb\u00e9s e crian\u00e7as.<\/li>\n<li>O Comprador assume total responsabilidade pela utiliza\u00e7\u00e3o do produto.<\/li>\n<li>Se qualquer dano ou perda for causado por neglig\u00eancia do comprador, o vendedor n\u00e3o ser\u00e1 respons\u00e1vel.<\/li>\n<\/ul>\n<p><strong>Conselhos<\/strong><\/p>\n<ul>\n<li>Se quiser limpar as contas de madeira, limpe-as suavemente com uma toalha h\u00famida.<\/li>\n<li>N\u00e3o os lave diretamente em \u00e1gua, o que afetar\u00e1 o brilho original da madeira.<\/li>\n<li>N\u00e3o submerja ou mergulhe quaisquer itens de madeira em \u00e1gua. Tamb\u00e9m n\u00e3o os coloque no frigor\u00edfico ou na m\u00e1quina de lavar loi\u00e7a.<\/li>\n<li>Os itens de madeira s\u00e3o feitos de madeira natural, por isso algumas varia\u00e7\u00f5es podem ocorrer e devem ser manuseados com cuidado para evitar danos.<\/li>\n<\/ul>\n","protected":false},"excerpt":{"rendered":"<p><strong>Medi\u00e7\u00e3o:<\/strong> \u00d8 20mm<\/p>\n<p><strong>Medidas Interiores:<\/strong> \u00d8 4mm<\/p>\n<p><strong>Quantidade:<\/strong> 50 pcs.<\/p>\n<p><strong>Material:<\/strong> Bola de madeira com algod\u00e3o.<\/p>\n","protected":false},"featured_media":38333,"comment_status":"closed","ping_status":"closed","template":"","meta":[],"product_cat":[3156,3151],"product_tag":[],"yoast_head":"<!-- This site is optimized with the Yoast SEO Premium plugin v20.5 (Yoast SEO v21.5) - https:\/\/yoast.com\/wordpress\/plugins\/seo\/ -->\n<title>50 Bolas de Croch\u00ea 20mm para Artesanato<\/title>\n<meta name=\"description\" content=\"50 bolas de croch\u00ea \u00f8 20mm para artesanato, bolas de madeira de croch\u00ea por atacado para correntes de chupeta, brinquedos ou mordedores de beb\u00ea.\" \/>\n<meta name=\"robots\" content=\"index, follow, max-snippet:-1, max-image-preview:large, max-video-preview:-1\" \/>\n<link rel=\"canonical\" href=\"https:\/\/www.artestar.eu\/pt-pt\/atacado\/bolas-de-croche-20mm\/\" \/>\n<meta property=\"og:locale\" content=\"pt_PT\" \/>\n<meta property=\"og:type\" content=\"article\" \/>\n<meta property=\"og:title\" content=\"50 Bolas de Croch\u00ea \u00d820mm\" \/>\n<meta property=\"og:description\" content=\"50 bolas de croch\u00ea \u00f8 20mm para artesanato, bolas de madeira de croch\u00ea por atacado para correntes de chupeta, brinquedos ou mordedores de beb\u00ea.\" \/>\n<meta property=\"og:url\" content=\"https:\/\/www.artestar.eu\/pt-pt\/atacado\/bolas-de-croche-20mm\/\" \/>\n<meta property=\"og:site_name\" content=\"Artestar\" \/>\n<meta property=\"article:publisher\" content=\"https:\/\/www.facebook.com\/ARTESTAREU\" \/>\n<meta property=\"article:modified_time\" content=\"2023-12-13T10:42:33+00:00\" \/>\n<meta property=\"og:image\" content=\"https:\/\/www.artestar.eu\/wp-content\/uploads\/2023\/11\/BC1404-1.jpg\" \/>\n\t<meta property=\"og:image:width\" content=\"1000\" \/>\n\t<meta property=\"og:image:height\" content=\"1000\" \/>\n\t<meta property=\"og:image:type\" content=\"image\/jpeg\" \/>\n<meta name=\"twitter:card\" content=\"summary_large_image\" \/>\n<meta name=\"twitter:label1\" content=\"Availability\" \/>\n\t<meta name=\"twitter:data1\" content=\"Em estoque\" \/>\n<script type=\"application\/ld+json\" class=\"yoast-schema-graph\">{\"@context\":\"https:\/\/schema.org\",\"@graph\":[{\"@type\":\"WebPage\",\"@id\":\"https:\/\/www.artestar.eu\/pt-pt\/atacado\/bolas-de-croche-20mm\/\",\"url\":\"https:\/\/www.artestar.eu\/pt-pt\/atacado\/bolas-de-croche-20mm\/\",\"name\":\"50 Bolas de Croch\u00ea 20mm para Artesanato\",\"isPartOf\":{\"@id\":\"https:\/\/www.artestar.eu\/pt-pt\/#website\"},\"datePublished\":\"2023-11-27T16:13:42+00:00\",\"dateModified\":\"2023-12-13T10:42:33+00:00\",\"description\":\"50 bolas de croch\u00ea \u00f8 20mm para artesanato, bolas de madeira de croch\u00ea por atacado para correntes de chupeta, brinquedos ou mordedores de beb\u00ea.\",\"breadcrumb\":{\"@id\":\"https:\/\/www.artestar.eu\/pt-pt\/atacado\/bolas-de-croche-20mm\/#breadcrumb\"},\"inLanguage\":\"pt-PT\",\"potentialAction\":[{\"@type\":\"ReadAction\",\"target\":[\"https:\/\/www.artestar.eu\/pt-pt\/atacado\/bolas-de-croche-20mm\/\"]}]},{\"@type\":\"BreadcrumbList\",\"@id\":\"https:\/\/www.artestar.eu\/pt-pt\/atacado\/bolas-de-croche-20mm\/#breadcrumb\",\"itemListElement\":[{\"@type\":\"ListItem\",\"position\":1,\"name\":\"Artestar\",\"item\":\"https:\/\/www.artestar.eu\/pt-pt\/\"},{\"@type\":\"ListItem\",\"position\":2,\"name\":\"Atacado\",\"item\":\"https:\/\/www.artestar.eu\/pt-pt\/atacado\/\"},{\"@type\":\"ListItem\",\"position\":3,\"name\":\"50 Bolas de Croch\u00ea \u00d820mm\"}]},{\"@type\":\"WebSite\",\"@id\":\"https:\/\/www.artestar.eu\/pt-pt\/#website\",\"url\":\"https:\/\/www.artestar.eu\/pt-pt\/\",\"name\":\"Artestar\",\"description\":\"Mayorista en abalorios y joyer\u00eda\",\"publisher\":{\"@id\":\"https:\/\/www.artestar.eu\/pt-pt\/#organization\"},\"alternateName\":\"Artestar-EU\",\"potentialAction\":[{\"@type\":\"SearchAction\",\"target\":{\"@type\":\"EntryPoint\",\"urlTemplate\":\"https:\/\/www.artestar.eu\/pt-pt\/?s={search_term_string}\"},\"query-input\":\"required name=search_term_string\"}],\"inLanguage\":\"pt-PT\"},{\"@type\":[\"Organization\",\"Place\"],\"@id\":\"https:\/\/www.artestar.eu\/pt-pt\/#organization\",\"name\":\"RUBY ABALORIO S.L.\",\"alternateName\":\"Artestar\",\"url\":\"https:\/\/www.artestar.eu\/pt-pt\/\",\"logo\":{\"@id\":\"https:\/\/www.artestar.eu\/pt-pt\/atacado\/bolas-de-croche-20mm\/#local-main-organization-logo\"},\"image\":{\"@id\":\"https:\/\/www.artestar.eu\/pt-pt\/atacado\/bolas-de-croche-20mm\/#local-main-organization-logo\"},\"sameAs\":[\"https:\/\/www.facebook.com\/ARTESTAREU\",\"https:\/\/www.instagram.com\/artestareu\/\",\"https:\/\/www.pinterest.es\/artestar_eu\/\",\"https:\/\/www.tiktok.com\/@artestar_wholesale\"],\"openingHoursSpecification\":[{\"@type\":\"OpeningHoursSpecification\",\"dayOfWeek\":[\"Monday\",\"Tuesday\",\"Wednesday\",\"Thursday\",\"Friday\",\"Saturday\",\"Sunday\"],\"opens\":\"09:00\",\"closes\":\"17:00\"}]},{\"@type\":\"ImageObject\",\"inLanguage\":\"pt-PT\",\"@id\":\"https:\/\/www.artestar.eu\/pt-pt\/atacado\/bolas-de-croche-20mm\/#local-main-organization-logo\",\"url\":\"https:\/\/www.artestar.eu\/wp-content\/uploads\/2023\/05\/cropped-png.png\",\"contentUrl\":\"https:\/\/www.artestar.eu\/wp-content\/uploads\/2023\/05\/cropped-png.png\",\"width\":512,\"height\":512,\"caption\":\"RUBY ABALORIO S.L.\"}]}<\/script>\n<meta property=\"og:availability\" content=\"instock\" \/>\n<meta property=\"product:availability\" content=\"instock\" \/>\n<meta property=\"product:retailer_item_id\" content=\"BC1404\" \/>\n<meta property=\"product:condition\" content=\"new\" \/>\n<!-- \/ Yoast SEO Premium plugin. -->","yoast_head_json":{"title":"50 Bolas de Croch\u00ea 20mm para Artesanato","description":"50 bolas de croch\u00ea \u00f8 20mm para artesanato, bolas de madeira de croch\u00ea por atacado para correntes de chupeta, brinquedos ou mordedores de beb\u00ea.","robots":{"index":"index","follow":"follow","max-snippet":"max-snippet:-1","max-image-preview":"max-image-preview:large","max-video-preview":"max-video-preview:-1"},"canonical":"https:\/\/www.artestar.eu\/pt-pt\/atacado\/bolas-de-croche-20mm\/","og_locale":"pt_PT","og_type":"article","og_title":"50 Bolas de Croch\u00ea \u00d820mm","og_description":"50 bolas de croch\u00ea \u00f8 20mm para artesanato, bolas de madeira de croch\u00ea por atacado para correntes de chupeta, brinquedos ou mordedores de beb\u00ea.","og_url":"https:\/\/www.artestar.eu\/pt-pt\/atacado\/bolas-de-croche-20mm\/","og_site_name":"Artestar","article_publisher":"https:\/\/www.facebook.com\/ARTESTAREU","article_modified_time":"2023-12-13T10:42:33+00:00","og_image":[{"width":1000,"height":1000,"url":"https:\/\/www.artestar.eu\/wp-content\/uploads\/2023\/11\/BC1404-1.jpg","type":"image\/jpeg"}],"twitter_card":"summary_large_image","twitter_misc":{"Availability":"Em estoque"},"schema":{"@context":"https:\/\/schema.org","@graph":[{"@type":"WebPage","@id":"https:\/\/www.artestar.eu\/pt-pt\/atacado\/bolas-de-croche-20mm\/","url":"https:\/\/www.artestar.eu\/pt-pt\/atacado\/bolas-de-croche-20mm\/","name":"50 Bolas de Croch\u00ea 20mm para Artesanato","isPartOf":{"@id":"https:\/\/www.artestar.eu\/pt-pt\/#website"},"datePublished":"2023-11-27T16:13:42+00:00","dateModified":"2023-12-13T10:42:33+00:00","description":"50 bolas de croch\u00ea \u00f8 20mm para artesanato, bolas de madeira de croch\u00ea por atacado para correntes de chupeta, brinquedos ou mordedores de beb\u00ea.","breadcrumb":{"@id":"https:\/\/www.artestar.eu\/pt-pt\/atacado\/bolas-de-croche-20mm\/#breadcrumb"},"inLanguage":"pt-PT","potentialAction":[{"@type":"ReadAction","target":["https:\/\/www.artestar.eu\/pt-pt\/atacado\/bolas-de-croche-20mm\/"]}]},{"@type":"BreadcrumbList","@id":"https:\/\/www.artestar.eu\/pt-pt\/atacado\/bolas-de-croche-20mm\/#breadcrumb","itemListElement":[{"@type":"ListItem","position":1,"name":"Artestar","item":"https:\/\/www.artestar.eu\/pt-pt\/"},{"@type":"ListItem","position":2,"name":"Atacado","item":"https:\/\/www.artestar.eu\/pt-pt\/atacado\/"},{"@type":"ListItem","position":3,"name":"50 Bolas de Croch\u00ea \u00d820mm"}]},{"@type":"WebSite","@id":"https:\/\/www.artestar.eu\/pt-pt\/#website","url":"https:\/\/www.artestar.eu\/pt-pt\/","name":"Artestar","description":"Mayorista en abalorios y joyer\u00eda","publisher":{"@id":"https:\/\/www.artestar.eu\/pt-pt\/#organization"},"alternateName":"Artestar-EU","potentialAction":[{"@type":"SearchAction","target":{"@type":"EntryPoint","urlTemplate":"https:\/\/www.artestar.eu\/pt-pt\/?s={search_term_string}"},"query-input":"required name=search_term_string"}],"inLanguage":"pt-PT"},{"@type":["Organization","Place"],"@id":"https:\/\/www.artestar.eu\/pt-pt\/#organization","name":"RUBY ABALORIO S.L.","alternateName":"Artestar","url":"https:\/\/www.artestar.eu\/pt-pt\/","logo":{"@id":"https:\/\/www.artestar.eu\/pt-pt\/atacado\/bolas-de-croche-20mm\/#local-main-organization-logo"},"image":{"@id":"https:\/\/www.artestar.eu\/pt-pt\/atacado\/bolas-de-croche-20mm\/#local-main-organization-logo"},"sameAs":["https:\/\/www.facebook.com\/ARTESTAREU","https:\/\/www.instagram.com\/artestareu\/","https:\/\/www.pinterest.es\/artestar_eu\/","https:\/\/www.tiktok.com\/@artestar_wholesale"],"openingHoursSpecification":[{"@type":"OpeningHoursSpecification","dayOfWeek":["Monday","Tuesday","Wednesday","Thursday","Friday","Saturday","Sunday"],"opens":"09:00","closes":"17:00"}]},{"@type":"ImageObject","inLanguage":"pt-PT","@id":"https:\/\/www.artestar.eu\/pt-pt\/atacado\/bolas-de-croche-20mm\/#local-main-organization-logo","url":"https:\/\/www.artestar.eu\/wp-content\/uploads\/2023\/05\/cropped-png.png","contentUrl":"https:\/\/www.artestar.eu\/wp-content\/uploads\/2023\/05\/cropped-png.png","width":512,"height":512,"caption":"RUBY ABALORIO S.L."}]},"og_availability":"instock","product_availability":"instock","product_retailer_item_id":"BC1404","product_condition":"new"},"tiered_pricing_type":"fixed","tiered_pricing_fixed_rules":[],"tiered_pricing_percentage_rules":[],"tiered_pricing_minimum":null,"_administrator_tiered_pricing_type":"fixed","_administrator_tiered_pricing_fixed_rules":[],"_editor_tiered_pricing_type":"fixed","_editor_tiered_pricing_fixed_rules":[],"_author_tiered_pricing_type":"fixed","_author_tiered_pricing_fixed_rules":[],"_contributor_tiered_pricing_type":"fixed","_contributor_tiered_pricing_fixed_rules":[],"_subscriber_tiered_pricing_type":"fixed","_subscriber_tiered_pricing_fixed_rules":[],"_wpseo_manager_tiered_pricing_type":"fixed","_wpseo_manager_tiered_pricing_fixed_rules":[],"_wpseo_editor_tiered_pricing_type":"fixed","_wpseo_editor_tiered_pricing_fixed_rules":[],"_customer_tiered_pricing_type":"fixed","_customer_tiered_pricing_fixed_rules":[],"_shop_manager_tiered_pricing_type":"fixed","_shop_manager_tiered_pricing_fixed_rules":[],"_product_manager_tiered_pricing_type":"fixed","_product_manager_tiered_pricing_fixed_rules":[],"_links":{"self":[{"href":"https:\/\/www.artestar.eu\/pt-pt\/wp-json\/wp\/v2\/product\/46549"}],"collection":[{"href":"https:\/\/www.artestar.eu\/pt-pt\/wp-json\/wp\/v2\/product"}],"about":[{"href":"https:\/\/www.artestar.eu\/pt-pt\/wp-json\/wp\/v2\/types\/product"}],"replies":[{"embeddable":true,"href":"https:\/\/www.artestar.eu\/pt-pt\/wp-json\/wp\/v2\/comments?post=46549"}],"version-history":[{"count":1,"href":"https:\/\/www.artestar.eu\/pt-pt\/wp-json\/wp\/v2\/product\/46549\/revisions"}],"predecessor-version":[{"id":57615,"href":"https:\/\/www.artestar.eu\/pt-pt\/wp-json\/wp\/v2\/product\/46549\/revisions\/57615"}],"wp:featuredmedia":[{"embeddable":true,"href":"https:\/\/www.artestar.eu\/pt-pt\/wp-json\/wp\/v2\/media\/38333"}],"wp:attachment":[{"href":"https:\/\/www.artestar.eu\/pt-pt\/wp-json\/wp\/v2\/media?parent=46549"}],"wp:term":[{"taxonomy":"product_cat","embeddable":true,"href":"https:\/\/www.artestar.eu\/pt-pt\/wp-json\/wp\/v2\/product_cat?post=46549"},{"taxonomy":"product_tag","embeddable":true,"href":"https:\/\/www.artestar.eu\/pt-pt\/wp-json\/wp\/v2\/product_tag?post=46549"}],"curies":[{"name":"wp","href":"https:\/\/api.w.org\/{rel}","templated":true}]}}