{"id":46954,"date":"2023-12-02T02:33:35","date_gmt":"2023-12-02T02:33:35","guid":{"rendered":"https:\/\/www.artestar.eu\/al-por-mayor\/cordao-de-couro-genuino-para-fazer-pulseiras-pulseiras-de-couro-colares-e-chaveiros\/"},"modified":"2023-12-02T02:33:35","modified_gmt":"2023-12-02T02:33:35","slug":"genuine-leather-cord-for-the-making-of-bracelets-necklaces-etc-in-diy-jewelry-projects","status":"publish","type":"product","link":"https:\/\/www.artestar.eu\/pt-pt\/atacado\/genuine-leather-cord-for-the-making-of-bracelets-necklaces-etc-in-diy-jewelry-projects\/","title":{"rendered":"Cord\u00e3o de couro genu\u00edno para fazer pulseiras, pulseiras de couro, colares e chaveiros"},"content":{"rendered":"<p><img decoding=\"async\" src=\"https:\/\/m.media-amazon.com\/images\/S\/aplus-media-library-service-media\/0d592e2f-10d1-4d9a-884d-6fad5469fe4d.__CR0,0,970,600_PT0_SX970_V1___.jpg\" alt=\"Lederschnur Lederband aus echt Leder, Lederriemen rund \u00d8 2mm f\u00fcr DIY Handwerk Schl\u00fcsselband Bra\u00e7adeira\"><img decoding=\"async\" src=\"https:\/\/m.media-amazon.com\/images\/S\/aplus-media-library-service-media\/3b6ca892-8354-418b-9b28-fd0974dcce89.__CR0,17,3000,1856_PT0_SX970_V1___.jpg\" alt=\"RUBY Lederband Lederriemen, Lederband cl\u00e1ssico Kette Lederb\u00e4nder f\u00fcr Ketten\"><img decoding=\"async\" src=\"https:\/\/m.media-amazon.com\/images\/S\/aplus-media-library-service-media\/bc4db6d0-15fc-4bcb-9cf3-81a510813907.__CR0,0,970,600_PT0_SX970_V1___.jpg\" alt=\"RUBY Lederband Lederriemen,Cl\u00e1ssico Lederband Kette,Lederb\u00e4nder f\u00fcr Ketten\"><\/p>\n<p>Fitas de couro para artesanato feitas de couro genu\u00edno s\u00e3o mais resistentes e tornam suas cria\u00e7\u00f5es mais dur\u00e1veis.<\/p>\n<p>As tiras de couro t\u00eam uma plasticidade infinita no campo do artesanato; Aproveite sua imagina\u00e7\u00e3o para criar trabalhos manuais \u00fanicos.<\/p>\n<p>Fita de couro vintage e plana tamb\u00e9m pode ser usada como acess\u00f3rio para trabalhos manuais, como roupas mediaevais, apanhadores de sonhos e cadar\u00e7os de couro. A fita de couro vendida por metro \u00e9 muito vers\u00e1til.<\/p>\n<p><img decoding=\"async\" src=\"https:\/\/m.media-amazon.com\/images\/S\/aplus-media-library-service-media\/d026a4cc-5f8c-4e36-816b-3f37cea9a209.__CR0,0,970,600_PT0_SX970_V1___.jpg\" alt=\"RUBY Lederband Lederriemen, Cl\u00e1ssico Lederband Kette, Lederb\u00e4nder f\u00fcr Ketten\"><img decoding=\"async\" src=\"https:\/\/m.media-amazon.com\/images\/S\/aplus-media-library-service-media\/581eba13-38ce-4824-afc5-7749fe25af41.__CR0,0,970,600_PT0_SX970_V1___.jpg\" alt=\"RUBY Lederband Lederriemen, Lederband cl\u00e1ssico Kette Lederb\u00e4nder f\u00fcr Ketten\"><\/p>\n<div class=\"celwidget aplus-module 3p-module-b aplus-standard\" data-csa-c-id=\"3dbrhj-xekvju-cbo6s1-1xk5sq\">\n<div class=\"aplus-module-wrapper aplus-3p-fixed-width\">\n<p class=\"a-spacing-base\"><span class=\"a-text-bold\">Wenn Sie neu im Basteln sind, wird Sie dieses Leather strap \u00fcberraschen und Ihren Kreationen mehr Glanz verleihen.<\/span><\/p>\n<ul class=\"a-unordered-list a-vertical\">\n<li><span class=\"a-list-item\">Das Echtleder banda chap\u00e9u einen nat\u00fcrlichen Ledergeruch, era normal ist.<\/span><\/li>\n<li><span class=\"a-list-item\">Aufgrund des Lichteffekts und der Einstellung des Monitors kann die Farbe des erhaltenen Produkts geringf\u00fcgig von der Abbildung abweichen. Bitte lesen Sie vor dem Kauf die Gr\u00f6\u00dfen der verschiedenen Lederseile und w\u00e4hlen Sie dann diejenige aus, die Ihnen am besten gef\u00e4llt.<\/span><\/li>\n<\/ul>\n<p><img decoding=\"async\" src=\"https:\/\/m.media-amazon.com\/images\/S\/aplus-media-library-service-media\/13d374f3-c015-4153-93eb-3103ac587209.__CR0,0,970,600_PT0_SX970_V1___.jpg\" alt=\"RUBY Lederband Lederriemen, Cl\u00e1ssico Lederband Kette, Lederb\u00e4nder f\u00fcr Ketten\"><\/p>\n<p>&nbsp;<\/p>\n<\/div>\n<\/div>\n<div class=\"celwidget aplus-module 3p-module-b aplus-standard\" data-csa-c-id=\"6kftl3-winm0m-g3fz9q-wrr6gj\"><\/div>\n","protected":false},"excerpt":{"rendered":"<p>-Materiais de alta qualidade: Feito de couro genu\u00edno, uma superf\u00edcie e tratada com tinta para torneamento suave, tornando o material muito r\u00edgido e escorgadio, dificultando o emaranhamento. Possui uma ampla gama de aplica\u00e7\u00f5es e pode ser usado em muitas ocasi\u00f5es decorativas, al\u00e9m de ter uma largura estreita, reduzindo o risco de quebra.<\/p>\n<p>-Corte flexivel: Com uma compress\u00e3o total de cerca de 20 metros, o coruro correia \u00e9 suficientemente comprido para ser cortado de forma flex\u00edvel e n\u00e3o comprimida desejada.<\/p>\n<p>&#8211; Versatilidade: Como tiras de couro podem ser usadas para fazer joias, como pulseiras, colares e chaveiros. A correia de couro plana e vintage tamb\u00e9m pode ser usada como acess\u00f3rio para artesanato, como roupas mediaevais, apanhadores de sonhos e cadar\u00e7os de couro. A correia de couro vendida por metro \u00e9 muito vers\u00e1til.<\/p>\n","protected":false},"featured_media":46879,"comment_status":"closed","ping_status":"closed","template":"","meta":[],"product_cat":[2394],"product_tag":[],"yoast_head":"<!-- This site is optimized with the Yoast SEO Premium plugin v20.5 (Yoast SEO v21.5) - https:\/\/yoast.com\/wordpress\/plugins\/seo\/ -->\n<title>Cord\u00e3o de couro genu\u00edno para fazer pulseiras, pulseiras de couro, colares e chaveiros - Artestar<\/title>\n<meta name=\"description\" content=\"Cord\u00e3o de couro genu\u00edno para fazer pulseiras, pulseiras de couro, colares e chaveiros\" \/>\n<meta name=\"robots\" content=\"index, follow, max-snippet:-1, max-image-preview:large, max-video-preview:-1\" \/>\n<link rel=\"canonical\" href=\"https:\/\/www.artestar.eu\/pt-pt\/atacado\/genuine-leather-cord-for-the-making-of-bracelets-necklaces-etc-in-diy-jewelry-projects\/\" \/>\n<meta property=\"og:locale\" content=\"pt_PT\" \/>\n<meta property=\"og:type\" content=\"article\" \/>\n<meta property=\"og:title\" content=\"Cord\u00e3o de couro genu\u00edno para fazer pulseiras, pulseiras de couro, colares e chaveiros\" \/>\n<meta property=\"og:description\" content=\"Cord\u00e3o de couro genu\u00edno para fazer pulseiras, pulseiras de couro, colares e chaveiros\" \/>\n<meta property=\"og:url\" content=\"https:\/\/www.artestar.eu\/pt-pt\/atacado\/genuine-leather-cord-for-the-making-of-bracelets-necklaces-etc-in-diy-jewelry-projects\/\" \/>\n<meta property=\"og:site_name\" content=\"Artestar\" \/>\n<meta property=\"article:publisher\" content=\"https:\/\/www.facebook.com\/ARTESTAREU\" \/>\n<meta property=\"og:image\" content=\"https:\/\/www.artestar.eu\/wp-content\/uploads\/2023\/12\/True-Colour-3-Mm.jpg\" \/>\n\t<meta property=\"og:image:width\" content=\"679\" \/>\n\t<meta property=\"og:image:height\" content=\"491\" \/>\n\t<meta property=\"og:image:type\" content=\"image\/jpeg\" \/>\n<meta name=\"twitter:card\" content=\"summary_large_image\" \/>\n<meta name=\"twitter:label1\" content=\"Availability\" \/>\n\t<meta name=\"twitter:data1\" content=\"Em estoque\" \/>\n<script type=\"application\/ld+json\" class=\"yoast-schema-graph\">{\"@context\":\"https:\/\/schema.org\",\"@graph\":[{\"@type\":\"WebPage\",\"@id\":\"https:\/\/www.artestar.eu\/pt-pt\/atacado\/genuine-leather-cord-for-the-making-of-bracelets-necklaces-etc-in-diy-jewelry-projects\/\",\"url\":\"https:\/\/www.artestar.eu\/pt-pt\/atacado\/genuine-leather-cord-for-the-making-of-bracelets-necklaces-etc-in-diy-jewelry-projects\/\",\"name\":\"Cord\u00e3o de couro genu\u00edno para fazer pulseiras, pulseiras de couro, colares e chaveiros - Artestar\",\"isPartOf\":{\"@id\":\"https:\/\/www.artestar.eu\/pt-pt\/#website\"},\"datePublished\":\"2023-12-02T02:33:35+00:00\",\"dateModified\":\"2023-12-02T02:33:35+00:00\",\"description\":\"Cord\u00e3o de couro genu\u00edno para fazer pulseiras, pulseiras de couro, colares e chaveiros\",\"breadcrumb\":{\"@id\":\"https:\/\/www.artestar.eu\/pt-pt\/atacado\/genuine-leather-cord-for-the-making-of-bracelets-necklaces-etc-in-diy-jewelry-projects\/#breadcrumb\"},\"inLanguage\":\"pt-PT\",\"potentialAction\":[{\"@type\":\"ReadAction\",\"target\":[\"https:\/\/www.artestar.eu\/pt-pt\/atacado\/genuine-leather-cord-for-the-making-of-bracelets-necklaces-etc-in-diy-jewelry-projects\/\"]}]},{\"@type\":\"BreadcrumbList\",\"@id\":\"https:\/\/www.artestar.eu\/pt-pt\/atacado\/genuine-leather-cord-for-the-making-of-bracelets-necklaces-etc-in-diy-jewelry-projects\/#breadcrumb\",\"itemListElement\":[{\"@type\":\"ListItem\",\"position\":1,\"name\":\"Artestar\",\"item\":\"https:\/\/www.artestar.eu\/pt-pt\/\"},{\"@type\":\"ListItem\",\"position\":2,\"name\":\"Atacado\",\"item\":\"https:\/\/www.artestar.eu\/pt-pt\/atacado\/\"},{\"@type\":\"ListItem\",\"position\":3,\"name\":\"Cord\u00e3o de couro genu\u00edno para fazer pulseiras, pulseiras de couro, colares e chaveiros\"}]},{\"@type\":\"WebSite\",\"@id\":\"https:\/\/www.artestar.eu\/pt-pt\/#website\",\"url\":\"https:\/\/www.artestar.eu\/pt-pt\/\",\"name\":\"Artestar\",\"description\":\"Mayorista en abalorios y joyer\u00eda\",\"publisher\":{\"@id\":\"https:\/\/www.artestar.eu\/pt-pt\/#organization\"},\"alternateName\":\"Artestar-EU\",\"potentialAction\":[{\"@type\":\"SearchAction\",\"target\":{\"@type\":\"EntryPoint\",\"urlTemplate\":\"https:\/\/www.artestar.eu\/pt-pt\/?s={search_term_string}\"},\"query-input\":\"required name=search_term_string\"}],\"inLanguage\":\"pt-PT\"},{\"@type\":[\"Organization\",\"Place\"],\"@id\":\"https:\/\/www.artestar.eu\/pt-pt\/#organization\",\"name\":\"RUBY ABALORIO S.L.\",\"alternateName\":\"Artestar\",\"url\":\"https:\/\/www.artestar.eu\/pt-pt\/\",\"logo\":{\"@id\":\"https:\/\/www.artestar.eu\/pt-pt\/atacado\/genuine-leather-cord-for-the-making-of-bracelets-necklaces-etc-in-diy-jewelry-projects\/#local-main-organization-logo\"},\"image\":{\"@id\":\"https:\/\/www.artestar.eu\/pt-pt\/atacado\/genuine-leather-cord-for-the-making-of-bracelets-necklaces-etc-in-diy-jewelry-projects\/#local-main-organization-logo\"},\"sameAs\":[\"https:\/\/www.facebook.com\/ARTESTAREU\",\"https:\/\/www.instagram.com\/artestareu\/\",\"https:\/\/www.pinterest.es\/artestar_eu\/\",\"https:\/\/www.tiktok.com\/@artestar_wholesale\"],\"openingHoursSpecification\":[{\"@type\":\"OpeningHoursSpecification\",\"dayOfWeek\":[\"Monday\",\"Tuesday\",\"Wednesday\",\"Thursday\",\"Friday\",\"Saturday\",\"Sunday\"],\"opens\":\"09:00\",\"closes\":\"17:00\"}]},{\"@type\":\"ImageObject\",\"inLanguage\":\"pt-PT\",\"@id\":\"https:\/\/www.artestar.eu\/pt-pt\/atacado\/genuine-leather-cord-for-the-making-of-bracelets-necklaces-etc-in-diy-jewelry-projects\/#local-main-organization-logo\",\"url\":\"https:\/\/www.artestar.eu\/wp-content\/uploads\/2023\/05\/cropped-png.png\",\"contentUrl\":\"https:\/\/www.artestar.eu\/wp-content\/uploads\/2023\/05\/cropped-png.png\",\"width\":512,\"height\":512,\"caption\":\"RUBY ABALORIO S.L.\"}]}<\/script>\n<meta property=\"og:availability\" content=\"instock\" \/>\n<meta property=\"product:availability\" content=\"instock\" \/>\n<meta property=\"product:retailer_item_id\" content=\"PS0001-PS0012\" \/>\n<meta property=\"product:condition\" content=\"new\" \/>\n<!-- \/ Yoast SEO Premium plugin. -->","yoast_head_json":{"title":"Cord\u00e3o de couro genu\u00edno para fazer pulseiras, pulseiras de couro, colares e chaveiros - Artestar","description":"Cord\u00e3o de couro genu\u00edno para fazer pulseiras, pulseiras de couro, colares e chaveiros","robots":{"index":"index","follow":"follow","max-snippet":"max-snippet:-1","max-image-preview":"max-image-preview:large","max-video-preview":"max-video-preview:-1"},"canonical":"https:\/\/www.artestar.eu\/pt-pt\/atacado\/genuine-leather-cord-for-the-making-of-bracelets-necklaces-etc-in-diy-jewelry-projects\/","og_locale":"pt_PT","og_type":"article","og_title":"Cord\u00e3o de couro genu\u00edno para fazer pulseiras, pulseiras de couro, colares e chaveiros","og_description":"Cord\u00e3o de couro genu\u00edno para fazer pulseiras, pulseiras de couro, colares e chaveiros","og_url":"https:\/\/www.artestar.eu\/pt-pt\/atacado\/genuine-leather-cord-for-the-making-of-bracelets-necklaces-etc-in-diy-jewelry-projects\/","og_site_name":"Artestar","article_publisher":"https:\/\/www.facebook.com\/ARTESTAREU","og_image":[{"width":679,"height":491,"url":"https:\/\/www.artestar.eu\/wp-content\/uploads\/2023\/12\/True-Colour-3-Mm.jpg","type":"image\/jpeg"}],"twitter_card":"summary_large_image","twitter_misc":{"Availability":"Em estoque"},"schema":{"@context":"https:\/\/schema.org","@graph":[{"@type":"WebPage","@id":"https:\/\/www.artestar.eu\/pt-pt\/atacado\/genuine-leather-cord-for-the-making-of-bracelets-necklaces-etc-in-diy-jewelry-projects\/","url":"https:\/\/www.artestar.eu\/pt-pt\/atacado\/genuine-leather-cord-for-the-making-of-bracelets-necklaces-etc-in-diy-jewelry-projects\/","name":"Cord\u00e3o de couro genu\u00edno para fazer pulseiras, pulseiras de couro, colares e chaveiros - Artestar","isPartOf":{"@id":"https:\/\/www.artestar.eu\/pt-pt\/#website"},"datePublished":"2023-12-02T02:33:35+00:00","dateModified":"2023-12-02T02:33:35+00:00","description":"Cord\u00e3o de couro genu\u00edno para fazer pulseiras, pulseiras de couro, colares e chaveiros","breadcrumb":{"@id":"https:\/\/www.artestar.eu\/pt-pt\/atacado\/genuine-leather-cord-for-the-making-of-bracelets-necklaces-etc-in-diy-jewelry-projects\/#breadcrumb"},"inLanguage":"pt-PT","potentialAction":[{"@type":"ReadAction","target":["https:\/\/www.artestar.eu\/pt-pt\/atacado\/genuine-leather-cord-for-the-making-of-bracelets-necklaces-etc-in-diy-jewelry-projects\/"]}]},{"@type":"BreadcrumbList","@id":"https:\/\/www.artestar.eu\/pt-pt\/atacado\/genuine-leather-cord-for-the-making-of-bracelets-necklaces-etc-in-diy-jewelry-projects\/#breadcrumb","itemListElement":[{"@type":"ListItem","position":1,"name":"Artestar","item":"https:\/\/www.artestar.eu\/pt-pt\/"},{"@type":"ListItem","position":2,"name":"Atacado","item":"https:\/\/www.artestar.eu\/pt-pt\/atacado\/"},{"@type":"ListItem","position":3,"name":"Cord\u00e3o de couro genu\u00edno para fazer pulseiras, pulseiras de couro, colares e chaveiros"}]},{"@type":"WebSite","@id":"https:\/\/www.artestar.eu\/pt-pt\/#website","url":"https:\/\/www.artestar.eu\/pt-pt\/","name":"Artestar","description":"Mayorista en abalorios y joyer\u00eda","publisher":{"@id":"https:\/\/www.artestar.eu\/pt-pt\/#organization"},"alternateName":"Artestar-EU","potentialAction":[{"@type":"SearchAction","target":{"@type":"EntryPoint","urlTemplate":"https:\/\/www.artestar.eu\/pt-pt\/?s={search_term_string}"},"query-input":"required name=search_term_string"}],"inLanguage":"pt-PT"},{"@type":["Organization","Place"],"@id":"https:\/\/www.artestar.eu\/pt-pt\/#organization","name":"RUBY ABALORIO S.L.","alternateName":"Artestar","url":"https:\/\/www.artestar.eu\/pt-pt\/","logo":{"@id":"https:\/\/www.artestar.eu\/pt-pt\/atacado\/genuine-leather-cord-for-the-making-of-bracelets-necklaces-etc-in-diy-jewelry-projects\/#local-main-organization-logo"},"image":{"@id":"https:\/\/www.artestar.eu\/pt-pt\/atacado\/genuine-leather-cord-for-the-making-of-bracelets-necklaces-etc-in-diy-jewelry-projects\/#local-main-organization-logo"},"sameAs":["https:\/\/www.facebook.com\/ARTESTAREU","https:\/\/www.instagram.com\/artestareu\/","https:\/\/www.pinterest.es\/artestar_eu\/","https:\/\/www.tiktok.com\/@artestar_wholesale"],"openingHoursSpecification":[{"@type":"OpeningHoursSpecification","dayOfWeek":["Monday","Tuesday","Wednesday","Thursday","Friday","Saturday","Sunday"],"opens":"09:00","closes":"17:00"}]},{"@type":"ImageObject","inLanguage":"pt-PT","@id":"https:\/\/www.artestar.eu\/pt-pt\/atacado\/genuine-leather-cord-for-the-making-of-bracelets-necklaces-etc-in-diy-jewelry-projects\/#local-main-organization-logo","url":"https:\/\/www.artestar.eu\/wp-content\/uploads\/2023\/05\/cropped-png.png","contentUrl":"https:\/\/www.artestar.eu\/wp-content\/uploads\/2023\/05\/cropped-png.png","width":512,"height":512,"caption":"RUBY ABALORIO S.L."}]},"og_availability":"instock","product_availability":"instock","product_retailer_item_id":"PS0001-PS0012","product_condition":"new"},"tiered_pricing_type":"fixed","tiered_pricing_fixed_rules":[],"tiered_pricing_percentage_rules":[],"tiered_pricing_minimum":null,"_administrator_tiered_pricing_type":"fixed","_administrator_tiered_pricing_fixed_rules":[],"_editor_tiered_pricing_type":"fixed","_editor_tiered_pricing_fixed_rules":[],"_author_tiered_pricing_type":"fixed","_author_tiered_pricing_fixed_rules":[],"_contributor_tiered_pricing_type":"fixed","_contributor_tiered_pricing_fixed_rules":[],"_subscriber_tiered_pricing_type":"fixed","_subscriber_tiered_pricing_fixed_rules":[],"_wpseo_manager_tiered_pricing_type":"fixed","_wpseo_manager_tiered_pricing_fixed_rules":[],"_wpseo_editor_tiered_pricing_type":"fixed","_wpseo_editor_tiered_pricing_fixed_rules":[],"_customer_tiered_pricing_type":"fixed","_customer_tiered_pricing_fixed_rules":[],"_shop_manager_tiered_pricing_type":"fixed","_shop_manager_tiered_pricing_fixed_rules":[],"_product_manager_tiered_pricing_type":"fixed","_product_manager_tiered_pricing_fixed_rules":[],"_links":{"self":[{"href":"https:\/\/www.artestar.eu\/pt-pt\/wp-json\/wp\/v2\/product\/46954"}],"collection":[{"href":"https:\/\/www.artestar.eu\/pt-pt\/wp-json\/wp\/v2\/product"}],"about":[{"href":"https:\/\/www.artestar.eu\/pt-pt\/wp-json\/wp\/v2\/types\/product"}],"replies":[{"embeddable":true,"href":"https:\/\/www.artestar.eu\/pt-pt\/wp-json\/wp\/v2\/comments?post=46954"}],"version-history":[{"count":0,"href":"https:\/\/www.artestar.eu\/pt-pt\/wp-json\/wp\/v2\/product\/46954\/revisions"}],"wp:featuredmedia":[{"embeddable":true,"href":"https:\/\/www.artestar.eu\/pt-pt\/wp-json\/wp\/v2\/media\/46879"}],"wp:attachment":[{"href":"https:\/\/www.artestar.eu\/pt-pt\/wp-json\/wp\/v2\/media?parent=46954"}],"wp:term":[{"taxonomy":"product_cat","embeddable":true,"href":"https:\/\/www.artestar.eu\/pt-pt\/wp-json\/wp\/v2\/product_cat?post=46954"},{"taxonomy":"product_tag","embeddable":true,"href":"https:\/\/www.artestar.eu\/pt-pt\/wp-json\/wp\/v2\/product_tag?post=46954"}],"curies":[{"name":"wp","href":"https:\/\/api.w.org\/{rel}","templated":true}]}}