{"id":49454,"date":"2023-12-04T14:39:50","date_gmt":"2023-12-04T14:39:50","guid":{"rendered":"https:\/\/www.artestar.eu\/?post_type=product&#038;p=49454"},"modified":"2023-12-13T13:02:14","modified_gmt":"2023-12-13T13:02:14","slug":"lote-30-cuentas-poliedro-de-silicona-17mm-mar-de-sabidurias","status":"publish","type":"product","link":"https:\/\/www.artestar.eu\/pt-pt\/al-por-mayor\/lote-30-cuentas-poliedro-de-silicona-17mm-mar-de-sabidurias\/","title":{"rendered":"Lote 30 Cuentas Poliedro de Silicona 17mm Mar de Sabidur\u00edas"},"content":{"rendered":"<h3><strong>Cuentas hex\u00e1gono Mar de Sabidur\u00edas para\u00a0 beb\u00e9s<\/strong><\/h3>\n<p><img decoding=\"async\" class=\"alignnone wp-image-38320\" src=\"https:\/\/www.rubydiy.com\/wp-content\/uploads\/2021\/01\/HS1724AZ-2-1-1-300x300.jpg\" alt=\"Lote 30 Cuboctaedros de Silicona 17mm\" width=\"240\" height=\"240\" \/><img decoding=\"async\" class=\"alignnone wp-image-38326\" src=\"https:\/\/www.rubydiy.com\/wp-content\/uploads\/2021\/01\/HS1724TQ-2-1-1-300x300.jpg\" alt=\"Lote 30 Cuboctaedros de Silicona 17mm\" width=\"240\" height=\"240\" \/><img decoding=\"async\" class=\"alignnone wp-image-38332\" src=\"https:\/\/www.rubydiy.com\/wp-content\/uploads\/2021\/01\/HS1724MD-2-2-300x300.jpg\" alt=\"Lote 30 Cuboctaedros de Silicona 17mm\" width=\"240\" height=\"240\" \/><img decoding=\"async\" class=\"alignnone wp-image-38338\" src=\"https:\/\/www.rubydiy.com\/wp-content\/uploads\/2021\/01\/HS1724AZP-2-2-300x300.jpg\" alt=\"Lote 30 Cuboctaedros de Silicona 17mm\" width=\"240\" height=\"240\" \/><img decoding=\"async\" class=\"alignnone wp-image-38344\" src=\"https:\/\/www.rubydiy.com\/wp-content\/uploads\/2021\/01\/HS1724RSP-2-1-1-300x300.jpg\" alt=\"Lote 30 Cuboctaedros de Silicona 17mm\" width=\"240\" height=\"240\" \/><img decoding=\"async\" class=\"alignnone wp-image-48343\" src=\"https:\/\/www.rubydiy.com\/wp-content\/uploads\/2021\/11\/Reino-de-misterioso-gato-1-300x300.jpg\" alt=\"Cuentas hex\u00e1gono silicona rosa para montar collares lactancia\u00a0\" width=\"240\" height=\"240\" \/><\/p>\n<p>&nbsp;<\/p>\n<p>Material de silicona para crear chupeteros personalizados o juguetes de dentici\u00f3n para beb\u00e9s. Fabricado con silicona\u00a0 Org\u00e1nica Anti Bacterias de grado alimentario libre de BPA, PVC, Ftalatos, Cadmio y Plomo.., 100% seguros para tus seres queridos. Precio inmejorable en todo mercado europeo.<\/p>\n<ul>\n<li>MEDIDAS: 17 x 17mm.<\/li>\n<li>CANTIDAD: El paquete contiene 30 unidades de cuboctaedros de silicona.<\/li>\n<li>Alivia la incomodidad de la dentici\u00f3n, mordedor de lactancia perfecto para que el beb\u00e9 mastique, un regalo inolvidable.<\/li>\n<li>Puede dise\u00f1ar collares, pulseras, chupeteros, entre otras piezas, son de color brillante hermoso atractivo. Ideal para beb\u00e9s.<\/li>\n<li>Sin olores ni toxinas. Con los certificados de calidad de la Uni\u00f3n Europea.<\/li>\n<li>No dejar las piezas sueltas al alcance de los ni\u00f1os, lavar, esterilizar las piezas antes de su uso, inspeccionar antes de usar, se puede lavar con jab\u00f3n suave o neutro, no usar productos abrasivos.<\/li>\n<\/ul>\n<p>&nbsp;<\/p>\n<p><img decoding=\"async\" src=\"https:\/\/www.rubyabalorios.com\/img\/cms\/logo2%5B1%5D.png\" alt=\"logo centro test internacional\" width=\"321\" height=\"76\" \/>\u00a0\u00a0 \u00a0 \u00a0 \u00a0 \u00a0 \u00a0 \u00a0 \u00a0 \u00a0 \u00a0 \u00a0 \u00a0\u00a0\u00a0<img decoding=\"async\" src=\"https:\/\/www.rubyabalorios.com\/img\/cms\/SELLOCTI1.jpg\" alt=\"\" width=\"79\" height=\"78\" \/><\/p>\n<p>&nbsp;<\/p>\n<p><strong>ADVERTENCIA<\/strong><\/p>\n<p>No dejar las piezas sueltas al alcance de los ni\u00f1os, las piezas sueltas pueden provocar asfixias.<\/p>\n<p>Se recomienda esterilizar antes de dar al beb\u00e9 y mantener el producto limpio antes de su uso.<\/p>\n<p>De f\u00e1cil limpieza, con agua y jab\u00f3n,\u00a0<strong>NO USAR PRODUCTOS ABRASIVOS NI T\u00d3XICOS.<\/strong><\/p>\n<p><img decoding=\"async\" class=\"alignnone wp-image-49561 \" src=\"https:\/\/www.artestar.eu\/wp-content\/uploads\/2023\/12\/HS1724TQ-2.jpg\" alt=\"Lote 300 Cuentas Poliedro de Silicona 17mm Mar de Sabidur\u00edas\" width=\"649\" height=\"649\" srcset=\"https:\/\/www.artestar.eu\/wp-content\/uploads\/2023\/12\/HS1724TQ-2.jpg 1000w, https:\/\/www.artestar.eu\/wp-content\/uploads\/2023\/12\/HS1724TQ-2-300x300.jpg 300w, https:\/\/www.artestar.eu\/wp-content\/uploads\/2023\/12\/HS1724TQ-2-150x150.jpg 150w, https:\/\/www.artestar.eu\/wp-content\/uploads\/2023\/12\/HS1724TQ-2-768x768.jpg 768w, https:\/\/www.artestar.eu\/wp-content\/uploads\/2023\/12\/HS1724TQ-2-450x450.jpg 450w, https:\/\/www.artestar.eu\/wp-content\/uploads\/2023\/12\/HS1724TQ-2-600x600.jpg 600w, https:\/\/www.artestar.eu\/wp-content\/uploads\/2023\/12\/HS1724TQ-2-54x54.jpg 54w\" sizes=\"(max-width: 649px) 100vw, 649px\" \/><\/p>\n<h3><strong>Lote 300 Cuentas de silicona hex\u00e1gono azules para chupeteros<\/strong><\/h3>\n<p><strong>Especificaci\u00f3n<\/strong><\/p>\n<ul>\n<li>Pr\u00e1ctico para aliviar el dolor de la dentici\u00f3n de su beb\u00e9 cuando le est\u00e1 saliendo los dientes.<\/li>\n<li>Debe limpiarlo despu\u00e9s de cada uso y dejarlo secar al aire libre.<\/li>\n<li>Comprueba el estado de las bolas a menudo. No meter en el microondas.<\/li>\n<li>El color puede variar levemente debido a su la configuraci\u00f3n de la pantalla.<\/li>\n<li>Tiempo de uso: m\u00e1ximo 6 meses por el higiene y la seguridad de los ni\u00f1os.<\/li>\n<li>El Comprador asume toda la responsabilidad respecto al uso del producto.<\/li>\n<li>Si alg\u00fan da\u00f1o o p\u00e9rdida es causado por la negligencia del comprador, el vendedor no ser\u00e1 responsable.<\/li>\n<\/ul>\n<p><strong>Consejos<\/strong><\/p>\n<ul>\n<li>Si desea esterilizar estas figuras de silicona, l\u00edmpielas simplemente con agua tibia y jab\u00f3n neutro.<\/li>\n<\/ul>\n","protected":false},"excerpt":{"rendered":"<p><strong>Medidas:<\/strong> 17mm x 17mm<\/p>\n<p><strong>Medida Interior: <\/strong>\u00d8 2mm<\/p>\n<p><strong>Cantidad:<\/strong> 30<strong>\u00a0<\/strong>uds.<\/p>\n<p><strong>Material:<\/strong> Silicona<\/p>\n","protected":false},"featured_media":49561,"comment_status":"closed","ping_status":"closed","template":"","meta":[],"product_cat":[3146,3213,3145],"product_tag":[],"yoast_head":"<!-- This site is optimized with the Yoast SEO Premium plugin v20.5 (Yoast SEO v21.5) - https:\/\/yoast.com\/wordpress\/plugins\/seo\/ -->\n<title>30 Cuentas hex\u00e1gono Silicona Mar de Sabidur\u00edas para chupeteros - Artestar<\/title>\n<meta name=\"description\" content=\"Lote 30pcs Cuentas hex\u00e1gono Silicona Turquesa para Montar Collares Lactancia, Bolas de Silicona Poliedro para DIY Mordedores para Beb\u00e9\" \/>\n<meta name=\"robots\" content=\"index, follow, max-snippet:-1, max-image-preview:large, max-video-preview:-1\" \/>\n<link rel=\"canonical\" href=\"https:\/\/www.artestar.eu\/pt-pt\/al-por-mayor\/lote-30-cuentas-poliedro-de-silicona-17mm-mar-de-sabidurias\/\" \/>\n<meta property=\"og:locale\" content=\"pt_PT\" \/>\n<meta property=\"og:type\" content=\"article\" \/>\n<meta property=\"og:title\" content=\"Lote 30 Cuentas Poliedro de Silicona 17mm Mar de Sabidur\u00edas\" \/>\n<meta property=\"og:description\" content=\"Lote 30pcs Cuentas hex\u00e1gono Silicona Turquesa para Montar Collares Lactancia, Bolas de Silicona Poliedro para DIY Mordedores para Beb\u00e9\" \/>\n<meta property=\"og:url\" content=\"https:\/\/www.artestar.eu\/pt-pt\/al-por-mayor\/lote-30-cuentas-poliedro-de-silicona-17mm-mar-de-sabidurias\/\" \/>\n<meta property=\"og:site_name\" content=\"Artestar\" \/>\n<meta property=\"article:publisher\" content=\"https:\/\/www.facebook.com\/ARTESTAREU\" \/>\n<meta property=\"article:modified_time\" content=\"2023-12-13T13:02:14+00:00\" \/>\n<meta property=\"og:image\" content=\"https:\/\/www.artestar.eu\/wp-content\/uploads\/2023\/12\/HS1724TQ-2.jpg\" \/>\n\t<meta property=\"og:image:width\" content=\"1000\" \/>\n\t<meta property=\"og:image:height\" content=\"1000\" \/>\n\t<meta property=\"og:image:type\" content=\"image\/jpeg\" \/>\n<meta name=\"twitter:card\" content=\"summary_large_image\" \/>\n<meta name=\"twitter:label1\" content=\"pre\u00e7o\" \/>\n\t<meta name=\"twitter:data1\" content=\"8,99&nbsp;&euro; (IVA N\u00c3O inclu\u00eddo)\" \/>\n\t<meta name=\"twitter:label2\" content=\"Availability\" \/>\n\t<meta name=\"twitter:data2\" content=\"Em estoque\" \/>\n<script type=\"application\/ld+json\" class=\"yoast-schema-graph\">{\"@context\":\"https:\/\/schema.org\",\"@graph\":[{\"@type\":\"WebPage\",\"@id\":\"https:\/\/www.artestar.eu\/pt-pt\/al-por-mayor\/lote-30-cuentas-poliedro-de-silicona-17mm-mar-de-sabidurias\/\",\"url\":\"https:\/\/www.artestar.eu\/pt-pt\/al-por-mayor\/lote-30-cuentas-poliedro-de-silicona-17mm-mar-de-sabidurias\/\",\"name\":\"30 Cuentas hex\u00e1gono Silicona Mar de Sabidur\u00edas para chupeteros - Artestar\",\"isPartOf\":{\"@id\":\"https:\/\/www.artestar.eu\/pt-pt\/#website\"},\"datePublished\":\"2023-12-04T14:39:50+00:00\",\"dateModified\":\"2023-12-13T13:02:14+00:00\",\"description\":\"Lote 30pcs Cuentas hex\u00e1gono Silicona Turquesa para Montar Collares Lactancia, Bolas de Silicona Poliedro para DIY Mordedores para Beb\u00e9\",\"breadcrumb\":{\"@id\":\"https:\/\/www.artestar.eu\/pt-pt\/al-por-mayor\/lote-30-cuentas-poliedro-de-silicona-17mm-mar-de-sabidurias\/#breadcrumb\"},\"inLanguage\":\"pt-PT\",\"potentialAction\":[{\"@type\":\"ReadAction\",\"target\":[\"https:\/\/www.artestar.eu\/pt-pt\/al-por-mayor\/lote-30-cuentas-poliedro-de-silicona-17mm-mar-de-sabidurias\/\"]}]},{\"@type\":\"BreadcrumbList\",\"@id\":\"https:\/\/www.artestar.eu\/pt-pt\/al-por-mayor\/lote-30-cuentas-poliedro-de-silicona-17mm-mar-de-sabidurias\/#breadcrumb\",\"itemListElement\":[{\"@type\":\"ListItem\",\"position\":1,\"name\":\"Artestar\",\"item\":\"https:\/\/www.artestar.eu\/pt-pt\/\"},{\"@type\":\"ListItem\",\"position\":2,\"name\":\"Atacado\",\"item\":\"https:\/\/www.artestar.eu\/pt-pt\/atacado\/\"},{\"@type\":\"ListItem\",\"position\":3,\"name\":\"Lote 30 Cuentas Poliedro de Silicona 17mm Mar de Sabidur\u00edas\"}]},{\"@type\":\"WebSite\",\"@id\":\"https:\/\/www.artestar.eu\/pt-pt\/#website\",\"url\":\"https:\/\/www.artestar.eu\/pt-pt\/\",\"name\":\"Artestar\",\"description\":\"Mayorista en abalorios y joyer\u00eda\",\"publisher\":{\"@id\":\"https:\/\/www.artestar.eu\/pt-pt\/#organization\"},\"alternateName\":\"Artestar-EU\",\"potentialAction\":[{\"@type\":\"SearchAction\",\"target\":{\"@type\":\"EntryPoint\",\"urlTemplate\":\"https:\/\/www.artestar.eu\/pt-pt\/?s={search_term_string}\"},\"query-input\":\"required name=search_term_string\"}],\"inLanguage\":\"pt-PT\"},{\"@type\":[\"Organization\",\"Place\"],\"@id\":\"https:\/\/www.artestar.eu\/pt-pt\/#organization\",\"name\":\"RUBY ABALORIO S.L.\",\"alternateName\":\"Artestar\",\"url\":\"https:\/\/www.artestar.eu\/pt-pt\/\",\"logo\":{\"@id\":\"https:\/\/www.artestar.eu\/pt-pt\/al-por-mayor\/lote-30-cuentas-poliedro-de-silicona-17mm-mar-de-sabidurias\/#local-main-organization-logo\"},\"image\":{\"@id\":\"https:\/\/www.artestar.eu\/pt-pt\/al-por-mayor\/lote-30-cuentas-poliedro-de-silicona-17mm-mar-de-sabidurias\/#local-main-organization-logo\"},\"sameAs\":[\"https:\/\/www.facebook.com\/ARTESTAREU\",\"https:\/\/www.instagram.com\/artestareu\/\",\"https:\/\/www.pinterest.es\/artestar_eu\/\",\"https:\/\/www.tiktok.com\/@artestar_wholesale\"],\"openingHoursSpecification\":[{\"@type\":\"OpeningHoursSpecification\",\"dayOfWeek\":[\"Monday\",\"Tuesday\",\"Wednesday\",\"Thursday\",\"Friday\",\"Saturday\",\"Sunday\"],\"opens\":\"09:00\",\"closes\":\"17:00\"}]},{\"@type\":\"ImageObject\",\"inLanguage\":\"pt-PT\",\"@id\":\"https:\/\/www.artestar.eu\/pt-pt\/al-por-mayor\/lote-30-cuentas-poliedro-de-silicona-17mm-mar-de-sabidurias\/#local-main-organization-logo\",\"url\":\"https:\/\/www.artestar.eu\/wp-content\/uploads\/2023\/05\/cropped-png.png\",\"contentUrl\":\"https:\/\/www.artestar.eu\/wp-content\/uploads\/2023\/05\/cropped-png.png\",\"width\":512,\"height\":512,\"caption\":\"RUBY ABALORIO S.L.\"}]}<\/script>\n<meta property=\"product:price:amount\" content=\"8.99\" \/>\n<meta property=\"product:price:currency\" content=\"EUR\" \/>\n<meta property=\"og:availability\" content=\"instock\" \/>\n<meta property=\"product:availability\" content=\"instock\" \/>\n<meta property=\"product:retailer_item_id\" content=\"331\" \/>\n<meta property=\"product:condition\" content=\"new\" \/>\n<!-- \/ Yoast SEO Premium plugin. -->","yoast_head_json":{"title":"30 Cuentas hex\u00e1gono Silicona Mar de Sabidur\u00edas para chupeteros - Artestar","description":"Lote 30pcs Cuentas hex\u00e1gono Silicona Turquesa para Montar Collares Lactancia, Bolas de Silicona Poliedro para DIY Mordedores para Beb\u00e9","robots":{"index":"index","follow":"follow","max-snippet":"max-snippet:-1","max-image-preview":"max-image-preview:large","max-video-preview":"max-video-preview:-1"},"canonical":"https:\/\/www.artestar.eu\/pt-pt\/al-por-mayor\/lote-30-cuentas-poliedro-de-silicona-17mm-mar-de-sabidurias\/","og_locale":"pt_PT","og_type":"article","og_title":"Lote 30 Cuentas Poliedro de Silicona 17mm Mar de Sabidur\u00edas","og_description":"Lote 30pcs Cuentas hex\u00e1gono Silicona Turquesa para Montar Collares Lactancia, Bolas de Silicona Poliedro para DIY Mordedores para Beb\u00e9","og_url":"https:\/\/www.artestar.eu\/pt-pt\/al-por-mayor\/lote-30-cuentas-poliedro-de-silicona-17mm-mar-de-sabidurias\/","og_site_name":"Artestar","article_publisher":"https:\/\/www.facebook.com\/ARTESTAREU","article_modified_time":"2023-12-13T13:02:14+00:00","og_image":[{"width":1000,"height":1000,"url":"https:\/\/www.artestar.eu\/wp-content\/uploads\/2023\/12\/HS1724TQ-2.jpg","type":"image\/jpeg"}],"twitter_card":"summary_large_image","twitter_misc":{"pre\u00e7o":"8,99&nbsp;&euro; (IVA N\u00c3O inclu\u00eddo)","Availability":"Em estoque"},"schema":{"@context":"https:\/\/schema.org","@graph":[{"@type":"WebPage","@id":"https:\/\/www.artestar.eu\/pt-pt\/al-por-mayor\/lote-30-cuentas-poliedro-de-silicona-17mm-mar-de-sabidurias\/","url":"https:\/\/www.artestar.eu\/pt-pt\/al-por-mayor\/lote-30-cuentas-poliedro-de-silicona-17mm-mar-de-sabidurias\/","name":"30 Cuentas hex\u00e1gono Silicona Mar de Sabidur\u00edas para chupeteros - Artestar","isPartOf":{"@id":"https:\/\/www.artestar.eu\/pt-pt\/#website"},"datePublished":"2023-12-04T14:39:50+00:00","dateModified":"2023-12-13T13:02:14+00:00","description":"Lote 30pcs Cuentas hex\u00e1gono Silicona Turquesa para Montar Collares Lactancia, Bolas de Silicona Poliedro para DIY Mordedores para Beb\u00e9","breadcrumb":{"@id":"https:\/\/www.artestar.eu\/pt-pt\/al-por-mayor\/lote-30-cuentas-poliedro-de-silicona-17mm-mar-de-sabidurias\/#breadcrumb"},"inLanguage":"pt-PT","potentialAction":[{"@type":"ReadAction","target":["https:\/\/www.artestar.eu\/pt-pt\/al-por-mayor\/lote-30-cuentas-poliedro-de-silicona-17mm-mar-de-sabidurias\/"]}]},{"@type":"BreadcrumbList","@id":"https:\/\/www.artestar.eu\/pt-pt\/al-por-mayor\/lote-30-cuentas-poliedro-de-silicona-17mm-mar-de-sabidurias\/#breadcrumb","itemListElement":[{"@type":"ListItem","position":1,"name":"Artestar","item":"https:\/\/www.artestar.eu\/pt-pt\/"},{"@type":"ListItem","position":2,"name":"Atacado","item":"https:\/\/www.artestar.eu\/pt-pt\/atacado\/"},{"@type":"ListItem","position":3,"name":"Lote 30 Cuentas Poliedro de Silicona 17mm Mar de Sabidur\u00edas"}]},{"@type":"WebSite","@id":"https:\/\/www.artestar.eu\/pt-pt\/#website","url":"https:\/\/www.artestar.eu\/pt-pt\/","name":"Artestar","description":"Mayorista en abalorios y joyer\u00eda","publisher":{"@id":"https:\/\/www.artestar.eu\/pt-pt\/#organization"},"alternateName":"Artestar-EU","potentialAction":[{"@type":"SearchAction","target":{"@type":"EntryPoint","urlTemplate":"https:\/\/www.artestar.eu\/pt-pt\/?s={search_term_string}"},"query-input":"required name=search_term_string"}],"inLanguage":"pt-PT"},{"@type":["Organization","Place"],"@id":"https:\/\/www.artestar.eu\/pt-pt\/#organization","name":"RUBY ABALORIO S.L.","alternateName":"Artestar","url":"https:\/\/www.artestar.eu\/pt-pt\/","logo":{"@id":"https:\/\/www.artestar.eu\/pt-pt\/al-por-mayor\/lote-30-cuentas-poliedro-de-silicona-17mm-mar-de-sabidurias\/#local-main-organization-logo"},"image":{"@id":"https:\/\/www.artestar.eu\/pt-pt\/al-por-mayor\/lote-30-cuentas-poliedro-de-silicona-17mm-mar-de-sabidurias\/#local-main-organization-logo"},"sameAs":["https:\/\/www.facebook.com\/ARTESTAREU","https:\/\/www.instagram.com\/artestareu\/","https:\/\/www.pinterest.es\/artestar_eu\/","https:\/\/www.tiktok.com\/@artestar_wholesale"],"openingHoursSpecification":[{"@type":"OpeningHoursSpecification","dayOfWeek":["Monday","Tuesday","Wednesday","Thursday","Friday","Saturday","Sunday"],"opens":"09:00","closes":"17:00"}]},{"@type":"ImageObject","inLanguage":"pt-PT","@id":"https:\/\/www.artestar.eu\/pt-pt\/al-por-mayor\/lote-30-cuentas-poliedro-de-silicona-17mm-mar-de-sabidurias\/#local-main-organization-logo","url":"https:\/\/www.artestar.eu\/wp-content\/uploads\/2023\/05\/cropped-png.png","contentUrl":"https:\/\/www.artestar.eu\/wp-content\/uploads\/2023\/05\/cropped-png.png","width":512,"height":512,"caption":"RUBY ABALORIO S.L."}]},"product_price_amount":"8.99","product_price_currency":"EUR","og_availability":"instock","product_availability":"instock","product_retailer_item_id":"331","product_condition":"new"},"tiered_pricing_type":"fixed","tiered_pricing_fixed_rules":[],"tiered_pricing_percentage_rules":[],"tiered_pricing_minimum":null,"_administrator_tiered_pricing_type":"fixed","_administrator_tiered_pricing_fixed_rules":[],"_editor_tiered_pricing_type":"fixed","_editor_tiered_pricing_fixed_rules":[],"_author_tiered_pricing_type":"fixed","_author_tiered_pricing_fixed_rules":[],"_contributor_tiered_pricing_type":"fixed","_contributor_tiered_pricing_fixed_rules":[],"_subscriber_tiered_pricing_type":"fixed","_subscriber_tiered_pricing_fixed_rules":[],"_wpseo_manager_tiered_pricing_type":"fixed","_wpseo_manager_tiered_pricing_fixed_rules":[],"_wpseo_editor_tiered_pricing_type":"fixed","_wpseo_editor_tiered_pricing_fixed_rules":[],"_customer_tiered_pricing_type":"fixed","_customer_tiered_pricing_fixed_rules":[],"_shop_manager_tiered_pricing_type":"fixed","_shop_manager_tiered_pricing_fixed_rules":[],"_product_manager_tiered_pricing_type":"fixed","_product_manager_tiered_pricing_fixed_rules":[],"_links":{"self":[{"href":"https:\/\/www.artestar.eu\/pt-pt\/wp-json\/wp\/v2\/product\/49454"}],"collection":[{"href":"https:\/\/www.artestar.eu\/pt-pt\/wp-json\/wp\/v2\/product"}],"about":[{"href":"https:\/\/www.artestar.eu\/pt-pt\/wp-json\/wp\/v2\/types\/product"}],"replies":[{"embeddable":true,"href":"https:\/\/www.artestar.eu\/pt-pt\/wp-json\/wp\/v2\/comments?post=49454"}],"version-history":[{"count":3,"href":"https:\/\/www.artestar.eu\/pt-pt\/wp-json\/wp\/v2\/product\/49454\/revisions"}],"predecessor-version":[{"id":57689,"href":"https:\/\/www.artestar.eu\/pt-pt\/wp-json\/wp\/v2\/product\/49454\/revisions\/57689"}],"wp:featuredmedia":[{"embeddable":true,"href":"https:\/\/www.artestar.eu\/pt-pt\/wp-json\/wp\/v2\/media\/49561"}],"wp:attachment":[{"href":"https:\/\/www.artestar.eu\/pt-pt\/wp-json\/wp\/v2\/media?parent=49454"}],"wp:term":[{"taxonomy":"product_cat","embeddable":true,"href":"https:\/\/www.artestar.eu\/pt-pt\/wp-json\/wp\/v2\/product_cat?post=49454"},{"taxonomy":"product_tag","embeddable":true,"href":"https:\/\/www.artestar.eu\/pt-pt\/wp-json\/wp\/v2\/product_tag?post=49454"}],"curies":[{"name":"wp","href":"https:\/\/api.w.org\/{rel}","templated":true}]}}