{"id":51168,"date":"2023-12-04T14:53:04","date_gmt":"2023-12-04T14:53:04","guid":{"rendered":"https:\/\/www.artestar.eu\/?post_type=product&#038;p=51168"},"modified":"2023-12-13T15:14:26","modified_gmt":"2023-12-13T15:14:26","slug":"40-bolas-de-madera-haya-o50mm","status":"publish","type":"product","link":"https:\/\/www.artestar.eu\/pt-pt\/al-por-mayor\/40-bolas-de-madera-haya-o50mm\/","title":{"rendered":"40 Bolas de Madera Haya \u00d850mm"},"content":{"rendered":"<p><strong>Bolas Madera de Haya 50mm <\/strong><\/p>\n<ul>\n<li>Cantidad: 4pcs<\/li>\n<li>Tama\u00f1o: 50mm de forma redonda<\/li>\n<li>Material: cuentas de madera haya 100% natural de alta calidad sin terminar, es f\u00e1cil de pintar o embellecer sobre el. Ligero y resistente para un largo uso.<\/li>\n<li>Personaliza sus cuentas especiales de madera como necesite. Suficiente para terminar el proyecto de manualidades. F\u00e1cil de almacenar.<\/li>\n<li>Con un agujero en el interior suficientemente grande para creaci\u00f3n de cualquier tipo de bricolaje, joyer\u00eda, sonajero<\/li>\n<li>Funci\u00f3n m\u00faltiples: Satisface con la mayor\u00eda de necesidades para crear sus propias collares, pulseras, cadena de chupetes, sonajeros, decoraciones de casa, etc&#8230;<\/li>\n<li><span class=\"a-list-item\">El paquete contiene peque\u00f1as cuentas redondas de madera, no apto para ni\u00f1os menores de 3 a\u00f1os; Los ni\u00f1os deben usar bajo la supervisi\u00f3n de un adulto.<\/span><\/li>\n<\/ul>\n<p><a href=\"https:\/\/www.rubydiy.com\/wp-content\/uploads\/2023\/02\/71A4JY9KzML.jpg\"><img decoding=\"async\" class=\"alignnone wp-image-62867\" src=\"https:\/\/www.rubydiy.com\/wp-content\/uploads\/2023\/02\/71A4JY9KzML-300x300.jpg\" alt=\"Bolas madera de haya\" width=\"320\" height=\"320\" \/><\/a><a href=\"https:\/\/www.rubydiy.com\/wp-content\/uploads\/2023\/02\/61PKvbqCML.jpg\">\u00a0 \u00a0 \u00a0 \u00a0 <\/a><a href=\"https:\/\/www.rubydiy.com\/wp-content\/uploads\/2023\/02\/61PKvbqCML.jpg\"><img decoding=\"async\" class=\"alignnone wp-image-62843\" src=\"https:\/\/www.rubydiy.com\/wp-content\/uploads\/2023\/02\/61PKvbqCML-300x300.jpg\" alt=\"Bolas madera de haya\" width=\"320\" height=\"320\" \/><\/a>\u00a0 \u00a0 \u00a0 \u00a0\u00a0 <a href=\"https:\/\/www.rubydiy.com\/wp-content\/uploads\/2023\/02\/61RNKowtH6L.jpg\"><img decoding=\"async\" class=\"alignnone wp-image-62849\" src=\"https:\/\/www.rubydiy.com\/wp-content\/uploads\/2023\/02\/61RNKowtH6L-300x300.jpg\" alt=\"Bolas madera de haya\" width=\"320\" height=\"320\" \/><\/a><\/p>\n<h3><strong>Bolas madera de haya 50mm<\/strong><\/h3>\n<p><strong>Especificaci\u00f3n<\/strong><\/p>\n<ul>\n<li>Cinco tipos de di\u00e1metro: 12 mm, 14 mm, 16 mm, 18mm, 20mm, 50mm<\/li>\n<li>El color puede variar levemente debido a su la configuraci\u00f3n de la pantalla.<\/li>\n<li>El Comprador asume toda la responsabilidad respecto al uso del producto.<\/li>\n<li>Si alg\u00fan da\u00f1o o p\u00e9rdida es causado por la negligencia del comprador, el vendedor no ser\u00e1 responsable.<\/li>\n<\/ul>\n<p><strong>Amplia aplicaci\u00f3n<\/strong><\/p>\n<ul>\n<li>Cuentas de madera haya natural redondas dan un toque cl\u00e1sico a cualquiera de sus joyas hechas a mano.<\/li>\n<li>Puede utilizar estas cuentas sueltas de madera para hacer collares, pulseras, manualidades y otras manualidades de bricolaje.<\/li>\n<li>Tambi\u00e9n es bueno para la decoraci\u00f3n del hogar, decoraci\u00f3n de fiestas, etc.<\/li>\n<\/ul>\n<p><strong>Consejos<\/strong><\/p>\n<ul>\n<li>Si desea limpiar las cuentas de madera, l\u00edmpielas suavemente con una toalla h\u00fameda.<\/li>\n<li>No los lave directamente en el agua, lo que afectar\u00e1 el brillo original de la madera.<\/li>\n<li>\n<div class=\"okr-block-clipboard\" data-okr=\"%7B%22okrDelta%22%3A%5B%7B%22lineType%22%3A%22text%22%2C%22lineOptions%22%3A%7B%7D%2C%22lineContent%22%3A%5B%7B%22opType%22%3A%22text%22%2C%22options%22%3A%7B%22text%22%3A%22No%20sumerja%20ni%20remoje%20ning%C3%BAn%20art%C3%ADculos%20de%20madera%20en%20el%20agua.%20Tampoco%20los%20poner%20en%20la%20navera%20o%20la%20lavavajillas.%22%7D%7D%5D%7D%2C%7B%22lineType%22%3A%22text%22%2C%22lineOptions%22%3A%7B%7D%2C%22lineContent%22%3A%5B%7B%22opType%22%3A%22text%22%2C%22options%22%3A%7B%22text%22%3A%22Los%20art%C3%ADculos%20de%20madera%20est%C3%A1n%20hechos%20de%20madera%20natural%20y%2C%20por%20lo%20tanto%2C%20pueden%20ocurrir%20algunas%20variaciones%2C%20por%20lo%20que%20deben%20manipularse%20con%20cuidado%20para%20evitar%20da%C3%B1os.%22%7D%7D%5D%7D%5D%2C%22businessKey%22%3A%22lark-doc%22%7D\">No sumerja ni remoje ning\u00fan art\u00edculos de madera en el agua. Tampoco los poner en la navera o la lavavajillas.<\/div>\n<\/li>\n<li>Los art\u00edculos de madera est\u00e1n hechos de madera natural, por lo que podr\u00edan ocurrir algunas variaciones y deben manipularse con cuidado para evitar da\u00f1os.<\/li>\n<\/ul>\n","protected":false},"excerpt":{"rendered":"<p><strong>Medidas:\u00a0<\/strong> \u00d8 50mm<\/p>\n<p><strong>Medida Interior:\u00a0<\/strong>\u00d8 8mm<\/p>\n<p><strong>Cantidad: <\/strong>4 uds<\/p>\n<p><strong>Material:<\/strong> Madera Haya<\/p>\n","protected":false},"featured_media":51596,"comment_status":"closed","ping_status":"closed","template":"","meta":[],"product_cat":[3146,3145],"product_tag":[],"yoast_head":"<!-- This site is optimized with the Yoast SEO Premium plugin v20.5 (Yoast SEO v21.5) - https:\/\/yoast.com\/wordpress\/plugins\/seo\/ -->\n<title>Bolas madera de haya 50mm Mordedores Natural para Montar<\/title>\n<meta name=\"description\" content=\"40pcs Bolas madera de haya 50mm Mordedores Natural para Montar, Bolas de Madera para Mordedores y hacer Collares o Sonajeros para Beb\u00e9\" \/>\n<meta name=\"robots\" content=\"index, follow, max-snippet:-1, max-image-preview:large, max-video-preview:-1\" \/>\n<link rel=\"canonical\" href=\"https:\/\/www.artestar.eu\/pt-pt\/al-por-mayor\/40-bolas-de-madera-haya-o50mm\/\" \/>\n<meta property=\"og:locale\" content=\"pt_PT\" \/>\n<meta property=\"og:type\" content=\"article\" \/>\n<meta property=\"og:title\" content=\"40 Bolas de Madera Haya \u00d850mm\" \/>\n<meta property=\"og:description\" content=\"40pcs Bolas madera de haya 50mm Mordedores Natural para Montar, Bolas de Madera para Mordedores y hacer Collares o Sonajeros para Beb\u00e9\" \/>\n<meta property=\"og:url\" content=\"https:\/\/www.artestar.eu\/pt-pt\/al-por-mayor\/40-bolas-de-madera-haya-o50mm\/\" \/>\n<meta property=\"og:site_name\" content=\"Artestar\" \/>\n<meta property=\"article:publisher\" content=\"https:\/\/www.facebook.com\/ARTESTAREU\" \/>\n<meta property=\"article:modified_time\" content=\"2023-12-13T15:14:26+00:00\" \/>\n<meta property=\"og:image\" content=\"https:\/\/www.artestar.eu\/wp-content\/uploads\/2023\/12\/71A0r5IwZrL.jpg\" \/>\n\t<meta property=\"og:image:width\" content=\"1500\" \/>\n\t<meta property=\"og:image:height\" content=\"1500\" \/>\n\t<meta property=\"og:image:type\" content=\"image\/jpeg\" \/>\n<meta name=\"twitter:card\" content=\"summary_large_image\" \/>\n<meta name=\"twitter:label1\" content=\"pre\u00e7o\" \/>\n\t<meta name=\"twitter:data1\" content=\"79,92&nbsp;&euro; (IVA N\u00c3O inclu\u00eddo)\" \/>\n\t<meta name=\"twitter:label2\" content=\"Availability\" \/>\n\t<meta name=\"twitter:data2\" content=\"Em estoque\" \/>\n<script type=\"application\/ld+json\" class=\"yoast-schema-graph\">{\"@context\":\"https:\/\/schema.org\",\"@graph\":[{\"@type\":\"WebPage\",\"@id\":\"https:\/\/www.artestar.eu\/pt-pt\/al-por-mayor\/40-bolas-de-madera-haya-o50mm\/\",\"url\":\"https:\/\/www.artestar.eu\/pt-pt\/al-por-mayor\/40-bolas-de-madera-haya-o50mm\/\",\"name\":\"Bolas madera de haya 50mm Mordedores Natural para Montar\",\"isPartOf\":{\"@id\":\"https:\/\/www.artestar.eu\/pt-pt\/#website\"},\"datePublished\":\"2023-12-04T14:53:04+00:00\",\"dateModified\":\"2023-12-13T15:14:26+00:00\",\"description\":\"40pcs Bolas madera de haya 50mm Mordedores Natural para Montar, Bolas de Madera para Mordedores y hacer Collares o Sonajeros para Beb\u00e9\",\"breadcrumb\":{\"@id\":\"https:\/\/www.artestar.eu\/pt-pt\/al-por-mayor\/40-bolas-de-madera-haya-o50mm\/#breadcrumb\"},\"inLanguage\":\"pt-PT\",\"potentialAction\":[{\"@type\":\"ReadAction\",\"target\":[\"https:\/\/www.artestar.eu\/pt-pt\/al-por-mayor\/40-bolas-de-madera-haya-o50mm\/\"]}]},{\"@type\":\"BreadcrumbList\",\"@id\":\"https:\/\/www.artestar.eu\/pt-pt\/al-por-mayor\/40-bolas-de-madera-haya-o50mm\/#breadcrumb\",\"itemListElement\":[{\"@type\":\"ListItem\",\"position\":1,\"name\":\"Artestar\",\"item\":\"https:\/\/www.artestar.eu\/pt-pt\/\"},{\"@type\":\"ListItem\",\"position\":2,\"name\":\"Atacado\",\"item\":\"https:\/\/www.artestar.eu\/pt-pt\/atacado\/\"},{\"@type\":\"ListItem\",\"position\":3,\"name\":\"40 Bolas de Madera Haya \u00d850mm\"}]},{\"@type\":\"WebSite\",\"@id\":\"https:\/\/www.artestar.eu\/pt-pt\/#website\",\"url\":\"https:\/\/www.artestar.eu\/pt-pt\/\",\"name\":\"Artestar\",\"description\":\"Mayorista en abalorios y joyer\u00eda\",\"publisher\":{\"@id\":\"https:\/\/www.artestar.eu\/pt-pt\/#organization\"},\"alternateName\":\"Artestar-EU\",\"potentialAction\":[{\"@type\":\"SearchAction\",\"target\":{\"@type\":\"EntryPoint\",\"urlTemplate\":\"https:\/\/www.artestar.eu\/pt-pt\/?s={search_term_string}\"},\"query-input\":\"required name=search_term_string\"}],\"inLanguage\":\"pt-PT\"},{\"@type\":[\"Organization\",\"Place\"],\"@id\":\"https:\/\/www.artestar.eu\/pt-pt\/#organization\",\"name\":\"RUBY ABALORIO S.L.\",\"alternateName\":\"Artestar\",\"url\":\"https:\/\/www.artestar.eu\/pt-pt\/\",\"logo\":{\"@id\":\"https:\/\/www.artestar.eu\/pt-pt\/al-por-mayor\/40-bolas-de-madera-haya-o50mm\/#local-main-organization-logo\"},\"image\":{\"@id\":\"https:\/\/www.artestar.eu\/pt-pt\/al-por-mayor\/40-bolas-de-madera-haya-o50mm\/#local-main-organization-logo\"},\"sameAs\":[\"https:\/\/www.facebook.com\/ARTESTAREU\",\"https:\/\/www.instagram.com\/artestareu\/\",\"https:\/\/www.pinterest.es\/artestar_eu\/\",\"https:\/\/www.tiktok.com\/@artestar_wholesale\"],\"openingHoursSpecification\":[{\"@type\":\"OpeningHoursSpecification\",\"dayOfWeek\":[\"Monday\",\"Tuesday\",\"Wednesday\",\"Thursday\",\"Friday\",\"Saturday\",\"Sunday\"],\"opens\":\"09:00\",\"closes\":\"17:00\"}]},{\"@type\":\"ImageObject\",\"inLanguage\":\"pt-PT\",\"@id\":\"https:\/\/www.artestar.eu\/pt-pt\/al-por-mayor\/40-bolas-de-madera-haya-o50mm\/#local-main-organization-logo\",\"url\":\"https:\/\/www.artestar.eu\/wp-content\/uploads\/2023\/05\/cropped-png.png\",\"contentUrl\":\"https:\/\/www.artestar.eu\/wp-content\/uploads\/2023\/05\/cropped-png.png\",\"width\":512,\"height\":512,\"caption\":\"RUBY ABALORIO S.L.\"}]}<\/script>\n<meta property=\"product:price:amount\" content=\"79.92\" \/>\n<meta property=\"product:price:currency\" content=\"EUR\" \/>\n<meta property=\"og:availability\" content=\"instock\" \/>\n<meta property=\"product:availability\" content=\"instock\" \/>\n<meta property=\"product:retailer_item_id\" content=\"X001JRD00X\" \/>\n<meta property=\"product:condition\" content=\"new\" \/>\n<!-- \/ Yoast SEO Premium plugin. -->","yoast_head_json":{"title":"Bolas madera de haya 50mm Mordedores Natural para Montar","description":"40pcs Bolas madera de haya 50mm Mordedores Natural para Montar, Bolas de Madera para Mordedores y hacer Collares o Sonajeros para Beb\u00e9","robots":{"index":"index","follow":"follow","max-snippet":"max-snippet:-1","max-image-preview":"max-image-preview:large","max-video-preview":"max-video-preview:-1"},"canonical":"https:\/\/www.artestar.eu\/pt-pt\/al-por-mayor\/40-bolas-de-madera-haya-o50mm\/","og_locale":"pt_PT","og_type":"article","og_title":"40 Bolas de Madera Haya \u00d850mm","og_description":"40pcs Bolas madera de haya 50mm Mordedores Natural para Montar, Bolas de Madera para Mordedores y hacer Collares o Sonajeros para Beb\u00e9","og_url":"https:\/\/www.artestar.eu\/pt-pt\/al-por-mayor\/40-bolas-de-madera-haya-o50mm\/","og_site_name":"Artestar","article_publisher":"https:\/\/www.facebook.com\/ARTESTAREU","article_modified_time":"2023-12-13T15:14:26+00:00","og_image":[{"width":1500,"height":1500,"url":"https:\/\/www.artestar.eu\/wp-content\/uploads\/2023\/12\/71A0r5IwZrL.jpg","type":"image\/jpeg"}],"twitter_card":"summary_large_image","twitter_misc":{"pre\u00e7o":"79,92&nbsp;&euro; (IVA N\u00c3O inclu\u00eddo)","Availability":"Em estoque"},"schema":{"@context":"https:\/\/schema.org","@graph":[{"@type":"WebPage","@id":"https:\/\/www.artestar.eu\/pt-pt\/al-por-mayor\/40-bolas-de-madera-haya-o50mm\/","url":"https:\/\/www.artestar.eu\/pt-pt\/al-por-mayor\/40-bolas-de-madera-haya-o50mm\/","name":"Bolas madera de haya 50mm Mordedores Natural para Montar","isPartOf":{"@id":"https:\/\/www.artestar.eu\/pt-pt\/#website"},"datePublished":"2023-12-04T14:53:04+00:00","dateModified":"2023-12-13T15:14:26+00:00","description":"40pcs Bolas madera de haya 50mm Mordedores Natural para Montar, Bolas de Madera para Mordedores y hacer Collares o Sonajeros para Beb\u00e9","breadcrumb":{"@id":"https:\/\/www.artestar.eu\/pt-pt\/al-por-mayor\/40-bolas-de-madera-haya-o50mm\/#breadcrumb"},"inLanguage":"pt-PT","potentialAction":[{"@type":"ReadAction","target":["https:\/\/www.artestar.eu\/pt-pt\/al-por-mayor\/40-bolas-de-madera-haya-o50mm\/"]}]},{"@type":"BreadcrumbList","@id":"https:\/\/www.artestar.eu\/pt-pt\/al-por-mayor\/40-bolas-de-madera-haya-o50mm\/#breadcrumb","itemListElement":[{"@type":"ListItem","position":1,"name":"Artestar","item":"https:\/\/www.artestar.eu\/pt-pt\/"},{"@type":"ListItem","position":2,"name":"Atacado","item":"https:\/\/www.artestar.eu\/pt-pt\/atacado\/"},{"@type":"ListItem","position":3,"name":"40 Bolas de Madera Haya \u00d850mm"}]},{"@type":"WebSite","@id":"https:\/\/www.artestar.eu\/pt-pt\/#website","url":"https:\/\/www.artestar.eu\/pt-pt\/","name":"Artestar","description":"Mayorista en abalorios y joyer\u00eda","publisher":{"@id":"https:\/\/www.artestar.eu\/pt-pt\/#organization"},"alternateName":"Artestar-EU","potentialAction":[{"@type":"SearchAction","target":{"@type":"EntryPoint","urlTemplate":"https:\/\/www.artestar.eu\/pt-pt\/?s={search_term_string}"},"query-input":"required name=search_term_string"}],"inLanguage":"pt-PT"},{"@type":["Organization","Place"],"@id":"https:\/\/www.artestar.eu\/pt-pt\/#organization","name":"RUBY ABALORIO S.L.","alternateName":"Artestar","url":"https:\/\/www.artestar.eu\/pt-pt\/","logo":{"@id":"https:\/\/www.artestar.eu\/pt-pt\/al-por-mayor\/40-bolas-de-madera-haya-o50mm\/#local-main-organization-logo"},"image":{"@id":"https:\/\/www.artestar.eu\/pt-pt\/al-por-mayor\/40-bolas-de-madera-haya-o50mm\/#local-main-organization-logo"},"sameAs":["https:\/\/www.facebook.com\/ARTESTAREU","https:\/\/www.instagram.com\/artestareu\/","https:\/\/www.pinterest.es\/artestar_eu\/","https:\/\/www.tiktok.com\/@artestar_wholesale"],"openingHoursSpecification":[{"@type":"OpeningHoursSpecification","dayOfWeek":["Monday","Tuesday","Wednesday","Thursday","Friday","Saturday","Sunday"],"opens":"09:00","closes":"17:00"}]},{"@type":"ImageObject","inLanguage":"pt-PT","@id":"https:\/\/www.artestar.eu\/pt-pt\/al-por-mayor\/40-bolas-de-madera-haya-o50mm\/#local-main-organization-logo","url":"https:\/\/www.artestar.eu\/wp-content\/uploads\/2023\/05\/cropped-png.png","contentUrl":"https:\/\/www.artestar.eu\/wp-content\/uploads\/2023\/05\/cropped-png.png","width":512,"height":512,"caption":"RUBY ABALORIO S.L."}]},"product_price_amount":"79.92","product_price_currency":"EUR","og_availability":"instock","product_availability":"instock","product_retailer_item_id":"X001JRD00X","product_condition":"new"},"tiered_pricing_type":"fixed","tiered_pricing_fixed_rules":[],"tiered_pricing_percentage_rules":[],"tiered_pricing_minimum":null,"_administrator_tiered_pricing_type":"fixed","_administrator_tiered_pricing_fixed_rules":[],"_editor_tiered_pricing_type":"fixed","_editor_tiered_pricing_fixed_rules":[],"_author_tiered_pricing_type":"fixed","_author_tiered_pricing_fixed_rules":[],"_contributor_tiered_pricing_type":"fixed","_contributor_tiered_pricing_fixed_rules":[],"_subscriber_tiered_pricing_type":"fixed","_subscriber_tiered_pricing_fixed_rules":[],"_wpseo_manager_tiered_pricing_type":"fixed","_wpseo_manager_tiered_pricing_fixed_rules":[],"_wpseo_editor_tiered_pricing_type":"fixed","_wpseo_editor_tiered_pricing_fixed_rules":[],"_customer_tiered_pricing_type":"fixed","_customer_tiered_pricing_fixed_rules":[],"_shop_manager_tiered_pricing_type":"fixed","_shop_manager_tiered_pricing_fixed_rules":[],"_product_manager_tiered_pricing_type":"fixed","_product_manager_tiered_pricing_fixed_rules":[],"_links":{"self":[{"href":"https:\/\/www.artestar.eu\/pt-pt\/wp-json\/wp\/v2\/product\/51168"}],"collection":[{"href":"https:\/\/www.artestar.eu\/pt-pt\/wp-json\/wp\/v2\/product"}],"about":[{"href":"https:\/\/www.artestar.eu\/pt-pt\/wp-json\/wp\/v2\/types\/product"}],"replies":[{"embeddable":true,"href":"https:\/\/www.artestar.eu\/pt-pt\/wp-json\/wp\/v2\/comments?post=51168"}],"version-history":[{"count":2,"href":"https:\/\/www.artestar.eu\/pt-pt\/wp-json\/wp\/v2\/product\/51168\/revisions"}],"predecessor-version":[{"id":52217,"href":"https:\/\/www.artestar.eu\/pt-pt\/wp-json\/wp\/v2\/product\/51168\/revisions\/52217"}],"wp:featuredmedia":[{"embeddable":true,"href":"https:\/\/www.artestar.eu\/pt-pt\/wp-json\/wp\/v2\/media\/51596"}],"wp:attachment":[{"href":"https:\/\/www.artestar.eu\/pt-pt\/wp-json\/wp\/v2\/media?parent=51168"}],"wp:term":[{"taxonomy":"product_cat","embeddable":true,"href":"https:\/\/www.artestar.eu\/pt-pt\/wp-json\/wp\/v2\/product_cat?post=51168"},{"taxonomy":"product_tag","embeddable":true,"href":"https:\/\/www.artestar.eu\/pt-pt\/wp-json\/wp\/v2\/product_tag?post=51168"}],"curies":[{"name":"wp","href":"https:\/\/api.w.org\/{rel}","templated":true}]}}