{"id":52526,"date":"2023-12-07T09:25:25","date_gmt":"2023-12-07T09:25:25","guid":{"rendered":"https:\/\/www.artestar.eu\/?post_type=product&#038;p=52526"},"modified":"2023-12-13T15:32:44","modified_gmt":"2023-12-13T15:32:44","slug":"160-pinzas-chupetero-de-madera-redonda-con-agujeros","status":"publish","type":"product","link":"https:\/\/www.artestar.eu\/pt-pt\/al-por-mayor\/160-pinzas-chupetero-de-madera-redonda-con-agujeros\/","title":{"rendered":"160 Pinzas Chupetero de Madera Redonda con Agujeros"},"content":{"rendered":"<h3><strong>Pinzas chupetero madera redonda<\/strong><\/h3>\n<p>Accesorio de cadena para chupete: Pinza de madera y\u00a0 metal para chupeteros, son muy f\u00e1ciles de abrir y cerrar y no se caen f\u00e1cilmente una vez aseguradas, para que puedas utilizarlas para hacer cadena de chupete, cadena para cochecito , mordedores y juguetes para beb\u00e9. No es t\u00f3xico ni tiene olor, es sano y respetuoso con el medio ambiente, la superficie del pinza madera chupetero est\u00e1 cuidadosamente pulida, no raya la piel del beb\u00e9, son seguros para el beb\u00e9.<\/p>\n<ul>\n<li>Cantidad: Pack 160 unidades, f\u00e1ciles de combinar y usar.<\/li>\n<li>Tama\u00f1o: 45 x \u00d830 x 17mm. 5 colores disponibles: Natural, azul, blanco, rosa, mixto.<\/li>\n<li>Material: madera de haya natural y metal, no BPA,<\/li>\n<li>Buena calidad: Pinza fabricada en metal, f\u00e1cil de limpiar y esterilizar, no se suelta f\u00e1cilmente, y no deja rastro en la ropa de tu beb\u00e9 cuando se usa como chupeteros<\/li>\n<li>El regalo perfecto para el beb\u00e9: las Pinzas de Chupetero de Madera Haya con agujero es el juguete perfecto para su hijo, o como regalo para un amigo.<\/li>\n<\/ul>\n<p>&nbsp;<\/p>\n<p>Estos materiales son aptos para la creaci\u00f3n de pulseras, collares, cuelga chupetes , clips de juguete, clips de costura o de cinta y hilo para los mordedores, de manera natural. Son para creaciones no para utilizar como piezas sueltas.<\/p>\n<p>No deje tanto tiempo el producto en el agua, recuerde dejar escurrir o secar muy bien, dejar el producto en un lugar seco.<\/p>\n<p>Debido a la particularidad de los productos de madera, existen diferencias en algunos modelos de pinza, etc.<\/p>\n<p>Las diferentes pantallas pueden hacer que los colores de los objetos en la imagen sean ligeramente diferentes de los colores reales.<\/p>\n<p>Reemplace inmediatamente el producto cuando un ni\u00f1o muerda o tenga mucho uso, recuerde que es madera.<\/p>\n<p>&nbsp;<\/p>\n<p><strong>ADVERTENCIA<\/strong><\/p>\n<p>No dejar las piezas sueltas al alcance de los ni\u00f1os, las piezas sueltas pueden provocar asfixias.<\/p>\n<p>Se recomienda esterilizar antes de dar al beb\u00e9 y mantener el producto limpio antes de su uso.<\/p>\n<p>De f\u00e1cil limpieza, con agua y jab\u00f3n,\u00a0<b>NO USAR PRODUCTOS ABRASIVOS NI T\u00d3XICOS.<\/b><\/p>\n<p><strong>No meter el producto en le Microondas.<\/strong><\/p>\n<p><img decoding=\"async\" class=\"alignnone wp-image-53019 size-medium\" src=\"https:\/\/www.artestar.eu\/wp-content\/uploads\/2023\/12\/pinzas-madera-redondas-sin-aguero-300x300.jpg\" alt=\"\" width=\"300\" height=\"300\" srcset=\"https:\/\/www.artestar.eu\/wp-content\/uploads\/2023\/12\/pinzas-madera-redondas-sin-aguero-300x300.jpg 300w, https:\/\/www.artestar.eu\/wp-content\/uploads\/2023\/12\/pinzas-madera-redondas-sin-aguero-150x150.jpg 150w, https:\/\/www.artestar.eu\/wp-content\/uploads\/2023\/12\/pinzas-madera-redondas-sin-aguero-768x768.jpg 768w, https:\/\/www.artestar.eu\/wp-content\/uploads\/2023\/12\/pinzas-madera-redondas-sin-aguero-450x450.jpg 450w, https:\/\/www.artestar.eu\/wp-content\/uploads\/2023\/12\/pinzas-madera-redondas-sin-aguero-600x600.jpg 600w, https:\/\/www.artestar.eu\/wp-content\/uploads\/2023\/12\/pinzas-madera-redondas-sin-aguero-54x54.jpg 54w, https:\/\/www.artestar.eu\/wp-content\/uploads\/2023\/12\/pinzas-madera-redondas-sin-aguero.jpg 1000w\" sizes=\"(max-width: 300px) 100vw, 300px\" \/><img decoding=\"async\" class=\"alignnone wp-image-53010 size-medium\" src=\"https:\/\/www.artestar.eu\/wp-content\/uploads\/2023\/12\/pinzas-madera-redondas-sin-agujero-rosa-300x300.jpg\" alt=\"\" width=\"300\" height=\"300\" srcset=\"https:\/\/www.artestar.eu\/wp-content\/uploads\/2023\/12\/pinzas-madera-redondas-sin-agujero-rosa-300x300.jpg 300w, https:\/\/www.artestar.eu\/wp-content\/uploads\/2023\/12\/pinzas-madera-redondas-sin-agujero-rosa-150x150.jpg 150w, https:\/\/www.artestar.eu\/wp-content\/uploads\/2023\/12\/pinzas-madera-redondas-sin-agujero-rosa-768x768.jpg 768w, https:\/\/www.artestar.eu\/wp-content\/uploads\/2023\/12\/pinzas-madera-redondas-sin-agujero-rosa-450x450.jpg 450w, https:\/\/www.artestar.eu\/wp-content\/uploads\/2023\/12\/pinzas-madera-redondas-sin-agujero-rosa-600x600.jpg 600w, https:\/\/www.artestar.eu\/wp-content\/uploads\/2023\/12\/pinzas-madera-redondas-sin-agujero-rosa-54x54.jpg 54w, https:\/\/www.artestar.eu\/wp-content\/uploads\/2023\/12\/pinzas-madera-redondas-sin-agujero-rosa.jpg 1000w\" sizes=\"(max-width: 300px) 100vw, 300px\" \/><img decoding=\"async\" class=\"alignnone wp-image-52992 size-medium\" src=\"https:\/\/www.artestar.eu\/wp-content\/uploads\/2023\/12\/pinzas-madera-redondas-sin-agujero-azul-300x300.jpg\" alt=\"\" width=\"300\" height=\"300\" srcset=\"https:\/\/www.artestar.eu\/wp-content\/uploads\/2023\/12\/pinzas-madera-redondas-sin-agujero-azul-300x300.jpg 300w, https:\/\/www.artestar.eu\/wp-content\/uploads\/2023\/12\/pinzas-madera-redondas-sin-agujero-azul-150x150.jpg 150w, https:\/\/www.artestar.eu\/wp-content\/uploads\/2023\/12\/pinzas-madera-redondas-sin-agujero-azul-768x768.jpg 768w, https:\/\/www.artestar.eu\/wp-content\/uploads\/2023\/12\/pinzas-madera-redondas-sin-agujero-azul-450x450.jpg 450w, https:\/\/www.artestar.eu\/wp-content\/uploads\/2023\/12\/pinzas-madera-redondas-sin-agujero-azul-600x600.jpg 600w, https:\/\/www.artestar.eu\/wp-content\/uploads\/2023\/12\/pinzas-madera-redondas-sin-agujero-azul-54x54.jpg 54w, https:\/\/www.artestar.eu\/wp-content\/uploads\/2023\/12\/pinzas-madera-redondas-sin-agujero-azul.jpg 1000w\" sizes=\"(max-width: 300px) 100vw, 300px\" \/><img decoding=\"async\" class=\"alignnone wp-image-52998 size-medium\" src=\"https:\/\/www.artestar.eu\/wp-content\/uploads\/2023\/12\/pinzas-madera-redondas-sin-agujero-blanco-300x300.jpg\" alt=\"\" width=\"300\" height=\"300\" srcset=\"https:\/\/www.artestar.eu\/wp-content\/uploads\/2023\/12\/pinzas-madera-redondas-sin-agujero-blanco-300x300.jpg 300w, https:\/\/www.artestar.eu\/wp-content\/uploads\/2023\/12\/pinzas-madera-redondas-sin-agujero-blanco-150x150.jpg 150w, https:\/\/www.artestar.eu\/wp-content\/uploads\/2023\/12\/pinzas-madera-redondas-sin-agujero-blanco-768x768.jpg 768w, https:\/\/www.artestar.eu\/wp-content\/uploads\/2023\/12\/pinzas-madera-redondas-sin-agujero-blanco-450x450.jpg 450w, https:\/\/www.artestar.eu\/wp-content\/uploads\/2023\/12\/pinzas-madera-redondas-sin-agujero-blanco-600x600.jpg 600w, https:\/\/www.artestar.eu\/wp-content\/uploads\/2023\/12\/pinzas-madera-redondas-sin-agujero-blanco-54x54.jpg 54w, https:\/\/www.artestar.eu\/wp-content\/uploads\/2023\/12\/pinzas-madera-redondas-sin-agujero-blanco.jpg 1000w\" sizes=\"(max-width: 300px) 100vw, 300px\" \/><a href=\"https:\/\/www.rubydiy.com\/wp-content\/uploads\/2020\/11\/079efa2e076eff513953d6c20d515c7.jpg\">\u00a0<\/a><img decoding=\"async\" class=\"alignnone wp-image-36953\" src=\"https:\/\/www.rubydiy.com\/wp-content\/uploads\/2020\/11\/size-2-300x300.jpeg\" alt=\"Pinzas chupetero madera redonda\" width=\"360\" height=\"360\" \/><\/p>\n<h3><strong>Pinzas de madera redonda para chupeteros<\/strong><\/h3>\n<p><strong>Especificaci\u00f3n<\/strong><\/p>\n<ul>\n<li>Limpieza: debe ser esterilizado con agua y jab\u00f3n neutro antes de cada uso.<\/li>\n<li>Debe limpiarlo despu\u00e9s de cada uso y dejarlo secar al aire libre.<\/li>\n<li>Comprueba el estado de la pinza a menudo. No meter en el microondas.<\/li>\n<li>El color puede variar levemente debido a su la configuraci\u00f3n de la pantalla.<\/li>\n<li>El Comprador asume toda la responsabilidad respecto al uso del producto.<\/li>\n<li>Si alg\u00fan da\u00f1o o p\u00e9rdida es causado por la negligencia del comprador, el vendedor no ser\u00e1 responsable.<\/li>\n<\/ul>\n","protected":false},"excerpt":{"rendered":"<p><strong>Medidas:\u00a0<\/strong>45mm x \u00d8 30mm x 17mm<\/p>\n<p><strong>Cantidad:\u00a0<\/strong>160 uds.<\/p>\n<p><strong>Material:<\/strong>\u00a0Madera y Metal.<\/p>\n<p>&nbsp;<\/p>\n","protected":false},"featured_media":52879,"comment_status":"open","ping_status":"closed","template":"","meta":[],"product_cat":[3145,3693],"product_tag":[],"yoast_head":"<!-- This site is optimized with the Yoast SEO Premium plugin v20.5 (Yoast SEO v21.5) - https:\/\/yoast.com\/wordpress\/plugins\/seo\/ -->\n<title>160 Pinzas de madera redonda para chupeteros - Artestar<\/title>\n<meta name=\"description\" content=\"160pcs pinzas chupetero madera beb\u00e9, clip madera natural con multicolor para hacer cadenas de chupete, cadenas para carrito de bebe etc...\" \/>\n<meta name=\"robots\" content=\"index, follow, max-snippet:-1, max-image-preview:large, max-video-preview:-1\" \/>\n<link rel=\"canonical\" href=\"https:\/\/www.artestar.eu\/pt-pt\/al-por-mayor\/160-pinzas-chupetero-de-madera-redonda-con-agujeros\/\" \/>\n<meta property=\"og:locale\" content=\"pt_PT\" \/>\n<meta property=\"og:type\" content=\"article\" \/>\n<meta property=\"og:title\" content=\"160 Pinzas Chupetero de Madera Redonda con Agujeros\" \/>\n<meta property=\"og:description\" content=\"160pcs pinzas chupetero madera beb\u00e9, clip madera natural con multicolor para hacer cadenas de chupete, cadenas para carrito de bebe etc...\" \/>\n<meta property=\"og:url\" content=\"https:\/\/www.artestar.eu\/pt-pt\/al-por-mayor\/160-pinzas-chupetero-de-madera-redonda-con-agujeros\/\" \/>\n<meta property=\"og:site_name\" content=\"Artestar\" \/>\n<meta property=\"article:publisher\" content=\"https:\/\/www.facebook.com\/ARTESTAREU\" \/>\n<meta property=\"article:modified_time\" content=\"2023-12-13T15:32:44+00:00\" \/>\n<meta property=\"og:image\" content=\"https:\/\/www.artestar.eu\/wp-content\/uploads\/2023\/12\/pinzas-madera-redondas-sin-agujero-colores.jpg\" \/>\n\t<meta property=\"og:image:width\" content=\"1000\" \/>\n\t<meta property=\"og:image:height\" content=\"1000\" \/>\n\t<meta property=\"og:image:type\" content=\"image\/jpeg\" \/>\n<meta name=\"twitter:card\" content=\"summary_large_image\" \/>\n<meta name=\"twitter:label1\" content=\"Availability\" \/>\n\t<meta name=\"twitter:data1\" content=\"Em estoque\" \/>\n<script type=\"application\/ld+json\" class=\"yoast-schema-graph\">{\"@context\":\"https:\/\/schema.org\",\"@graph\":[{\"@type\":\"WebPage\",\"@id\":\"https:\/\/www.artestar.eu\/pt-pt\/al-por-mayor\/160-pinzas-chupetero-de-madera-redonda-con-agujeros\/\",\"url\":\"https:\/\/www.artestar.eu\/pt-pt\/al-por-mayor\/160-pinzas-chupetero-de-madera-redonda-con-agujeros\/\",\"name\":\"160 Pinzas de madera redonda para chupeteros - Artestar\",\"isPartOf\":{\"@id\":\"https:\/\/www.artestar.eu\/pt-pt\/#website\"},\"datePublished\":\"2023-12-07T09:25:25+00:00\",\"dateModified\":\"2023-12-13T15:32:44+00:00\",\"description\":\"160pcs pinzas chupetero madera beb\u00e9, clip madera natural con multicolor para hacer cadenas de chupete, cadenas para carrito de bebe etc...\",\"breadcrumb\":{\"@id\":\"https:\/\/www.artestar.eu\/pt-pt\/al-por-mayor\/160-pinzas-chupetero-de-madera-redonda-con-agujeros\/#breadcrumb\"},\"inLanguage\":\"pt-PT\",\"potentialAction\":[{\"@type\":\"ReadAction\",\"target\":[\"https:\/\/www.artestar.eu\/pt-pt\/al-por-mayor\/160-pinzas-chupetero-de-madera-redonda-con-agujeros\/\"]}]},{\"@type\":\"BreadcrumbList\",\"@id\":\"https:\/\/www.artestar.eu\/pt-pt\/al-por-mayor\/160-pinzas-chupetero-de-madera-redonda-con-agujeros\/#breadcrumb\",\"itemListElement\":[{\"@type\":\"ListItem\",\"position\":1,\"name\":\"Artestar\",\"item\":\"https:\/\/www.artestar.eu\/pt-pt\/\"},{\"@type\":\"ListItem\",\"position\":2,\"name\":\"Atacado\",\"item\":\"https:\/\/www.artestar.eu\/pt-pt\/atacado\/\"},{\"@type\":\"ListItem\",\"position\":3,\"name\":\"160 Pinzas Chupetero de Madera Redonda con Agujeros\"}]},{\"@type\":\"WebSite\",\"@id\":\"https:\/\/www.artestar.eu\/pt-pt\/#website\",\"url\":\"https:\/\/www.artestar.eu\/pt-pt\/\",\"name\":\"Artestar\",\"description\":\"Mayorista en abalorios y joyer\u00eda\",\"publisher\":{\"@id\":\"https:\/\/www.artestar.eu\/pt-pt\/#organization\"},\"alternateName\":\"Artestar-EU\",\"potentialAction\":[{\"@type\":\"SearchAction\",\"target\":{\"@type\":\"EntryPoint\",\"urlTemplate\":\"https:\/\/www.artestar.eu\/pt-pt\/?s={search_term_string}\"},\"query-input\":\"required name=search_term_string\"}],\"inLanguage\":\"pt-PT\"},{\"@type\":[\"Organization\",\"Place\"],\"@id\":\"https:\/\/www.artestar.eu\/pt-pt\/#organization\",\"name\":\"RUBY ABALORIO S.L.\",\"alternateName\":\"Artestar\",\"url\":\"https:\/\/www.artestar.eu\/pt-pt\/\",\"logo\":{\"@id\":\"https:\/\/www.artestar.eu\/pt-pt\/al-por-mayor\/160-pinzas-chupetero-de-madera-redonda-con-agujeros\/#local-main-organization-logo\"},\"image\":{\"@id\":\"https:\/\/www.artestar.eu\/pt-pt\/al-por-mayor\/160-pinzas-chupetero-de-madera-redonda-con-agujeros\/#local-main-organization-logo\"},\"sameAs\":[\"https:\/\/www.facebook.com\/ARTESTAREU\",\"https:\/\/www.instagram.com\/artestareu\/\",\"https:\/\/www.pinterest.es\/artestar_eu\/\",\"https:\/\/www.tiktok.com\/@artestar_wholesale\"],\"openingHoursSpecification\":[{\"@type\":\"OpeningHoursSpecification\",\"dayOfWeek\":[\"Monday\",\"Tuesday\",\"Wednesday\",\"Thursday\",\"Friday\",\"Saturday\",\"Sunday\"],\"opens\":\"09:00\",\"closes\":\"17:00\"}]},{\"@type\":\"ImageObject\",\"inLanguage\":\"pt-PT\",\"@id\":\"https:\/\/www.artestar.eu\/pt-pt\/al-por-mayor\/160-pinzas-chupetero-de-madera-redonda-con-agujeros\/#local-main-organization-logo\",\"url\":\"https:\/\/www.artestar.eu\/wp-content\/uploads\/2023\/05\/cropped-png.png\",\"contentUrl\":\"https:\/\/www.artestar.eu\/wp-content\/uploads\/2023\/05\/cropped-png.png\",\"width\":512,\"height\":512,\"caption\":\"RUBY ABALORIO S.L.\"}]}<\/script>\n<meta property=\"og:availability\" content=\"instock\" \/>\n<meta property=\"product:availability\" content=\"instock\" \/>\n<meta property=\"product:retailer_item_id\" content=\"SP0215P\" \/>\n<meta property=\"product:condition\" content=\"new\" \/>\n<!-- \/ Yoast SEO Premium plugin. -->","yoast_head_json":{"title":"160 Pinzas de madera redonda para chupeteros - Artestar","description":"160pcs pinzas chupetero madera beb\u00e9, clip madera natural con multicolor para hacer cadenas de chupete, cadenas para carrito de bebe etc...","robots":{"index":"index","follow":"follow","max-snippet":"max-snippet:-1","max-image-preview":"max-image-preview:large","max-video-preview":"max-video-preview:-1"},"canonical":"https:\/\/www.artestar.eu\/pt-pt\/al-por-mayor\/160-pinzas-chupetero-de-madera-redonda-con-agujeros\/","og_locale":"pt_PT","og_type":"article","og_title":"160 Pinzas Chupetero de Madera Redonda con Agujeros","og_description":"160pcs pinzas chupetero madera beb\u00e9, clip madera natural con multicolor para hacer cadenas de chupete, cadenas para carrito de bebe etc...","og_url":"https:\/\/www.artestar.eu\/pt-pt\/al-por-mayor\/160-pinzas-chupetero-de-madera-redonda-con-agujeros\/","og_site_name":"Artestar","article_publisher":"https:\/\/www.facebook.com\/ARTESTAREU","article_modified_time":"2023-12-13T15:32:44+00:00","og_image":[{"width":1000,"height":1000,"url":"https:\/\/www.artestar.eu\/wp-content\/uploads\/2023\/12\/pinzas-madera-redondas-sin-agujero-colores.jpg","type":"image\/jpeg"}],"twitter_card":"summary_large_image","twitter_misc":{"Availability":"Em estoque"},"schema":{"@context":"https:\/\/schema.org","@graph":[{"@type":"WebPage","@id":"https:\/\/www.artestar.eu\/pt-pt\/al-por-mayor\/160-pinzas-chupetero-de-madera-redonda-con-agujeros\/","url":"https:\/\/www.artestar.eu\/pt-pt\/al-por-mayor\/160-pinzas-chupetero-de-madera-redonda-con-agujeros\/","name":"160 Pinzas de madera redonda para chupeteros - Artestar","isPartOf":{"@id":"https:\/\/www.artestar.eu\/pt-pt\/#website"},"datePublished":"2023-12-07T09:25:25+00:00","dateModified":"2023-12-13T15:32:44+00:00","description":"160pcs pinzas chupetero madera beb\u00e9, clip madera natural con multicolor para hacer cadenas de chupete, cadenas para carrito de bebe etc...","breadcrumb":{"@id":"https:\/\/www.artestar.eu\/pt-pt\/al-por-mayor\/160-pinzas-chupetero-de-madera-redonda-con-agujeros\/#breadcrumb"},"inLanguage":"pt-PT","potentialAction":[{"@type":"ReadAction","target":["https:\/\/www.artestar.eu\/pt-pt\/al-por-mayor\/160-pinzas-chupetero-de-madera-redonda-con-agujeros\/"]}]},{"@type":"BreadcrumbList","@id":"https:\/\/www.artestar.eu\/pt-pt\/al-por-mayor\/160-pinzas-chupetero-de-madera-redonda-con-agujeros\/#breadcrumb","itemListElement":[{"@type":"ListItem","position":1,"name":"Artestar","item":"https:\/\/www.artestar.eu\/pt-pt\/"},{"@type":"ListItem","position":2,"name":"Atacado","item":"https:\/\/www.artestar.eu\/pt-pt\/atacado\/"},{"@type":"ListItem","position":3,"name":"160 Pinzas Chupetero de Madera Redonda con Agujeros"}]},{"@type":"WebSite","@id":"https:\/\/www.artestar.eu\/pt-pt\/#website","url":"https:\/\/www.artestar.eu\/pt-pt\/","name":"Artestar","description":"Mayorista en abalorios y joyer\u00eda","publisher":{"@id":"https:\/\/www.artestar.eu\/pt-pt\/#organization"},"alternateName":"Artestar-EU","potentialAction":[{"@type":"SearchAction","target":{"@type":"EntryPoint","urlTemplate":"https:\/\/www.artestar.eu\/pt-pt\/?s={search_term_string}"},"query-input":"required name=search_term_string"}],"inLanguage":"pt-PT"},{"@type":["Organization","Place"],"@id":"https:\/\/www.artestar.eu\/pt-pt\/#organization","name":"RUBY ABALORIO S.L.","alternateName":"Artestar","url":"https:\/\/www.artestar.eu\/pt-pt\/","logo":{"@id":"https:\/\/www.artestar.eu\/pt-pt\/al-por-mayor\/160-pinzas-chupetero-de-madera-redonda-con-agujeros\/#local-main-organization-logo"},"image":{"@id":"https:\/\/www.artestar.eu\/pt-pt\/al-por-mayor\/160-pinzas-chupetero-de-madera-redonda-con-agujeros\/#local-main-organization-logo"},"sameAs":["https:\/\/www.facebook.com\/ARTESTAREU","https:\/\/www.instagram.com\/artestareu\/","https:\/\/www.pinterest.es\/artestar_eu\/","https:\/\/www.tiktok.com\/@artestar_wholesale"],"openingHoursSpecification":[{"@type":"OpeningHoursSpecification","dayOfWeek":["Monday","Tuesday","Wednesday","Thursday","Friday","Saturday","Sunday"],"opens":"09:00","closes":"17:00"}]},{"@type":"ImageObject","inLanguage":"pt-PT","@id":"https:\/\/www.artestar.eu\/pt-pt\/al-por-mayor\/160-pinzas-chupetero-de-madera-redonda-con-agujeros\/#local-main-organization-logo","url":"https:\/\/www.artestar.eu\/wp-content\/uploads\/2023\/05\/cropped-png.png","contentUrl":"https:\/\/www.artestar.eu\/wp-content\/uploads\/2023\/05\/cropped-png.png","width":512,"height":512,"caption":"RUBY ABALORIO S.L."}]},"og_availability":"instock","product_availability":"instock","product_retailer_item_id":"SP0215P","product_condition":"new"},"tiered_pricing_type":"fixed","tiered_pricing_fixed_rules":[],"tiered_pricing_percentage_rules":[],"tiered_pricing_minimum":null,"_administrator_tiered_pricing_type":"fixed","_administrator_tiered_pricing_fixed_rules":[],"_editor_tiered_pricing_type":"fixed","_editor_tiered_pricing_fixed_rules":[],"_author_tiered_pricing_type":"fixed","_author_tiered_pricing_fixed_rules":[],"_contributor_tiered_pricing_type":"fixed","_contributor_tiered_pricing_fixed_rules":[],"_subscriber_tiered_pricing_type":"fixed","_subscriber_tiered_pricing_fixed_rules":[],"_wpseo_manager_tiered_pricing_type":"fixed","_wpseo_manager_tiered_pricing_fixed_rules":[],"_wpseo_editor_tiered_pricing_type":"fixed","_wpseo_editor_tiered_pricing_fixed_rules":[],"_customer_tiered_pricing_type":"fixed","_customer_tiered_pricing_fixed_rules":[],"_shop_manager_tiered_pricing_type":"fixed","_shop_manager_tiered_pricing_fixed_rules":[],"_product_manager_tiered_pricing_type":"fixed","_product_manager_tiered_pricing_fixed_rules":[],"_links":{"self":[{"href":"https:\/\/www.artestar.eu\/pt-pt\/wp-json\/wp\/v2\/product\/52526"}],"collection":[{"href":"https:\/\/www.artestar.eu\/pt-pt\/wp-json\/wp\/v2\/product"}],"about":[{"href":"https:\/\/www.artestar.eu\/pt-pt\/wp-json\/wp\/v2\/types\/product"}],"replies":[{"embeddable":true,"href":"https:\/\/www.artestar.eu\/pt-pt\/wp-json\/wp\/v2\/comments?post=52526"}],"version-history":[{"count":3,"href":"https:\/\/www.artestar.eu\/pt-pt\/wp-json\/wp\/v2\/product\/52526\/revisions"}],"predecessor-version":[{"id":57715,"href":"https:\/\/www.artestar.eu\/pt-pt\/wp-json\/wp\/v2\/product\/52526\/revisions\/57715"}],"wp:featuredmedia":[{"embeddable":true,"href":"https:\/\/www.artestar.eu\/pt-pt\/wp-json\/wp\/v2\/media\/52879"}],"wp:attachment":[{"href":"https:\/\/www.artestar.eu\/pt-pt\/wp-json\/wp\/v2\/media?parent=52526"}],"wp:term":[{"taxonomy":"product_cat","embeddable":true,"href":"https:\/\/www.artestar.eu\/pt-pt\/wp-json\/wp\/v2\/product_cat?post=52526"},{"taxonomy":"product_tag","embeddable":true,"href":"https:\/\/www.artestar.eu\/pt-pt\/wp-json\/wp\/v2\/product_tag?post=52526"}],"curies":[{"name":"wp","href":"https:\/\/api.w.org\/{rel}","templated":true}]}}