{"id":53080,"date":"2023-12-07T09:29:55","date_gmt":"2023-12-07T09:29:55","guid":{"rendered":"https:\/\/www.artestar.eu\/?post_type=product&#038;p=53080"},"modified":"2023-12-14T10:54:10","modified_gmt":"2023-12-14T10:54:10","slug":"10-pinzas-chupetero-de-madera-haya-oso","status":"publish","type":"product","link":"https:\/\/www.artestar.eu\/pt-pt\/al-por-mayor\/10-pinzas-chupetero-de-madera-haya-oso\/","title":{"rendered":"10 Pinzas Chupetero de Madera Haya Oso"},"content":{"rendered":"<h3><strong>Pinzas Chupetero de Madera Haya Oso<\/strong><\/h3>\n<p>Accesorio de cadena para chupete: Pinza de madera y\u00a0 metal para chupeteros, son muy f\u00e1ciles de abrir y cerrar y no se caen f\u00e1cilmente una vez aseguradas, para que puedas utilizarlas para hacer cadena de chupete, cadena para cochecito , mordedores y juguetes para beb\u00e9. No es t\u00f3xico ni tiene olor, es sano y respetuoso con el medio ambiente, la superficie del pinza madera chupetero est\u00e1 cuidadosamente pulida, no raya la piel del beb\u00e9, son seguros para el beb\u00e9.<\/p>\n<ul>\n<li>Cantidad: 10 unidades, f\u00e1ciles de combinar y usar<\/li>\n<li>Tama\u00f1o:\u00a0 4,4 cm x 3,6 cm<\/li>\n<li>Material: madera de haya natural y metal, no BPA,<\/li>\n<li>Buena calidad: Pinza fabricada en metal, f\u00e1cil de limpiar y esterilizar, no se suelta f\u00e1cilmente, y no deja rastro en la ropa de tu beb\u00e9 cuando se usa como chupeteros<\/li>\n<li>El regalo perfecto para el beb\u00e9: nuestro Pinza Chupetero de Madera Haya Oso son el juguete perfecto para su hijo, o como regalo para un amigo.<\/li>\n<\/ul>\n<p>&nbsp;<\/p>\n<p><strong>ADVERTENCIA<\/strong><\/p>\n<p>No dejar las piezas sueltas al alcance de los ni\u00f1os, las piezas sueltas pueden provocar asfixias.<\/p>\n<p>Lavar antes del primer uso, siempre inspeccionar antes de usar.<\/p>\n<p>Se recomienda esterilizar con agua y jab\u00f3n neutro antes de dar al beb\u00e9 y mantener el producto limpio antes de su uso. Usar siempre bajo supervisi\u00f3n adulta.<\/p>\n<p>De f\u00e1cil limpieza, con agua y jab\u00f3n,\u00a0NO USAR PRODUCTOS ABRASIVOS NI T\u00d3XICOS.<\/p>\n<h3><img decoding=\"async\" class=\"aligncenter wp-image-51455\" src=\"https:\/\/www.rubydiy.com\/wp-content\/uploads\/2022\/02\/Pinza-Chupetero-de-Madera-Haya-Oso-1-300x300.jpg\" alt=\"Pinza Chupetero de Madera Haya Oso\" width=\"320\" height=\"320\" \/><\/h3>\n<h3><strong>Pinzas de Madera Haya Oso para cadenas de carrito<\/strong><\/h3>\n<p><strong>Especificaci\u00f3n<\/strong><\/p>\n<ul>\n<li>Debe limpiarlo despu\u00e9s de cada uso y dejarlo secar al aire libre.<\/li>\n<li>Comprueba el estado de la pinza a menudo. No meter en el microondas.<\/li>\n<li>El color puede variar levemente debido a su la configuraci\u00f3n de la pantalla.<\/li>\n<li>El Comprador asume toda la responsabilidad respecto al uso del producto.<\/li>\n<li>Si alg\u00fan da\u00f1o o p\u00e9rdida es causado por la negligencia del comprador, el vendedor no ser\u00e1 responsable.<\/li>\n<\/ul>\n<p class=\"a-spacing-mini\"><b>Caracter\u00edsticas<\/b><\/p>\n<ul>\n<li>Respetuoso con el medio ambiente, utiliza un clip de chupete de madera natural en lugar de uno de pl\u00e1stico para proteger el medio ambiente. El material de madera se puede reciclar al 100% y no causar\u00e1 ninguna contaminaci\u00f3n a la naturaleza.<\/li>\n<\/ul>\n","protected":false},"excerpt":{"rendered":"<h3><strong>Pinza Chupetero de Madera Haya Oso<\/strong><\/h3>\n<p><strong>Tama\u00f1o<\/strong>:\u00a0 5,4 cm x 3,6 cm<\/p>\n<p><strong>Cantidad<\/strong>: 10 ud<\/p>\n<p><strong>Material<\/strong>: Madera haya y Metal<\/p>\n","protected":false},"featured_media":53295,"comment_status":"open","ping_status":"closed","template":"","meta":[],"product_cat":[3145,3693],"product_tag":[],"yoast_head":"<!-- This site is optimized with the Yoast SEO Premium plugin v20.5 (Yoast SEO v21.5) - https:\/\/yoast.com\/wordpress\/plugins\/seo\/ -->\n<title>10 Pinzas Chupetero de Madera Haya Oso - Artestar<\/title>\n<meta name=\"description\" content=\"Pinza Chupetero de Madera Haya Oso para DIY, Pinza de Madera Haya Oso para hacer Chupeteros, Clip Madera Natural para Beb\u00e9\" \/>\n<meta name=\"robots\" content=\"index, follow, max-snippet:-1, max-image-preview:large, max-video-preview:-1\" \/>\n<link rel=\"canonical\" href=\"https:\/\/www.artestar.eu\/pt-pt\/al-por-mayor\/10-pinzas-chupetero-de-madera-haya-oso\/\" \/>\n<meta property=\"og:locale\" content=\"pt_PT\" \/>\n<meta property=\"og:type\" content=\"article\" \/>\n<meta property=\"og:title\" content=\"10 Pinzas Chupetero de Madera Haya Oso\" \/>\n<meta property=\"og:description\" content=\"Pinza Chupetero de Madera Haya Oso para DIY, Pinza de Madera Haya Oso para hacer Chupeteros, Clip Madera Natural para Beb\u00e9\" \/>\n<meta property=\"og:url\" content=\"https:\/\/www.artestar.eu\/pt-pt\/al-por-mayor\/10-pinzas-chupetero-de-madera-haya-oso\/\" \/>\n<meta property=\"og:site_name\" content=\"Artestar\" \/>\n<meta property=\"article:publisher\" content=\"https:\/\/www.facebook.com\/ARTESTAREU\" \/>\n<meta property=\"article:modified_time\" content=\"2023-12-14T10:54:10+00:00\" \/>\n<meta property=\"og:image\" content=\"https:\/\/www.artestar.eu\/wp-content\/uploads\/2023\/12\/Pinza-Chupetero-de-Madera-Haya-Oso2.jpg\" \/>\n\t<meta property=\"og:image:width\" content=\"600\" \/>\n\t<meta property=\"og:image:height\" content=\"600\" \/>\n\t<meta property=\"og:image:type\" content=\"image\/jpeg\" \/>\n<meta name=\"twitter:card\" content=\"summary_large_image\" \/>\n<meta name=\"twitter:label1\" content=\"pre\u00e7o\" \/>\n\t<meta name=\"twitter:data1\" content=\"7,92&nbsp;&euro; (IVA N\u00c3O inclu\u00eddo)\" \/>\n\t<meta name=\"twitter:label2\" content=\"Availability\" \/>\n\t<meta name=\"twitter:data2\" content=\"Em estoque\" \/>\n<script type=\"application\/ld+json\" class=\"yoast-schema-graph\">{\"@context\":\"https:\/\/schema.org\",\"@graph\":[{\"@type\":\"WebPage\",\"@id\":\"https:\/\/www.artestar.eu\/pt-pt\/al-por-mayor\/10-pinzas-chupetero-de-madera-haya-oso\/\",\"url\":\"https:\/\/www.artestar.eu\/pt-pt\/al-por-mayor\/10-pinzas-chupetero-de-madera-haya-oso\/\",\"name\":\"10 Pinzas Chupetero de Madera Haya Oso - Artestar\",\"isPartOf\":{\"@id\":\"https:\/\/www.artestar.eu\/pt-pt\/#website\"},\"datePublished\":\"2023-12-07T09:29:55+00:00\",\"dateModified\":\"2023-12-14T10:54:10+00:00\",\"description\":\"Pinza Chupetero de Madera Haya Oso para DIY, Pinza de Madera Haya Oso para hacer Chupeteros, Clip Madera Natural para Beb\u00e9\",\"breadcrumb\":{\"@id\":\"https:\/\/www.artestar.eu\/pt-pt\/al-por-mayor\/10-pinzas-chupetero-de-madera-haya-oso\/#breadcrumb\"},\"inLanguage\":\"pt-PT\",\"potentialAction\":[{\"@type\":\"ReadAction\",\"target\":[\"https:\/\/www.artestar.eu\/pt-pt\/al-por-mayor\/10-pinzas-chupetero-de-madera-haya-oso\/\"]}]},{\"@type\":\"BreadcrumbList\",\"@id\":\"https:\/\/www.artestar.eu\/pt-pt\/al-por-mayor\/10-pinzas-chupetero-de-madera-haya-oso\/#breadcrumb\",\"itemListElement\":[{\"@type\":\"ListItem\",\"position\":1,\"name\":\"Artestar\",\"item\":\"https:\/\/www.artestar.eu\/pt-pt\/\"},{\"@type\":\"ListItem\",\"position\":2,\"name\":\"Atacado\",\"item\":\"https:\/\/www.artestar.eu\/pt-pt\/atacado\/\"},{\"@type\":\"ListItem\",\"position\":3,\"name\":\"10 Pinzas Chupetero de Madera Haya Oso\"}]},{\"@type\":\"WebSite\",\"@id\":\"https:\/\/www.artestar.eu\/pt-pt\/#website\",\"url\":\"https:\/\/www.artestar.eu\/pt-pt\/\",\"name\":\"Artestar\",\"description\":\"Mayorista en abalorios y joyer\u00eda\",\"publisher\":{\"@id\":\"https:\/\/www.artestar.eu\/pt-pt\/#organization\"},\"alternateName\":\"Artestar-EU\",\"potentialAction\":[{\"@type\":\"SearchAction\",\"target\":{\"@type\":\"EntryPoint\",\"urlTemplate\":\"https:\/\/www.artestar.eu\/pt-pt\/?s={search_term_string}\"},\"query-input\":\"required name=search_term_string\"}],\"inLanguage\":\"pt-PT\"},{\"@type\":[\"Organization\",\"Place\"],\"@id\":\"https:\/\/www.artestar.eu\/pt-pt\/#organization\",\"name\":\"RUBY ABALORIO S.L.\",\"alternateName\":\"Artestar\",\"url\":\"https:\/\/www.artestar.eu\/pt-pt\/\",\"logo\":{\"@id\":\"https:\/\/www.artestar.eu\/pt-pt\/al-por-mayor\/10-pinzas-chupetero-de-madera-haya-oso\/#local-main-organization-logo\"},\"image\":{\"@id\":\"https:\/\/www.artestar.eu\/pt-pt\/al-por-mayor\/10-pinzas-chupetero-de-madera-haya-oso\/#local-main-organization-logo\"},\"sameAs\":[\"https:\/\/www.facebook.com\/ARTESTAREU\",\"https:\/\/www.instagram.com\/artestareu\/\",\"https:\/\/www.pinterest.es\/artestar_eu\/\",\"https:\/\/www.tiktok.com\/@artestar_wholesale\"],\"openingHoursSpecification\":[{\"@type\":\"OpeningHoursSpecification\",\"dayOfWeek\":[\"Monday\",\"Tuesday\",\"Wednesday\",\"Thursday\",\"Friday\",\"Saturday\",\"Sunday\"],\"opens\":\"09:00\",\"closes\":\"17:00\"}]},{\"@type\":\"ImageObject\",\"inLanguage\":\"pt-PT\",\"@id\":\"https:\/\/www.artestar.eu\/pt-pt\/al-por-mayor\/10-pinzas-chupetero-de-madera-haya-oso\/#local-main-organization-logo\",\"url\":\"https:\/\/www.artestar.eu\/wp-content\/uploads\/2023\/05\/cropped-png.png\",\"contentUrl\":\"https:\/\/www.artestar.eu\/wp-content\/uploads\/2023\/05\/cropped-png.png\",\"width\":512,\"height\":512,\"caption\":\"RUBY ABALORIO S.L.\"}]}<\/script>\n<meta property=\"product:price:amount\" content=\"7.92\" \/>\n<meta property=\"product:price:currency\" content=\"EUR\" \/>\n<meta property=\"og:availability\" content=\"instock\" \/>\n<meta property=\"product:availability\" content=\"instock\" \/>\n<meta property=\"product:retailer_item_id\" content=\"SP0202\" \/>\n<meta property=\"product:condition\" content=\"new\" \/>\n<!-- \/ Yoast SEO Premium plugin. -->","yoast_head_json":{"title":"10 Pinzas Chupetero de Madera Haya Oso - Artestar","description":"Pinza Chupetero de Madera Haya Oso para DIY, Pinza de Madera Haya Oso para hacer Chupeteros, Clip Madera Natural para Beb\u00e9","robots":{"index":"index","follow":"follow","max-snippet":"max-snippet:-1","max-image-preview":"max-image-preview:large","max-video-preview":"max-video-preview:-1"},"canonical":"https:\/\/www.artestar.eu\/pt-pt\/al-por-mayor\/10-pinzas-chupetero-de-madera-haya-oso\/","og_locale":"pt_PT","og_type":"article","og_title":"10 Pinzas Chupetero de Madera Haya Oso","og_description":"Pinza Chupetero de Madera Haya Oso para DIY, Pinza de Madera Haya Oso para hacer Chupeteros, Clip Madera Natural para Beb\u00e9","og_url":"https:\/\/www.artestar.eu\/pt-pt\/al-por-mayor\/10-pinzas-chupetero-de-madera-haya-oso\/","og_site_name":"Artestar","article_publisher":"https:\/\/www.facebook.com\/ARTESTAREU","article_modified_time":"2023-12-14T10:54:10+00:00","og_image":[{"width":600,"height":600,"url":"https:\/\/www.artestar.eu\/wp-content\/uploads\/2023\/12\/Pinza-Chupetero-de-Madera-Haya-Oso2.jpg","type":"image\/jpeg"}],"twitter_card":"summary_large_image","twitter_misc":{"pre\u00e7o":"7,92&nbsp;&euro; (IVA N\u00c3O inclu\u00eddo)","Availability":"Em estoque"},"schema":{"@context":"https:\/\/schema.org","@graph":[{"@type":"WebPage","@id":"https:\/\/www.artestar.eu\/pt-pt\/al-por-mayor\/10-pinzas-chupetero-de-madera-haya-oso\/","url":"https:\/\/www.artestar.eu\/pt-pt\/al-por-mayor\/10-pinzas-chupetero-de-madera-haya-oso\/","name":"10 Pinzas Chupetero de Madera Haya Oso - Artestar","isPartOf":{"@id":"https:\/\/www.artestar.eu\/pt-pt\/#website"},"datePublished":"2023-12-07T09:29:55+00:00","dateModified":"2023-12-14T10:54:10+00:00","description":"Pinza Chupetero de Madera Haya Oso para DIY, Pinza de Madera Haya Oso para hacer Chupeteros, Clip Madera Natural para Beb\u00e9","breadcrumb":{"@id":"https:\/\/www.artestar.eu\/pt-pt\/al-por-mayor\/10-pinzas-chupetero-de-madera-haya-oso\/#breadcrumb"},"inLanguage":"pt-PT","potentialAction":[{"@type":"ReadAction","target":["https:\/\/www.artestar.eu\/pt-pt\/al-por-mayor\/10-pinzas-chupetero-de-madera-haya-oso\/"]}]},{"@type":"BreadcrumbList","@id":"https:\/\/www.artestar.eu\/pt-pt\/al-por-mayor\/10-pinzas-chupetero-de-madera-haya-oso\/#breadcrumb","itemListElement":[{"@type":"ListItem","position":1,"name":"Artestar","item":"https:\/\/www.artestar.eu\/pt-pt\/"},{"@type":"ListItem","position":2,"name":"Atacado","item":"https:\/\/www.artestar.eu\/pt-pt\/atacado\/"},{"@type":"ListItem","position":3,"name":"10 Pinzas Chupetero de Madera Haya Oso"}]},{"@type":"WebSite","@id":"https:\/\/www.artestar.eu\/pt-pt\/#website","url":"https:\/\/www.artestar.eu\/pt-pt\/","name":"Artestar","description":"Mayorista en abalorios y joyer\u00eda","publisher":{"@id":"https:\/\/www.artestar.eu\/pt-pt\/#organization"},"alternateName":"Artestar-EU","potentialAction":[{"@type":"SearchAction","target":{"@type":"EntryPoint","urlTemplate":"https:\/\/www.artestar.eu\/pt-pt\/?s={search_term_string}"},"query-input":"required name=search_term_string"}],"inLanguage":"pt-PT"},{"@type":["Organization","Place"],"@id":"https:\/\/www.artestar.eu\/pt-pt\/#organization","name":"RUBY ABALORIO S.L.","alternateName":"Artestar","url":"https:\/\/www.artestar.eu\/pt-pt\/","logo":{"@id":"https:\/\/www.artestar.eu\/pt-pt\/al-por-mayor\/10-pinzas-chupetero-de-madera-haya-oso\/#local-main-organization-logo"},"image":{"@id":"https:\/\/www.artestar.eu\/pt-pt\/al-por-mayor\/10-pinzas-chupetero-de-madera-haya-oso\/#local-main-organization-logo"},"sameAs":["https:\/\/www.facebook.com\/ARTESTAREU","https:\/\/www.instagram.com\/artestareu\/","https:\/\/www.pinterest.es\/artestar_eu\/","https:\/\/www.tiktok.com\/@artestar_wholesale"],"openingHoursSpecification":[{"@type":"OpeningHoursSpecification","dayOfWeek":["Monday","Tuesday","Wednesday","Thursday","Friday","Saturday","Sunday"],"opens":"09:00","closes":"17:00"}]},{"@type":"ImageObject","inLanguage":"pt-PT","@id":"https:\/\/www.artestar.eu\/pt-pt\/al-por-mayor\/10-pinzas-chupetero-de-madera-haya-oso\/#local-main-organization-logo","url":"https:\/\/www.artestar.eu\/wp-content\/uploads\/2023\/05\/cropped-png.png","contentUrl":"https:\/\/www.artestar.eu\/wp-content\/uploads\/2023\/05\/cropped-png.png","width":512,"height":512,"caption":"RUBY ABALORIO S.L."}]},"product_price_amount":"7.92","product_price_currency":"EUR","og_availability":"instock","product_availability":"instock","product_retailer_item_id":"SP0202","product_condition":"new"},"tiered_pricing_type":"fixed","tiered_pricing_fixed_rules":[],"tiered_pricing_percentage_rules":[],"tiered_pricing_minimum":null,"_administrator_tiered_pricing_type":"fixed","_administrator_tiered_pricing_fixed_rules":[],"_editor_tiered_pricing_type":"fixed","_editor_tiered_pricing_fixed_rules":[],"_author_tiered_pricing_type":"fixed","_author_tiered_pricing_fixed_rules":[],"_contributor_tiered_pricing_type":"fixed","_contributor_tiered_pricing_fixed_rules":[],"_subscriber_tiered_pricing_type":"fixed","_subscriber_tiered_pricing_fixed_rules":[],"_wpseo_manager_tiered_pricing_type":"fixed","_wpseo_manager_tiered_pricing_fixed_rules":[],"_wpseo_editor_tiered_pricing_type":"fixed","_wpseo_editor_tiered_pricing_fixed_rules":[],"_customer_tiered_pricing_type":"fixed","_customer_tiered_pricing_fixed_rules":[],"_shop_manager_tiered_pricing_type":"fixed","_shop_manager_tiered_pricing_fixed_rules":[],"_product_manager_tiered_pricing_type":"fixed","_product_manager_tiered_pricing_fixed_rules":[],"_links":{"self":[{"href":"https:\/\/www.artestar.eu\/pt-pt\/wp-json\/wp\/v2\/product\/53080"}],"collection":[{"href":"https:\/\/www.artestar.eu\/pt-pt\/wp-json\/wp\/v2\/product"}],"about":[{"href":"https:\/\/www.artestar.eu\/pt-pt\/wp-json\/wp\/v2\/types\/product"}],"replies":[{"embeddable":true,"href":"https:\/\/www.artestar.eu\/pt-pt\/wp-json\/wp\/v2\/comments?post=53080"}],"version-history":[{"count":3,"href":"https:\/\/www.artestar.eu\/pt-pt\/wp-json\/wp\/v2\/product\/53080\/revisions"}],"predecessor-version":[{"id":57896,"href":"https:\/\/www.artestar.eu\/pt-pt\/wp-json\/wp\/v2\/product\/53080\/revisions\/57896"}],"wp:featuredmedia":[{"embeddable":true,"href":"https:\/\/www.artestar.eu\/pt-pt\/wp-json\/wp\/v2\/media\/53295"}],"wp:attachment":[{"href":"https:\/\/www.artestar.eu\/pt-pt\/wp-json\/wp\/v2\/media?parent=53080"}],"wp:term":[{"taxonomy":"product_cat","embeddable":true,"href":"https:\/\/www.artestar.eu\/pt-pt\/wp-json\/wp\/v2\/product_cat?post=53080"},{"taxonomy":"product_tag","embeddable":true,"href":"https:\/\/www.artestar.eu\/pt-pt\/wp-json\/wp\/v2\/product_tag?post=53080"}],"curies":[{"name":"wp","href":"https:\/\/api.w.org\/{rel}","templated":true}]}}