{"id":53421,"date":"2023-12-11T08:47:01","date_gmt":"2023-12-11T08:47:01","guid":{"rendered":"https:\/\/www.artestar.eu\/?post_type=product&#038;p=53421"},"modified":"2023-12-14T10:51:31","modified_gmt":"2023-12-14T10:51:31","slug":"set-4-cadena-de-chupete-trenzado-lot1","status":"publish","type":"product","link":"https:\/\/www.artestar.eu\/pt-pt\/al-por-mayor\/set-4-cadena-de-chupete-trenzado-lot1\/","title":{"rendered":"Set 4 Cadena de Chupete Trenzado"},"content":{"rendered":"<h3><strong>Crochet de chupetero trenzado<\/strong><\/h3>\n<p>Las cadenas de chupetero, puede colocarse f\u00e1cilmente en la ropa, cuna o\u00a0 el cochecito del beb\u00e9. El dise\u00f1o es simple, <span class=\"a-list-item\">llamativo, sirve como juego y distracci\u00f3n para el ni\u00f1o y un gran accesorio de chupete para beb\u00e9s. L<\/span>iviano y pr\u00e1ctico, f\u00e1cil de transportar y el clip de acero inoxidable es m\u00e1s duradero.<\/p>\n<ul>\n<li>Cantidad: set de 4 unidades.<\/li>\n<li>Son hechas a mano, las medidas pueden variar seg\u00fan la pieza.<\/li>\n<li><span class=\"a-list-item\">Hechos de algod\u00f3n y pinza de madera, sin olores ni toxinas.<\/span><\/li>\n<li><span class=\"a-list-item\">Puede unir la cadena a ropa del beb\u00e9, cochecito, para casi todos los juguetes de agarre, mordedores, etc.<\/span><\/li>\n<li><span class=\"a-list-item\">El regalo perfecto para los reci\u00e9n nacidos: <\/span><span class=\"a-list-item\">son todos hechos a mano, muy pr\u00e1cticos e higi\u00e9nicos y no causar\u00e1n ning\u00fan da\u00f1o al beb\u00e9.<\/span><\/li>\n<li><span class=\"a-list-item\">Tambi\u00e9n es un regalo ideal para futuros padres o para el bautismo.<\/span><\/li>\n<li>El dise\u00f1o es simple,\u00a0<span class=\"a-list-item\">llamativo y un gran accesorio de moda para beb\u00e9s. L<\/span>iviano y pr\u00e1ctico, f\u00e1cil de transportar y el clip de acero inoxidable es m\u00e1s duradero.<\/li>\n<\/ul>\n<p><a href=\"https:\/\/www.rubydiy.com\/wp-content\/uploads\/2021\/08\/CP0173.jpg\"><img decoding=\"async\" class=\"alignnone wp-image-43254 size-fusion-800\" src=\"https:\/\/www.rubydiy.com\/wp-content\/uploads\/2021\/08\/CP0173-800x800.jpg\" alt=\"\" width=\"800\" height=\"800\" \/><\/a><\/p>\n<h3><strong>Chupetero trenzado de crochet<\/strong><\/h3>\n<p><strong>Especificaci\u00f3n<\/strong><\/p>\n<ul>\n<li>Compruebe el estado del producto a menudo.<\/li>\n<li>El color puede variar seg\u00fan la configuraci\u00f3n de la pantalla de su ordenador.<\/li>\n<li>El comprador asume toda la responsabilidad respecto al uso del producto.<\/li>\n<li>Si alg\u00fan da\u00f1o o p\u00e9rdida es causado por la negligencia del comprador, el vendedor no ser\u00e1 responsable.<\/li>\n<\/ul>\n<p><strong>Consejos<\/strong><\/p>\n<ul>\n<li>Si desea limpiar las cuentas de madera, l\u00edmpielas suavemente con una toalla h\u00fameda.<\/li>\n<li>\n<div class=\"okr-block-clipboard\" data-okr=\"%7B%22okrDelta%22%3A%5B%7B%22lineType%22%3A%22text%22%2C%22lineOptions%22%3A%7B%7D%2C%22lineContent%22%3A%5B%7B%22opType%22%3A%22text%22%2C%22options%22%3A%7B%22text%22%3A%22No%20sumerja%20ni%20remoje%20ning%C3%BAn%20art%C3%ADculos%20de%20madera%20en%20el%20agua.%20Tampoco%20los%20poner%20en%20la%20navera%20o%20la%20lavavajillas.%22%7D%7D%5D%7D%2C%7B%22lineType%22%3A%22text%22%2C%22lineOptions%22%3A%7B%7D%2C%22lineContent%22%3A%5B%7B%22opType%22%3A%22text%22%2C%22options%22%3A%7B%22text%22%3A%22Los%20art%C3%ADculos%20de%20madera%20est%C3%A1n%20hechos%20de%20madera%20natural%20y%2C%20por%20lo%20tanto%2C%20pueden%20ocurrir%20algunas%20variaciones%2C%20por%20lo%20que%20deben%20manipularse%20con%20cuidado%20para%20evitar%20da%C3%B1os.%22%7D%7D%5D%7D%5D%2C%22businessKey%22%3A%22lark-doc%22%7D\">No los lave directamente en el agua, lo que afectar\u00e1 el brillo original de la madera.<\/div>\n<\/li>\n<li>\n<div class=\"okr-block-clipboard\" data-okr=\"%7B%22okrDelta%22%3A%5B%7B%22lineType%22%3A%22text%22%2C%22lineOptions%22%3A%7B%7D%2C%22lineContent%22%3A%5B%7B%22opType%22%3A%22text%22%2C%22options%22%3A%7B%22text%22%3A%22No%20sumerja%20ni%20remoje%20ning%C3%BAn%20art%C3%ADculos%20de%20madera%20en%20el%20agua.%20Tampoco%20los%20poner%20en%20la%20navera%20o%20la%20lavavajillas.%22%7D%7D%5D%7D%2C%7B%22lineType%22%3A%22text%22%2C%22lineOptions%22%3A%7B%7D%2C%22lineContent%22%3A%5B%7B%22opType%22%3A%22text%22%2C%22options%22%3A%7B%22text%22%3A%22Los%20art%C3%ADculos%20de%20madera%20est%C3%A1n%20hechos%20de%20madera%20natural%20y%2C%20por%20lo%20tanto%2C%20pueden%20ocurrir%20algunas%20variaciones%2C%20por%20lo%20que%20deben%20manipularse%20con%20cuidado%20para%20evitar%20da%C3%B1os.%22%7D%7D%5D%7D%5D%2C%22businessKey%22%3A%22lark-doc%22%7D\">No sumerja ni remoje ning\u00fan art\u00edculos de madera en el agua. Tampoco los poner en la nevera o la lavavajillas.<\/div>\n<\/li>\n<li>Las pinzas de madera est\u00e1n hechos de madera natural, por lo que podr\u00edan ocurrir algunas variaciones y deben manipularse con cuidado para evitar da\u00f1os.<\/li>\n<\/ul>\n","protected":false},"excerpt":{"rendered":"<p><strong>Cantidad :<\/strong>set de 4 unidades<\/p>\n<p><strong>Material:<\/strong>\u00a0 Algod\u00f3n\/Madera de haya\/Metal<\/p>\n<p><b>100 % hechas a mano, las medidas pueden variar seg\u00fan la pieza.<\/b><\/p>\n","protected":false},"featured_media":53792,"comment_status":"closed","ping_status":"closed","template":"","meta":[],"product_cat":[3708,3145],"product_tag":[],"yoast_head":"<!-- This site is optimized with the Yoast SEO Premium plugin v20.5 (Yoast SEO v21.5) - https:\/\/yoast.com\/wordpress\/plugins\/seo\/ -->\n<title>Crochet de chupetero trenzado con pinza de madera haya<\/title>\n<meta name=\"description\" content=\"Crochet de chupetero trenzado con pinza de madera haya, cadena para sujetar chupete, mordedores de cadena con clip de madera de haya para beb\u00e9\" \/>\n<meta name=\"robots\" content=\"index, follow, max-snippet:-1, max-image-preview:large, max-video-preview:-1\" \/>\n<link rel=\"canonical\" href=\"https:\/\/www.artestar.eu\/pt-pt\/al-por-mayor\/set-4-cadena-de-chupete-trenzado-lot1\/\" \/>\n<meta property=\"og:locale\" content=\"pt_PT\" \/>\n<meta property=\"og:type\" content=\"article\" \/>\n<meta property=\"og:title\" content=\"Set 4 Cadena de Chupete Trenzado\" \/>\n<meta property=\"og:description\" content=\"Crochet de chupetero trenzado con pinza de madera haya, cadena para sujetar chupete, mordedores de cadena con clip de madera de haya para beb\u00e9\" \/>\n<meta property=\"og:url\" content=\"https:\/\/www.artestar.eu\/pt-pt\/al-por-mayor\/set-4-cadena-de-chupete-trenzado-lot1\/\" \/>\n<meta property=\"og:site_name\" content=\"Artestar\" \/>\n<meta property=\"article:publisher\" content=\"https:\/\/www.facebook.com\/ARTESTAREU\" \/>\n<meta property=\"article:modified_time\" content=\"2023-12-14T10:51:31+00:00\" \/>\n<meta property=\"og:image\" content=\"https:\/\/www.artestar.eu\/wp-content\/uploads\/2023\/12\/1-1.jpg\" \/>\n\t<meta property=\"og:image:width\" content=\"1200\" \/>\n\t<meta property=\"og:image:height\" content=\"1200\" \/>\n\t<meta property=\"og:image:type\" content=\"image\/jpeg\" \/>\n<meta name=\"twitter:card\" content=\"summary_large_image\" \/>\n<meta name=\"twitter:label1\" content=\"pre\u00e7o\" \/>\n\t<meta name=\"twitter:data1\" content=\"8,09&nbsp;&euro; (IVA N\u00c3O inclu\u00eddo)\" \/>\n\t<meta name=\"twitter:label2\" content=\"Availability\" \/>\n\t<meta name=\"twitter:data2\" content=\"Em estoque\" \/>\n<script type=\"application\/ld+json\" class=\"yoast-schema-graph\">{\"@context\":\"https:\/\/schema.org\",\"@graph\":[{\"@type\":\"WebPage\",\"@id\":\"https:\/\/www.artestar.eu\/pt-pt\/al-por-mayor\/set-4-cadena-de-chupete-trenzado-lot1\/\",\"url\":\"https:\/\/www.artestar.eu\/pt-pt\/al-por-mayor\/set-4-cadena-de-chupete-trenzado-lot1\/\",\"name\":\"Crochet de chupetero trenzado con pinza de madera haya\",\"isPartOf\":{\"@id\":\"https:\/\/www.artestar.eu\/pt-pt\/#website\"},\"datePublished\":\"2023-12-11T08:47:01+00:00\",\"dateModified\":\"2023-12-14T10:51:31+00:00\",\"description\":\"Crochet de chupetero trenzado con pinza de madera haya, cadena para sujetar chupete, mordedores de cadena con clip de madera de haya para beb\u00e9\",\"breadcrumb\":{\"@id\":\"https:\/\/www.artestar.eu\/pt-pt\/al-por-mayor\/set-4-cadena-de-chupete-trenzado-lot1\/#breadcrumb\"},\"inLanguage\":\"pt-PT\",\"potentialAction\":[{\"@type\":\"ReadAction\",\"target\":[\"https:\/\/www.artestar.eu\/pt-pt\/al-por-mayor\/set-4-cadena-de-chupete-trenzado-lot1\/\"]}]},{\"@type\":\"BreadcrumbList\",\"@id\":\"https:\/\/www.artestar.eu\/pt-pt\/al-por-mayor\/set-4-cadena-de-chupete-trenzado-lot1\/#breadcrumb\",\"itemListElement\":[{\"@type\":\"ListItem\",\"position\":1,\"name\":\"Artestar\",\"item\":\"https:\/\/www.artestar.eu\/pt-pt\/\"},{\"@type\":\"ListItem\",\"position\":2,\"name\":\"Atacado\",\"item\":\"https:\/\/www.artestar.eu\/pt-pt\/atacado\/\"},{\"@type\":\"ListItem\",\"position\":3,\"name\":\"Set 4 Cadena de Chupete Trenzado\"}]},{\"@type\":\"WebSite\",\"@id\":\"https:\/\/www.artestar.eu\/pt-pt\/#website\",\"url\":\"https:\/\/www.artestar.eu\/pt-pt\/\",\"name\":\"Artestar\",\"description\":\"Mayorista en abalorios y joyer\u00eda\",\"publisher\":{\"@id\":\"https:\/\/www.artestar.eu\/pt-pt\/#organization\"},\"alternateName\":\"Artestar-EU\",\"potentialAction\":[{\"@type\":\"SearchAction\",\"target\":{\"@type\":\"EntryPoint\",\"urlTemplate\":\"https:\/\/www.artestar.eu\/pt-pt\/?s={search_term_string}\"},\"query-input\":\"required name=search_term_string\"}],\"inLanguage\":\"pt-PT\"},{\"@type\":[\"Organization\",\"Place\"],\"@id\":\"https:\/\/www.artestar.eu\/pt-pt\/#organization\",\"name\":\"RUBY ABALORIO S.L.\",\"alternateName\":\"Artestar\",\"url\":\"https:\/\/www.artestar.eu\/pt-pt\/\",\"logo\":{\"@id\":\"https:\/\/www.artestar.eu\/pt-pt\/al-por-mayor\/set-4-cadena-de-chupete-trenzado-lot1\/#local-main-organization-logo\"},\"image\":{\"@id\":\"https:\/\/www.artestar.eu\/pt-pt\/al-por-mayor\/set-4-cadena-de-chupete-trenzado-lot1\/#local-main-organization-logo\"},\"sameAs\":[\"https:\/\/www.facebook.com\/ARTESTAREU\",\"https:\/\/www.instagram.com\/artestareu\/\",\"https:\/\/www.pinterest.es\/artestar_eu\/\",\"https:\/\/www.tiktok.com\/@artestar_wholesale\"],\"openingHoursSpecification\":[{\"@type\":\"OpeningHoursSpecification\",\"dayOfWeek\":[\"Monday\",\"Tuesday\",\"Wednesday\",\"Thursday\",\"Friday\",\"Saturday\",\"Sunday\"],\"opens\":\"09:00\",\"closes\":\"17:00\"}]},{\"@type\":\"ImageObject\",\"inLanguage\":\"pt-PT\",\"@id\":\"https:\/\/www.artestar.eu\/pt-pt\/al-por-mayor\/set-4-cadena-de-chupete-trenzado-lot1\/#local-main-organization-logo\",\"url\":\"https:\/\/www.artestar.eu\/wp-content\/uploads\/2023\/05\/cropped-png.png\",\"contentUrl\":\"https:\/\/www.artestar.eu\/wp-content\/uploads\/2023\/05\/cropped-png.png\",\"width\":512,\"height\":512,\"caption\":\"RUBY ABALORIO S.L.\"}]}<\/script>\n<meta property=\"product:price:amount\" content=\"8.09\" \/>\n<meta property=\"product:price:currency\" content=\"EUR\" \/>\n<meta property=\"og:availability\" content=\"instock\" \/>\n<meta property=\"product:availability\" content=\"instock\" \/>\n<meta property=\"product:retailer_item_id\" content=\"X001D36QOZ\" \/>\n<meta property=\"product:condition\" content=\"new\" \/>\n<!-- \/ Yoast SEO Premium plugin. -->","yoast_head_json":{"title":"Crochet de chupetero trenzado con pinza de madera haya","description":"Crochet de chupetero trenzado con pinza de madera haya, cadena para sujetar chupete, mordedores de cadena con clip de madera de haya para beb\u00e9","robots":{"index":"index","follow":"follow","max-snippet":"max-snippet:-1","max-image-preview":"max-image-preview:large","max-video-preview":"max-video-preview:-1"},"canonical":"https:\/\/www.artestar.eu\/pt-pt\/al-por-mayor\/set-4-cadena-de-chupete-trenzado-lot1\/","og_locale":"pt_PT","og_type":"article","og_title":"Set 4 Cadena de Chupete Trenzado","og_description":"Crochet de chupetero trenzado con pinza de madera haya, cadena para sujetar chupete, mordedores de cadena con clip de madera de haya para beb\u00e9","og_url":"https:\/\/www.artestar.eu\/pt-pt\/al-por-mayor\/set-4-cadena-de-chupete-trenzado-lot1\/","og_site_name":"Artestar","article_publisher":"https:\/\/www.facebook.com\/ARTESTAREU","article_modified_time":"2023-12-14T10:51:31+00:00","og_image":[{"width":1200,"height":1200,"url":"https:\/\/www.artestar.eu\/wp-content\/uploads\/2023\/12\/1-1.jpg","type":"image\/jpeg"}],"twitter_card":"summary_large_image","twitter_misc":{"pre\u00e7o":"8,09&nbsp;&euro; (IVA N\u00c3O inclu\u00eddo)","Availability":"Em estoque"},"schema":{"@context":"https:\/\/schema.org","@graph":[{"@type":"WebPage","@id":"https:\/\/www.artestar.eu\/pt-pt\/al-por-mayor\/set-4-cadena-de-chupete-trenzado-lot1\/","url":"https:\/\/www.artestar.eu\/pt-pt\/al-por-mayor\/set-4-cadena-de-chupete-trenzado-lot1\/","name":"Crochet de chupetero trenzado con pinza de madera haya","isPartOf":{"@id":"https:\/\/www.artestar.eu\/pt-pt\/#website"},"datePublished":"2023-12-11T08:47:01+00:00","dateModified":"2023-12-14T10:51:31+00:00","description":"Crochet de chupetero trenzado con pinza de madera haya, cadena para sujetar chupete, mordedores de cadena con clip de madera de haya para beb\u00e9","breadcrumb":{"@id":"https:\/\/www.artestar.eu\/pt-pt\/al-por-mayor\/set-4-cadena-de-chupete-trenzado-lot1\/#breadcrumb"},"inLanguage":"pt-PT","potentialAction":[{"@type":"ReadAction","target":["https:\/\/www.artestar.eu\/pt-pt\/al-por-mayor\/set-4-cadena-de-chupete-trenzado-lot1\/"]}]},{"@type":"BreadcrumbList","@id":"https:\/\/www.artestar.eu\/pt-pt\/al-por-mayor\/set-4-cadena-de-chupete-trenzado-lot1\/#breadcrumb","itemListElement":[{"@type":"ListItem","position":1,"name":"Artestar","item":"https:\/\/www.artestar.eu\/pt-pt\/"},{"@type":"ListItem","position":2,"name":"Atacado","item":"https:\/\/www.artestar.eu\/pt-pt\/atacado\/"},{"@type":"ListItem","position":3,"name":"Set 4 Cadena de Chupete Trenzado"}]},{"@type":"WebSite","@id":"https:\/\/www.artestar.eu\/pt-pt\/#website","url":"https:\/\/www.artestar.eu\/pt-pt\/","name":"Artestar","description":"Mayorista en abalorios y joyer\u00eda","publisher":{"@id":"https:\/\/www.artestar.eu\/pt-pt\/#organization"},"alternateName":"Artestar-EU","potentialAction":[{"@type":"SearchAction","target":{"@type":"EntryPoint","urlTemplate":"https:\/\/www.artestar.eu\/pt-pt\/?s={search_term_string}"},"query-input":"required name=search_term_string"}],"inLanguage":"pt-PT"},{"@type":["Organization","Place"],"@id":"https:\/\/www.artestar.eu\/pt-pt\/#organization","name":"RUBY ABALORIO S.L.","alternateName":"Artestar","url":"https:\/\/www.artestar.eu\/pt-pt\/","logo":{"@id":"https:\/\/www.artestar.eu\/pt-pt\/al-por-mayor\/set-4-cadena-de-chupete-trenzado-lot1\/#local-main-organization-logo"},"image":{"@id":"https:\/\/www.artestar.eu\/pt-pt\/al-por-mayor\/set-4-cadena-de-chupete-trenzado-lot1\/#local-main-organization-logo"},"sameAs":["https:\/\/www.facebook.com\/ARTESTAREU","https:\/\/www.instagram.com\/artestareu\/","https:\/\/www.pinterest.es\/artestar_eu\/","https:\/\/www.tiktok.com\/@artestar_wholesale"],"openingHoursSpecification":[{"@type":"OpeningHoursSpecification","dayOfWeek":["Monday","Tuesday","Wednesday","Thursday","Friday","Saturday","Sunday"],"opens":"09:00","closes":"17:00"}]},{"@type":"ImageObject","inLanguage":"pt-PT","@id":"https:\/\/www.artestar.eu\/pt-pt\/al-por-mayor\/set-4-cadena-de-chupete-trenzado-lot1\/#local-main-organization-logo","url":"https:\/\/www.artestar.eu\/wp-content\/uploads\/2023\/05\/cropped-png.png","contentUrl":"https:\/\/www.artestar.eu\/wp-content\/uploads\/2023\/05\/cropped-png.png","width":512,"height":512,"caption":"RUBY ABALORIO S.L."}]},"product_price_amount":"8.09","product_price_currency":"EUR","og_availability":"instock","product_availability":"instock","product_retailer_item_id":"X001D36QOZ","product_condition":"new"},"tiered_pricing_type":"fixed","tiered_pricing_fixed_rules":[],"tiered_pricing_percentage_rules":[],"tiered_pricing_minimum":null,"_administrator_tiered_pricing_type":"fixed","_administrator_tiered_pricing_fixed_rules":[],"_editor_tiered_pricing_type":"fixed","_editor_tiered_pricing_fixed_rules":[],"_author_tiered_pricing_type":"fixed","_author_tiered_pricing_fixed_rules":[],"_contributor_tiered_pricing_type":"fixed","_contributor_tiered_pricing_fixed_rules":[],"_subscriber_tiered_pricing_type":"fixed","_subscriber_tiered_pricing_fixed_rules":[],"_wpseo_manager_tiered_pricing_type":"fixed","_wpseo_manager_tiered_pricing_fixed_rules":[],"_wpseo_editor_tiered_pricing_type":"fixed","_wpseo_editor_tiered_pricing_fixed_rules":[],"_customer_tiered_pricing_type":"fixed","_customer_tiered_pricing_fixed_rules":[],"_shop_manager_tiered_pricing_type":"fixed","_shop_manager_tiered_pricing_fixed_rules":[],"_product_manager_tiered_pricing_type":"fixed","_product_manager_tiered_pricing_fixed_rules":[],"_links":{"self":[{"href":"https:\/\/www.artestar.eu\/pt-pt\/wp-json\/wp\/v2\/product\/53421"}],"collection":[{"href":"https:\/\/www.artestar.eu\/pt-pt\/wp-json\/wp\/v2\/product"}],"about":[{"href":"https:\/\/www.artestar.eu\/pt-pt\/wp-json\/wp\/v2\/types\/product"}],"replies":[{"embeddable":true,"href":"https:\/\/www.artestar.eu\/pt-pt\/wp-json\/wp\/v2\/comments?post=53421"}],"version-history":[{"count":4,"href":"https:\/\/www.artestar.eu\/pt-pt\/wp-json\/wp\/v2\/product\/53421\/revisions"}],"predecessor-version":[{"id":57890,"href":"https:\/\/www.artestar.eu\/pt-pt\/wp-json\/wp\/v2\/product\/53421\/revisions\/57890"}],"wp:featuredmedia":[{"embeddable":true,"href":"https:\/\/www.artestar.eu\/pt-pt\/wp-json\/wp\/v2\/media\/53792"}],"wp:attachment":[{"href":"https:\/\/www.artestar.eu\/pt-pt\/wp-json\/wp\/v2\/media?parent=53421"}],"wp:term":[{"taxonomy":"product_cat","embeddable":true,"href":"https:\/\/www.artestar.eu\/pt-pt\/wp-json\/wp\/v2\/product_cat?post=53421"},{"taxonomy":"product_tag","embeddable":true,"href":"https:\/\/www.artestar.eu\/pt-pt\/wp-json\/wp\/v2\/product_tag?post=53421"}],"curies":[{"name":"wp","href":"https:\/\/api.w.org\/{rel}","templated":true}]}}