{"id":53428,"date":"2023-12-11T08:47:03","date_gmt":"2023-12-11T08:47:03","guid":{"rendered":"https:\/\/www.artestar.eu\/?post_type=product&#038;p=53428"},"modified":"2023-12-14T08:39:41","modified_gmt":"2023-12-14T08:39:41","slug":"set-2pcs-chupeteros-cadena-chupete-silicona","status":"publish","type":"product","link":"https:\/\/www.artestar.eu\/pt-pt\/al-por-mayor\/set-2pcs-chupeteros-cadena-chupete-silicona\/","title":{"rendered":"set de 2PCS Chupeteros Cadena Chupete Silicona"},"content":{"rendered":"<h3><strong>Cadena Chupete silicona para Beb\u00e9<\/strong><\/h3>\n<p>Las cadenas de chupetero de silicona puede colocarse f\u00e1cilmente en la ropa, cuna o\u00a0 el cochecito del beb\u00e9. El dise\u00f1o es simple, <span class=\"a-list-item\">llamativo, sirve como juego y distracci\u00f3n para el ni\u00f1o y un gran accesorio de chupete para beb\u00e9s. L<\/span>iviano y pr\u00e1ctico, f\u00e1cil de transportar y el clip de acero inoxidable es m\u00e1s duradero.<\/p>\n<ul>\n<li>Cantidad: Set de 2 piezas<\/li>\n<\/ul>\n<ul>\n<li>Chupeteros cadena chupete silicona son hechas a mano, las medidas pueden variar seg\u00fan la pieza.<\/li>\n<li>Las cuentas de silicona del kit de cadena chupete bebe est\u00e1n hechas de silicona de grado alimenticio,. Est\u00e1 equipada con un clip chupetero de pl\u00e1stico y es duradera. El beb\u00e9 puede usar esta chupetero con confianza .<\/li>\n<li>Puede unir la cadena a ropa del beb\u00e9, cochecito, para casi todos los juguetes de agarre, mordedores, etc.<\/li>\n<li>El regalo perfecto para los reci\u00e9n nacidos: son todos hechos a mano, muy pr\u00e1cticos e higi\u00e9nicos y no causar\u00e1n ning\u00fan da\u00f1o al beb\u00e9.<\/li>\n<li>Tambi\u00e9n es un regalo ideal para futuros padres o para el bautismo.<\/li>\n<li>El dise\u00f1o es simple, llamativo y un gran accesorio de moda para beb\u00e9s. Liviano y pr\u00e1ctico, f\u00e1cil de transportar.<\/li>\n<li>Los distintos colores de la sujeta chupetes pueden atraer la atenci\u00f3n del beb\u00e9 y aliviar la incomodidad del beb\u00e9 durante la dentici\u00f3n. El beb\u00e9 tambi\u00e9n puede masticar las cuantas silicona de chupetero para promover el desarrollo de las enc\u00edas del beb\u00e9.<\/li>\n<li>Multifunci\u00f3n: la cadena del chupetes\u00a0 para bebes se puede unir con chupete mordedor y juguetes. Fije el gancho para la tetina a la ropa, los cochecitos, las cunas o los asientos del autom\u00f3vil, para que su beb\u00e9 pueda usar la cadena de chupete\u00a0 en cualquier momento.<\/li>\n<\/ul>\n<p><img decoding=\"async\" class=\"alignnone wp-image-59889\" src=\"https:\/\/www.rubydiy.com\/wp-content\/uploads\/2023\/01\/640e0943-cbe5-4277-bf74-52d0f9c3ba6a-300x300.jpg\" alt=\"Chupeteros Cadena Chupete Silicona\" width=\"320\" height=\"320\" \/>\u00a0 \u00a0 \u00a0 \u00a0<a href=\"https:\/\/www.rubydiy.com\/wp-content\/uploads\/2023\/01\/bba3828e-7f44-4ca6-adb0-a96f052a544f.jpg\">\u00a0 \u00a0 \u00a0 <\/a><img decoding=\"async\" class=\"alignnone wp-image-60279\" src=\"https:\/\/www.rubydiy.com\/wp-content\/uploads\/2023\/01\/3ddbaba6-d33a-4435-9fc1-7aac3f8918bf-300x300.jpg\" alt=\"Chupeteros Cadena Chupete Silicona\" width=\"320\" height=\"320\" \/> \u00a0 \u00a0 \u00a0 <img decoding=\"async\" class=\"alignnone wp-image-59883\" src=\"https:\/\/www.rubydiy.com\/wp-content\/uploads\/2023\/01\/6f442f30-68e7-43a4-aa4a-309650e86eba-300x300.jpg\" alt=\"\" width=\"320\" height=\"320\" \/><\/p>\n<h3><em><strong>Cadena Chupete Silicona\u00a0para beb\u00e9<\/strong><\/em><\/h3>\n<p><strong>Especificaci\u00f3n<\/strong><\/p>\n<ul>\n<li>Pr\u00e1ctico para aliviar el dolor de la dentici\u00f3n de su beb\u00e9 cuando le est\u00e1 saliendo los dientes.<\/li>\n<li>Limpieza: debe ser esterilizado con agua y jab\u00f3n neutro antes de cada uso.<\/li>\n<li>Debe limpiarlo despu\u00e9s de cada uso y dejarlo secar al aire libre.<\/li>\n<li>Comprueba el estado de las bolas a menudo. No meter en el microondas.<\/li>\n<li>El color puede variar levemente debido a su la configuraci\u00f3n de la pantalla.<\/li>\n<li>Tiempo de uso: m\u00e1ximo 6 meses por el higiene y la seguridad de los ni\u00f1os.<\/li>\n<li>El Comprador asume toda la responsabilidad respecto al uso del producto.<\/li>\n<li>Si alg\u00fan da\u00f1o o p\u00e9rdida es causado por la negligencia del comprador, el vendedor no ser\u00e1 responsable.<\/li>\n<\/ul>\n<p><strong>Consejos<\/strong><\/p>\n<ul>\n<li>Si desea esterilizar estas figuras de silicona, l\u00edmpielas simplemente con agua tibia y jab\u00f3n neutro.<\/li>\n<\/ul>\n<p>&nbsp;<\/p>\n","protected":false},"excerpt":{"rendered":"<p><strong>Chupeteros Cadena Chupete Silicona<\/strong><\/p>\n<p><strong>Cantidad : <\/strong>set de 2 piezas<\/p>\n<p><strong>Material:<\/strong> Silicona\/ Pl\u00e1stico<\/p>\n<p><b>100 % hechas a mano, las medidas pueden variar seg\u00fan la pieza.<\/b><\/p>\n","protected":false},"featured_media":53940,"comment_status":"closed","ping_status":"closed","template":"","meta":[],"product_cat":[3708,3145],"product_tag":[],"yoast_head":"<!-- This site is optimized with the Yoast SEO Premium plugin v20.5 (Yoast SEO v21.5) - https:\/\/yoast.com\/wordpress\/plugins\/seo\/ -->\n<title>set de 2PCS Chupeteros Cadena Chupete Silicona - Artestar<\/title>\n<meta name=\"description\" content=\"Chupeteros Cadena Chupete Silicona,chupetero silicona cadena chupete bebe ,el mejor regalos bebes recien nacidos originales\" \/>\n<meta name=\"robots\" content=\"index, follow, max-snippet:-1, max-image-preview:large, max-video-preview:-1\" \/>\n<link rel=\"canonical\" href=\"https:\/\/www.artestar.eu\/pt-pt\/al-por-mayor\/set-2pcs-chupeteros-cadena-chupete-silicona\/\" \/>\n<meta property=\"og:locale\" content=\"pt_PT\" \/>\n<meta property=\"og:type\" content=\"article\" \/>\n<meta property=\"og:title\" content=\"set de 2PCS Chupeteros Cadena Chupete Silicona\" \/>\n<meta property=\"og:description\" content=\"Chupeteros Cadena Chupete Silicona,chupetero silicona cadena chupete bebe ,el mejor regalos bebes recien nacidos originales\" \/>\n<meta property=\"og:url\" content=\"https:\/\/www.artestar.eu\/pt-pt\/al-por-mayor\/set-2pcs-chupeteros-cadena-chupete-silicona\/\" \/>\n<meta property=\"og:site_name\" content=\"Artestar\" \/>\n<meta property=\"article:publisher\" content=\"https:\/\/www.facebook.com\/ARTESTAREU\" \/>\n<meta property=\"article:modified_time\" content=\"2023-12-14T08:39:41+00:00\" \/>\n<meta property=\"og:image\" content=\"https:\/\/www.artestar.eu\/wp-content\/uploads\/2023\/12\/4cf6fbe7-9141-4a01-917d-312567710265.jpg\" \/>\n\t<meta property=\"og:image:width\" content=\"1200\" \/>\n\t<meta property=\"og:image:height\" content=\"1200\" \/>\n\t<meta property=\"og:image:type\" content=\"image\/jpeg\" \/>\n<meta name=\"twitter:card\" content=\"summary_large_image\" \/>\n<meta name=\"twitter:label1\" content=\"Availability\" \/>\n\t<meta name=\"twitter:data1\" content=\"Em estoque\" \/>\n<script type=\"application\/ld+json\" class=\"yoast-schema-graph\">{\"@context\":\"https:\/\/schema.org\",\"@graph\":[{\"@type\":\"WebPage\",\"@id\":\"https:\/\/www.artestar.eu\/pt-pt\/al-por-mayor\/set-2pcs-chupeteros-cadena-chupete-silicona\/\",\"url\":\"https:\/\/www.artestar.eu\/pt-pt\/al-por-mayor\/set-2pcs-chupeteros-cadena-chupete-silicona\/\",\"name\":\"set de 2PCS Chupeteros Cadena Chupete Silicona - Artestar\",\"isPartOf\":{\"@id\":\"https:\/\/www.artestar.eu\/pt-pt\/#website\"},\"datePublished\":\"2023-12-11T08:47:03+00:00\",\"dateModified\":\"2023-12-14T08:39:41+00:00\",\"description\":\"Chupeteros Cadena Chupete Silicona,chupetero silicona cadena chupete bebe ,el mejor regalos bebes recien nacidos originales\",\"breadcrumb\":{\"@id\":\"https:\/\/www.artestar.eu\/pt-pt\/al-por-mayor\/set-2pcs-chupeteros-cadena-chupete-silicona\/#breadcrumb\"},\"inLanguage\":\"pt-PT\",\"potentialAction\":[{\"@type\":\"ReadAction\",\"target\":[\"https:\/\/www.artestar.eu\/pt-pt\/al-por-mayor\/set-2pcs-chupeteros-cadena-chupete-silicona\/\"]}]},{\"@type\":\"BreadcrumbList\",\"@id\":\"https:\/\/www.artestar.eu\/pt-pt\/al-por-mayor\/set-2pcs-chupeteros-cadena-chupete-silicona\/#breadcrumb\",\"itemListElement\":[{\"@type\":\"ListItem\",\"position\":1,\"name\":\"Artestar\",\"item\":\"https:\/\/www.artestar.eu\/pt-pt\/\"},{\"@type\":\"ListItem\",\"position\":2,\"name\":\"Atacado\",\"item\":\"https:\/\/www.artestar.eu\/pt-pt\/atacado\/\"},{\"@type\":\"ListItem\",\"position\":3,\"name\":\"set de 2PCS Chupeteros Cadena Chupete Silicona\"}]},{\"@type\":\"WebSite\",\"@id\":\"https:\/\/www.artestar.eu\/pt-pt\/#website\",\"url\":\"https:\/\/www.artestar.eu\/pt-pt\/\",\"name\":\"Artestar\",\"description\":\"Mayorista en abalorios y joyer\u00eda\",\"publisher\":{\"@id\":\"https:\/\/www.artestar.eu\/pt-pt\/#organization\"},\"alternateName\":\"Artestar-EU\",\"potentialAction\":[{\"@type\":\"SearchAction\",\"target\":{\"@type\":\"EntryPoint\",\"urlTemplate\":\"https:\/\/www.artestar.eu\/pt-pt\/?s={search_term_string}\"},\"query-input\":\"required name=search_term_string\"}],\"inLanguage\":\"pt-PT\"},{\"@type\":[\"Organization\",\"Place\"],\"@id\":\"https:\/\/www.artestar.eu\/pt-pt\/#organization\",\"name\":\"RUBY ABALORIO S.L.\",\"alternateName\":\"Artestar\",\"url\":\"https:\/\/www.artestar.eu\/pt-pt\/\",\"logo\":{\"@id\":\"https:\/\/www.artestar.eu\/pt-pt\/al-por-mayor\/set-2pcs-chupeteros-cadena-chupete-silicona\/#local-main-organization-logo\"},\"image\":{\"@id\":\"https:\/\/www.artestar.eu\/pt-pt\/al-por-mayor\/set-2pcs-chupeteros-cadena-chupete-silicona\/#local-main-organization-logo\"},\"sameAs\":[\"https:\/\/www.facebook.com\/ARTESTAREU\",\"https:\/\/www.instagram.com\/artestareu\/\",\"https:\/\/www.pinterest.es\/artestar_eu\/\",\"https:\/\/www.tiktok.com\/@artestar_wholesale\"],\"openingHoursSpecification\":[{\"@type\":\"OpeningHoursSpecification\",\"dayOfWeek\":[\"Monday\",\"Tuesday\",\"Wednesday\",\"Thursday\",\"Friday\",\"Saturday\",\"Sunday\"],\"opens\":\"09:00\",\"closes\":\"17:00\"}]},{\"@type\":\"ImageObject\",\"inLanguage\":\"pt-PT\",\"@id\":\"https:\/\/www.artestar.eu\/pt-pt\/al-por-mayor\/set-2pcs-chupeteros-cadena-chupete-silicona\/#local-main-organization-logo\",\"url\":\"https:\/\/www.artestar.eu\/wp-content\/uploads\/2023\/05\/cropped-png.png\",\"contentUrl\":\"https:\/\/www.artestar.eu\/wp-content\/uploads\/2023\/05\/cropped-png.png\",\"width\":512,\"height\":512,\"caption\":\"RUBY ABALORIO S.L.\"}]}<\/script>\n<meta property=\"og:availability\" content=\"instock\" \/>\n<meta property=\"product:availability\" content=\"instock\" \/>\n<meta property=\"product:retailer_item_id\" content=\"CPF0007\" \/>\n<meta property=\"product:condition\" content=\"new\" \/>\n<!-- \/ Yoast SEO Premium plugin. -->","yoast_head_json":{"title":"set de 2PCS Chupeteros Cadena Chupete Silicona - Artestar","description":"Chupeteros Cadena Chupete Silicona,chupetero silicona cadena chupete bebe ,el mejor regalos bebes recien nacidos originales","robots":{"index":"index","follow":"follow","max-snippet":"max-snippet:-1","max-image-preview":"max-image-preview:large","max-video-preview":"max-video-preview:-1"},"canonical":"https:\/\/www.artestar.eu\/pt-pt\/al-por-mayor\/set-2pcs-chupeteros-cadena-chupete-silicona\/","og_locale":"pt_PT","og_type":"article","og_title":"set de 2PCS Chupeteros Cadena Chupete Silicona","og_description":"Chupeteros Cadena Chupete Silicona,chupetero silicona cadena chupete bebe ,el mejor regalos bebes recien nacidos originales","og_url":"https:\/\/www.artestar.eu\/pt-pt\/al-por-mayor\/set-2pcs-chupeteros-cadena-chupete-silicona\/","og_site_name":"Artestar","article_publisher":"https:\/\/www.facebook.com\/ARTESTAREU","article_modified_time":"2023-12-14T08:39:41+00:00","og_image":[{"width":1200,"height":1200,"url":"https:\/\/www.artestar.eu\/wp-content\/uploads\/2023\/12\/4cf6fbe7-9141-4a01-917d-312567710265.jpg","type":"image\/jpeg"}],"twitter_card":"summary_large_image","twitter_misc":{"Availability":"Em estoque"},"schema":{"@context":"https:\/\/schema.org","@graph":[{"@type":"WebPage","@id":"https:\/\/www.artestar.eu\/pt-pt\/al-por-mayor\/set-2pcs-chupeteros-cadena-chupete-silicona\/","url":"https:\/\/www.artestar.eu\/pt-pt\/al-por-mayor\/set-2pcs-chupeteros-cadena-chupete-silicona\/","name":"set de 2PCS Chupeteros Cadena Chupete Silicona - Artestar","isPartOf":{"@id":"https:\/\/www.artestar.eu\/pt-pt\/#website"},"datePublished":"2023-12-11T08:47:03+00:00","dateModified":"2023-12-14T08:39:41+00:00","description":"Chupeteros Cadena Chupete Silicona,chupetero silicona cadena chupete bebe ,el mejor regalos bebes recien nacidos originales","breadcrumb":{"@id":"https:\/\/www.artestar.eu\/pt-pt\/al-por-mayor\/set-2pcs-chupeteros-cadena-chupete-silicona\/#breadcrumb"},"inLanguage":"pt-PT","potentialAction":[{"@type":"ReadAction","target":["https:\/\/www.artestar.eu\/pt-pt\/al-por-mayor\/set-2pcs-chupeteros-cadena-chupete-silicona\/"]}]},{"@type":"BreadcrumbList","@id":"https:\/\/www.artestar.eu\/pt-pt\/al-por-mayor\/set-2pcs-chupeteros-cadena-chupete-silicona\/#breadcrumb","itemListElement":[{"@type":"ListItem","position":1,"name":"Artestar","item":"https:\/\/www.artestar.eu\/pt-pt\/"},{"@type":"ListItem","position":2,"name":"Atacado","item":"https:\/\/www.artestar.eu\/pt-pt\/atacado\/"},{"@type":"ListItem","position":3,"name":"set de 2PCS Chupeteros Cadena Chupete Silicona"}]},{"@type":"WebSite","@id":"https:\/\/www.artestar.eu\/pt-pt\/#website","url":"https:\/\/www.artestar.eu\/pt-pt\/","name":"Artestar","description":"Mayorista en abalorios y joyer\u00eda","publisher":{"@id":"https:\/\/www.artestar.eu\/pt-pt\/#organization"},"alternateName":"Artestar-EU","potentialAction":[{"@type":"SearchAction","target":{"@type":"EntryPoint","urlTemplate":"https:\/\/www.artestar.eu\/pt-pt\/?s={search_term_string}"},"query-input":"required name=search_term_string"}],"inLanguage":"pt-PT"},{"@type":["Organization","Place"],"@id":"https:\/\/www.artestar.eu\/pt-pt\/#organization","name":"RUBY ABALORIO S.L.","alternateName":"Artestar","url":"https:\/\/www.artestar.eu\/pt-pt\/","logo":{"@id":"https:\/\/www.artestar.eu\/pt-pt\/al-por-mayor\/set-2pcs-chupeteros-cadena-chupete-silicona\/#local-main-organization-logo"},"image":{"@id":"https:\/\/www.artestar.eu\/pt-pt\/al-por-mayor\/set-2pcs-chupeteros-cadena-chupete-silicona\/#local-main-organization-logo"},"sameAs":["https:\/\/www.facebook.com\/ARTESTAREU","https:\/\/www.instagram.com\/artestareu\/","https:\/\/www.pinterest.es\/artestar_eu\/","https:\/\/www.tiktok.com\/@artestar_wholesale"],"openingHoursSpecification":[{"@type":"OpeningHoursSpecification","dayOfWeek":["Monday","Tuesday","Wednesday","Thursday","Friday","Saturday","Sunday"],"opens":"09:00","closes":"17:00"}]},{"@type":"ImageObject","inLanguage":"pt-PT","@id":"https:\/\/www.artestar.eu\/pt-pt\/al-por-mayor\/set-2pcs-chupeteros-cadena-chupete-silicona\/#local-main-organization-logo","url":"https:\/\/www.artestar.eu\/wp-content\/uploads\/2023\/05\/cropped-png.png","contentUrl":"https:\/\/www.artestar.eu\/wp-content\/uploads\/2023\/05\/cropped-png.png","width":512,"height":512,"caption":"RUBY ABALORIO S.L."}]},"og_availability":"instock","product_availability":"instock","product_retailer_item_id":"CPF0007","product_condition":"new"},"tiered_pricing_type":"fixed","tiered_pricing_fixed_rules":[],"tiered_pricing_percentage_rules":[],"tiered_pricing_minimum":null,"_administrator_tiered_pricing_type":"fixed","_administrator_tiered_pricing_fixed_rules":[],"_editor_tiered_pricing_type":"fixed","_editor_tiered_pricing_fixed_rules":[],"_author_tiered_pricing_type":"fixed","_author_tiered_pricing_fixed_rules":[],"_contributor_tiered_pricing_type":"fixed","_contributor_tiered_pricing_fixed_rules":[],"_subscriber_tiered_pricing_type":"fixed","_subscriber_tiered_pricing_fixed_rules":[],"_wpseo_manager_tiered_pricing_type":"fixed","_wpseo_manager_tiered_pricing_fixed_rules":[],"_wpseo_editor_tiered_pricing_type":"fixed","_wpseo_editor_tiered_pricing_fixed_rules":[],"_customer_tiered_pricing_type":"fixed","_customer_tiered_pricing_fixed_rules":[],"_shop_manager_tiered_pricing_type":"fixed","_shop_manager_tiered_pricing_fixed_rules":[],"_product_manager_tiered_pricing_type":"fixed","_product_manager_tiered_pricing_fixed_rules":[],"_links":{"self":[{"href":"https:\/\/www.artestar.eu\/pt-pt\/wp-json\/wp\/v2\/product\/53428"}],"collection":[{"href":"https:\/\/www.artestar.eu\/pt-pt\/wp-json\/wp\/v2\/product"}],"about":[{"href":"https:\/\/www.artestar.eu\/pt-pt\/wp-json\/wp\/v2\/types\/product"}],"replies":[{"embeddable":true,"href":"https:\/\/www.artestar.eu\/pt-pt\/wp-json\/wp\/v2\/comments?post=53428"}],"version-history":[{"count":4,"href":"https:\/\/www.artestar.eu\/pt-pt\/wp-json\/wp\/v2\/product\/53428\/revisions"}],"predecessor-version":[{"id":57756,"href":"https:\/\/www.artestar.eu\/pt-pt\/wp-json\/wp\/v2\/product\/53428\/revisions\/57756"}],"wp:featuredmedia":[{"embeddable":true,"href":"https:\/\/www.artestar.eu\/pt-pt\/wp-json\/wp\/v2\/media\/53940"}],"wp:attachment":[{"href":"https:\/\/www.artestar.eu\/pt-pt\/wp-json\/wp\/v2\/media?parent=53428"}],"wp:term":[{"taxonomy":"product_cat","embeddable":true,"href":"https:\/\/www.artestar.eu\/pt-pt\/wp-json\/wp\/v2\/product_cat?post=53428"},{"taxonomy":"product_tag","embeddable":true,"href":"https:\/\/www.artestar.eu\/pt-pt\/wp-json\/wp\/v2\/product_tag?post=53428"}],"curies":[{"name":"wp","href":"https:\/\/api.w.org\/{rel}","templated":true}]}}