{"id":53432,"date":"2023-12-11T08:47:04","date_gmt":"2023-12-11T08:47:04","guid":{"rendered":"https:\/\/www.artestar.eu\/?post_type=product&#038;p=53432"},"modified":"2023-12-14T08:31:25","modified_gmt":"2023-12-14T08:31:25","slug":"kit-2-sonajero-mordedor","status":"publish","type":"product","link":"https:\/\/www.artestar.eu\/pt-pt\/al-por-mayor\/kit-2-sonajero-mordedor\/","title":{"rendered":"Kit 2 Sonajero Mordedor"},"content":{"rendered":"<h3><strong>Sonajero\u00a0Mordedor Kit 20 piezas<\/strong><\/h3>\n<p>Sonajero de silicona y madera. El dise\u00f1o es simple, <span class=\"a-list-item\">llamativo, sirve como juego y distracci\u00f3n para el ni\u00f1o y un gran accesorio. L<\/span>iviano y pr\u00e1ctico, f\u00e1cil de transportar. <span class=\"a-list-item\">Las materiales son 100% Silicona Org\u00e1nica Anti Bacterias de grado alimentario libre de BPA, PVC, Ftalatos, Cadmio y Plomo.<\/span><\/p>\n<ul>\n<li>Cantidad:kit 2 piezas<\/li>\n<li>Medidas: \u00d868mm aprox.<\/li>\n<li>Material: Silicona Antibacteriana \/\u00a0Madera Haya<\/li>\n<li>Peso: 78g<\/li>\n<\/ul>\n<p><span class=\"a-list-item\">El Sonajero Mordedor est\u00e1 completamente hecho a mano, muy duradero y seguro. El Sonajero Mordedor puede apoyar el crecimiento saludable del beb\u00e9 y es imprescindible para los reci\u00e9n nacidos. Los diferentes colores del Sonajero Mordedor de silicona pueden atraer la atenci\u00f3n del beb\u00e9 y aliviar la incomodidad del beb\u00e9 durante la dentici\u00f3n. El beb\u00e9 tambi\u00e9n puede masticar las bolas de silicona para favorecer el desarrollo de las enc\u00edas del beb\u00e9.<\/span><\/p>\n<p>&nbsp;<\/p>\n<p><strong>ADVERTENCIA<\/strong><\/p>\n<p>No dejar las piezas sueltas al alcance de los ni\u00f1os, las piezas sueltas pueden provocar asfixias.<\/p>\n<p>De f\u00e1cil limpieza, con agua y jab\u00f3n,<strong>\u00a0NO USAR PRODUCTOS ABRASIVOS NI T\u00d3XICOS.<\/strong><\/p>\n<p>&nbsp;<\/p>\n<p><a href=\"https:\/\/www.rubydiy.com\/wp-content\/uploads\/2023\/01\/24a3216b-ee71-4e2c-8fbf-e9cd76908ee9.jpg\"><img decoding=\"async\" class=\"alignnone wp-image-60616\" src=\"https:\/\/www.rubydiy.com\/wp-content\/uploads\/2023\/01\/24a3216b-ee71-4e2c-8fbf-e9cd76908ee9-300x300.jpg\" alt=\"Sonajero Mordedor\" width=\"320\" height=\"320\" \/><\/a>\u00a0 \u00a0 \u00a0 <a href=\"https:\/\/www.rubydiy.com\/wp-content\/uploads\/2023\/01\/605eaf9d-90b6-4182-b005-b99d5c6159c2.jpg\">\u00a0\u00a0\u00a0\u00a0\u00a0\u00a0 <\/a><a href=\"https:\/\/www.rubydiy.com\/wp-content\/uploads\/2023\/01\/605eaf9d-90b6-4182-b005-b99d5c6159c2.jpg\"><img decoding=\"async\" class=\"alignnone wp-image-60659\" src=\"https:\/\/www.rubydiy.com\/wp-content\/uploads\/2023\/01\/605eaf9d-90b6-4182-b005-b99d5c6159c2-300x300.jpg\" alt=\"Sonajero Mordedor\" width=\"320\" height=\"320\" \/> \u00a0 \u00a0 \u00a0 <\/a><a href=\"https:\/\/www.rubydiy.com\/wp-content\/uploads\/2023\/01\/e3fad444-d16a-401c-a9df-d646b6a5af89.jpg\"><img decoding=\"async\" class=\"alignnone wp-image-60689\" src=\"https:\/\/www.rubydiy.com\/wp-content\/uploads\/2023\/01\/e3fad444-d16a-401c-a9df-d646b6a5af89-300x300.jpg\" alt=\"Sonajero Mordedor\" width=\"320\" height=\"320\" \/><\/a><\/p>\n<h3><strong>Sonajero\u00a0Mordedor Kit 20 piezas<\/strong><\/h3>\n<p><strong>Especificaci\u00f3n<\/strong><\/p>\n<ul>\n<li>Pr\u00e1ctico para aliviar el dolor de la dentici\u00f3n de su beb\u00e9 cuando le est\u00e1 saliendo los dientes.<\/li>\n<li>Ayude a su beb\u00e9 a que le crezcan los dientes,\u00a0aliviar el dolor y promover el desarrollo saludable de los dientes.<\/li>\n<li>Dise\u00f1o ergon\u00f3mico, se\u00a0adaptar al tama\u00f1o de la palma del beb\u00e9, lo que permite que el beb\u00e9 pueda agarrar y jugar f\u00e1cilmente.<\/li>\n<li>Contiene\u00a0dos pulseras mordedor madera bebe de diferentes colores en este juego de\u00a0sonajeros.<\/li>\n<\/ul>\n<p>IMPORTANTE, INSTRUCCIONES DE USO, SEGURIDAD Y CUIDADO<\/p>\n<ul>\n<li>\u00daselo bajo la supervisi\u00f3n de los padres y ret\u00edrelo cuando no est\u00e9 en uso.<\/li>\n<li>Debe limpiarlo despu\u00e9s de cada uso y dejarlo secar al aire libre.<\/li>\n<li>Tiempo de uso: m\u00e1ximo 6 meses por el higiene y la seguridad de los ni\u00f1os.<\/li>\n<li>Limpieza: debe ser esterilizado con agua y jab\u00f3n neutro antes de cada uso.<\/li>\n<li>El Comprador asume toda la responsabilidad respecto al uso del producto.<\/li>\n<li>Si alg\u00fan da\u00f1o o p\u00e9rdida es causado por la negligencia del comprador, el vendedor no ser\u00e1 responsable.<\/li>\n<\/ul>\n<p>&nbsp;<\/p>\n<p>&nbsp;<\/p>\n","protected":false},"excerpt":{"rendered":"<p><strong>Kit 20 Sonajero Mordedor<\/strong><\/p>\n<ul>\n<li>Cantidad:kit 2 piezas<\/li>\n<li>Medidas: \u00d868mm aprox<\/li>\n<li>Material: Silicona Antibacteriana \/\u00a0Madera Haya<\/li>\n<\/ul>\n<p><b>100 % hechas a mano, las medidas pueden variar seg\u00fan la pieza.<\/b><\/p>\n","protected":false},"featured_media":53996,"comment_status":"closed","ping_status":"closed","template":"","meta":[],"product_cat":[3708,3145],"product_tag":[],"yoast_head":"<!-- This site is optimized with the Yoast SEO Premium plugin v20.5 (Yoast SEO v21.5) - https:\/\/yoast.com\/wordpress\/plugins\/seo\/ -->\n<title>Kit 2 Sonajero Mordedor - Artestar<\/title>\n<meta name=\"description\" content=\"Sonajero Mordedor,Anillas Madera Mordedor Pulsera Montessori Bebe Juguetes de Madera Sonajero Mordedor Bebe,Anillo Madera Natural,\" \/>\n<meta name=\"robots\" content=\"index, follow, max-snippet:-1, max-image-preview:large, max-video-preview:-1\" \/>\n<link rel=\"canonical\" href=\"https:\/\/www.artestar.eu\/pt-pt\/al-por-mayor\/kit-2-sonajero-mordedor\/\" \/>\n<meta property=\"og:locale\" content=\"pt_PT\" \/>\n<meta property=\"og:type\" content=\"article\" \/>\n<meta property=\"og:title\" content=\"Kit 2 Sonajero Mordedor\" \/>\n<meta property=\"og:description\" content=\"Sonajero Mordedor,Anillas Madera Mordedor Pulsera Montessori Bebe Juguetes de Madera Sonajero Mordedor Bebe,Anillo Madera Natural,\" \/>\n<meta property=\"og:url\" content=\"https:\/\/www.artestar.eu\/pt-pt\/al-por-mayor\/kit-2-sonajero-mordedor\/\" \/>\n<meta property=\"og:site_name\" content=\"Artestar\" \/>\n<meta property=\"article:publisher\" content=\"https:\/\/www.facebook.com\/ARTESTAREU\" \/>\n<meta property=\"article:modified_time\" content=\"2023-12-14T08:31:25+00:00\" \/>\n<meta property=\"og:image\" content=\"https:\/\/www.artestar.eu\/wp-content\/uploads\/2023\/12\/09e02e83-6e20-4a94-b500-30b216cc56cd.jpg\" \/>\n\t<meta property=\"og:image:width\" content=\"1200\" \/>\n\t<meta property=\"og:image:height\" content=\"1200\" \/>\n\t<meta property=\"og:image:type\" content=\"image\/jpeg\" \/>\n<meta name=\"twitter:card\" content=\"summary_large_image\" \/>\n<meta name=\"twitter:label1\" content=\"Availability\" \/>\n\t<meta name=\"twitter:data1\" content=\"Em estoque\" \/>\n<script type=\"application\/ld+json\" class=\"yoast-schema-graph\">{\"@context\":\"https:\/\/schema.org\",\"@graph\":[{\"@type\":\"WebPage\",\"@id\":\"https:\/\/www.artestar.eu\/pt-pt\/al-por-mayor\/kit-2-sonajero-mordedor\/\",\"url\":\"https:\/\/www.artestar.eu\/pt-pt\/al-por-mayor\/kit-2-sonajero-mordedor\/\",\"name\":\"Kit 2 Sonajero Mordedor - Artestar\",\"isPartOf\":{\"@id\":\"https:\/\/www.artestar.eu\/pt-pt\/#website\"},\"datePublished\":\"2023-12-11T08:47:04+00:00\",\"dateModified\":\"2023-12-14T08:31:25+00:00\",\"description\":\"Sonajero Mordedor,Anillas Madera Mordedor Pulsera Montessori Bebe Juguetes de Madera Sonajero Mordedor Bebe,Anillo Madera Natural,\",\"breadcrumb\":{\"@id\":\"https:\/\/www.artestar.eu\/pt-pt\/al-por-mayor\/kit-2-sonajero-mordedor\/#breadcrumb\"},\"inLanguage\":\"pt-PT\",\"potentialAction\":[{\"@type\":\"ReadAction\",\"target\":[\"https:\/\/www.artestar.eu\/pt-pt\/al-por-mayor\/kit-2-sonajero-mordedor\/\"]}]},{\"@type\":\"BreadcrumbList\",\"@id\":\"https:\/\/www.artestar.eu\/pt-pt\/al-por-mayor\/kit-2-sonajero-mordedor\/#breadcrumb\",\"itemListElement\":[{\"@type\":\"ListItem\",\"position\":1,\"name\":\"Artestar\",\"item\":\"https:\/\/www.artestar.eu\/pt-pt\/\"},{\"@type\":\"ListItem\",\"position\":2,\"name\":\"Atacado\",\"item\":\"https:\/\/www.artestar.eu\/pt-pt\/atacado\/\"},{\"@type\":\"ListItem\",\"position\":3,\"name\":\"Kit 2 Sonajero Mordedor\"}]},{\"@type\":\"WebSite\",\"@id\":\"https:\/\/www.artestar.eu\/pt-pt\/#website\",\"url\":\"https:\/\/www.artestar.eu\/pt-pt\/\",\"name\":\"Artestar\",\"description\":\"Mayorista en abalorios y joyer\u00eda\",\"publisher\":{\"@id\":\"https:\/\/www.artestar.eu\/pt-pt\/#organization\"},\"alternateName\":\"Artestar-EU\",\"potentialAction\":[{\"@type\":\"SearchAction\",\"target\":{\"@type\":\"EntryPoint\",\"urlTemplate\":\"https:\/\/www.artestar.eu\/pt-pt\/?s={search_term_string}\"},\"query-input\":\"required name=search_term_string\"}],\"inLanguage\":\"pt-PT\"},{\"@type\":[\"Organization\",\"Place\"],\"@id\":\"https:\/\/www.artestar.eu\/pt-pt\/#organization\",\"name\":\"RUBY ABALORIO S.L.\",\"alternateName\":\"Artestar\",\"url\":\"https:\/\/www.artestar.eu\/pt-pt\/\",\"logo\":{\"@id\":\"https:\/\/www.artestar.eu\/pt-pt\/al-por-mayor\/kit-2-sonajero-mordedor\/#local-main-organization-logo\"},\"image\":{\"@id\":\"https:\/\/www.artestar.eu\/pt-pt\/al-por-mayor\/kit-2-sonajero-mordedor\/#local-main-organization-logo\"},\"sameAs\":[\"https:\/\/www.facebook.com\/ARTESTAREU\",\"https:\/\/www.instagram.com\/artestareu\/\",\"https:\/\/www.pinterest.es\/artestar_eu\/\",\"https:\/\/www.tiktok.com\/@artestar_wholesale\"],\"openingHoursSpecification\":[{\"@type\":\"OpeningHoursSpecification\",\"dayOfWeek\":[\"Monday\",\"Tuesday\",\"Wednesday\",\"Thursday\",\"Friday\",\"Saturday\",\"Sunday\"],\"opens\":\"09:00\",\"closes\":\"17:00\"}]},{\"@type\":\"ImageObject\",\"inLanguage\":\"pt-PT\",\"@id\":\"https:\/\/www.artestar.eu\/pt-pt\/al-por-mayor\/kit-2-sonajero-mordedor\/#local-main-organization-logo\",\"url\":\"https:\/\/www.artestar.eu\/wp-content\/uploads\/2023\/05\/cropped-png.png\",\"contentUrl\":\"https:\/\/www.artestar.eu\/wp-content\/uploads\/2023\/05\/cropped-png.png\",\"width\":512,\"height\":512,\"caption\":\"RUBY ABALORIO S.L.\"}]}<\/script>\n<meta property=\"og:availability\" content=\"instock\" \/>\n<meta property=\"product:availability\" content=\"instock\" \/>\n<meta property=\"product:retailer_item_id\" content=\"CPF0011\" \/>\n<meta property=\"product:condition\" content=\"new\" \/>\n<!-- \/ Yoast SEO Premium plugin. -->","yoast_head_json":{"title":"Kit 2 Sonajero Mordedor - Artestar","description":"Sonajero Mordedor,Anillas Madera Mordedor Pulsera Montessori Bebe Juguetes de Madera Sonajero Mordedor Bebe,Anillo Madera Natural,","robots":{"index":"index","follow":"follow","max-snippet":"max-snippet:-1","max-image-preview":"max-image-preview:large","max-video-preview":"max-video-preview:-1"},"canonical":"https:\/\/www.artestar.eu\/pt-pt\/al-por-mayor\/kit-2-sonajero-mordedor\/","og_locale":"pt_PT","og_type":"article","og_title":"Kit 2 Sonajero Mordedor","og_description":"Sonajero Mordedor,Anillas Madera Mordedor Pulsera Montessori Bebe Juguetes de Madera Sonajero Mordedor Bebe,Anillo Madera Natural,","og_url":"https:\/\/www.artestar.eu\/pt-pt\/al-por-mayor\/kit-2-sonajero-mordedor\/","og_site_name":"Artestar","article_publisher":"https:\/\/www.facebook.com\/ARTESTAREU","article_modified_time":"2023-12-14T08:31:25+00:00","og_image":[{"width":1200,"height":1200,"url":"https:\/\/www.artestar.eu\/wp-content\/uploads\/2023\/12\/09e02e83-6e20-4a94-b500-30b216cc56cd.jpg","type":"image\/jpeg"}],"twitter_card":"summary_large_image","twitter_misc":{"Availability":"Em estoque"},"schema":{"@context":"https:\/\/schema.org","@graph":[{"@type":"WebPage","@id":"https:\/\/www.artestar.eu\/pt-pt\/al-por-mayor\/kit-2-sonajero-mordedor\/","url":"https:\/\/www.artestar.eu\/pt-pt\/al-por-mayor\/kit-2-sonajero-mordedor\/","name":"Kit 2 Sonajero Mordedor - Artestar","isPartOf":{"@id":"https:\/\/www.artestar.eu\/pt-pt\/#website"},"datePublished":"2023-12-11T08:47:04+00:00","dateModified":"2023-12-14T08:31:25+00:00","description":"Sonajero Mordedor,Anillas Madera Mordedor Pulsera Montessori Bebe Juguetes de Madera Sonajero Mordedor Bebe,Anillo Madera Natural,","breadcrumb":{"@id":"https:\/\/www.artestar.eu\/pt-pt\/al-por-mayor\/kit-2-sonajero-mordedor\/#breadcrumb"},"inLanguage":"pt-PT","potentialAction":[{"@type":"ReadAction","target":["https:\/\/www.artestar.eu\/pt-pt\/al-por-mayor\/kit-2-sonajero-mordedor\/"]}]},{"@type":"BreadcrumbList","@id":"https:\/\/www.artestar.eu\/pt-pt\/al-por-mayor\/kit-2-sonajero-mordedor\/#breadcrumb","itemListElement":[{"@type":"ListItem","position":1,"name":"Artestar","item":"https:\/\/www.artestar.eu\/pt-pt\/"},{"@type":"ListItem","position":2,"name":"Atacado","item":"https:\/\/www.artestar.eu\/pt-pt\/atacado\/"},{"@type":"ListItem","position":3,"name":"Kit 2 Sonajero Mordedor"}]},{"@type":"WebSite","@id":"https:\/\/www.artestar.eu\/pt-pt\/#website","url":"https:\/\/www.artestar.eu\/pt-pt\/","name":"Artestar","description":"Mayorista en abalorios y joyer\u00eda","publisher":{"@id":"https:\/\/www.artestar.eu\/pt-pt\/#organization"},"alternateName":"Artestar-EU","potentialAction":[{"@type":"SearchAction","target":{"@type":"EntryPoint","urlTemplate":"https:\/\/www.artestar.eu\/pt-pt\/?s={search_term_string}"},"query-input":"required name=search_term_string"}],"inLanguage":"pt-PT"},{"@type":["Organization","Place"],"@id":"https:\/\/www.artestar.eu\/pt-pt\/#organization","name":"RUBY ABALORIO S.L.","alternateName":"Artestar","url":"https:\/\/www.artestar.eu\/pt-pt\/","logo":{"@id":"https:\/\/www.artestar.eu\/pt-pt\/al-por-mayor\/kit-2-sonajero-mordedor\/#local-main-organization-logo"},"image":{"@id":"https:\/\/www.artestar.eu\/pt-pt\/al-por-mayor\/kit-2-sonajero-mordedor\/#local-main-organization-logo"},"sameAs":["https:\/\/www.facebook.com\/ARTESTAREU","https:\/\/www.instagram.com\/artestareu\/","https:\/\/www.pinterest.es\/artestar_eu\/","https:\/\/www.tiktok.com\/@artestar_wholesale"],"openingHoursSpecification":[{"@type":"OpeningHoursSpecification","dayOfWeek":["Monday","Tuesday","Wednesday","Thursday","Friday","Saturday","Sunday"],"opens":"09:00","closes":"17:00"}]},{"@type":"ImageObject","inLanguage":"pt-PT","@id":"https:\/\/www.artestar.eu\/pt-pt\/al-por-mayor\/kit-2-sonajero-mordedor\/#local-main-organization-logo","url":"https:\/\/www.artestar.eu\/wp-content\/uploads\/2023\/05\/cropped-png.png","contentUrl":"https:\/\/www.artestar.eu\/wp-content\/uploads\/2023\/05\/cropped-png.png","width":512,"height":512,"caption":"RUBY ABALORIO S.L."}]},"og_availability":"instock","product_availability":"instock","product_retailer_item_id":"CPF0011","product_condition":"new"},"tiered_pricing_type":"fixed","tiered_pricing_fixed_rules":[],"tiered_pricing_percentage_rules":[],"tiered_pricing_minimum":null,"_administrator_tiered_pricing_type":"fixed","_administrator_tiered_pricing_fixed_rules":[],"_editor_tiered_pricing_type":"fixed","_editor_tiered_pricing_fixed_rules":[],"_author_tiered_pricing_type":"fixed","_author_tiered_pricing_fixed_rules":[],"_contributor_tiered_pricing_type":"fixed","_contributor_tiered_pricing_fixed_rules":[],"_subscriber_tiered_pricing_type":"fixed","_subscriber_tiered_pricing_fixed_rules":[],"_wpseo_manager_tiered_pricing_type":"fixed","_wpseo_manager_tiered_pricing_fixed_rules":[],"_wpseo_editor_tiered_pricing_type":"fixed","_wpseo_editor_tiered_pricing_fixed_rules":[],"_customer_tiered_pricing_type":"fixed","_customer_tiered_pricing_fixed_rules":[],"_shop_manager_tiered_pricing_type":"fixed","_shop_manager_tiered_pricing_fixed_rules":[],"_product_manager_tiered_pricing_type":"fixed","_product_manager_tiered_pricing_fixed_rules":[],"_links":{"self":[{"href":"https:\/\/www.artestar.eu\/pt-pt\/wp-json\/wp\/v2\/product\/53432"}],"collection":[{"href":"https:\/\/www.artestar.eu\/pt-pt\/wp-json\/wp\/v2\/product"}],"about":[{"href":"https:\/\/www.artestar.eu\/pt-pt\/wp-json\/wp\/v2\/types\/product"}],"replies":[{"embeddable":true,"href":"https:\/\/www.artestar.eu\/pt-pt\/wp-json\/wp\/v2\/comments?post=53432"}],"version-history":[{"count":5,"href":"https:\/\/www.artestar.eu\/pt-pt\/wp-json\/wp\/v2\/product\/53432\/revisions"}],"predecessor-version":[{"id":57753,"href":"https:\/\/www.artestar.eu\/pt-pt\/wp-json\/wp\/v2\/product\/53432\/revisions\/57753"}],"wp:featuredmedia":[{"embeddable":true,"href":"https:\/\/www.artestar.eu\/pt-pt\/wp-json\/wp\/v2\/media\/53996"}],"wp:attachment":[{"href":"https:\/\/www.artestar.eu\/pt-pt\/wp-json\/wp\/v2\/media?parent=53432"}],"wp:term":[{"taxonomy":"product_cat","embeddable":true,"href":"https:\/\/www.artestar.eu\/pt-pt\/wp-json\/wp\/v2\/product_cat?post=53432"},{"taxonomy":"product_tag","embeddable":true,"href":"https:\/\/www.artestar.eu\/pt-pt\/wp-json\/wp\/v2\/product_tag?post=53432"}],"curies":[{"name":"wp","href":"https:\/\/api.w.org\/{rel}","templated":true}]}}