{"id":53764,"date":"2023-12-11T08:48:57","date_gmt":"2023-12-11T08:48:57","guid":{"rendered":"https:\/\/www.artestar.eu\/?post_type=product&#038;p=53764"},"modified":"2023-12-14T09:55:52","modified_gmt":"2023-12-14T09:55:52","slug":"10-chupetero-buho-de-madera-y-crochet","status":"publish","type":"product","link":"https:\/\/www.artestar.eu\/pt-pt\/al-por-mayor\/10-chupetero-buho-de-madera-y-crochet\/","title":{"rendered":"10 Chupetero B\u00faho de Madera y Crochet"},"content":{"rendered":"<h3><strong>Chupetero B\u00faho de Madera y Crochet<\/strong><\/h3>\n<p>Las cadenas de chupetero de madera y crochet puede colocarse f\u00e1cilmente en la ropa, cuna o\u00a0 el cochecito del beb\u00e9. El dise\u00f1o es simple, <span class=\"a-list-item\">llamativo, sirve como juego y distracci\u00f3n para el ni\u00f1o y un gran accesorio de chupete para beb\u00e9s. L<\/span>iviano y pr\u00e1ctico, f\u00e1cil de transportar y el clip de acero inoxidable es m\u00e1s duradero.<\/p>\n<ul>\n<li>Cantidad:10 piezas<\/li>\n<li>Chupetero B\u00faho de Madera y Crochet son hechas a mano, las medidas pueden variar seg\u00fan la pieza.<\/li>\n<li>Cada pieza se selecciona cuidadosamente, es resistente y duradera, no se preocupe por los problemas de calidad.<\/li>\n<li><span class=\"a-list-item\">Uso diario y pr\u00e1ctico: la cadena porta chupete es f\u00e1cil de colocar y quitar en la ropa de los beb\u00e9s. Se limpia f\u00e1cilmente con agua tibia y jab\u00f3n, le recordamos de dejarlo secar al aire libre despu\u00e9s de cada limpieza.<\/span><\/li>\n<li><span class=\"a-list-item\">No m\u00e1s mordisquitos. Con nuestra cadena para chupetes, los beb\u00e9s podr\u00e1n calmar las ansias de morder o de meterse cualquier objeto a la boca siendo un riesgo para ellos.(La longitud de la cadena del chupete cumple con las normas de seguridad europeas y no puede exceder los 22 cm).<\/span><\/li>\n<li><span class=\"a-list-item\">IMPORTANTE: No almacenar en lugares h\u00famedos o a temperatura elevada. Se recomiendo cambiar el chupetero cada 3 a 5 meses por el higiene y dependiendo del uso que se le de.<\/span><\/li>\n<li>Tambi\u00e9n es un regalo ideal para futuros padres o para el bautismo.<\/li>\n<\/ul>\n<p>Nuestra cadenas chupetes bebe est\u00e1 hecha de materiales de alta calidad cuidadosamente elaborados puramente a mano, cada pieza se selecciona cuidadosamente, es resistente y duradera, no se preocupe por los problemas de calidad.<\/p>\n<p><a href=\"https:\/\/www.rubydiy.com\/wp-content\/uploads\/2023\/03\/71QEUUHzswL.jpg\"><img decoding=\"async\" class=\"alignnone size-medium wp-image-65265\" src=\"https:\/\/www.rubydiy.com\/wp-content\/uploads\/2023\/03\/71QEUUHzswL-300x300.jpg\" alt=\"chupetero-madera-crochet-bebe\" width=\"300\" height=\"300\" \/><\/a><\/p>\n<h3><strong>Cadena de chupete B\u00faho de Madera y Crochet<\/strong><\/h3>\n<p><strong>Especificaci\u00f3n<\/strong><\/p>\n<ul>\n<li>Pr\u00e1ctico para aliviar el dolor de la dentici\u00f3n de su beb\u00e9 cuando le est\u00e1 saliendo los dientes.<\/li>\n<li>Debe limpiarlo despu\u00e9s de cada uso y dejarlo secar al aire libre.<\/li>\n<li>Comprueba el estado de las bolas a menudo. No meter en el microondas.<\/li>\n<li>El color puede variar levemente debido a su la configuraci\u00f3n de la pantalla.<\/li>\n<li>Tiempo de uso: m\u00e1ximo 6 meses por el higiene y la seguridad de los ni\u00f1os.<\/li>\n<li>El Comprador asume toda la responsabilidad respecto al uso del producto.<\/li>\n<\/ul>\n<p><strong>Consejos<\/strong><\/p>\n<ul>\n<li>Si desea esterilizar estos chupeteros , l\u00edmpielas simplemente con agua tibia y jab\u00f3n neutro.<\/li>\n<\/ul>\n","protected":false},"excerpt":{"rendered":"<p><b>100 % hechas a mano, las medidas pueden variar seg\u00fan la pieza<\/b><\/p>\n<p><strong>Cantidad:<\/strong> 10 piezas<\/p>\n<p><strong>Material:<\/strong> Madera Haya \/ Crochet \/ Silicona<\/p>\n","protected":false},"featured_media":54265,"comment_status":"closed","ping_status":"closed","template":"","meta":[],"product_cat":[3708,3145],"product_tag":[],"yoast_head":"<!-- This site is optimized with the Yoast SEO Premium plugin v20.5 (Yoast SEO v21.5) - https:\/\/yoast.com\/wordpress\/plugins\/seo\/ -->\n<title>10 Chupetero B\u00faho de Madera y Crochet - Artestar<\/title>\n<meta name=\"description\" content=\"Chupetero B\u00faho de Madera y Crochet,Cadena para Chupetes, Regalo Beb\u00e9s Reci\u00e9n Nacidos Originales,es un regalo ideal para futuros padres\" \/>\n<meta name=\"robots\" content=\"index, follow, max-snippet:-1, max-image-preview:large, max-video-preview:-1\" \/>\n<link rel=\"canonical\" href=\"https:\/\/www.artestar.eu\/pt-pt\/al-por-mayor\/10-chupetero-buho-de-madera-y-crochet\/\" \/>\n<meta property=\"og:locale\" content=\"pt_PT\" \/>\n<meta property=\"og:type\" content=\"article\" \/>\n<meta property=\"og:title\" content=\"10 Chupetero B\u00faho de Madera y Crochet\" \/>\n<meta property=\"og:description\" content=\"Chupetero B\u00faho de Madera y Crochet,Cadena para Chupetes, Regalo Beb\u00e9s Reci\u00e9n Nacidos Originales,es un regalo ideal para futuros padres\" \/>\n<meta property=\"og:url\" content=\"https:\/\/www.artestar.eu\/pt-pt\/al-por-mayor\/10-chupetero-buho-de-madera-y-crochet\/\" \/>\n<meta property=\"og:site_name\" content=\"Artestar\" \/>\n<meta property=\"article:publisher\" content=\"https:\/\/www.facebook.com\/ARTESTAREU\" \/>\n<meta property=\"article:modified_time\" content=\"2023-12-14T09:55:52+00:00\" \/>\n<meta property=\"og:image\" content=\"https:\/\/www.artestar.eu\/wp-content\/uploads\/2023\/12\/61xozqSU3AL.jpg\" \/>\n\t<meta property=\"og:image:width\" content=\"1200\" \/>\n\t<meta property=\"og:image:height\" content=\"1200\" \/>\n\t<meta property=\"og:image:type\" content=\"image\/jpeg\" \/>\n<meta name=\"twitter:card\" content=\"summary_large_image\" \/>\n<meta name=\"twitter:label1\" content=\"pre\u00e7o\" \/>\n\t<meta name=\"twitter:data1\" content=\"29,60&nbsp;&euro; (IVA N\u00c3O inclu\u00eddo)\" \/>\n\t<meta name=\"twitter:label2\" content=\"Availability\" \/>\n\t<meta name=\"twitter:data2\" content=\"Em estoque\" \/>\n<script type=\"application\/ld+json\" class=\"yoast-schema-graph\">{\"@context\":\"https:\/\/schema.org\",\"@graph\":[{\"@type\":\"WebPage\",\"@id\":\"https:\/\/www.artestar.eu\/pt-pt\/al-por-mayor\/10-chupetero-buho-de-madera-y-crochet\/\",\"url\":\"https:\/\/www.artestar.eu\/pt-pt\/al-por-mayor\/10-chupetero-buho-de-madera-y-crochet\/\",\"name\":\"10 Chupetero B\u00faho de Madera y Crochet - Artestar\",\"isPartOf\":{\"@id\":\"https:\/\/www.artestar.eu\/pt-pt\/#website\"},\"datePublished\":\"2023-12-11T08:48:57+00:00\",\"dateModified\":\"2023-12-14T09:55:52+00:00\",\"description\":\"Chupetero B\u00faho de Madera y Crochet,Cadena para Chupetes, Regalo Beb\u00e9s Reci\u00e9n Nacidos Originales,es un regalo ideal para futuros padres\",\"breadcrumb\":{\"@id\":\"https:\/\/www.artestar.eu\/pt-pt\/al-por-mayor\/10-chupetero-buho-de-madera-y-crochet\/#breadcrumb\"},\"inLanguage\":\"pt-PT\",\"potentialAction\":[{\"@type\":\"ReadAction\",\"target\":[\"https:\/\/www.artestar.eu\/pt-pt\/al-por-mayor\/10-chupetero-buho-de-madera-y-crochet\/\"]}]},{\"@type\":\"BreadcrumbList\",\"@id\":\"https:\/\/www.artestar.eu\/pt-pt\/al-por-mayor\/10-chupetero-buho-de-madera-y-crochet\/#breadcrumb\",\"itemListElement\":[{\"@type\":\"ListItem\",\"position\":1,\"name\":\"Artestar\",\"item\":\"https:\/\/www.artestar.eu\/pt-pt\/\"},{\"@type\":\"ListItem\",\"position\":2,\"name\":\"Atacado\",\"item\":\"https:\/\/www.artestar.eu\/pt-pt\/atacado\/\"},{\"@type\":\"ListItem\",\"position\":3,\"name\":\"10 Chupetero B\u00faho de Madera y Crochet\"}]},{\"@type\":\"WebSite\",\"@id\":\"https:\/\/www.artestar.eu\/pt-pt\/#website\",\"url\":\"https:\/\/www.artestar.eu\/pt-pt\/\",\"name\":\"Artestar\",\"description\":\"Mayorista en abalorios y joyer\u00eda\",\"publisher\":{\"@id\":\"https:\/\/www.artestar.eu\/pt-pt\/#organization\"},\"alternateName\":\"Artestar-EU\",\"potentialAction\":[{\"@type\":\"SearchAction\",\"target\":{\"@type\":\"EntryPoint\",\"urlTemplate\":\"https:\/\/www.artestar.eu\/pt-pt\/?s={search_term_string}\"},\"query-input\":\"required name=search_term_string\"}],\"inLanguage\":\"pt-PT\"},{\"@type\":[\"Organization\",\"Place\"],\"@id\":\"https:\/\/www.artestar.eu\/pt-pt\/#organization\",\"name\":\"RUBY ABALORIO S.L.\",\"alternateName\":\"Artestar\",\"url\":\"https:\/\/www.artestar.eu\/pt-pt\/\",\"logo\":{\"@id\":\"https:\/\/www.artestar.eu\/pt-pt\/al-por-mayor\/10-chupetero-buho-de-madera-y-crochet\/#local-main-organization-logo\"},\"image\":{\"@id\":\"https:\/\/www.artestar.eu\/pt-pt\/al-por-mayor\/10-chupetero-buho-de-madera-y-crochet\/#local-main-organization-logo\"},\"sameAs\":[\"https:\/\/www.facebook.com\/ARTESTAREU\",\"https:\/\/www.instagram.com\/artestareu\/\",\"https:\/\/www.pinterest.es\/artestar_eu\/\",\"https:\/\/www.tiktok.com\/@artestar_wholesale\"],\"openingHoursSpecification\":[{\"@type\":\"OpeningHoursSpecification\",\"dayOfWeek\":[\"Monday\",\"Tuesday\",\"Wednesday\",\"Thursday\",\"Friday\",\"Saturday\",\"Sunday\"],\"opens\":\"09:00\",\"closes\":\"17:00\"}]},{\"@type\":\"ImageObject\",\"inLanguage\":\"pt-PT\",\"@id\":\"https:\/\/www.artestar.eu\/pt-pt\/al-por-mayor\/10-chupetero-buho-de-madera-y-crochet\/#local-main-organization-logo\",\"url\":\"https:\/\/www.artestar.eu\/wp-content\/uploads\/2023\/05\/cropped-png.png\",\"contentUrl\":\"https:\/\/www.artestar.eu\/wp-content\/uploads\/2023\/05\/cropped-png.png\",\"width\":512,\"height\":512,\"caption\":\"RUBY ABALORIO S.L.\"}]}<\/script>\n<meta property=\"product:price:amount\" content=\"29.60\" \/>\n<meta property=\"product:price:currency\" content=\"EUR\" \/>\n<meta property=\"og:availability\" content=\"instock\" \/>\n<meta property=\"product:availability\" content=\"instock\" \/>\n<meta property=\"product:retailer_item_id\" content=\"CPF0025\" \/>\n<meta property=\"product:condition\" content=\"new\" \/>\n<!-- \/ Yoast SEO Premium plugin. -->","yoast_head_json":{"title":"10 Chupetero B\u00faho de Madera y Crochet - Artestar","description":"Chupetero B\u00faho de Madera y Crochet,Cadena para Chupetes, Regalo Beb\u00e9s Reci\u00e9n Nacidos Originales,es un regalo ideal para futuros padres","robots":{"index":"index","follow":"follow","max-snippet":"max-snippet:-1","max-image-preview":"max-image-preview:large","max-video-preview":"max-video-preview:-1"},"canonical":"https:\/\/www.artestar.eu\/pt-pt\/al-por-mayor\/10-chupetero-buho-de-madera-y-crochet\/","og_locale":"pt_PT","og_type":"article","og_title":"10 Chupetero B\u00faho de Madera y Crochet","og_description":"Chupetero B\u00faho de Madera y Crochet,Cadena para Chupetes, Regalo Beb\u00e9s Reci\u00e9n Nacidos Originales,es un regalo ideal para futuros padres","og_url":"https:\/\/www.artestar.eu\/pt-pt\/al-por-mayor\/10-chupetero-buho-de-madera-y-crochet\/","og_site_name":"Artestar","article_publisher":"https:\/\/www.facebook.com\/ARTESTAREU","article_modified_time":"2023-12-14T09:55:52+00:00","og_image":[{"width":1200,"height":1200,"url":"https:\/\/www.artestar.eu\/wp-content\/uploads\/2023\/12\/61xozqSU3AL.jpg","type":"image\/jpeg"}],"twitter_card":"summary_large_image","twitter_misc":{"pre\u00e7o":"29,60&nbsp;&euro; (IVA N\u00c3O inclu\u00eddo)","Availability":"Em estoque"},"schema":{"@context":"https:\/\/schema.org","@graph":[{"@type":"WebPage","@id":"https:\/\/www.artestar.eu\/pt-pt\/al-por-mayor\/10-chupetero-buho-de-madera-y-crochet\/","url":"https:\/\/www.artestar.eu\/pt-pt\/al-por-mayor\/10-chupetero-buho-de-madera-y-crochet\/","name":"10 Chupetero B\u00faho de Madera y Crochet - Artestar","isPartOf":{"@id":"https:\/\/www.artestar.eu\/pt-pt\/#website"},"datePublished":"2023-12-11T08:48:57+00:00","dateModified":"2023-12-14T09:55:52+00:00","description":"Chupetero B\u00faho de Madera y Crochet,Cadena para Chupetes, Regalo Beb\u00e9s Reci\u00e9n Nacidos Originales,es un regalo ideal para futuros padres","breadcrumb":{"@id":"https:\/\/www.artestar.eu\/pt-pt\/al-por-mayor\/10-chupetero-buho-de-madera-y-crochet\/#breadcrumb"},"inLanguage":"pt-PT","potentialAction":[{"@type":"ReadAction","target":["https:\/\/www.artestar.eu\/pt-pt\/al-por-mayor\/10-chupetero-buho-de-madera-y-crochet\/"]}]},{"@type":"BreadcrumbList","@id":"https:\/\/www.artestar.eu\/pt-pt\/al-por-mayor\/10-chupetero-buho-de-madera-y-crochet\/#breadcrumb","itemListElement":[{"@type":"ListItem","position":1,"name":"Artestar","item":"https:\/\/www.artestar.eu\/pt-pt\/"},{"@type":"ListItem","position":2,"name":"Atacado","item":"https:\/\/www.artestar.eu\/pt-pt\/atacado\/"},{"@type":"ListItem","position":3,"name":"10 Chupetero B\u00faho de Madera y Crochet"}]},{"@type":"WebSite","@id":"https:\/\/www.artestar.eu\/pt-pt\/#website","url":"https:\/\/www.artestar.eu\/pt-pt\/","name":"Artestar","description":"Mayorista en abalorios y joyer\u00eda","publisher":{"@id":"https:\/\/www.artestar.eu\/pt-pt\/#organization"},"alternateName":"Artestar-EU","potentialAction":[{"@type":"SearchAction","target":{"@type":"EntryPoint","urlTemplate":"https:\/\/www.artestar.eu\/pt-pt\/?s={search_term_string}"},"query-input":"required name=search_term_string"}],"inLanguage":"pt-PT"},{"@type":["Organization","Place"],"@id":"https:\/\/www.artestar.eu\/pt-pt\/#organization","name":"RUBY ABALORIO S.L.","alternateName":"Artestar","url":"https:\/\/www.artestar.eu\/pt-pt\/","logo":{"@id":"https:\/\/www.artestar.eu\/pt-pt\/al-por-mayor\/10-chupetero-buho-de-madera-y-crochet\/#local-main-organization-logo"},"image":{"@id":"https:\/\/www.artestar.eu\/pt-pt\/al-por-mayor\/10-chupetero-buho-de-madera-y-crochet\/#local-main-organization-logo"},"sameAs":["https:\/\/www.facebook.com\/ARTESTAREU","https:\/\/www.instagram.com\/artestareu\/","https:\/\/www.pinterest.es\/artestar_eu\/","https:\/\/www.tiktok.com\/@artestar_wholesale"],"openingHoursSpecification":[{"@type":"OpeningHoursSpecification","dayOfWeek":["Monday","Tuesday","Wednesday","Thursday","Friday","Saturday","Sunday"],"opens":"09:00","closes":"17:00"}]},{"@type":"ImageObject","inLanguage":"pt-PT","@id":"https:\/\/www.artestar.eu\/pt-pt\/al-por-mayor\/10-chupetero-buho-de-madera-y-crochet\/#local-main-organization-logo","url":"https:\/\/www.artestar.eu\/wp-content\/uploads\/2023\/05\/cropped-png.png","contentUrl":"https:\/\/www.artestar.eu\/wp-content\/uploads\/2023\/05\/cropped-png.png","width":512,"height":512,"caption":"RUBY ABALORIO S.L."}]},"product_price_amount":"29.60","product_price_currency":"EUR","og_availability":"instock","product_availability":"instock","product_retailer_item_id":"CPF0025","product_condition":"new"},"tiered_pricing_type":"fixed","tiered_pricing_fixed_rules":[],"tiered_pricing_percentage_rules":[],"tiered_pricing_minimum":null,"_administrator_tiered_pricing_type":"fixed","_administrator_tiered_pricing_fixed_rules":[],"_editor_tiered_pricing_type":"fixed","_editor_tiered_pricing_fixed_rules":[],"_author_tiered_pricing_type":"fixed","_author_tiered_pricing_fixed_rules":[],"_contributor_tiered_pricing_type":"fixed","_contributor_tiered_pricing_fixed_rules":[],"_subscriber_tiered_pricing_type":"fixed","_subscriber_tiered_pricing_fixed_rules":[],"_wpseo_manager_tiered_pricing_type":"fixed","_wpseo_manager_tiered_pricing_fixed_rules":[],"_wpseo_editor_tiered_pricing_type":"fixed","_wpseo_editor_tiered_pricing_fixed_rules":[],"_customer_tiered_pricing_type":"fixed","_customer_tiered_pricing_fixed_rules":[],"_shop_manager_tiered_pricing_type":"fixed","_shop_manager_tiered_pricing_fixed_rules":[],"_product_manager_tiered_pricing_type":"fixed","_product_manager_tiered_pricing_fixed_rules":[],"_links":{"self":[{"href":"https:\/\/www.artestar.eu\/pt-pt\/wp-json\/wp\/v2\/product\/53764"}],"collection":[{"href":"https:\/\/www.artestar.eu\/pt-pt\/wp-json\/wp\/v2\/product"}],"about":[{"href":"https:\/\/www.artestar.eu\/pt-pt\/wp-json\/wp\/v2\/types\/product"}],"replies":[{"embeddable":true,"href":"https:\/\/www.artestar.eu\/pt-pt\/wp-json\/wp\/v2\/comments?post=53764"}],"version-history":[{"count":3,"href":"https:\/\/www.artestar.eu\/pt-pt\/wp-json\/wp\/v2\/product\/53764\/revisions"}],"predecessor-version":[{"id":57848,"href":"https:\/\/www.artestar.eu\/pt-pt\/wp-json\/wp\/v2\/product\/53764\/revisions\/57848"}],"wp:featuredmedia":[{"embeddable":true,"href":"https:\/\/www.artestar.eu\/pt-pt\/wp-json\/wp\/v2\/media\/54265"}],"wp:attachment":[{"href":"https:\/\/www.artestar.eu\/pt-pt\/wp-json\/wp\/v2\/media?parent=53764"}],"wp:term":[{"taxonomy":"product_cat","embeddable":true,"href":"https:\/\/www.artestar.eu\/pt-pt\/wp-json\/wp\/v2\/product_cat?post=53764"},{"taxonomy":"product_tag","embeddable":true,"href":"https:\/\/www.artestar.eu\/pt-pt\/wp-json\/wp\/v2\/product_tag?post=53764"}],"curies":[{"name":"wp","href":"https:\/\/api.w.org\/{rel}","templated":true}]}}