{"id":55132,"date":"2023-12-11T14:26:18","date_gmt":"2023-12-11T14:26:18","guid":{"rendered":"https:\/\/www.artestar.eu\/?post_type=product&#038;p=55132"},"modified":"2023-12-14T09:52:33","modified_gmt":"2023-12-14T09:52:33","slug":"10-mordedores-flor-de-madera","status":"publish","type":"product","link":"https:\/\/www.artestar.eu\/pt-pt\/al-por-mayor\/10-mordedores-flor-de-madera\/","title":{"rendered":"10 Mordedores Flor de Madera"},"content":{"rendered":"<h3><strong>Mordedor flor madera para beb\u00e9<\/strong><\/h3>\n<p>Figuras de madera de haya para mordedor de beb\u00e9 y para crear collares, pulseras, cadena de chupetes, sonajeros o decoraciones. Madera haya 100% natural , no t\u00f3xico, es f\u00e1cil de pintar o embellecer sobre el. Ligero y resistente para un largo uso.<\/p>\n<ul>\n<li>Cantidad: 10 pc<\/li>\n<li>Tama\u00f1o: 58 x 58mm<\/li>\n<li>Material: figuras de madera\u00a0 haya 100% natural de forma le\u00f3n, no t\u00f3xico, es f\u00e1cil de pintar o embellecer sobre el. Ligero y resistente para un largo uso.<\/li>\n<li>Personaliza sus cuentas especiales de madera como necesite. Suficiente para terminar el proyecto de manualidades. F\u00e1cil de almacenar.<\/li>\n<li>Con un agujero en el interior suficientemente grande para creaci\u00f3n de cualquier tipo de bricolaje, joyer\u00eda, sonajero.<\/li>\n<li>Funci\u00f3n m\u00faltiples. Satisface con la mayor\u00eda de necesidades para crear sus propias collares, pulseras, cadena de chupetes, sonajeros, decoraciones de casa, etc&#8230;<\/li>\n<li>Elimina el malestar de los dientes de leche, mejora el desarrollo t\u00e1ctil, ayuda a los ni\u00f1os a percibir el mundo. F\u00e1cil de limpiar con agua tibia y jab\u00f3n solo.<\/li>\n<\/ul>\n<p><img decoding=\"async\" class=\"alignnone wp-image-20348\" src=\"https:\/\/www.rubydiy.com\/wp-content\/uploads\/2020\/10\/pieza-de-madera-en-forma-de-flor-300x300.jpg\" alt=\"Cuentas flor madera mordedores para beb\u00e9\" width=\"240\" height=\"240\" \/><img decoding=\"async\" class=\"alignnone wp-image-22153\" src=\"https:\/\/www.rubydiy.com\/wp-content\/uploads\/2020\/10\/BBK92020MR-3.jpg\" alt=\"Cuentas Flor Madera Mordedores para Beb\u00e9\" width=\"240\" height=\"240\" \/><img decoding=\"async\" class=\"alignnone wp-image-22155\" src=\"https:\/\/www.rubydiy.com\/wp-content\/uploads\/2020\/10\/BBK92020AZ-5.jpg\" alt=\"Cuentas Flor Madera Mordedores para Beb\u00e9\" width=\"240\" height=\"240\" \/><\/p>\n<h3><strong>Cuentas flor madera <\/strong><strong>mordedores para sonajeros gimnasio<\/strong><\/h3>\n<p><strong>Especificaci\u00f3n<\/strong><\/p>\n<ul>\n<li>Compruebe el estado de las bolas a menudo. No meter en el microondas.<\/li>\n<li>El color puede variar levemente debido a su la configuraci\u00f3n de la pantalla.<\/li>\n<li>Pr\u00e1ctico para aliviar el dolor de la dentici\u00f3n de su beb\u00e9 cuando le est\u00e1 saliendo los dientes.<\/li>\n<li>El Comprador asume toda la responsabilidad respecto al uso del producto.<\/li>\n<li>Si alg\u00fan da\u00f1o o p\u00e9rdida es causado por la negligencia del comprador, el vendedor no ser\u00e1 responsable.<\/li>\n<\/ul>\n<p class=\"a-spacing-mini\"><strong>PROPIEDADES<\/strong><\/p>\n<div class=\"celwidget aplus-module module-2 aplus-standard\" data-csa-c-id=\"hyqkjp-st5xj8-uplf2t-ja1njb\" data-cel-widget=\"aplus-module-2\">\n<div class=\"a-expander-collapsed-height a-row a-expander-container a-expander-partial-collapse-container\" data-a-expander-name=\"aplus-module-expander\" data-a-expander-collapsed-height=\"700\">\n<div class=\"a-expander-content a-expander-partial-collapse-content\">\n<div class=\"aplus-module-wrapper apm-floatnone apm-fixed-width\">\n<div class=\"apm-sidemodule apm-spacing\">\n<div class=\"apm-sidemodule-textright\">\n<ul>\n<li><span class=\"a-text-italic\">La madera de haya es una madera de especie frondosa, dura y pesada, especialmente conocida por sus tonalidades claras y su excelente comportamiento ante toda clase de acabados. <\/span><\/li>\n<li><span class=\"a-text-italic\">Se trata de una opci\u00f3n muy competitiva dada su abundancia, gracias especialmente a las explotaciones forestales sostenibles.<\/span><\/li>\n<\/ul>\n<p><strong>Consejos<\/strong><\/p>\n<ul>\n<li>Si desea limpiar las cuentas de madera, l\u00edmpielas suavemente con una toalla h\u00fameda.<\/li>\n<li>\n<div class=\"okr-block-clipboard\" data-okr=\"%7B%22okrDelta%22%3A%5B%7B%22lineType%22%3A%22text%22%2C%22lineOptions%22%3A%7B%7D%2C%22lineContent%22%3A%5B%7B%22opType%22%3A%22text%22%2C%22options%22%3A%7B%22text%22%3A%22No%20sumerja%20ni%20remoje%20ning%C3%BAn%20art%C3%ADculos%20de%20madera%20en%20el%20agua.%20Tampoco%20los%20poner%20en%20la%20navera%20o%20la%20lavavajillas.%22%7D%7D%5D%7D%2C%7B%22lineType%22%3A%22text%22%2C%22lineOptions%22%3A%7B%7D%2C%22lineContent%22%3A%5B%7B%22opType%22%3A%22text%22%2C%22options%22%3A%7B%22text%22%3A%22Los%20art%C3%ADculos%20de%20madera%20est%C3%A1n%20hechos%20de%20madera%20natural%20y%2C%20por%20lo%20tanto%2C%20pueden%20ocurrir%20algunas%20variaciones%2C%20por%20lo%20que%20deben%20manipularse%20con%20cuidado%20para%20evitar%20da%C3%B1os.%22%7D%7D%5D%7D%5D%2C%22businessKey%22%3A%22lark-doc%22%7D\">No los lave directamente en el agua, lo que afectar\u00e1 el brillo original de la madera.<\/div>\n<\/li>\n<li>\n<div class=\"okr-block-clipboard\" data-okr=\"%7B%22okrDelta%22%3A%5B%7B%22lineType%22%3A%22text%22%2C%22lineOptions%22%3A%7B%7D%2C%22lineContent%22%3A%5B%7B%22opType%22%3A%22text%22%2C%22options%22%3A%7B%22text%22%3A%22No%20sumerja%20ni%20remoje%20ning%C3%BAn%20art%C3%ADculos%20de%20madera%20en%20el%20agua.%20Tampoco%20los%20poner%20en%20la%20navera%20o%20la%20lavavajillas.%22%7D%7D%5D%7D%2C%7B%22lineType%22%3A%22text%22%2C%22lineOptions%22%3A%7B%7D%2C%22lineContent%22%3A%5B%7B%22opType%22%3A%22text%22%2C%22options%22%3A%7B%22text%22%3A%22Los%20art%C3%ADculos%20de%20madera%20est%C3%A1n%20hechos%20de%20madera%20natural%20y%2C%20por%20lo%20tanto%2C%20pueden%20ocurrir%20algunas%20variaciones%2C%20por%20lo%20que%20deben%20manipularse%20con%20cuidado%20para%20evitar%20da%C3%B1os.%22%7D%7D%5D%7D%5D%2C%22businessKey%22%3A%22lark-doc%22%7D\">No sumerja ni remoje ning\u00fan art\u00edculos de madera en el agua. Tampoco los poner en la nevera o la lavavajillas.<\/div>\n<\/li>\n<li>Los art\u00edculos de madera est\u00e1n hechos de madera natural, por lo que podr\u00edan ocurrir algunas variaciones y deben manipularse con cuidado para evitar da\u00f1os.<\/li>\n<\/ul>\n<\/div>\n<\/div>\n<\/div>\n<\/div>\n<\/div>\n<\/div>\n","protected":false},"excerpt":{"rendered":"<p><strong>Medidas:<\/strong> 58mm x 58mm<\/p>\n<p><strong>Medida interior:<\/strong> \u00d8 26mm<\/p>\n<p><strong>Color:\u00a0<\/strong>Madera natural<\/p>\n<p><strong>Cantidad:\u00a0<\/strong>10 ud<\/p>\n<p><strong>Material:<\/strong> Madera haya<\/p>\n","protected":false},"featured_media":55329,"comment_status":"closed","ping_status":"closed","template":"","meta":[],"product_cat":[3712,3145],"product_tag":[],"yoast_head":"<!-- This site is optimized with the Yoast SEO Premium plugin v20.5 (Yoast SEO v21.5) - https:\/\/yoast.com\/wordpress\/plugins\/seo\/ -->\n<title>Cuentas Flor Madera Mordedores para Beb\u00e9 - Artestar<\/title>\n<meta name=\"description\" content=\"Cuentas Flor Madera Mordedores para Beb\u00e9, Cuenta de Madera en forma de Estrella Dentici\u00f3n para Beb\u00e9, Flor de Madera para Montar Chupeteros\" \/>\n<meta name=\"robots\" content=\"index, follow, max-snippet:-1, max-image-preview:large, max-video-preview:-1\" \/>\n<link rel=\"canonical\" href=\"https:\/\/www.artestar.eu\/pt-pt\/al-por-mayor\/10-mordedores-flor-de-madera\/\" \/>\n<meta property=\"og:locale\" content=\"pt_PT\" \/>\n<meta property=\"og:type\" content=\"article\" \/>\n<meta property=\"og:title\" content=\"10 Mordedores Flor de Madera\" \/>\n<meta property=\"og:description\" content=\"Cuentas Flor Madera Mordedores para Beb\u00e9, Cuenta de Madera en forma de Estrella Dentici\u00f3n para Beb\u00e9, Flor de Madera para Montar Chupeteros\" \/>\n<meta property=\"og:url\" content=\"https:\/\/www.artestar.eu\/pt-pt\/al-por-mayor\/10-mordedores-flor-de-madera\/\" \/>\n<meta property=\"og:site_name\" content=\"Artestar\" \/>\n<meta property=\"article:publisher\" content=\"https:\/\/www.facebook.com\/ARTESTAREU\" \/>\n<meta property=\"article:modified_time\" content=\"2023-12-14T09:52:33+00:00\" \/>\n<meta property=\"og:image\" content=\"https:\/\/www.artestar.eu\/wp-content\/uploads\/2023\/12\/pieza-de-madera-en-forma-de-flor.jpg\" \/>\n\t<meta property=\"og:image:width\" content=\"1000\" \/>\n\t<meta property=\"og:image:height\" content=\"1000\" \/>\n\t<meta property=\"og:image:type\" content=\"image\/jpeg\" \/>\n<meta name=\"twitter:card\" content=\"summary_large_image\" \/>\n<meta name=\"twitter:label1\" content=\"pre\u00e7o\" \/>\n\t<meta name=\"twitter:data1\" content=\"6,80&nbsp;&euro; (IVA N\u00c3O inclu\u00eddo)\" \/>\n\t<meta name=\"twitter:label2\" content=\"Availability\" \/>\n\t<meta name=\"twitter:data2\" content=\"Em estoque\" \/>\n<script type=\"application\/ld+json\" class=\"yoast-schema-graph\">{\"@context\":\"https:\/\/schema.org\",\"@graph\":[{\"@type\":\"WebPage\",\"@id\":\"https:\/\/www.artestar.eu\/pt-pt\/al-por-mayor\/10-mordedores-flor-de-madera\/\",\"url\":\"https:\/\/www.artestar.eu\/pt-pt\/al-por-mayor\/10-mordedores-flor-de-madera\/\",\"name\":\"Cuentas Flor Madera Mordedores para Beb\u00e9 - Artestar\",\"isPartOf\":{\"@id\":\"https:\/\/www.artestar.eu\/pt-pt\/#website\"},\"datePublished\":\"2023-12-11T14:26:18+00:00\",\"dateModified\":\"2023-12-14T09:52:33+00:00\",\"description\":\"Cuentas Flor Madera Mordedores para Beb\u00e9, Cuenta de Madera en forma de Estrella Dentici\u00f3n para Beb\u00e9, Flor de Madera para Montar Chupeteros\",\"breadcrumb\":{\"@id\":\"https:\/\/www.artestar.eu\/pt-pt\/al-por-mayor\/10-mordedores-flor-de-madera\/#breadcrumb\"},\"inLanguage\":\"pt-PT\",\"potentialAction\":[{\"@type\":\"ReadAction\",\"target\":[\"https:\/\/www.artestar.eu\/pt-pt\/al-por-mayor\/10-mordedores-flor-de-madera\/\"]}]},{\"@type\":\"BreadcrumbList\",\"@id\":\"https:\/\/www.artestar.eu\/pt-pt\/al-por-mayor\/10-mordedores-flor-de-madera\/#breadcrumb\",\"itemListElement\":[{\"@type\":\"ListItem\",\"position\":1,\"name\":\"Artestar\",\"item\":\"https:\/\/www.artestar.eu\/pt-pt\/\"},{\"@type\":\"ListItem\",\"position\":2,\"name\":\"Atacado\",\"item\":\"https:\/\/www.artestar.eu\/pt-pt\/atacado\/\"},{\"@type\":\"ListItem\",\"position\":3,\"name\":\"10 Mordedores Flor de Madera\"}]},{\"@type\":\"WebSite\",\"@id\":\"https:\/\/www.artestar.eu\/pt-pt\/#website\",\"url\":\"https:\/\/www.artestar.eu\/pt-pt\/\",\"name\":\"Artestar\",\"description\":\"Mayorista en abalorios y joyer\u00eda\",\"publisher\":{\"@id\":\"https:\/\/www.artestar.eu\/pt-pt\/#organization\"},\"alternateName\":\"Artestar-EU\",\"potentialAction\":[{\"@type\":\"SearchAction\",\"target\":{\"@type\":\"EntryPoint\",\"urlTemplate\":\"https:\/\/www.artestar.eu\/pt-pt\/?s={search_term_string}\"},\"query-input\":\"required name=search_term_string\"}],\"inLanguage\":\"pt-PT\"},{\"@type\":[\"Organization\",\"Place\"],\"@id\":\"https:\/\/www.artestar.eu\/pt-pt\/#organization\",\"name\":\"RUBY ABALORIO S.L.\",\"alternateName\":\"Artestar\",\"url\":\"https:\/\/www.artestar.eu\/pt-pt\/\",\"logo\":{\"@id\":\"https:\/\/www.artestar.eu\/pt-pt\/al-por-mayor\/10-mordedores-flor-de-madera\/#local-main-organization-logo\"},\"image\":{\"@id\":\"https:\/\/www.artestar.eu\/pt-pt\/al-por-mayor\/10-mordedores-flor-de-madera\/#local-main-organization-logo\"},\"sameAs\":[\"https:\/\/www.facebook.com\/ARTESTAREU\",\"https:\/\/www.instagram.com\/artestareu\/\",\"https:\/\/www.pinterest.es\/artestar_eu\/\",\"https:\/\/www.tiktok.com\/@artestar_wholesale\"],\"openingHoursSpecification\":[{\"@type\":\"OpeningHoursSpecification\",\"dayOfWeek\":[\"Monday\",\"Tuesday\",\"Wednesday\",\"Thursday\",\"Friday\",\"Saturday\",\"Sunday\"],\"opens\":\"09:00\",\"closes\":\"17:00\"}]},{\"@type\":\"ImageObject\",\"inLanguage\":\"pt-PT\",\"@id\":\"https:\/\/www.artestar.eu\/pt-pt\/al-por-mayor\/10-mordedores-flor-de-madera\/#local-main-organization-logo\",\"url\":\"https:\/\/www.artestar.eu\/wp-content\/uploads\/2023\/05\/cropped-png.png\",\"contentUrl\":\"https:\/\/www.artestar.eu\/wp-content\/uploads\/2023\/05\/cropped-png.png\",\"width\":512,\"height\":512,\"caption\":\"RUBY ABALORIO S.L.\"}]}<\/script>\n<meta property=\"product:price:amount\" content=\"6.80\" \/>\n<meta property=\"product:price:currency\" content=\"EUR\" \/>\n<meta property=\"og:availability\" content=\"instock\" \/>\n<meta property=\"product:availability\" content=\"instock\" \/>\n<meta property=\"product:retailer_item_id\" content=\"31\" \/>\n<meta property=\"product:condition\" content=\"new\" \/>\n<!-- \/ Yoast SEO Premium plugin. -->","yoast_head_json":{"title":"Cuentas Flor Madera Mordedores para Beb\u00e9 - Artestar","description":"Cuentas Flor Madera Mordedores para Beb\u00e9, Cuenta de Madera en forma de Estrella Dentici\u00f3n para Beb\u00e9, Flor de Madera para Montar Chupeteros","robots":{"index":"index","follow":"follow","max-snippet":"max-snippet:-1","max-image-preview":"max-image-preview:large","max-video-preview":"max-video-preview:-1"},"canonical":"https:\/\/www.artestar.eu\/pt-pt\/al-por-mayor\/10-mordedores-flor-de-madera\/","og_locale":"pt_PT","og_type":"article","og_title":"10 Mordedores Flor de Madera","og_description":"Cuentas Flor Madera Mordedores para Beb\u00e9, Cuenta de Madera en forma de Estrella Dentici\u00f3n para Beb\u00e9, Flor de Madera para Montar Chupeteros","og_url":"https:\/\/www.artestar.eu\/pt-pt\/al-por-mayor\/10-mordedores-flor-de-madera\/","og_site_name":"Artestar","article_publisher":"https:\/\/www.facebook.com\/ARTESTAREU","article_modified_time":"2023-12-14T09:52:33+00:00","og_image":[{"width":1000,"height":1000,"url":"https:\/\/www.artestar.eu\/wp-content\/uploads\/2023\/12\/pieza-de-madera-en-forma-de-flor.jpg","type":"image\/jpeg"}],"twitter_card":"summary_large_image","twitter_misc":{"pre\u00e7o":"6,80&nbsp;&euro; (IVA N\u00c3O inclu\u00eddo)","Availability":"Em estoque"},"schema":{"@context":"https:\/\/schema.org","@graph":[{"@type":"WebPage","@id":"https:\/\/www.artestar.eu\/pt-pt\/al-por-mayor\/10-mordedores-flor-de-madera\/","url":"https:\/\/www.artestar.eu\/pt-pt\/al-por-mayor\/10-mordedores-flor-de-madera\/","name":"Cuentas Flor Madera Mordedores para Beb\u00e9 - Artestar","isPartOf":{"@id":"https:\/\/www.artestar.eu\/pt-pt\/#website"},"datePublished":"2023-12-11T14:26:18+00:00","dateModified":"2023-12-14T09:52:33+00:00","description":"Cuentas Flor Madera Mordedores para Beb\u00e9, Cuenta de Madera en forma de Estrella Dentici\u00f3n para Beb\u00e9, Flor de Madera para Montar Chupeteros","breadcrumb":{"@id":"https:\/\/www.artestar.eu\/pt-pt\/al-por-mayor\/10-mordedores-flor-de-madera\/#breadcrumb"},"inLanguage":"pt-PT","potentialAction":[{"@type":"ReadAction","target":["https:\/\/www.artestar.eu\/pt-pt\/al-por-mayor\/10-mordedores-flor-de-madera\/"]}]},{"@type":"BreadcrumbList","@id":"https:\/\/www.artestar.eu\/pt-pt\/al-por-mayor\/10-mordedores-flor-de-madera\/#breadcrumb","itemListElement":[{"@type":"ListItem","position":1,"name":"Artestar","item":"https:\/\/www.artestar.eu\/pt-pt\/"},{"@type":"ListItem","position":2,"name":"Atacado","item":"https:\/\/www.artestar.eu\/pt-pt\/atacado\/"},{"@type":"ListItem","position":3,"name":"10 Mordedores Flor de Madera"}]},{"@type":"WebSite","@id":"https:\/\/www.artestar.eu\/pt-pt\/#website","url":"https:\/\/www.artestar.eu\/pt-pt\/","name":"Artestar","description":"Mayorista en abalorios y joyer\u00eda","publisher":{"@id":"https:\/\/www.artestar.eu\/pt-pt\/#organization"},"alternateName":"Artestar-EU","potentialAction":[{"@type":"SearchAction","target":{"@type":"EntryPoint","urlTemplate":"https:\/\/www.artestar.eu\/pt-pt\/?s={search_term_string}"},"query-input":"required name=search_term_string"}],"inLanguage":"pt-PT"},{"@type":["Organization","Place"],"@id":"https:\/\/www.artestar.eu\/pt-pt\/#organization","name":"RUBY ABALORIO S.L.","alternateName":"Artestar","url":"https:\/\/www.artestar.eu\/pt-pt\/","logo":{"@id":"https:\/\/www.artestar.eu\/pt-pt\/al-por-mayor\/10-mordedores-flor-de-madera\/#local-main-organization-logo"},"image":{"@id":"https:\/\/www.artestar.eu\/pt-pt\/al-por-mayor\/10-mordedores-flor-de-madera\/#local-main-organization-logo"},"sameAs":["https:\/\/www.facebook.com\/ARTESTAREU","https:\/\/www.instagram.com\/artestareu\/","https:\/\/www.pinterest.es\/artestar_eu\/","https:\/\/www.tiktok.com\/@artestar_wholesale"],"openingHoursSpecification":[{"@type":"OpeningHoursSpecification","dayOfWeek":["Monday","Tuesday","Wednesday","Thursday","Friday","Saturday","Sunday"],"opens":"09:00","closes":"17:00"}]},{"@type":"ImageObject","inLanguage":"pt-PT","@id":"https:\/\/www.artestar.eu\/pt-pt\/al-por-mayor\/10-mordedores-flor-de-madera\/#local-main-organization-logo","url":"https:\/\/www.artestar.eu\/wp-content\/uploads\/2023\/05\/cropped-png.png","contentUrl":"https:\/\/www.artestar.eu\/wp-content\/uploads\/2023\/05\/cropped-png.png","width":512,"height":512,"caption":"RUBY ABALORIO S.L."}]},"product_price_amount":"6.80","product_price_currency":"EUR","og_availability":"instock","product_availability":"instock","product_retailer_item_id":"31","product_condition":"new"},"tiered_pricing_type":"fixed","tiered_pricing_fixed_rules":[],"tiered_pricing_percentage_rules":[],"tiered_pricing_minimum":null,"_administrator_tiered_pricing_type":"fixed","_administrator_tiered_pricing_fixed_rules":[],"_editor_tiered_pricing_type":"fixed","_editor_tiered_pricing_fixed_rules":[],"_author_tiered_pricing_type":"fixed","_author_tiered_pricing_fixed_rules":[],"_contributor_tiered_pricing_type":"fixed","_contributor_tiered_pricing_fixed_rules":[],"_subscriber_tiered_pricing_type":"fixed","_subscriber_tiered_pricing_fixed_rules":[],"_wpseo_manager_tiered_pricing_type":"fixed","_wpseo_manager_tiered_pricing_fixed_rules":[],"_wpseo_editor_tiered_pricing_type":"fixed","_wpseo_editor_tiered_pricing_fixed_rules":[],"_customer_tiered_pricing_type":"fixed","_customer_tiered_pricing_fixed_rules":[],"_shop_manager_tiered_pricing_type":"fixed","_shop_manager_tiered_pricing_fixed_rules":[],"_product_manager_tiered_pricing_type":"fixed","_product_manager_tiered_pricing_fixed_rules":[],"_links":{"self":[{"href":"https:\/\/www.artestar.eu\/pt-pt\/wp-json\/wp\/v2\/product\/55132"}],"collection":[{"href":"https:\/\/www.artestar.eu\/pt-pt\/wp-json\/wp\/v2\/product"}],"about":[{"href":"https:\/\/www.artestar.eu\/pt-pt\/wp-json\/wp\/v2\/types\/product"}],"replies":[{"embeddable":true,"href":"https:\/\/www.artestar.eu\/pt-pt\/wp-json\/wp\/v2\/comments?post=55132"}],"version-history":[{"count":3,"href":"https:\/\/www.artestar.eu\/pt-pt\/wp-json\/wp\/v2\/product\/55132\/revisions"}],"predecessor-version":[{"id":57835,"href":"https:\/\/www.artestar.eu\/pt-pt\/wp-json\/wp\/v2\/product\/55132\/revisions\/57835"}],"wp:featuredmedia":[{"embeddable":true,"href":"https:\/\/www.artestar.eu\/pt-pt\/wp-json\/wp\/v2\/media\/55329"}],"wp:attachment":[{"href":"https:\/\/www.artestar.eu\/pt-pt\/wp-json\/wp\/v2\/media?parent=55132"}],"wp:term":[{"taxonomy":"product_cat","embeddable":true,"href":"https:\/\/www.artestar.eu\/pt-pt\/wp-json\/wp\/v2\/product_cat?post=55132"},{"taxonomy":"product_tag","embeddable":true,"href":"https:\/\/www.artestar.eu\/pt-pt\/wp-json\/wp\/v2\/product_tag?post=55132"}],"curies":[{"name":"wp","href":"https:\/\/api.w.org\/{rel}","templated":true}]}}