{"id":56843,"date":"2023-12-12T09:38:53","date_gmt":"2023-12-12T09:38:53","guid":{"rendered":"https:\/\/www.artestar.eu\/?post_type=product&#038;p=56843"},"modified":"2023-12-14T07:47:56","modified_gmt":"2023-12-14T07:47:56","slug":"kit-81pcs-conejo-de-crochet-y-madera-haya","status":"publish","type":"product","link":"https:\/\/www.artestar.eu\/pt-pt\/al-por-mayor\/kit-81pcs-conejo-de-crochet-y-madera-haya\/","title":{"rendered":"Kit 81Pcs Conejo de Crochet y Madera Haya"},"content":{"rendered":"<p><strong>Kit abalorios mordedor madera haya ideal para montar a tu gusto<\/strong><\/p>\n<p>Material de madera y crochet para hacer chupeteros, mordedores o juguetes para beb\u00e9s. Sin olores ni toxinas. 100% seguros para tus seres queridos<\/p>\n<ul>\n<li>Cantidad:kit de 81 unidades<\/li>\n<li>Crea tus propios chupeteros personalizados o juguetes de dentici\u00f3n para beb\u00e9s con nuestro magn\u00edfico producto de silicona, madera de haya y crochet, al precio inmejorable de todo mercado europeo.<\/li>\n<li>Alivia la incomodidad de la dentici\u00f3n, mordedor de lactancia perfecto para que el beb\u00e9 mastique, un regalo personalizado inolvidable, deje volar su imaginaci\u00f3n creando dise\u00f1os \u00fanicos<\/li>\n<li>Puede hacer collares, pulseras, chupeteros, sonajeros, entre otras piezas, son de color brillante hermoso atractivo. se recomienda hacer doble nudo al finalizar los chupeteros para mayor seguridad.<\/li>\n<li>Sin olores ni toxinas. Con los certificados de calidad de la Uni\u00f3n Europea.<\/li>\n<li>Fabricado con madera de haya y crochet.<\/li>\n<li>No dejar las piezas sueltas al alcance de los ni\u00f1os, lavar, esterilizar las piezas antes de su uso, inspeccionar antes de usar, se puede lavar con jab\u00f3n suave o neutro, no usar productos abrasivos.<\/li>\n<\/ul>\n<p>&nbsp;<\/p>\n<p><img decoding=\"async\" class=\"alignnone\" src=\"http:\/\/www.rubyabalorios.com\/img\/cms\/logo2%5B1%5D.png\" alt=\"logo centro test internacional\" width=\"321\" height=\"76\" \/>\u00a0\u00a0 \u00a0 \u00a0 \u00a0 \u00a0 \u00a0 \u00a0 \u00a0 \u00a0 \u00a0 \u00a0 \u00a0\u00a0\u00a0<img decoding=\"async\" src=\"http:\/\/www.rubyabalorios.com\/img\/cms\/SELLOCTI1.jpg\" alt=\"\" width=\"79\" height=\"78\" \/><\/p>\n<p>&nbsp;<\/p>\n<p>Las cuentas de silicona son 100% de Silicona Org\u00e1nica Anti Bacterias de grado alimentario libre de BPA, PVC, Ftalatos, Cadmio y Plomo..<\/p>\n<p>Son aptos para la creaci\u00f3n de pulseras, collares, cuelga chupetes y diferentes creaciones para su beb\u00e9.<\/p>\n<p>&nbsp;<\/p>\n<p><strong>ADVERTENCIA<\/strong><\/p>\n<p>No dejar las piezas sueltas al alcance de los ni\u00f1os, las piezas sueltas pueden provocar asfixias.<\/p>\n<p>Se recomienda esterilizar antes de dar al beb\u00e9 y mantener el producto limpio antes de su uso.<\/p>\n<p>De f\u00e1cil limpieza, con agua y jab\u00f3n,\u00a0<strong>NO USAR PRODUCTOS ABRASIVOS NI T\u00d3XICOS.<\/strong><\/p>\n<p><img decoding=\"async\" class=\"alignnone wp-image-59162 size-medium\" src=\"https:\/\/www.rubydiy.com\/wp-content\/uploads\/2021\/01\/18-300x300.png\" alt=\"Kit abalorios mordedor madera\" width=\"300\" height=\"300\" \/> <img decoding=\"async\" class=\"alignnone wp-image-59107 size-medium\" src=\"https:\/\/www.rubydiy.com\/wp-content\/uploads\/2021\/01\/4-300x300.png\" alt=\"Kit abalorios mordedor madera\" width=\"300\" height=\"300\" \/> <img decoding=\"async\" class=\"alignnone wp-image-59174 size-medium\" src=\"https:\/\/www.rubydiy.com\/wp-content\/uploads\/2021\/01\/9-300x300.png\" alt=\"Kit abalorios mordedor madera\" width=\"300\" height=\"300\" \/> <img decoding=\"async\" class=\"alignnone wp-image-59156 size-medium\" src=\"https:\/\/www.rubydiy.com\/wp-content\/uploads\/2021\/01\/17-300x300.png\" alt=\"Kit abalorios mordedor madera\" width=\"300\" height=\"300\" \/> <img decoding=\"async\" class=\"alignnone wp-image-59144 size-medium\" src=\"https:\/\/www.rubydiy.com\/wp-content\/uploads\/2021\/01\/6-300x300.png\" alt=\"Kit abalorios mordedor madera\" width=\"300\" height=\"300\" \/> <img decoding=\"async\" class=\"alignnone wp-image-59180 size-medium\" src=\"https:\/\/www.rubydiy.com\/wp-content\/uploads\/2021\/01\/12-300x300.png\" alt=\"Kit abalorios mordedor madera\" width=\"300\" height=\"300\" \/> <img decoding=\"async\" class=\"alignnone wp-image-59168 size-medium\" src=\"https:\/\/www.rubydiy.com\/wp-content\/uploads\/2021\/01\/19-300x300.png\" alt=\"Kit abalorios mordedor madera\" width=\"300\" height=\"300\" \/> <img decoding=\"async\" class=\"alignnone wp-image-59138 size-medium\" src=\"https:\/\/www.rubydiy.com\/wp-content\/uploads\/2021\/01\/5-300x300.png\" alt=\"Kit abalorios mordedor madera\" width=\"300\" height=\"300\" \/>\u00a0<img decoding=\"async\" class=\"alignnone wp-image-59186 size-medium\" src=\"https:\/\/www.rubydiy.com\/wp-content\/uploads\/2021\/01\/13-300x300.png\" alt=\"Kit abalorios mordedor madera\" width=\"300\" height=\"300\" \/><\/p>\n<h3><strong>Kit abalorios mordedor madera<\/strong><\/h3>\n<p><strong>Especificaci\u00f3n<\/strong><\/p>\n<ul>\n<li>Pr\u00e1ctico para aliviar el dolor de la dentici\u00f3n de su beb\u00e9 cuando le est\u00e1 saliendo los dientes.<\/li>\n<li>Debe limpiarlo despu\u00e9s de cada uso y dejarlo secar al aire libre.<\/li>\n<li>Comprueba el estado de las bolas a menudo. No meter en el microondas.<\/li>\n<li>El color puede variar levemente debido a su la configuraci\u00f3n de la pantalla.<\/li>\n<li>Tiempo de uso: m\u00e1ximo 6 meses por el higiene y la seguridad de los ni\u00f1os.<\/li>\n<li>El Comprador asume toda la responsabilidad respecto al uso del producto.<\/li>\n<li>Si alg\u00fan da\u00f1o o p\u00e9rdida es causado por la negligencia del comprador, el vendedor no ser\u00e1 responsable.<\/li>\n<\/ul>\n<p><strong>Consejos<\/strong><\/p>\n<ul>\n<li>Si desea limpiar las cuentas de madera, l\u00edmpielas suavemente con una toalla h\u00fameda.<\/li>\n<li>\n<div class=\"okr-block-clipboard\" data-okr=\"%7B%22okrDelta%22%3A%5B%7B%22lineType%22%3A%22text%22%2C%22lineOptions%22%3A%7B%7D%2C%22lineContent%22%3A%5B%7B%22opType%22%3A%22text%22%2C%22options%22%3A%7B%22text%22%3A%22No%20sumerja%20ni%20remoje%20ning%C3%BAn%20art%C3%ADculos%20de%20madera%20en%20el%20agua.%20Tampoco%20los%20poner%20en%20la%20navera%20o%20la%20lavavajillas.%22%7D%7D%5D%7D%2C%7B%22lineType%22%3A%22text%22%2C%22lineOptions%22%3A%7B%7D%2C%22lineContent%22%3A%5B%7B%22opType%22%3A%22text%22%2C%22options%22%3A%7B%22text%22%3A%22Los%20art%C3%ADculos%20de%20madera%20est%C3%A1n%20hechos%20de%20madera%20natural%20y%2C%20por%20lo%20tanto%2C%20pueden%20ocurrir%20algunas%20variaciones%2C%20por%20lo%20que%20deben%20manipularse%20con%20cuidado%20para%20evitar%20da%C3%B1os.%22%7D%7D%5D%7D%5D%2C%22businessKey%22%3A%22lark-doc%22%7D\">No los lave directamente en el agua, lo que afectar\u00e1 el brillo original de la madera.<\/div>\n<\/li>\n<li>No sumerja ni remoje ning\u00fan art\u00edculos de madera en el agua. Tampoco los poner en la nevera o la lavavajillas.<\/li>\n<li>Los art\u00edculos de madera est\u00e1n hechos de madera natural, por lo que podr\u00edan ocurrir algunas variaciones y deben manipularse con cuidado para evitar da\u00f1os.<\/li>\n<\/ul>\n","protected":false},"excerpt":{"rendered":"<p><strong>Estos materiales son aptos para la creaci\u00f3n de collares, cadenas, chupeteros y sonajeros<\/strong><\/p>\n<ul class=\"a-unordered-list a-vertical a-spacing-none\">\n<li><strong>Cantidad:<\/strong>kit de 81 piezas.<\/li>\n<li><span class=\"a-list-item\"><b>Material:<\/b> Silicona, Madera Haya,<\/span><span class=\"a-list-item\"> Algod\u00f3n y Pl\u00e1stico<\/span><\/li>\n<li><span class=\"a-list-item\"><strong>Tama\u00f1o:<\/strong> 22cm x 14cm x 5cm<\/span><\/li>\n<\/ul>\n","protected":false},"featured_media":56881,"comment_status":"closed","ping_status":"closed","template":"","meta":[],"product_cat":[3716,3145],"product_tag":[],"yoast_head":"<!-- This site is optimized with the Yoast SEO Premium plugin v20.5 (Yoast SEO v21.5) - https:\/\/yoast.com\/wordpress\/plugins\/seo\/ -->\n<title>Kit abalorios mordedor madera haya ideal para montar chupeteros - Artestar<\/title>\n<meta name=\"description\" content=\"10 Kit 81 abalorios Mordedor Madera Haya ideal para Montar Chupetero Cadena Carrito y Sonajeros, Kit piezas Madera Haya Natural y Silicona\" \/>\n<meta name=\"robots\" content=\"index, follow, max-snippet:-1, max-image-preview:large, max-video-preview:-1\" \/>\n<link rel=\"canonical\" href=\"https:\/\/www.artestar.eu\/pt-pt\/al-por-mayor\/kit-81pcs-conejo-de-crochet-y-madera-haya\/\" \/>\n<meta property=\"og:locale\" content=\"pt_PT\" \/>\n<meta property=\"og:type\" content=\"article\" \/>\n<meta property=\"og:title\" content=\"Kit 81Pcs Conejo de Crochet y Madera Haya\" \/>\n<meta property=\"og:description\" content=\"10 Kit 81 abalorios Mordedor Madera Haya ideal para Montar Chupetero Cadena Carrito y Sonajeros, Kit piezas Madera Haya Natural y Silicona\" \/>\n<meta property=\"og:url\" content=\"https:\/\/www.artestar.eu\/pt-pt\/al-por-mayor\/kit-81pcs-conejo-de-crochet-y-madera-haya\/\" \/>\n<meta property=\"og:site_name\" content=\"Artestar\" \/>\n<meta property=\"article:publisher\" content=\"https:\/\/www.facebook.com\/ARTESTAREU\" \/>\n<meta property=\"article:modified_time\" content=\"2023-12-14T07:47:56+00:00\" \/>\n<meta property=\"og:image\" content=\"https:\/\/www.artestar.eu\/wp-content\/uploads\/2023\/12\/7.png\" \/>\n\t<meta property=\"og:image:width\" content=\"1000\" \/>\n\t<meta property=\"og:image:height\" content=\"1000\" \/>\n\t<meta property=\"og:image:type\" content=\"image\/png\" \/>\n<meta name=\"twitter:card\" content=\"summary_large_image\" \/>\n<meta name=\"twitter:label1\" content=\"Availability\" \/>\n\t<meta name=\"twitter:data1\" content=\"Em estoque\" \/>\n<script type=\"application\/ld+json\" class=\"yoast-schema-graph\">{\"@context\":\"https:\/\/schema.org\",\"@graph\":[{\"@type\":\"WebPage\",\"@id\":\"https:\/\/www.artestar.eu\/pt-pt\/al-por-mayor\/kit-81pcs-conejo-de-crochet-y-madera-haya\/\",\"url\":\"https:\/\/www.artestar.eu\/pt-pt\/al-por-mayor\/kit-81pcs-conejo-de-crochet-y-madera-haya\/\",\"name\":\"Kit abalorios mordedor madera haya ideal para montar chupeteros - Artestar\",\"isPartOf\":{\"@id\":\"https:\/\/www.artestar.eu\/pt-pt\/#website\"},\"datePublished\":\"2023-12-12T09:38:53+00:00\",\"dateModified\":\"2023-12-14T07:47:56+00:00\",\"description\":\"10 Kit 81 abalorios Mordedor Madera Haya ideal para Montar Chupetero Cadena Carrito y Sonajeros, Kit piezas Madera Haya Natural y Silicona\",\"breadcrumb\":{\"@id\":\"https:\/\/www.artestar.eu\/pt-pt\/al-por-mayor\/kit-81pcs-conejo-de-crochet-y-madera-haya\/#breadcrumb\"},\"inLanguage\":\"pt-PT\",\"potentialAction\":[{\"@type\":\"ReadAction\",\"target\":[\"https:\/\/www.artestar.eu\/pt-pt\/al-por-mayor\/kit-81pcs-conejo-de-crochet-y-madera-haya\/\"]}]},{\"@type\":\"BreadcrumbList\",\"@id\":\"https:\/\/www.artestar.eu\/pt-pt\/al-por-mayor\/kit-81pcs-conejo-de-crochet-y-madera-haya\/#breadcrumb\",\"itemListElement\":[{\"@type\":\"ListItem\",\"position\":1,\"name\":\"Artestar\",\"item\":\"https:\/\/www.artestar.eu\/pt-pt\/\"},{\"@type\":\"ListItem\",\"position\":2,\"name\":\"Atacado\",\"item\":\"https:\/\/www.artestar.eu\/pt-pt\/atacado\/\"},{\"@type\":\"ListItem\",\"position\":3,\"name\":\"Kit 81Pcs Conejo de Crochet y Madera Haya\"}]},{\"@type\":\"WebSite\",\"@id\":\"https:\/\/www.artestar.eu\/pt-pt\/#website\",\"url\":\"https:\/\/www.artestar.eu\/pt-pt\/\",\"name\":\"Artestar\",\"description\":\"Mayorista en abalorios y joyer\u00eda\",\"publisher\":{\"@id\":\"https:\/\/www.artestar.eu\/pt-pt\/#organization\"},\"alternateName\":\"Artestar-EU\",\"potentialAction\":[{\"@type\":\"SearchAction\",\"target\":{\"@type\":\"EntryPoint\",\"urlTemplate\":\"https:\/\/www.artestar.eu\/pt-pt\/?s={search_term_string}\"},\"query-input\":\"required name=search_term_string\"}],\"inLanguage\":\"pt-PT\"},{\"@type\":[\"Organization\",\"Place\"],\"@id\":\"https:\/\/www.artestar.eu\/pt-pt\/#organization\",\"name\":\"RUBY ABALORIO S.L.\",\"alternateName\":\"Artestar\",\"url\":\"https:\/\/www.artestar.eu\/pt-pt\/\",\"logo\":{\"@id\":\"https:\/\/www.artestar.eu\/pt-pt\/al-por-mayor\/kit-81pcs-conejo-de-crochet-y-madera-haya\/#local-main-organization-logo\"},\"image\":{\"@id\":\"https:\/\/www.artestar.eu\/pt-pt\/al-por-mayor\/kit-81pcs-conejo-de-crochet-y-madera-haya\/#local-main-organization-logo\"},\"sameAs\":[\"https:\/\/www.facebook.com\/ARTESTAREU\",\"https:\/\/www.instagram.com\/artestareu\/\",\"https:\/\/www.pinterest.es\/artestar_eu\/\",\"https:\/\/www.tiktok.com\/@artestar_wholesale\"],\"openingHoursSpecification\":[{\"@type\":\"OpeningHoursSpecification\",\"dayOfWeek\":[\"Monday\",\"Tuesday\",\"Wednesday\",\"Thursday\",\"Friday\",\"Saturday\",\"Sunday\"],\"opens\":\"09:00\",\"closes\":\"17:00\"}]},{\"@type\":\"ImageObject\",\"inLanguage\":\"pt-PT\",\"@id\":\"https:\/\/www.artestar.eu\/pt-pt\/al-por-mayor\/kit-81pcs-conejo-de-crochet-y-madera-haya\/#local-main-organization-logo\",\"url\":\"https:\/\/www.artestar.eu\/wp-content\/uploads\/2023\/05\/cropped-png.png\",\"contentUrl\":\"https:\/\/www.artestar.eu\/wp-content\/uploads\/2023\/05\/cropped-png.png\",\"width\":512,\"height\":512,\"caption\":\"RUBY ABALORIO S.L.\"}]}<\/script>\n<meta property=\"og:availability\" content=\"instock\" \/>\n<meta property=\"product:availability\" content=\"instock\" \/>\n<meta property=\"product:retailer_item_id\" content=\"KTC-101\" \/>\n<meta property=\"product:condition\" content=\"new\" \/>\n<!-- \/ Yoast SEO Premium plugin. -->","yoast_head_json":{"title":"Kit abalorios mordedor madera haya ideal para montar chupeteros - Artestar","description":"10 Kit 81 abalorios Mordedor Madera Haya ideal para Montar Chupetero Cadena Carrito y Sonajeros, Kit piezas Madera Haya Natural y Silicona","robots":{"index":"index","follow":"follow","max-snippet":"max-snippet:-1","max-image-preview":"max-image-preview:large","max-video-preview":"max-video-preview:-1"},"canonical":"https:\/\/www.artestar.eu\/pt-pt\/al-por-mayor\/kit-81pcs-conejo-de-crochet-y-madera-haya\/","og_locale":"pt_PT","og_type":"article","og_title":"Kit 81Pcs Conejo de Crochet y Madera Haya","og_description":"10 Kit 81 abalorios Mordedor Madera Haya ideal para Montar Chupetero Cadena Carrito y Sonajeros, Kit piezas Madera Haya Natural y Silicona","og_url":"https:\/\/www.artestar.eu\/pt-pt\/al-por-mayor\/kit-81pcs-conejo-de-crochet-y-madera-haya\/","og_site_name":"Artestar","article_publisher":"https:\/\/www.facebook.com\/ARTESTAREU","article_modified_time":"2023-12-14T07:47:56+00:00","og_image":[{"width":1000,"height":1000,"url":"https:\/\/www.artestar.eu\/wp-content\/uploads\/2023\/12\/7.png","type":"image\/png"}],"twitter_card":"summary_large_image","twitter_misc":{"Availability":"Em estoque"},"schema":{"@context":"https:\/\/schema.org","@graph":[{"@type":"WebPage","@id":"https:\/\/www.artestar.eu\/pt-pt\/al-por-mayor\/kit-81pcs-conejo-de-crochet-y-madera-haya\/","url":"https:\/\/www.artestar.eu\/pt-pt\/al-por-mayor\/kit-81pcs-conejo-de-crochet-y-madera-haya\/","name":"Kit abalorios mordedor madera haya ideal para montar chupeteros - Artestar","isPartOf":{"@id":"https:\/\/www.artestar.eu\/pt-pt\/#website"},"datePublished":"2023-12-12T09:38:53+00:00","dateModified":"2023-12-14T07:47:56+00:00","description":"10 Kit 81 abalorios Mordedor Madera Haya ideal para Montar Chupetero Cadena Carrito y Sonajeros, Kit piezas Madera Haya Natural y Silicona","breadcrumb":{"@id":"https:\/\/www.artestar.eu\/pt-pt\/al-por-mayor\/kit-81pcs-conejo-de-crochet-y-madera-haya\/#breadcrumb"},"inLanguage":"pt-PT","potentialAction":[{"@type":"ReadAction","target":["https:\/\/www.artestar.eu\/pt-pt\/al-por-mayor\/kit-81pcs-conejo-de-crochet-y-madera-haya\/"]}]},{"@type":"BreadcrumbList","@id":"https:\/\/www.artestar.eu\/pt-pt\/al-por-mayor\/kit-81pcs-conejo-de-crochet-y-madera-haya\/#breadcrumb","itemListElement":[{"@type":"ListItem","position":1,"name":"Artestar","item":"https:\/\/www.artestar.eu\/pt-pt\/"},{"@type":"ListItem","position":2,"name":"Atacado","item":"https:\/\/www.artestar.eu\/pt-pt\/atacado\/"},{"@type":"ListItem","position":3,"name":"Kit 81Pcs Conejo de Crochet y Madera Haya"}]},{"@type":"WebSite","@id":"https:\/\/www.artestar.eu\/pt-pt\/#website","url":"https:\/\/www.artestar.eu\/pt-pt\/","name":"Artestar","description":"Mayorista en abalorios y joyer\u00eda","publisher":{"@id":"https:\/\/www.artestar.eu\/pt-pt\/#organization"},"alternateName":"Artestar-EU","potentialAction":[{"@type":"SearchAction","target":{"@type":"EntryPoint","urlTemplate":"https:\/\/www.artestar.eu\/pt-pt\/?s={search_term_string}"},"query-input":"required name=search_term_string"}],"inLanguage":"pt-PT"},{"@type":["Organization","Place"],"@id":"https:\/\/www.artestar.eu\/pt-pt\/#organization","name":"RUBY ABALORIO S.L.","alternateName":"Artestar","url":"https:\/\/www.artestar.eu\/pt-pt\/","logo":{"@id":"https:\/\/www.artestar.eu\/pt-pt\/al-por-mayor\/kit-81pcs-conejo-de-crochet-y-madera-haya\/#local-main-organization-logo"},"image":{"@id":"https:\/\/www.artestar.eu\/pt-pt\/al-por-mayor\/kit-81pcs-conejo-de-crochet-y-madera-haya\/#local-main-organization-logo"},"sameAs":["https:\/\/www.facebook.com\/ARTESTAREU","https:\/\/www.instagram.com\/artestareu\/","https:\/\/www.pinterest.es\/artestar_eu\/","https:\/\/www.tiktok.com\/@artestar_wholesale"],"openingHoursSpecification":[{"@type":"OpeningHoursSpecification","dayOfWeek":["Monday","Tuesday","Wednesday","Thursday","Friday","Saturday","Sunday"],"opens":"09:00","closes":"17:00"}]},{"@type":"ImageObject","inLanguage":"pt-PT","@id":"https:\/\/www.artestar.eu\/pt-pt\/al-por-mayor\/kit-81pcs-conejo-de-crochet-y-madera-haya\/#local-main-organization-logo","url":"https:\/\/www.artestar.eu\/wp-content\/uploads\/2023\/05\/cropped-png.png","contentUrl":"https:\/\/www.artestar.eu\/wp-content\/uploads\/2023\/05\/cropped-png.png","width":512,"height":512,"caption":"RUBY ABALORIO S.L."}]},"og_availability":"instock","product_availability":"instock","product_retailer_item_id":"KTC-101","product_condition":"new"},"tiered_pricing_type":"fixed","tiered_pricing_fixed_rules":[],"tiered_pricing_percentage_rules":[],"tiered_pricing_minimum":null,"_administrator_tiered_pricing_type":"fixed","_administrator_tiered_pricing_fixed_rules":[],"_editor_tiered_pricing_type":"fixed","_editor_tiered_pricing_fixed_rules":[],"_author_tiered_pricing_type":"fixed","_author_tiered_pricing_fixed_rules":[],"_contributor_tiered_pricing_type":"fixed","_contributor_tiered_pricing_fixed_rules":[],"_subscriber_tiered_pricing_type":"fixed","_subscriber_tiered_pricing_fixed_rules":[],"_wpseo_manager_tiered_pricing_type":"fixed","_wpseo_manager_tiered_pricing_fixed_rules":[],"_wpseo_editor_tiered_pricing_type":"fixed","_wpseo_editor_tiered_pricing_fixed_rules":[],"_customer_tiered_pricing_type":"fixed","_customer_tiered_pricing_fixed_rules":[],"_shop_manager_tiered_pricing_type":"fixed","_shop_manager_tiered_pricing_fixed_rules":[],"_product_manager_tiered_pricing_type":"fixed","_product_manager_tiered_pricing_fixed_rules":[],"_links":{"self":[{"href":"https:\/\/www.artestar.eu\/pt-pt\/wp-json\/wp\/v2\/product\/56843"}],"collection":[{"href":"https:\/\/www.artestar.eu\/pt-pt\/wp-json\/wp\/v2\/product"}],"about":[{"href":"https:\/\/www.artestar.eu\/pt-pt\/wp-json\/wp\/v2\/types\/product"}],"replies":[{"embeddable":true,"href":"https:\/\/www.artestar.eu\/pt-pt\/wp-json\/wp\/v2\/comments?post=56843"}],"version-history":[{"count":3,"href":"https:\/\/www.artestar.eu\/pt-pt\/wp-json\/wp\/v2\/product\/56843\/revisions"}],"predecessor-version":[{"id":57740,"href":"https:\/\/www.artestar.eu\/pt-pt\/wp-json\/wp\/v2\/product\/56843\/revisions\/57740"}],"wp:featuredmedia":[{"embeddable":true,"href":"https:\/\/www.artestar.eu\/pt-pt\/wp-json\/wp\/v2\/media\/56881"}],"wp:attachment":[{"href":"https:\/\/www.artestar.eu\/pt-pt\/wp-json\/wp\/v2\/media?parent=56843"}],"wp:term":[{"taxonomy":"product_cat","embeddable":true,"href":"https:\/\/www.artestar.eu\/pt-pt\/wp-json\/wp\/v2\/product_cat?post=56843"},{"taxonomy":"product_tag","embeddable":true,"href":"https:\/\/www.artestar.eu\/pt-pt\/wp-json\/wp\/v2\/product_tag?post=56843"}],"curies":[{"name":"wp","href":"https:\/\/api.w.org\/{rel}","templated":true}]}}