{"id":57945,"date":"2023-12-13T16:24:22","date_gmt":"2023-12-13T16:24:22","guid":{"rendered":"https:\/\/www.artestar.eu\/al-por-mayor\/10-veados-croche\/"},"modified":"2023-12-13T16:24:22","modified_gmt":"2023-12-13T16:24:22","slug":"10-veado-croche","status":"publish","type":"product","link":"https:\/\/www.artestar.eu\/pt-pt\/atacado\/10-veado-croche\/","title":{"rendered":"10 Veados Croch\u00ea"},"content":{"rendered":"<h3><strong>Cabe\u00e7a de veado de croch\u00ea <\/strong><strong>para beb\u00ea<\/strong><\/h3>\n<p>Brinquedo de pel\u00facia de croch\u00ea em forma de elefante para corrente de chupeta ou brinquedos de beb\u00ea. A pe\u00e7a de tamanho m\u00e9dio \u00e9 adequada para o beb\u00e9 agarrar, o que promove o crescimento e desenvolvimento das crian\u00e7as.<\/p>\n<ul>\n<li>Quantidade: 10pc<\/li>\n<li>Tamanho: 45 x 32mm forma da cabe\u00e7a do veado<\/li>\n<li>Material: croch\u00ea com algod\u00e3o 100% natural, \u00e9 seguro, ecol\u00f3gico e hipoalerg\u00eanico.<\/li>\n<li>A pe\u00e7a de tamanho m\u00e9dio \u00e9 adequada para o beb\u00e9 agarrar, o que promove o crescimento e desenvolvimento das crian\u00e7as.<\/li>\n<li>Adequado para crian\u00e7as de qualquer idade. . Perfeito como uma brincadeira, decora\u00e7\u00e3o em quartos infantis ou como um adere\u00e7o fotogr\u00e1fico.<\/li>\n<li>O design bonito veado vai atrair o amor e aten\u00e7\u00e3o do seu beb\u00ea, a forma do animal \u00e9 para ajudar o beb\u00ea a conhecer os pequenos animais.<\/li>\n<\/ul>\n<p>&nbsp;<\/p>\n<h3><strong>Amigurimi Cabe\u00e7a de Veado Croch\u00ea para DIY<\/strong><\/h3>\n<p><strong>Especifica\u00e7\u00e3o<\/strong><\/p>\n<ul>\n<li>Apenas veado de croch\u00ea para beb\u00ea, mostrar outros acess\u00f3rios na foto n\u00e3o est\u00e1 inclu\u00eddo.<\/li>\n<li>A cor pode variar ligeiramente devido \u00e0s configura\u00e7\u00f5es da tela.<\/li>\n<li>O Comprador assume total responsabilidade pela utiliza\u00e7\u00e3o do produto.<\/li>\n<li>Se qualquer dano ou perda for causado por neglig\u00eancia do comprador, o vendedor n\u00e3o ser\u00e1 respons\u00e1vel.<\/li>\n<\/ul>\n<p><strong>Conselhos<\/strong><\/p>\n<ul>\n<li>Se voc\u00ea quiser esterilizar essas figuras de croch\u00ea, basta limp\u00e1-las com \u00e1gua morna e sab\u00e3o neutro.<\/li>\n<\/ul>\n<p><strong>IMPORTANTE:<\/strong><\/p>\n<ul>\n<li><strong>Estes itens soltos s\u00e3o pe\u00e7as inacabadas. Mantenha-o fora do alcance de crian\u00e7as pequenas se n\u00e3o tiver terminado a montagem.<\/strong><\/li>\n<\/ul>\n","protected":false},"excerpt":{"rendered":"<p><strong>Dimens\u00f5es aproximadas:<\/strong> 45 x 32 mm (orelhas abertas)<\/p>\n<p><strong>Quantidade:<\/strong> 10 pcs.<\/p>\n<p><strong>Material:<\/strong> Algod\u00e3o<\/p>\n<p><strong>100% artesanal, as medidas podem variar dependendo da pe\u00e7a.<\/strong><\/p>\n","protected":false},"featured_media":55940,"comment_status":"closed","ping_status":"closed","template":"","meta":[],"product_cat":[3843,3151],"product_tag":[],"yoast_head":"<!-- This site is optimized with the Yoast SEO Premium plugin v20.5 (Yoast SEO v21.5) - https:\/\/yoast.com\/wordpress\/plugins\/seo\/ -->\n<title>Croch\u00ea de cabe\u00e7a de veado para o beb\u00ea - Artestar<\/title>\n<meta name=\"description\" content=\"Croch\u00ea de cabe\u00e7a de veado para beb\u00eas e brinquedos de beb\u00ea, Croch\u00ea de veado para suportes de chupeta, Croch\u00ea de animal para suportes de chupeta\" \/>\n<meta name=\"robots\" content=\"index, follow, max-snippet:-1, max-image-preview:large, max-video-preview:-1\" \/>\n<link rel=\"canonical\" href=\"https:\/\/www.artestar.eu\/pt-pt\/atacado\/10-veado-croche\/\" \/>\n<meta property=\"og:locale\" content=\"pt_PT\" \/>\n<meta property=\"og:type\" content=\"article\" \/>\n<meta property=\"og:title\" content=\"10 Veados Croch\u00ea\" \/>\n<meta property=\"og:description\" content=\"Croch\u00ea de cabe\u00e7a de veado para beb\u00eas e brinquedos de beb\u00ea, Croch\u00ea de veado para suportes de chupeta, Croch\u00ea de animal para suportes de chupeta\" \/>\n<meta property=\"og:url\" content=\"https:\/\/www.artestar.eu\/pt-pt\/atacado\/10-veado-croche\/\" \/>\n<meta property=\"og:site_name\" content=\"Artestar\" \/>\n<meta property=\"article:publisher\" content=\"https:\/\/www.facebook.com\/ARTESTAREU\" \/>\n<meta property=\"og:image\" content=\"https:\/\/www.artestar.eu\/wp-content\/uploads\/2023\/12\/CIERVO.jpg\" \/>\n\t<meta property=\"og:image:width\" content=\"1500\" \/>\n\t<meta property=\"og:image:height\" content=\"1500\" \/>\n\t<meta property=\"og:image:type\" content=\"image\/jpeg\" \/>\n<meta name=\"twitter:card\" content=\"summary_large_image\" \/>\n<meta name=\"twitter:label1\" content=\"pre\u00e7o\" \/>\n\t<meta name=\"twitter:data1\" content=\"24,00&nbsp;&euro; (IVA N\u00c3O inclu\u00eddo)\" \/>\n\t<meta name=\"twitter:label2\" content=\"Availability\" \/>\n\t<meta name=\"twitter:data2\" content=\"Em estoque\" \/>\n<script type=\"application\/ld+json\" class=\"yoast-schema-graph\">{\"@context\":\"https:\/\/schema.org\",\"@graph\":[{\"@type\":\"WebPage\",\"@id\":\"https:\/\/www.artestar.eu\/pt-pt\/atacado\/10-veado-croche\/\",\"url\":\"https:\/\/www.artestar.eu\/pt-pt\/atacado\/10-veado-croche\/\",\"name\":\"Croch\u00ea de cabe\u00e7a de veado para o beb\u00ea - Artestar\",\"isPartOf\":{\"@id\":\"https:\/\/www.artestar.eu\/pt-pt\/#website\"},\"datePublished\":\"2023-12-13T16:24:22+00:00\",\"dateModified\":\"2023-12-13T16:24:22+00:00\",\"description\":\"Croch\u00ea de cabe\u00e7a de veado para beb\u00eas e brinquedos de beb\u00ea, Croch\u00ea de veado para suportes de chupeta, Croch\u00ea de animal para suportes de chupeta\",\"breadcrumb\":{\"@id\":\"https:\/\/www.artestar.eu\/pt-pt\/atacado\/10-veado-croche\/#breadcrumb\"},\"inLanguage\":\"pt-PT\",\"potentialAction\":[{\"@type\":\"ReadAction\",\"target\":[\"https:\/\/www.artestar.eu\/pt-pt\/atacado\/10-veado-croche\/\"]}]},{\"@type\":\"BreadcrumbList\",\"@id\":\"https:\/\/www.artestar.eu\/pt-pt\/atacado\/10-veado-croche\/#breadcrumb\",\"itemListElement\":[{\"@type\":\"ListItem\",\"position\":1,\"name\":\"Artestar\",\"item\":\"https:\/\/www.artestar.eu\/pt-pt\/\"},{\"@type\":\"ListItem\",\"position\":2,\"name\":\"Atacado\",\"item\":\"https:\/\/www.artestar.eu\/pt-pt\/atacado\/\"},{\"@type\":\"ListItem\",\"position\":3,\"name\":\"10 Veados Croch\u00ea\"}]},{\"@type\":\"WebSite\",\"@id\":\"https:\/\/www.artestar.eu\/pt-pt\/#website\",\"url\":\"https:\/\/www.artestar.eu\/pt-pt\/\",\"name\":\"Artestar\",\"description\":\"Mayorista en abalorios y joyer\u00eda\",\"publisher\":{\"@id\":\"https:\/\/www.artestar.eu\/pt-pt\/#organization\"},\"alternateName\":\"Artestar-EU\",\"potentialAction\":[{\"@type\":\"SearchAction\",\"target\":{\"@type\":\"EntryPoint\",\"urlTemplate\":\"https:\/\/www.artestar.eu\/pt-pt\/?s={search_term_string}\"},\"query-input\":\"required name=search_term_string\"}],\"inLanguage\":\"pt-PT\"},{\"@type\":[\"Organization\",\"Place\"],\"@id\":\"https:\/\/www.artestar.eu\/pt-pt\/#organization\",\"name\":\"RUBY ABALORIO S.L.\",\"alternateName\":\"Artestar\",\"url\":\"https:\/\/www.artestar.eu\/pt-pt\/\",\"logo\":{\"@id\":\"https:\/\/www.artestar.eu\/pt-pt\/atacado\/10-veado-croche\/#local-main-organization-logo\"},\"image\":{\"@id\":\"https:\/\/www.artestar.eu\/pt-pt\/atacado\/10-veado-croche\/#local-main-organization-logo\"},\"sameAs\":[\"https:\/\/www.facebook.com\/ARTESTAREU\",\"https:\/\/www.instagram.com\/artestareu\/\",\"https:\/\/www.pinterest.es\/artestar_eu\/\",\"https:\/\/www.tiktok.com\/@artestar_wholesale\"],\"openingHoursSpecification\":[{\"@type\":\"OpeningHoursSpecification\",\"dayOfWeek\":[\"Monday\",\"Tuesday\",\"Wednesday\",\"Thursday\",\"Friday\",\"Saturday\",\"Sunday\"],\"opens\":\"09:00\",\"closes\":\"17:00\"}]},{\"@type\":\"ImageObject\",\"inLanguage\":\"pt-PT\",\"@id\":\"https:\/\/www.artestar.eu\/pt-pt\/atacado\/10-veado-croche\/#local-main-organization-logo\",\"url\":\"https:\/\/www.artestar.eu\/wp-content\/uploads\/2023\/05\/cropped-png.png\",\"contentUrl\":\"https:\/\/www.artestar.eu\/wp-content\/uploads\/2023\/05\/cropped-png.png\",\"width\":512,\"height\":512,\"caption\":\"RUBY ABALORIO S.L.\"}]}<\/script>\n<meta property=\"product:price:amount\" content=\"24.00\" \/>\n<meta property=\"product:price:currency\" content=\"EUR\" \/>\n<meta property=\"og:availability\" content=\"instock\" \/>\n<meta property=\"product:availability\" content=\"instock\" \/>\n<meta property=\"product:retailer_item_id\" content=\"SP0530\" \/>\n<meta property=\"product:condition\" content=\"new\" \/>\n<!-- \/ Yoast SEO Premium plugin. -->","yoast_head_json":{"title":"Croch\u00ea de cabe\u00e7a de veado para o beb\u00ea - Artestar","description":"Croch\u00ea de cabe\u00e7a de veado para beb\u00eas e brinquedos de beb\u00ea, Croch\u00ea de veado para suportes de chupeta, Croch\u00ea de animal para suportes de chupeta","robots":{"index":"index","follow":"follow","max-snippet":"max-snippet:-1","max-image-preview":"max-image-preview:large","max-video-preview":"max-video-preview:-1"},"canonical":"https:\/\/www.artestar.eu\/pt-pt\/atacado\/10-veado-croche\/","og_locale":"pt_PT","og_type":"article","og_title":"10 Veados Croch\u00ea","og_description":"Croch\u00ea de cabe\u00e7a de veado para beb\u00eas e brinquedos de beb\u00ea, Croch\u00ea de veado para suportes de chupeta, Croch\u00ea de animal para suportes de chupeta","og_url":"https:\/\/www.artestar.eu\/pt-pt\/atacado\/10-veado-croche\/","og_site_name":"Artestar","article_publisher":"https:\/\/www.facebook.com\/ARTESTAREU","og_image":[{"width":1500,"height":1500,"url":"https:\/\/www.artestar.eu\/wp-content\/uploads\/2023\/12\/CIERVO.jpg","type":"image\/jpeg"}],"twitter_card":"summary_large_image","twitter_misc":{"pre\u00e7o":"24,00&nbsp;&euro; (IVA N\u00c3O inclu\u00eddo)","Availability":"Em estoque"},"schema":{"@context":"https:\/\/schema.org","@graph":[{"@type":"WebPage","@id":"https:\/\/www.artestar.eu\/pt-pt\/atacado\/10-veado-croche\/","url":"https:\/\/www.artestar.eu\/pt-pt\/atacado\/10-veado-croche\/","name":"Croch\u00ea de cabe\u00e7a de veado para o beb\u00ea - Artestar","isPartOf":{"@id":"https:\/\/www.artestar.eu\/pt-pt\/#website"},"datePublished":"2023-12-13T16:24:22+00:00","dateModified":"2023-12-13T16:24:22+00:00","description":"Croch\u00ea de cabe\u00e7a de veado para beb\u00eas e brinquedos de beb\u00ea, Croch\u00ea de veado para suportes de chupeta, Croch\u00ea de animal para suportes de chupeta","breadcrumb":{"@id":"https:\/\/www.artestar.eu\/pt-pt\/atacado\/10-veado-croche\/#breadcrumb"},"inLanguage":"pt-PT","potentialAction":[{"@type":"ReadAction","target":["https:\/\/www.artestar.eu\/pt-pt\/atacado\/10-veado-croche\/"]}]},{"@type":"BreadcrumbList","@id":"https:\/\/www.artestar.eu\/pt-pt\/atacado\/10-veado-croche\/#breadcrumb","itemListElement":[{"@type":"ListItem","position":1,"name":"Artestar","item":"https:\/\/www.artestar.eu\/pt-pt\/"},{"@type":"ListItem","position":2,"name":"Atacado","item":"https:\/\/www.artestar.eu\/pt-pt\/atacado\/"},{"@type":"ListItem","position":3,"name":"10 Veados Croch\u00ea"}]},{"@type":"WebSite","@id":"https:\/\/www.artestar.eu\/pt-pt\/#website","url":"https:\/\/www.artestar.eu\/pt-pt\/","name":"Artestar","description":"Mayorista en abalorios y joyer\u00eda","publisher":{"@id":"https:\/\/www.artestar.eu\/pt-pt\/#organization"},"alternateName":"Artestar-EU","potentialAction":[{"@type":"SearchAction","target":{"@type":"EntryPoint","urlTemplate":"https:\/\/www.artestar.eu\/pt-pt\/?s={search_term_string}"},"query-input":"required name=search_term_string"}],"inLanguage":"pt-PT"},{"@type":["Organization","Place"],"@id":"https:\/\/www.artestar.eu\/pt-pt\/#organization","name":"RUBY ABALORIO S.L.","alternateName":"Artestar","url":"https:\/\/www.artestar.eu\/pt-pt\/","logo":{"@id":"https:\/\/www.artestar.eu\/pt-pt\/atacado\/10-veado-croche\/#local-main-organization-logo"},"image":{"@id":"https:\/\/www.artestar.eu\/pt-pt\/atacado\/10-veado-croche\/#local-main-organization-logo"},"sameAs":["https:\/\/www.facebook.com\/ARTESTAREU","https:\/\/www.instagram.com\/artestareu\/","https:\/\/www.pinterest.es\/artestar_eu\/","https:\/\/www.tiktok.com\/@artestar_wholesale"],"openingHoursSpecification":[{"@type":"OpeningHoursSpecification","dayOfWeek":["Monday","Tuesday","Wednesday","Thursday","Friday","Saturday","Sunday"],"opens":"09:00","closes":"17:00"}]},{"@type":"ImageObject","inLanguage":"pt-PT","@id":"https:\/\/www.artestar.eu\/pt-pt\/atacado\/10-veado-croche\/#local-main-organization-logo","url":"https:\/\/www.artestar.eu\/wp-content\/uploads\/2023\/05\/cropped-png.png","contentUrl":"https:\/\/www.artestar.eu\/wp-content\/uploads\/2023\/05\/cropped-png.png","width":512,"height":512,"caption":"RUBY ABALORIO S.L."}]},"product_price_amount":"24.00","product_price_currency":"EUR","og_availability":"instock","product_availability":"instock","product_retailer_item_id":"SP0530","product_condition":"new"},"tiered_pricing_type":"fixed","tiered_pricing_fixed_rules":[],"tiered_pricing_percentage_rules":[],"tiered_pricing_minimum":null,"_administrator_tiered_pricing_type":"fixed","_administrator_tiered_pricing_fixed_rules":[],"_editor_tiered_pricing_type":"fixed","_editor_tiered_pricing_fixed_rules":[],"_author_tiered_pricing_type":"fixed","_author_tiered_pricing_fixed_rules":[],"_contributor_tiered_pricing_type":"fixed","_contributor_tiered_pricing_fixed_rules":[],"_subscriber_tiered_pricing_type":"fixed","_subscriber_tiered_pricing_fixed_rules":[],"_wpseo_manager_tiered_pricing_type":"fixed","_wpseo_manager_tiered_pricing_fixed_rules":[],"_wpseo_editor_tiered_pricing_type":"fixed","_wpseo_editor_tiered_pricing_fixed_rules":[],"_customer_tiered_pricing_type":"fixed","_customer_tiered_pricing_fixed_rules":[],"_shop_manager_tiered_pricing_type":"fixed","_shop_manager_tiered_pricing_fixed_rules":[],"_product_manager_tiered_pricing_type":"fixed","_product_manager_tiered_pricing_fixed_rules":[],"_links":{"self":[{"href":"https:\/\/www.artestar.eu\/pt-pt\/wp-json\/wp\/v2\/product\/57945"}],"collection":[{"href":"https:\/\/www.artestar.eu\/pt-pt\/wp-json\/wp\/v2\/product"}],"about":[{"href":"https:\/\/www.artestar.eu\/pt-pt\/wp-json\/wp\/v2\/types\/product"}],"replies":[{"embeddable":true,"href":"https:\/\/www.artestar.eu\/pt-pt\/wp-json\/wp\/v2\/comments?post=57945"}],"version-history":[{"count":0,"href":"https:\/\/www.artestar.eu\/pt-pt\/wp-json\/wp\/v2\/product\/57945\/revisions"}],"wp:featuredmedia":[{"embeddable":true,"href":"https:\/\/www.artestar.eu\/pt-pt\/wp-json\/wp\/v2\/media\/55940"}],"wp:attachment":[{"href":"https:\/\/www.artestar.eu\/pt-pt\/wp-json\/wp\/v2\/media?parent=57945"}],"wp:term":[{"taxonomy":"product_cat","embeddable":true,"href":"https:\/\/www.artestar.eu\/pt-pt\/wp-json\/wp\/v2\/product_cat?post=57945"},{"taxonomy":"product_tag","embeddable":true,"href":"https:\/\/www.artestar.eu\/pt-pt\/wp-json\/wp\/v2\/product_tag?post=57945"}],"curies":[{"name":"wp","href":"https:\/\/api.w.org\/{rel}","templated":true}]}}